{"id":11,"date":"2026-02-23T19:10:40","date_gmt":"2026-02-23T19:10:40","guid":{"rendered":"https:\/\/wp.csonakjavitas.hu\/?page_id=11"},"modified":"2026-02-26T06:01:15","modified_gmt":"2026-02-26T06:01:15","slug":"elallas_visszakuldes","status":"publish","type":"page","link":"https:\/\/csonakjavitas.hu\/index.php\/services\/elallas_visszakuldes\/","title":{"rendered":"Gyakran Ism\u00e9telt K\u00e9rd\u00e9sek"},"content":{"rendered":"\n<p><br><strong>Miel\u0151tt v\u00e1s\u00e1rol..<\/strong><\/p>\n\n\n\n<p>Mindenr\u0151l lehet sz\u00e9peket \u00e9s j\u00f3l cseng\u0151eket mes\u00e9lni, de ha a v\u00e1s\u00e1rl\u00e1sra ker\u00fcl a sor tal\u00e1n nem mindegy, hogy mit, mennyi\u00e9rt, \u00e9s&nbsp;honnan vesz\u00fcnk.<\/p>\n\n\n\n<p>Az \u00daj nem mindenhol jelenti a friss gy\u00e1rt\u00e1s\u00fa trem\u00e9ket! T\u00f6bb \u00e9ves, ak\u00e1r bontatlan, de elfekv\u0151 term\u00e9k lehet haszn\u00e1lhatatlan is!<\/p>\n\n\n\n<p>Sok etik\u00e1tlan strat\u00e9gia van, hogyan lehet v\u00e1s\u00e1rl\u00f3kat szerezni, pl. f\u00e9lrevezet\u00e9sekkel. Ezek eg\u00e9szen j\u00f6vedelmez\u0151ek is lehetnek r\u00f6vidt\u00e1von, vagy ha szerencs\u00e9s az \u00e9rt\u00e9kes\u00edt\u0151 hosszabb t\u00e1von is. S\u0151t lehet, hogy ki sem der\u00fcl a hamis \u00e1ll\u00edt\u00e1s, de amikor megvessz\u00fck a term\u00e9ket ez is motiv\u00e1l\u00f3 lehet.<\/p>\n\n\n\n<p>K\u00e9rj\u00fck a kedves \u00e9rdekl\u0151d\u0151ket, a saj\u00e1t \u00e9rdek\u00fckben, hogy ne a&nbsp;tetszet\u0151s weboldalak, vagy&nbsp;\u201enagy bemond\u00e1sok&#8221;&nbsp;alapj\u00e1n d\u00f6ntsenek, ink\u00e1bb a val\u00f3s, katal\u00f3gus, illetve gy\u00e1rt\u00f3i h\u00e1tt\u00e9rrel rendelkez\u0151, biztos forr\u00e1sb\u00f3l szerzett inform\u00e1ci\u00f3kra \u00e9p\u00edtsenek.&nbsp;<\/p>\n\n\n\n<p>\u00c9rdemes \u00e1tgondolni, hogy mire haszn\u00e1ln\u00e1k a cs\u00f3nakot? H\u00e1nyan, mennyi felszerel\u00e9ssel? Hol, milyen k\u00f6r\u00fclm\u00e9nyek k\u00f6z\u00f6tt?<\/p>\n\n\n\n<p>\u00c9rdemes prioriz\u00e1lni a szempontokat: pl. k\u00f6nny\u0171 legyen, gyorsan menetk\u00e9sz, sportos, strapab\u00edr\u00f3, fel lehessen \u00e1llni,.. stb<\/p>\n\n\n\n<p>Mi jav\u00edtjuk is a cs\u00f3nakokat, \u00edgy csak olyan term\u00e9keket aj\u00e1nlunk, amik hossz\u00fat\u00e1von m\u0171k\u00f6dnek \u00e9s teljes\u00edtik azokat a minimum elv\u00e1r\u00e1sokat, amiket a gumics\u00f3naknak tudni kell.<\/p>\n\n\n\n<p>Beszerz\u00fcnk b\u00e1rmilyen m\u00e1rk\u00e1j\u00fa, t\u00edpus\u00fa cs\u00f3nakot, csak nem biztos hogy aj\u00e1nljuk a min\u0151s\u00e9g hi\u00e1nyoss\u00e1ga miatt! (Anyagok, illeszt\u00e9sek, szerelv\u00e9nyek, tartoz\u00e9kok.)<\/p>\n\n\n\n<p>A gy\u00e1rt\u00e1s sor\u00e1n elker\u00fclhetetlen\u00fcl is keletkeznek jobb \u00e9s rosszabbul siker\u00fclt darabok. Ezeket a gy\u00e1r oszt\u00e1lyozza (esetenk\u00e9nt jav\u00edtja) \u00e9s k\u00f6zli a keresked\u0151vel, \u00e9s \u00edgy, j\u00f3val nyomottabb \u00e1ron \u00e9rt\u00e9kes\u00edti.<br>N\u00e1lunk ilyet nem kaphat!<\/p>\n\n\n\n<p>\u00cdgy a legolcs\u00f3bb nem biztos, hogy a legide\u00e1lisabb.&nbsp;Sok bossz\u00fas\u00e1gt\u00f3l k\u00edm\u00e9lhetik meg magukat, ha nem azon&nbsp;a 10%-on&nbsp;sp\u00f3rolnak, ami a nyugalmukat jelentheti.<\/p>\n\n\n\n<p><strong><br>P\u00e1r j\u00f3 szempont..<\/strong><strong>&nbsp;<\/strong><\/p>\n\n\n\n<p>Egy cs\u00f3naknak nem csak hossza van! Minden \u00f6sszetev\u0151 fontos \u00f6sszes\u00e9g\u00e9ben (de persze Kinek, mi ink\u00e1bb)!<br>Sz\u00e9less\u00e9g, padl\u00f3zat, t\u00f6ml\u0151\u00e1tm\u00e9r\u0151, min\u0151s\u00e9g(anyagok, illeszt\u00e9sek, alkatr\u00e9szek, precizit\u00e1s, tart\u00f3ss\u00e1g).<br>Ezek menettulajdons\u00e1gokat, haszn\u00e1lhat\u00f3s\u00e1got nagyban befoly\u00e1solhatnak f\u0151leg a gyeng\u00e9bb m\u00e1rk\u00e1kn\u00e1l.<\/p>\n\n\n\n<p>Anyagok:<br>T\u00e9vhit, hogy az anyag vastags\u00e1ga a fontos,&nbsp;sokkal ink\u00e1bb az anyag \u00f6sszet\u00e9tele, a min\u0151s\u00e9g.&nbsp;<br><br>Technol\u00f3gia:<br>Az illeszt\u00e9sek k\u00edv\u00fclr\u0151l&nbsp;eg\u00e9szen&nbsp;hasonl\u00f3ak.<br>Nagyon \u00f6sszetett, a leggyeng\u00e9bb pont az eg\u00e9sz testre kihat\u00e1ssal van.<br>Nem is l\u00e1tszanak a probl\u00e9m\u00e1k az abban nem j\u00e1ratosak sz\u00e1m\u00e1ra.<\/p>\n\n\n\n<p>Sz\u00e1mla:<br>Sz\u00e1mla n\u00e9lk\u00fcl se garancia, se vizsg\u00e1ztat\u00e1s.<br>K\u00e9s\u0151bb, estleges elad\u00e1skor, szint\u00e9n probl\u00e9ma lehet pontosan ezek miatt.<\/p>\n\n\n\n<p>Garancia:<br>Mindenre lehet v\u00e1llalni garanci\u00e1t.<br>A legfontosabb tal\u00e1n, hogy ki, hol \u00e9s hogyan v\u00e1llalja?<br>A vil\u00e1g m\u00e1sik fel\u00e9n, a gy\u00e1rt\u00f3i garanci\u00e1val, sokra nem megy\u00fcnk.<\/p>\n\n\n\n<p><strong><br><\/strong><\/p>\n\n\n\n<p><\/p>\n","protected":false},"excerpt":{"rendered":"<p>Miel\u0151tt v\u00e1s\u00e1rol.. Mindenr\u0151l lehet sz\u00e9peket \u00e9s j\u00f3l cseng\u0151eket mes\u00e9lni, de ha a v\u00e1s\u00e1rl\u00e1sra ker\u00fcl a sor tal\u00e1n nem mindegy, hogy mit, mennyi\u00e9rt, \u00e9s&nbsp;honnan vesz\u00fcnk. Az \u00daj nem mindenhol jelenti a friss gy\u00e1rt\u00e1s\u00fa trem\u00e9ket! T\u00f6bb \u00e9ves, ak\u00e1r bontatlan, de elfekv\u0151 term\u00e9k lehet haszn\u00e1lhatatlan is! Sok etik\u00e1tlan strat\u00e9gia van, hogyan lehet v\u00e1s\u00e1rl\u00f3kat szerezni, pl. f\u00e9lrevezet\u00e9sekkel. Ezek eg\u00e9szen [&hellip;]<\/p>\n","protected":false},"author":1,"featured_media":0,"parent":1914,"menu_order":0,"comment_status":"closed","ping_status":"closed","template":"","meta":{"footnotes":""},"class_list":["post-11","page","type-page","status-publish","hentry"],"jetpack_sharing_enabled":true,"_links":{"self":[{"href":"https:\/\/csonakjavitas.hu\/index.php\/wp-json\/wp\/v2\/pages\/11","targetHints":{"allow":["GET"]}}],"collection":[{"href":"https:\/\/csonakjavitas.hu\/index.php\/wp-json\/wp\/v2\/pages"}],"about":[{"href":"https:\/\/csonakjavitas.hu\/index.php\/wp-json\/wp\/v2\/types\/page"}],"author":[{"embeddable":true,"href":"https:\/\/csonakjavitas.hu\/index.php\/wp-json\/wp\/v2\/users\/1"}],"replies":[{"embeddable":true,"href":"https:\/\/csonakjavitas.hu\/index.php\/wp-json\/wp\/v2\/comments?post=11"}],"version-history":[{"count":0,"href":"https:\/\/csonakjavitas.hu\/index.php\/wp-json\/wp\/v2\/pages\/11\/revisions"}],"up":[{"embeddable":true,"href":"https:\/\/csonakjavitas.hu\/index.php\/wp-json\/wp\/v2\/pages\/1914"}],"wp:attachment":[{"href":"https:\/\/csonakjavitas.hu\/index.php\/wp-json\/wp\/v2\/media?parent=11"}],"curies":[{"name":"wp","href":"https:\/\/api.w.org\/{rel}","templated":true}]}}