{"id":1913,"date":"2026-02-20T10:06:23","date_gmt":"2026-02-20T10:06:23","guid":{"rendered":"https:\/\/wp.csonakjavitas.hu\/index.php\/about\/"},"modified":"2026-02-25T15:09:29","modified_gmt":"2026-02-25T15:09:29","slug":"about","status":"publish","type":"page","link":"https:\/\/csonakjavitas.hu\/index.php\/services\/about\/","title":{"rendered":"El\u00e9rhet\u0151s\u00e9g"},"content":{"rendered":"<p>A legjobb \u00e1rakhoz \u00e9s h\u00edrlev\u00e9lre k\u00e9rj\u00fck\u00a0<a href=\"https:\/\/csonakjavitas.hu\/index.php\/component\/users\/?view=registration\">itt<\/a>\u00a0regisztr\u00e1ljon!\u00a0<a href=\"https:\/\/csonakjavitas.hu\/images\/adatkezeles.pdf\" target=\"_blank\" rel=\"noopener\">Adatkezel\u00e9si t\u00e1j\u00e9koztat\u00f3<\/a><\/p>\n<p><span class=\"style37\"><strong>E-mail:\u00a0\u00a0<img decoding=\"async\" data-src=\"https:\/\/csonakjavitas.hu\/images\/e-mail.jpg\" alt=\"\" width=\"130\" height=\"15\" border=\"0\" src=\"data:image\/svg+xml;base64,PHN2ZyB3aWR0aD0iMSIgaGVpZ2h0PSIxIiB4bWxucz0iaHR0cDovL3d3dy53My5vcmcvMjAwMC9zdmciPjwvc3ZnPg==\" class=\"lazyload\" style=\"--smush-placeholder-width: 130px; --smush-placeholder-aspect-ratio: 130\/15;\" \/><\/strong><\/span><\/p>\n<p>Ha jav\u00edttatna \u00e9s messze van t\u0151l\u00fcnk, \u00e9rdemes f\u00e9nyk\u00e9pet k\u00fcldeni a s\u00e9r\u00fcl\u00e9sr\u0151l a fenti e-mail c\u00edmre.<br \/>\nHa k\u00f6zel, akkor v\u00e1rjuk szeretettel, a balatoni \u00fat els\u0151 k\u00f6rforgalm\u00e1n\u00e1l.\u00a0El\u0151zetes egyeztet\u00e9s sz\u00fcks\u00e9ges! A\u00a0v\u00e1rhat\u00f3 \u00e9rkez\u00e9si id\u0151pontot k\u00e9rj\u00fck megadni.<\/p>\n<p>Bemutat\u00f3terem, szerviz munkafelv\u00e9tel c\u00edme:<\/p>\n<p>1221 Budapest Tan\u00edt\u00f3 utca 29.\u00a0El\u0151zetes egyeztet\u00e9s sz\u00fcks\u00e9ges! A\u00a0v\u00e1rhat\u00f3 \u00e9rkez\u00e9si id\u0151pontot k\u00e9rj\u00fck megadni.<\/p>\n<p>Als\u00f3 szint a Shell k\u00fattal szemben. Lehajt\u00e1s a P\u00e9ks\u00e9g el\u0151tt \u00e1thajtva.<\/p>\n<p>H\u00e9tf\u0151-P\u00e9ntek 9-15 \u00f3ra\u00a0El\u0151zetes egyeztet\u00e9s sz\u00fcks\u00e9ges! A\u00a0v\u00e1rhat\u00f3 \u00e9rkez\u00e9si id\u0151pontot k\u00e9rj\u00fck megadni.<strong><\/p>\n<p><\/strong>Parkol\u00f3: K\u00f6rfogalom, zebra mellett a behajt\u00f3, 7-es (balatoni) \u00fat sarok, majd le, a shell k\u00fattal szemben.<\/p>\n<p>K\u00e1rty\u00e1s\u00a0fizet\u00e9s\u00a0nem\u00a0lehets\u00e9ges! Csak N\u00e9v \u00e9s C\u00edm adatok megad\u00e1s\u00e1val lehet v\u00e1s\u00e1rolni!<\/p>\n<p>C\u00e9gadatok:\u00a0Cg.: 01-06-619692<\/p>\n<p>Ad\u00f3sz\u00e1m: 29113840-2-43<\/p>\n<p>N\u00e9v: Cs\u00f3nakjav\u00edt\u00e1s Bt.<br \/>\nSz\u00e1mlasz\u00e1m:\u00a012600016-14320930-48090913<\/p>\n<p><strong>Telefon:<\/strong>\u00a0+36 70 317-17-70<br \/>\nK\u00e9rj\u00fck olyan sz\u00e1mr\u00f3l h\u00edvjon minket, amelyen sz\u00fcks\u00e9g eset\u00e9n vissza tudjuk h\u00edvni!<\/p>\n\n\n<figure class=\"wp-block-image size-full\"><img decoding=\"async\" width=\"569\" height=\"458\" data-src=\"https:\/\/wp.csonakjavitas.hu\/wp-content\/uploads\/2026\/02\/image.png\" alt=\"\" class=\"wp-image-5866 lazyload\" data-srcset=\"https:\/\/csonakjavitas.hu\/wp-content\/uploads\/2026\/02\/image.png 569w, https:\/\/csonakjavitas.hu\/wp-content\/uploads\/2026\/02\/image-300x241.png 300w\" data-sizes=\"(max-width: 569px) 100vw, 569px\" src=\"data:image\/svg+xml;base64,PHN2ZyB3aWR0aD0iMSIgaGVpZ2h0PSIxIiB4bWxucz0iaHR0cDovL3d3dy53My5vcmcvMjAwMC9zdmciPjwvc3ZnPg==\" style=\"--smush-placeholder-width: 569px; --smush-placeholder-aspect-ratio: 569\/458;\" \/><\/figure>\n","protected":false},"excerpt":{"rendered":"<p>A legjobb \u00e1rakhoz \u00e9s h\u00edrlev\u00e9lre k\u00e9rj\u00fck\u00a0itt\u00a0regisztr\u00e1ljon!\u00a0Adatkezel\u00e9si t\u00e1j\u00e9koztat\u00f3 E-mail:\u00a0\u00a0 Ha jav\u00edttatna \u00e9s messze van t\u0151l\u00fcnk, \u00e9rdemes f\u00e9nyk\u00e9pet k\u00fcldeni a s\u00e9r\u00fcl\u00e9sr\u0151l a fenti e-mail c\u00edmre. Ha k\u00f6zel, akkor v\u00e1rjuk szeretettel, a balatoni \u00fat els\u0151 k\u00f6rforgalm\u00e1n\u00e1l.\u00a0El\u0151zetes egyeztet\u00e9s sz\u00fcks\u00e9ges! A\u00a0v\u00e1rhat\u00f3 \u00e9rkez\u00e9si id\u0151pontot k\u00e9rj\u00fck megadni. Bemutat\u00f3terem, szerviz munkafelv\u00e9tel c\u00edme: 1221 Budapest Tan\u00edt\u00f3 utca 29.\u00a0El\u0151zetes egyeztet\u00e9s sz\u00fcks\u00e9ges! A\u00a0v\u00e1rhat\u00f3 \u00e9rkez\u00e9si id\u0151pontot k\u00e9rj\u00fck [&hellip;]<\/p>\n","protected":false},"author":1,"featured_media":0,"parent":1914,"menu_order":0,"comment_status":"closed","ping_status":"closed","template":"","meta":{"footnotes":""},"class_list":["post-1913","page","type-page","status-publish","hentry"],"jetpack_sharing_enabled":true,"_links":{"self":[{"href":"https:\/\/csonakjavitas.hu\/index.php\/wp-json\/wp\/v2\/pages\/1913","targetHints":{"allow":["GET"]}}],"collection":[{"href":"https:\/\/csonakjavitas.hu\/index.php\/wp-json\/wp\/v2\/pages"}],"about":[{"href":"https:\/\/csonakjavitas.hu\/index.php\/wp-json\/wp\/v2\/types\/page"}],"author":[{"embeddable":true,"href":"https:\/\/csonakjavitas.hu\/index.php\/wp-json\/wp\/v2\/users\/1"}],"replies":[{"embeddable":true,"href":"https:\/\/csonakjavitas.hu\/index.php\/wp-json\/wp\/v2\/comments?post=1913"}],"version-history":[{"count":0,"href":"https:\/\/csonakjavitas.hu\/index.php\/wp-json\/wp\/v2\/pages\/1913\/revisions"}],"up":[{"embeddable":true,"href":"https:\/\/csonakjavitas.hu\/index.php\/wp-json\/wp\/v2\/pages\/1914"}],"wp:attachment":[{"href":"https:\/\/csonakjavitas.hu\/index.php\/wp-json\/wp\/v2\/media?parent=1913"}],"curies":[{"name":"wp","href":"https:\/\/api.w.org\/{rel}","templated":true}]}}