{"id":1914,"date":"2026-02-20T10:06:23","date_gmt":"2026-02-20T10:06:23","guid":{"rendered":"https:\/\/wp.csonakjavitas.hu\/index.php\/services\/"},"modified":"2026-02-27T04:52:06","modified_gmt":"2026-02-27T04:52:06","slug":"services","status":"publish","type":"page","link":"https:\/\/csonakjavitas.hu\/index.php\/services\/","title":{"rendered":"R\u00f3lunk"},"content":{"rendered":"<p>K\u00f6zel 30 \u00e9ve foglalkozunk jav\u00edt\u00e1ssal \u00e9s az az\u00f3ta a t\u00e9m\u00e1ban folymatosan kapcsol\u00f3d\u00f3 \u00e9rt\u00e9kesebb term\u00e9kek \u00e9rt\u00e9kes\u00edt\u00e9s\u00e9vel.<\/p>\n<p>J\u00f3magam T\u00f3th G\u00e1bor \u00fcgyvezet\u0151 vagyok, minden porcik\u00e1j\u00e1t ismerem a tev\u00e9kenys\u00e9g\u00fcnknek.<\/p>\n<p>Jav\u00edt\u00e1sban od\u00e1ig fejl\u0151dt\u00fcnk, hogy l\u00e1gy anyagokon szinte b\u00e1rmilyen probl\u00e1m\u00e1t meg tudunk oldani, csak az \u00e9rtelem \u00e9s a p\u00e9nzt\u00e1rca szab hat\u00e1rt.<\/p>\n<p>B\u00fcszk\u00e9k vagyunk arra, hogy minden professzin\u00e1lis jav\u00edt\u00f3 anyagunkat, \u00e9s a jav\u00edt\u00e1sokhoz sz\u00fcks\u00e9ges tapasztalatot ig\u00e9ny eset\u00e9n megosztunk \u00fcgyfeleinkkel.\u00a0<\/p>\n<p>15 \u00e9ves fejleszt\u00e9seinkkel m\u00e1ra m\u00e1r szinte b\u00e1rmit megtudunk val\u00f3s\u00edtani, a tapasztalatok alapj\u00e1n pl. a legjobb cs\u00f3nakokat gy\u00e1rtatjuk a legmegb\u00edzhat\u00f3bb partnerekkel.<\/p>\n<p>B\u00fcszke Import\u0151rei \u00e9s nagyker partnerei\u00a0 vagyunk pl. a Haswing m\u00e1rk\u00e1nak, ami m\u00e1ra az egyik ha nem &#8222;A&#8221; piacvezet\u0151 elektromos motor gy\u00e1rt\u00f3.<\/p>\n\n\n<p><\/p>\n","protected":false},"excerpt":{"rendered":"<p>K\u00f6zel 30 \u00e9ve foglalkozunk jav\u00edt\u00e1ssal \u00e9s az az\u00f3ta a t\u00e9m\u00e1ban folymatosan kapcsol\u00f3d\u00f3 \u00e9rt\u00e9kesebb term\u00e9kek \u00e9rt\u00e9kes\u00edt\u00e9s\u00e9vel. J\u00f3magam T\u00f3th G\u00e1bor \u00fcgyvezet\u0151 vagyok, minden porcik\u00e1j\u00e1t ismerem a tev\u00e9kenys\u00e9g\u00fcnknek. Jav\u00edt\u00e1sban od\u00e1ig fejl\u0151dt\u00fcnk, hogy l\u00e1gy anyagokon szinte b\u00e1rmilyen probl\u00e1m\u00e1t meg tudunk oldani, csak az \u00e9rtelem \u00e9s a p\u00e9nzt\u00e1rca szab hat\u00e1rt. B\u00fcszk\u00e9k vagyunk arra, hogy minden professzin\u00e1lis jav\u00edt\u00f3 anyagunkat, \u00e9s a [&hellip;]<\/p>\n","protected":false},"author":1,"featured_media":0,"parent":0,"menu_order":0,"comment_status":"closed","ping_status":"closed","template":"","meta":{"footnotes":""},"class_list":["post-1914","page","type-page","status-publish","hentry"],"jetpack_sharing_enabled":true,"_links":{"self":[{"href":"https:\/\/csonakjavitas.hu\/index.php\/wp-json\/wp\/v2\/pages\/1914","targetHints":{"allow":["GET"]}}],"collection":[{"href":"https:\/\/csonakjavitas.hu\/index.php\/wp-json\/wp\/v2\/pages"}],"about":[{"href":"https:\/\/csonakjavitas.hu\/index.php\/wp-json\/wp\/v2\/types\/page"}],"author":[{"embeddable":true,"href":"https:\/\/csonakjavitas.hu\/index.php\/wp-json\/wp\/v2\/users\/1"}],"replies":[{"embeddable":true,"href":"https:\/\/csonakjavitas.hu\/index.php\/wp-json\/wp\/v2\/comments?post=1914"}],"version-history":[{"count":0,"href":"https:\/\/csonakjavitas.hu\/index.php\/wp-json\/wp\/v2\/pages\/1914\/revisions"}],"wp:attachment":[{"href":"https:\/\/csonakjavitas.hu\/index.php\/wp-json\/wp\/v2\/media?parent=1914"}],"curies":[{"name":"wp","href":"https:\/\/api.w.org\/{rel}","templated":true}]}}