{"id":2,"date":"2026-02-19T15:14:51","date_gmt":"2026-02-19T15:14:51","guid":{"rendered":"https:\/\/wp.csonakjavitas.hu\/?page_id=2"},"modified":"2026-02-20T07:52:24","modified_gmt":"2026-02-20T07:52:24","slug":"sample-page","status":"publish","type":"page","link":"https:\/\/csonakjavitas.hu\/index.php\/sample-page\/","title":{"rendered":"Szerviz"},"content":{"rendered":"\n<p><strong>Gumics\u00f3nak szerviz! Minden, ami felf\u00fajhat\u00f3!<\/strong><\/p>\n\n\n\n<ul class=\"wp-block-list\">\n<li>Hibakeres\u00e9s, szervizel\u00e9s, jav\u00edt\u00e1s, fel\u00faj\u00edt\u00e1s, tan\u00e1csad\u00e1s, ragaszt\u00e1s, foltoz\u00e1s, hegeszt\u00e9s, \u00faj kieg\u00e9sz\u00edt\u0151k felrak\u00e1sa<\/li>\n\n\n\n<li>Gumics\u00f3nak jav\u00edt\u00f3 anyagok: ragaszt\u00f3k (haszn\u00e1lati utas\u00edt\u00e1ssal), lemos\u00f3, tiszt\u00edt\u00f3 folyad\u00e9k, gumics\u00f3nak anyagok (kis kiszerel\u00e9s, professzion\u00e1lis min\u0151s\u00e9g k\u00fcl\u00f6nb\u00f6z\u0151 anyagokhoz)<\/li>\n<\/ul>\n\n\n\n<blockquote class=\"wp-block-quote is-layout-flow wp-block-quote-is-layout-flow\">\n<figure class=\"wp-block-image\"><img decoding=\"async\" src=\"https:\/\/csonakjavitas.hu\/images\/glue.jpg\" alt=\"\"\/><\/figure>\n<\/blockquote>\n\n\n\n<ul class=\"wp-block-list\">\n<li>\u00daj \u00e9s haszn\u00e1lt gumics\u00f3nak, cs\u00f3nakmotor,\u00a0haj\u00f3s \u00e9s horg\u00e1sz term\u00e9kek \u00e9rt\u00e9kes\u00edt\u00e9se, \u00fczembe helyez\u00e9se<\/li>\n\n\n\n<li>Ha olyan term\u00e9ket szeretne, ami nincs a honlapon jelezze \u00e9s mi beszerezz\u00fck a legjobb \u00e1rakon!<\/li>\n\n\n\n<li>Alkatr\u00e9sz beszerz\u00e9s, ad\u00e1s-v\u00e9tel<\/li>\n<\/ul>\n\n\n\n<blockquote class=\"wp-block-quote is-layout-flow wp-block-quote-is-layout-flow\">\n<figure class=\"wp-block-image\"><img decoding=\"async\" src=\"https:\/\/csonakjavitas.hu\/images\/kezfogas.jpg\" alt=\"\"\/><\/figure>\n<\/blockquote>\n\n\n\n<ul class=\"wp-block-list\">\n<li>K\u00f6lcs\u00f6nz\u00e9s, b\u00e9rl\u00e9s<\/li>\n\n\n\n<li>Kisz\u00e1ll\u00e1s, h\u00e1zhozsz\u00e1ll\u00edt\u00e1s<\/li>\n<\/ul>\n\n\n\n<blockquote class=\"wp-block-quote is-layout-flow wp-block-quote-is-layout-flow\">\n<figure class=\"wp-block-image\"><img decoding=\"async\" src=\"https:\/\/csonakjavitas.hu\/images\/hazhozszallitas.jpg\" alt=\"\"\/><\/figure>\n<\/blockquote>\n\n\n\n<p>Felf\u00fajhat\u00f3 gumihaj\u00f3, cs\u00f3nak, kajak, kenu, rafting, szakszer\u0171 jav\u00edt\u00e1sa.<br>T\u00f6bb\u00a0\u00f6sszetev\u0151s anyagok jav\u00edt\u00e1sa (pvc, gumi, hypalon,\u00a0neopren, mirasol stb.)<br>Szelepcsere, szakad\u00e1sok, fart\u00fck\u00f6rlev\u00e1l\u00e1s, fel\u00fcleti, horzsol\u00e1sos, v\u00e1gott, kimetszett, kamr\u00e1k k\u00f6z\u00f6tti, hegeszt\u00e9sek menti \u00e9s\u00a0egy\u00e9b haszn\u00e1latb\u00f3l ered\u0151 s\u00e9r\u00fcl\u00e9sek.<br>\u00d6reged\u00e9si s\u00e9r\u00fcl\u00e9sek: illeszt\u00e9sek elenged\u00e9se, anyag felh\u00f3lyagosod\u00e1sa.<br>T\u00e1rol\u00e1si s\u00e9r\u00fcl\u00e9sek: \u00e1llati eredet\u0171, \u00e1lland\u00f3, azonos helyen val\u00f3 hajtogat\u00e1s<br>M\u00e1rk\u00e1k: Zodiac, Yam, Bombard, Selva, Sevylor, Avon, Honda, Grand, Asso, Dong Seo, Arimar, E-sea, Quicksilver,\u00a0Allroundmarin, Intex, BestWay, Lay-Z-Spa, MSpa, O&#8217;Brien, Jobe, Yamaha, Prestige, Bark<br>Tov\u00e1bbi\u00a0term\u00e9kek: kerti medence, t\u00f3, jacuzzi(jakuzzi, pezsg\u0151f\u00fcrd\u0151, mobiljacuzzi, massz\u00e1zsmedence), ugr\u00e1l\u00f3, ugr\u00e1l\u00f3v\u00e1r, l\u00e9gv\u00e1r, matrac,\u00a0\u00e1gy, vend\u00e9g\u00e1gy, f\u00e1nk, fotel, ponyva, gumiruha, b\u00fav\u00e1rruha, puhafal\u00fa medence, csizma, molino<\/p>\n\n\n\n<p><\/p>\n","protected":false},"excerpt":{"rendered":"<p>Gumics\u00f3nak szerviz! Minden, ami felf\u00fajhat\u00f3! Felf\u00fajhat\u00f3 gumihaj\u00f3, cs\u00f3nak, kajak, kenu, rafting, szakszer\u0171 jav\u00edt\u00e1sa.T\u00f6bb\u00a0\u00f6sszetev\u0151s anyagok jav\u00edt\u00e1sa (pvc, gumi, hypalon,\u00a0neopren, mirasol stb.)Szelepcsere, szakad\u00e1sok, fart\u00fck\u00f6rlev\u00e1l\u00e1s, fel\u00fcleti, horzsol\u00e1sos, v\u00e1gott, kimetszett, kamr\u00e1k k\u00f6z\u00f6tti, hegeszt\u00e9sek menti \u00e9s\u00a0egy\u00e9b haszn\u00e1latb\u00f3l ered\u0151 s\u00e9r\u00fcl\u00e9sek.\u00d6reged\u00e9si s\u00e9r\u00fcl\u00e9sek: illeszt\u00e9sek elenged\u00e9se, anyag felh\u00f3lyagosod\u00e1sa.T\u00e1rol\u00e1si s\u00e9r\u00fcl\u00e9sek: \u00e1llati eredet\u0171, \u00e1lland\u00f3, azonos helyen val\u00f3 hajtogat\u00e1sM\u00e1rk\u00e1k: Zodiac, Yam, Bombard, Selva, Sevylor, Avon, Honda, Grand, [&hellip;]<\/p>\n","protected":false},"author":1,"featured_media":0,"parent":0,"menu_order":0,"comment_status":"closed","ping_status":"open","template":"","meta":{"footnotes":""},"class_list":["post-2","page","type-page","status-publish","hentry"],"jetpack_sharing_enabled":true,"_links":{"self":[{"href":"https:\/\/csonakjavitas.hu\/index.php\/wp-json\/wp\/v2\/pages\/2","targetHints":{"allow":["GET"]}}],"collection":[{"href":"https:\/\/csonakjavitas.hu\/index.php\/wp-json\/wp\/v2\/pages"}],"about":[{"href":"https:\/\/csonakjavitas.hu\/index.php\/wp-json\/wp\/v2\/types\/page"}],"author":[{"embeddable":true,"href":"https:\/\/csonakjavitas.hu\/index.php\/wp-json\/wp\/v2\/users\/1"}],"replies":[{"embeddable":true,"href":"https:\/\/csonakjavitas.hu\/index.php\/wp-json\/wp\/v2\/comments?post=2"}],"version-history":[{"count":0,"href":"https:\/\/csonakjavitas.hu\/index.php\/wp-json\/wp\/v2\/pages\/2\/revisions"}],"wp:attachment":[{"href":"https:\/\/csonakjavitas.hu\/index.php\/wp-json\/wp\/v2\/media?parent=2"}],"curies":[{"name":"wp","href":"https:\/\/api.w.org\/{rel}","templated":true}]}}