{"id":5853,"date":"2026-02-25T11:34:00","date_gmt":"2026-02-25T11:34:00","guid":{"rendered":"https:\/\/wp.csonakjavitas.hu\/?page_id=5853"},"modified":"2026-02-25T11:34:00","modified_gmt":"2026-02-25T11:34:00","slug":"segedletek","status":"publish","type":"page","link":"https:\/\/csonakjavitas.hu\/index.php\/sample-page\/segedletek\/","title":{"rendered":"Seg\u00e9dletek"},"content":{"rendered":"\n<p><strong>Gumics\u00f3nak padl\u00f3zatok<\/strong><\/p>\n\n\n\n<p><strong>-1. padl\u00f3zat n\u00e9lk\u00fcli cs\u00f3nak<\/strong><\/p>\n\n\n\n<p><strong>0. Felf\u00fajhat\u00f3, nem sz\u00f6veter\u0151s\u00edt\u00e9s\u0171<\/strong><\/p>\n\n\n\n<p><strong>0,5. Sz\u00f6veter\u0151s\u00edt\u00e9s\u0171 nem gumics\u00f3nak anyagb\u00f3l\/illeszt\u00e9sekkel k\u00e9sz\u00fclt padl\u00f3zat<\/strong>.<\/p>\n\n\n\n<p><strong>1. L\u00e9cezett\/bord\u00e1zott<\/strong><\/p>\n\n\n\n<p>~9 mm vastag nem \u00f6sszef\u00f6gg\u0151 sz\u00e9lein vagy k\u00f6z\u00e9pen a t\u00e1vols\u00e1got megtart\u00f3 f\u00fclekkel<\/p>\n\n\n\n<p>\u00e1tsz\u00e1ll\u00e1st k\u00f6vet\u0151en csak \u00fclve utaz\u00e1sra aj\u00e1nlott<\/p>\n\n\n\n<p><strong>2. K\u00f6nyvpadl\u00f3<\/strong><\/p>\n\n\n\n<p>Harmonika szer\u00fcen \u00f6sszehajthat\u00f3 ebb\u0151l is k\u00f6vetkez\u0151en, \u00f6sszekapcsol\u00f3d\u00f3 padl\u00f3lemezek 9 mm vastag\u00e1ggal, merev\u00edt\u00e9s nincs.<\/p>\n\n\n\n<p><strong>2,5. Felg\u00f6rgethet\u0151 padl\u00f3zat<\/strong><\/p>\n\n\n\n<p>\u00dagy k\u00e9pesek csuklani a padl\u00f3lemezek, hogy azok kiv\u00e9tele n\u00e9lk\u00fcl feltekerhet\u0151 a test. Merev\u00edt\u00e9s nincs.<\/p>\n\n\n\n<p>Ritk\u00e1bb, \u00e1ltal\u00e1ban picit vastagabbak is.<\/p>\n\n\n\n<p><strong>3. K\u00f6nyvpadl\u00f3 gerinc merev\u00edt\u00e9ssel<\/strong><\/p>\n\n\n\n<p>Felf\u00fajhat\u00f3 gerinc a K\u00f6nyvpadl\u00f3 alatt. K\u00f6z\u00e9pen m\u00e1r merev\u00edt picit a gerinc. (Ha j\u00f3 helyen van, m\u00e9ret\u0171 \u00e9s min\u0151s\u00e9g\u0171.)<\/p>\n\n\n\n<p>\u00c1ltal\u00e1ban v\u00e9kony hozz\u00e1 a padl\u00f3lemez ~9mm.<\/p>\n\n\n\n<p><strong>4. Fa Merev Padl\u00f3<\/strong><\/p>\n\n\n\n<p>Legal\u00e1bb 12mm vastag fa, minden lemez k\u00fcl\u00f6n szedhet\u0151, alum\u00ednium vagy m\u0171anyag csatlakoz\u00f3 elemek + merev\u00edt\u0151 s\u00ednek mindk\u00e9t oldalon a t\u00f6ml\u0151k alatt.<\/p>\n\n\n\n<p>Komoly gy\u00e1rt\u00f3 ez al\u00e1 nem adja 2,5m vagy e feletti, be\u00e9p\u00edtett t\u00fckr\u00f6s cs\u00f3naktest eset\u00e9n.<\/p>\n\n\n\n<p><strong>5. Alum\u00ednium Merev Padl\u00f3<\/strong><\/p>\n\n\n\n<p>Az orrelemet lesz\u00e1m\u00edtva minden alum\u00ednium.<\/p>\n\n\n\n<p><strong>6. Felf\u00fajaht\u00f3 Padl\u00f3 (gerinc n\u00e9lk\u00fcl)<\/strong><\/p>\n\n\n\n<p>Nagynyom\u00e1s\u00fa padl\u00f3 ~800 mBar.<\/p>\n\n\n\n<p><strong>7. Felf\u00fajhat\u00f3 Padl\u00f3 alatt gerinccel<\/strong><\/p>\n\n\n\n<p><strong>8. Valak\u00fara f\u00fajhat\u00f3 nagynyom\u00e1s\u00fa padl\u00f3<\/strong><\/p>\n\n\n\n<p>V alak\u00fara f\u00fajhat\u00f3 (2 kamr\u00e1b\u00f3l), de v\u00e9geredm\u00e9nyben egy kamr\u00e1t alkotnak egy\u00fctt.<\/p>\n\n\n\n<p><strong>9. \u00dcvegsz\u00e1las, nem sz\u00e9dszedhet\u0151 gumics\u00f3nak test<\/strong><\/p>\n\n\n\n<ul class=\"wp-block-list\">\n<li><a href=\"https:\/\/csonakjavitas.hu\/index.php\/boat-power-dynac-akkumulator-akku-munkaakku-akksi-aksi-armforras-ar-elado-olcso-hasznalt\"><\/a><\/li>\n<\/ul>\n\n\n\n<p><\/p>\n\n\n\n<p><\/p>\n\n\n\n<p><strong>Cs\u00f3nakmotor v\u00e1s\u00e1rl\u00e1si Seg\u00e9dlet<\/strong><\/p>\n\n\n\n<p>T\u00f6bb \u00faton \u00e9rkezhet az \u00e1ltalunk v\u00e1s\u00e1rolt &#8222;\u00daj&#8221; motor \u00e9s ennek megfelel\u0151en m\u00e1st is kap az \u00dcgyf\u00e9l.<\/p>\n\n\n\n<p><strong>Hivatalos \u00fat<\/strong><\/p>\n\n\n\n<p>Az \u00fcgyf\u00e9l hivatalos sorsz\u00e1mozott garancialevelet kap, melyben nem a keresked\u0151, hanem a gy\u00e1r, a m\u00e1rka v\u00e1llal garanci\u00e1t.<\/p>\n\n\n\n<p>\u00c1ltal\u00e1ban sorsz\u00e1mozott garancialevelet kap az \u00fcgyf\u00e9l, melyet maga tud regisztr\u00e1lni a hivatalos weboldalon.<\/p>\n\n\n\n<p>A garanciaid\u0151 a nemzetk\u00f6zivel pontosan egyez\u0151.<\/p>\n\n\n\n<p><strong>Egy\u00e9b (m\u00e1s orsz\u00e1gokb\u00f3l behozott, csemp\u00e9szett)<\/strong><\/p>\n\n\n\n<p>Tiltott Eu-n bel\u00fcl osz\u00e1gok k\u00f6z\u00f6tt v\u00e9gs\u0151 \u00e9rt\u00e9kes\u00edt\u00e9sre mozgatni a motorokat. (Ez\u00e9rt is van\/kell a regisztr\u00e1ci\u00f3.)<\/p>\n\n\n\n<p>Ha megteszi a keresked\u0151 az az \u0151 felel\u0151ss\u00e9ge.<\/p>\n\n\n\n<p>Innent\u0151l minden a keresked\u0151 kock\u00e1zata \u00e9s minden a j\u00f3indulat\u00e1n m\u00falik!<\/p>\n\n\n\n<p>\u00c1ltal\u00e1ban am\u00edg megv\u00e1s\u00e1rolja a term\u00e9ket addig mindent lehet.<\/p>\n\n\n\n<p>Lehet, hogy soha nem der\u00fcl ki, hogy igaz\u00e1b\u00f3l nem is gy\u00e1ri garanci\u00e1ja volt, mert nem volt r\u00e1 sz\u00fcks\u00e9g.<\/p>\n\n\n\n<p>Ha net\u00e1n k\u00e9s\u0151bb viszont komolyabb gond lenne, amikor a gy\u00e1r fizetn\u00e9 az esetleges garanci\u00e1s alkatr\u00e9szt, jav\u00edt\u00e1st \u00e9s ehelyett a keresked\u0151nek kellene, akkor m\u00e1r nem biztos, hogy annyira enged\u00e9keny lesz, mint ahogy azt a v\u00e1s\u00e1rl\u00e1s el\u0151tt \u00edg\u00e9rte.<\/p>\n\n\n\n<p>Sok mindenbe belek\u00f6thet, amibe egy gy\u00e1ri garancia\u00e9rv\u00e9nyes\u00edt\u00e9sn\u00e9l nem szoktak, ha nem akarja\/tudja \u00e1llni a mondjuk milli\u00f3s k\u00f6lts\u00e9geket.<\/p>\n\n\n\n<p><strong>Hozz\u00e1piszk\u00e1l\u00e1s \/ tuning \/ matric\u00e1z\u00e1s<\/strong><\/p>\n\n\n\n<p>Mindent lehet, de..<\/p>\n\n\n\n<p>A vizirend\u00e9sz, rend\u0151r \u00e1ltal\u00e1bban sokkal jobban ismer minden tr\u00fckk\u00f6t, \u00e1talak\u00edt\u00e1st.<\/p>\n\n\n\n<p>Ha akarja \u00fagyis megb\u00fcnteti\/lefoglalja m\u00e9g a legprec\u00edzebb &#8222;gy\u00e1ri alkatr\u00e9szes \u00e1talak\u00edt\u00e1s&#8221; mellett is.<\/p>\n\n\n\n<p>Term\u00e9szetesen garanciaveszt\u00e9ssel j\u00e1r ak\u00e1r mennyire is gy\u0151zk\u00f6dik, hogy nem.<\/p>\n\n\n\n<p>Legfeljebb \u00e1tv\u00e1llalhatj\u00e1k a garanci\u00e1t a gy\u00e1rt\u00f3l a fentebb le\u00edrt szerencse\/kock\u00e1zat faktorral.<\/p>\n\n\n\n<p><\/p>\n\n\n\n<p><\/p>\n\n\n\n<p><strong>Fogyaszt\u00e1s kalkukl\u00e1ci\u00f3s seg\u00e9dlet<\/strong><\/p>\n\n\n\n<p>A lentiek elm\u00e9leti kalkul\u00e1ci\u00f3k, a gyakorlat ett\u0151l elt\u00e9r, mindenki a saj\u00e1t felel\u0151ss\u00e9g\u00e9re hasznos\u00edtsa!<\/p>\n\n\n\n<p>Arra j\u00f3, hogy nagys\u00e1grendeket kb. tudjunk kalkul\u00e1lni \u00e9s hogy ne d\u0151lj\u00fcnk be a f\u00e9lrevezet\u0151 katal\u00f3gusoknak \u00e9s le\u00edr\u00e1soknak, term\u00e9keknek.<\/p>\n\n\n\n<p>Vannak jobb min\u0151s\u00e9g\u0171\/technol\u00f3gi\u00e1j\u00fa\/k\u00f6nyebb\/hosszab \u00e9lettartam\u00fa akkumul\u00e1torok, de nincsenek csod\u00e1k: sokkal nagyobb \u00fczemid\u0151k,&nbsp;hat\u00f3t\u00e1vok stb.<\/p>\n\n\n\n<p>Kicsit gondolkozzunk miel\u0151tt v\u00e1s\u00e1rolunk\/bed\u0151l\u00fcnk \u00e9s higyj\u00fcnk a fizik\u00e1nak ink\u00e1bb:<\/p>\n\n\n\n<p>\u00c1ltal\u00e1ban a 12 Voltos motorok kb. annyi Amper \u00e1ramot vesznek fel ah\u00e1ny libr\u00e1sak (fullg\u00e1zon).<\/p>\n\n\n\n<p>Vagyis pl. 55 LBS 12 Volt akkor 55 Amper maxim\u00e1lis teljes\u00edtm\u00e9nyen.<\/p>\n\n\n\n<p>Ha az akku pl. 110 Amper\u00d3ra (12 Volt) akkor 110\/55=2 vagyis 2 \u00f3r\u00e1t tudhatna. (elm\u00e9leti maximum)<\/p>\n\n\n\n<p>K\u00e9t akkuval k\u00e9tszer ennyi id\u0151t tudunk menni. Illetve f\u00e9l g\u00e1zzal is 2x ennyit tudunk menni. (eltekintve egy\u00e9b t\u00e9nyez\u0151kt\u0151l)<\/p>\n\n\n\n<p>Ha a rendszer 24 Volt-os (pl. k\u00e9t 12V sorba) akkor fele akkora \u00e1ramok kellenek ugyanahhoz a teljes\u00edtm\u00e9nyhez mint 12 Volt eset\u00e9n.<\/p>\n\n\n\n<p>Vagyis 50 Amper eset\u00e9n (pl. Haswing proturar) 101 LBS-\u00fcnk van.<\/p>\n\n\n\n<p>Ebb\u0151l is l\u00e1tszik, hogy t\u00e9vhit, hogy &#8222;ehhez akkor k\u00e9t nagy akku kell&#8221;. K\u00e9t fele akkor\u00e1val pont ugyanott lesz\u00fcnk, csak k\u00e9pesek lehet\u00fcnk dupla teljes\u00edtm\u00e9ny kiv\u00e9tel\u00e9re ha net\u00e1n sz\u00fcks\u00e9ges (55 LBS 12V vs 101 LBS 24V). S\u0151t a fajlagosan kisebb \u00e1ramok kisebb vesztes\u00e9get jelentenek minden elemen!<\/p>\n\n\n\n<p>\u00c9s \u00edgy tov\u00e1bb igaz magasabb fesz\u00fclts\u00e9gek ir\u00e1ny\u00e1ba..<\/p>\n\n\n\n<p>V\u00e1lt\u00f3sz\u00e1mok, ar\u00e1nyok:<\/p>\n\n\n\n<p>100LBS =100 libra = 2hp = 2 l\u00f3er\u0151 = 1500W = 1,5 kW<\/p>\n\n\n\n<p>Amper\u00d3ra = AmperHour =Ah<\/p>\n\n\n\n<p>V = Volt<\/p>\n\n\n\n<p>A = Amper<\/p>\n\n\n\n<p>W = Watt<\/p>\n\n\n\n<p>P(Watt)=U(Volt)*I(Amper)<\/p>\n\n\n\n<p>Q(Ah)=I(A)*t(id\u0151) = T\u00f6lt\u00e9s<\/p>\n\n\n\n<p>K\u00e9rd\u00e9s eset\u00e9n keressen minket bizalommal el\u00e9rhet\u0151s\u00e9geinken.<\/p>\n\n\n\n<ul class=\"wp-block-list\">\n<li><a href=\"https:\/\/csonakjavitas.hu\/index.php\/padlozatok-segedlet-gumicsonak-padlozat-fajtak-floor-nagynyomasu-padlo-alupadlo-merev-konyvpadlo-keel-felfujhato-gerinc-rib-semi-rib-inflatable-boat-types-merevito-sin-lamellas-bordazott\"><\/a><\/li>\n<\/ul>\n\n\n\n<p><\/p>\n","protected":false},"excerpt":{"rendered":"<p>Gumics\u00f3nak padl\u00f3zatok -1. padl\u00f3zat n\u00e9lk\u00fcli cs\u00f3nak 0. Felf\u00fajhat\u00f3, nem sz\u00f6veter\u0151s\u00edt\u00e9s\u0171 0,5. Sz\u00f6veter\u0151s\u00edt\u00e9s\u0171 nem gumics\u00f3nak anyagb\u00f3l\/illeszt\u00e9sekkel k\u00e9sz\u00fclt padl\u00f3zat. 1. L\u00e9cezett\/bord\u00e1zott ~9 mm vastag nem \u00f6sszef\u00f6gg\u0151 sz\u00e9lein vagy k\u00f6z\u00e9pen a t\u00e1vols\u00e1got megtart\u00f3 f\u00fclekkel \u00e1tsz\u00e1ll\u00e1st k\u00f6vet\u0151en csak \u00fclve utaz\u00e1sra aj\u00e1nlott 2. K\u00f6nyvpadl\u00f3 Harmonika szer\u00fcen \u00f6sszehajthat\u00f3 ebb\u0151l is k\u00f6vetkez\u0151en, \u00f6sszekapcsol\u00f3d\u00f3 padl\u00f3lemezek 9 mm vastag\u00e1ggal, merev\u00edt\u00e9s nincs. 2,5. Felg\u00f6rgethet\u0151 padl\u00f3zat [&hellip;]<\/p>\n","protected":false},"author":1,"featured_media":0,"parent":2,"menu_order":0,"comment_status":"closed","ping_status":"closed","template":"","meta":{"footnotes":""},"class_list":["post-5853","page","type-page","status-publish","hentry"],"jetpack_sharing_enabled":true,"_links":{"self":[{"href":"https:\/\/csonakjavitas.hu\/index.php\/wp-json\/wp\/v2\/pages\/5853","targetHints":{"allow":["GET"]}}],"collection":[{"href":"https:\/\/csonakjavitas.hu\/index.php\/wp-json\/wp\/v2\/pages"}],"about":[{"href":"https:\/\/csonakjavitas.hu\/index.php\/wp-json\/wp\/v2\/types\/page"}],"author":[{"embeddable":true,"href":"https:\/\/csonakjavitas.hu\/index.php\/wp-json\/wp\/v2\/users\/1"}],"replies":[{"embeddable":true,"href":"https:\/\/csonakjavitas.hu\/index.php\/wp-json\/wp\/v2\/comments?post=5853"}],"version-history":[{"count":0,"href":"https:\/\/csonakjavitas.hu\/index.php\/wp-json\/wp\/v2\/pages\/5853\/revisions"}],"up":[{"embeddable":true,"href":"https:\/\/csonakjavitas.hu\/index.php\/wp-json\/wp\/v2\/pages\/2"}],"wp:attachment":[{"href":"https:\/\/csonakjavitas.hu\/index.php\/wp-json\/wp\/v2\/media?parent=5853"}],"curies":[{"name":"wp","href":"https:\/\/api.w.org\/{rel}","templated":true}]}}