{"id":5864,"date":"2026-02-25T15:03:47","date_gmt":"2026-02-25T15:03:47","guid":{"rendered":"https:\/\/wp.csonakjavitas.hu\/?page_id=5864"},"modified":"2026-02-25T15:05:29","modified_gmt":"2026-02-25T15:05:29","slug":"altalanos-szerzodesi-feltetelek","status":"publish","type":"page","link":"https:\/\/csonakjavitas.hu\/index.php\/services\/altalanos-szerzodesi-feltetelek\/","title":{"rendered":"\u00c1ltal\u00e1nos Szerz\u0151d\u00e9si Felt\u00e9telek"},"content":{"rendered":"\n<p><strong>V\u00e1s\u00e1rl\u00e1si felt\u00e9telek..<\/strong><\/p>\n\n\n\n<p>Term\u00e9szetesen az oldalon kereszt\u00fcl l\u00e9trej\u00f6tt v\u00e1s\u00e1rl\u00e1s, t\u00e1voll\u00e9v\u0151k k\u00f6z\u00f6tt l\u00e9trej\u00f6tt \u00fcgyletnek min\u0151s\u00fcl.<\/p>\n\n\n\n<p>Ebb\u0151l k\u00f6vetkez\u0151en, mag\u00e1nszem\u00e9lyek eset\u00e9n,  a v\u00e1s\u00e1rl\u00f3t 14 napos el\u00e1ll\u00e1si jog illeti meg.<\/p>\n\n\n\n<p>A megrendel\u00e9s t\u00f6rt\u00e9nhet szem\u00e9lyesen is, ekkor a megrendel\u00e9sr\u0151l a vev\u0151 \u00edr\u00e1sos igazol\u00e1st kap.<br>Abban az esetben, ha meg szeretn\u00e9 sp\u00f3rolni az utaz\u00e1st, a megrendel\u00e9s t\u00f6rt\u00e9nhet telefonon, vagy e-mail-ben is.<\/p>\n\n\n\n<p>A megrendel\u00e9shez \u00e1ltal\u00e1ban 10-30% el\u0151leg sz\u00fcks\u00e9ges, err\u0151l k\u00e9rem egyeztessen utal\u00e1s el\u0151tt.<\/p>\n\n\n\n<p>Sz\u00e1ll\u00edt\u00e1si id\u0151: Azonnal k\u00e9szletr\u0151l, vagy p\u00e1r munkanap. Minden esetben viszajelz\u00fcnk, pontos\u00edtunk.<br>Az \u00e9rkez\u00e9s, sz\u00e1ll\u00edt\u00e1s id\u0151pontj\u00e1r\u00f3l minden esetben, el\u0151\u00e9rtes\u00edt kap a vev\u0151.<br>H\u00e1zhoz sz\u00e1ll\u00edt\u00e1s: p\u00e1r munkanap<br>Szem\u00e9lyes \u00e1tv\u00e9tel: megoldhat\u00f3 \u00e9s javasolt a post\u00e1z\u00e1s okozta kellemetlens\u00e9gek elker\u00fcl\u00e9se \u00e9rdek\u00e9ben.<br>Ut\u00e1nv\u00e9tel: term\u00e9kenk\u00e9nt v\u00e1ltoz\u00f3, \u00e1ltal\u00e1ban 5 eFt feletti v\u00e1s\u00e1rl\u00e1s eset\u00e9n 1kg-ig 2eFt, 5 eFt alatti rendel\u00e9s eset\u00e9n 3 eFt<\/p>\n\n\n\n<p>Az \u00e1rak t\u00e1j\u00e9koztat\u00f3 jelleg\u0171ek, az \u00e1rv\u00e1ltoz\u00e1s jog\u00e1t fenntartjuk!<br><br>Fizet\u00e9s:&nbsp;Az \u00e1rak helyben, k\u00e9szp\u00e9nzes fizet\u00e9sre vonatkoznak. Az utal\u00e1ssal val\u00f3 fizet\u00e9s fel\u00e1ras lehet.<br>K\u00e1rty\u00e1s v\u00e1s\u00e1rl\u00e1s nem lehets\u00e9ges.<br><br>Szem\u00e9lyesen is csak N\u00e9v \u00e9s C\u00edm adatok megad\u00e1s\u00e1val lehets\u00e9ges a v\u00e1s\u00e1rl\u00e1s.<\/p>\n","protected":false},"excerpt":{"rendered":"<p>V\u00e1s\u00e1rl\u00e1si felt\u00e9telek.. Term\u00e9szetesen az oldalon kereszt\u00fcl l\u00e9trej\u00f6tt v\u00e1s\u00e1rl\u00e1s, t\u00e1voll\u00e9v\u0151k k\u00f6z\u00f6tt l\u00e9trej\u00f6tt \u00fcgyletnek min\u0151s\u00fcl. Ebb\u0151l k\u00f6vetkez\u0151en, mag\u00e1nszem\u00e9lyek eset\u00e9n, a v\u00e1s\u00e1rl\u00f3t 14 napos el\u00e1ll\u00e1si jog illeti meg. A megrendel\u00e9s t\u00f6rt\u00e9nhet szem\u00e9lyesen is, ekkor a megrendel\u00e9sr\u0151l a vev\u0151 \u00edr\u00e1sos igazol\u00e1st kap.Abban az esetben, ha meg szeretn\u00e9 sp\u00f3rolni az utaz\u00e1st, a megrendel\u00e9s t\u00f6rt\u00e9nhet telefonon, vagy e-mail-ben is. A megrendel\u00e9shez [&hellip;]<\/p>\n","protected":false},"author":1,"featured_media":0,"parent":1914,"menu_order":0,"comment_status":"closed","ping_status":"closed","template":"","meta":{"footnotes":""},"class_list":["post-5864","page","type-page","status-publish","hentry"],"jetpack_sharing_enabled":true,"_links":{"self":[{"href":"https:\/\/csonakjavitas.hu\/index.php\/wp-json\/wp\/v2\/pages\/5864","targetHints":{"allow":["GET"]}}],"collection":[{"href":"https:\/\/csonakjavitas.hu\/index.php\/wp-json\/wp\/v2\/pages"}],"about":[{"href":"https:\/\/csonakjavitas.hu\/index.php\/wp-json\/wp\/v2\/types\/page"}],"author":[{"embeddable":true,"href":"https:\/\/csonakjavitas.hu\/index.php\/wp-json\/wp\/v2\/users\/1"}],"replies":[{"embeddable":true,"href":"https:\/\/csonakjavitas.hu\/index.php\/wp-json\/wp\/v2\/comments?post=5864"}],"version-history":[{"count":0,"href":"https:\/\/csonakjavitas.hu\/index.php\/wp-json\/wp\/v2\/pages\/5864\/revisions"}],"up":[{"embeddable":true,"href":"https:\/\/csonakjavitas.hu\/index.php\/wp-json\/wp\/v2\/pages\/1914"}],"wp:attachment":[{"href":"https:\/\/csonakjavitas.hu\/index.php\/wp-json\/wp\/v2\/media?parent=5864"}],"curies":[{"name":"wp","href":"https:\/\/api.w.org\/{rel}","templated":true}]}}