{"id":5872,"date":"2026-02-25T20:18:34","date_gmt":"2026-02-25T20:18:34","guid":{"rendered":"https:\/\/csonakjavitas.hu\/?page_id=5872"},"modified":"2026-02-26T06:13:30","modified_gmt":"2026-02-26T06:13:30","slug":"javito-anyagok","status":"publish","type":"page","link":"https:\/\/csonakjavitas.hu\/index.php\/sample-page\/javito-anyagok\/","title":{"rendered":"Jav\u00edt\u00f3 anyagok"},"content":{"rendered":"\n<p>Minden amivel dolgozunk megvehet\u0151.<br>Minden jav\u00edt\u00e1shoz sz\u00fcks\u00e9ges inform\u00e1ci\u00f3t megosztunk az \u00e1ltalunk eladott anyagokhoz. <\/p>\n\n\n\n<p>Egyedi jav\u00edt\u00e1si ig\u00e9ny\u00e9re megold\u00e1si opci\u00f3kat javaslunk.<\/p>\n\n\n\n<p>Mi is tudjuk v\u00e1lllni a a jav\u00edt\u00e1s kivitelez\u00e9s\u00e9t, de ig\u00e9ny eset\u00e9n teljes k\u00f6r\u0171en alapnyagokat is bitos\u00edtunk az otthoni jav\u00edt\u00e1sokhoz is.<\/p>\n\n\n\n<p>gumics\u00f3nak szerviz\u00fcnkben el\u00e9rhet\u0151k:<br>javit\u00f3 anyagok, folt anyag nagy sz\u00ednv\u00e1laszt\u00e9kban<br>ragaszt\u00f3k, old\u00f3szerek, lemos\u00f3 folyad\u00e9k, javit\u00f3 k\u00e9szletek<br>r\u00f6gz\u00edt\u0151 f\u00fclek, szemek, k\u00f6telek, javit\u00f3k\u00e9szlet szett, von\u00f3szem \u00fcl\u00e9sr\u00f6gz\u00edt\u0151 heveder s\u00edn szelep hasznalt alkatr\u00e9szek<\/p>\n\n\n\n<p>ezeket k\u00fcldeni is tudjuk az \u00fcgyf\u00e9l c\u00edm\u00e9re..<\/p>\n","protected":false},"excerpt":{"rendered":"<p>Minden amivel dolgozunk megvehet\u0151.Minden jav\u00edt\u00e1shoz sz\u00fcks\u00e9ges inform\u00e1ci\u00f3t megosztunk az \u00e1ltalunk eladott anyagokhoz. Egyedi jav\u00edt\u00e1si ig\u00e9ny\u00e9re megold\u00e1si opci\u00f3kat javaslunk. Mi is tudjuk v\u00e1lllni a a jav\u00edt\u00e1s kivitelez\u00e9s\u00e9t, de ig\u00e9ny eset\u00e9n teljes k\u00f6r\u0171en alapnyagokat is bitos\u00edtunk az otthoni jav\u00edt\u00e1sokhoz is. gumics\u00f3nak szerviz\u00fcnkben el\u00e9rhet\u0151k:javit\u00f3 anyagok, folt anyag nagy sz\u00ednv\u00e1laszt\u00e9kbanragaszt\u00f3k, old\u00f3szerek, lemos\u00f3 folyad\u00e9k, javit\u00f3 k\u00e9szletekr\u00f6gz\u00edt\u0151 f\u00fclek, szemek, k\u00f6telek, javit\u00f3k\u00e9szlet [&hellip;]<\/p>\n","protected":false},"author":1,"featured_media":0,"parent":2,"menu_order":0,"comment_status":"closed","ping_status":"closed","template":"","meta":{"footnotes":""},"class_list":["post-5872","page","type-page","status-publish","hentry"],"jetpack_sharing_enabled":true,"_links":{"self":[{"href":"https:\/\/csonakjavitas.hu\/index.php\/wp-json\/wp\/v2\/pages\/5872","targetHints":{"allow":["GET"]}}],"collection":[{"href":"https:\/\/csonakjavitas.hu\/index.php\/wp-json\/wp\/v2\/pages"}],"about":[{"href":"https:\/\/csonakjavitas.hu\/index.php\/wp-json\/wp\/v2\/types\/page"}],"author":[{"embeddable":true,"href":"https:\/\/csonakjavitas.hu\/index.php\/wp-json\/wp\/v2\/users\/1"}],"replies":[{"embeddable":true,"href":"https:\/\/csonakjavitas.hu\/index.php\/wp-json\/wp\/v2\/comments?post=5872"}],"version-history":[{"count":0,"href":"https:\/\/csonakjavitas.hu\/index.php\/wp-json\/wp\/v2\/pages\/5872\/revisions"}],"up":[{"embeddable":true,"href":"https:\/\/csonakjavitas.hu\/index.php\/wp-json\/wp\/v2\/pages\/2"}],"wp:attachment":[{"href":"https:\/\/csonakjavitas.hu\/index.php\/wp-json\/wp\/v2\/media?parent=5872"}],"curies":[{"name":"wp","href":"https:\/\/api.w.org\/{rel}","templated":true}]}}