{"id":8,"date":"2026-02-19T16:43:42","date_gmt":"2026-02-19T16:43:42","guid":{"rendered":"https:\/\/wp.csonakjavitas.hu\/index.php\/kosar\/"},"modified":"2026-02-24T10:29:19","modified_gmt":"2026-02-24T10:29:19","slug":"kosar","status":"publish","type":"page","link":"https:\/\/csonakjavitas.hu\/index.php\/kosar\/","title":{"rendered":"Kos\u00e1r"},"content":{"rendered":"\n<div data-block-name=\"woocommerce\/cart\" class=\"wp-block-woocommerce-cart alignwide is-loading\">\n<div data-block-name=\"woocommerce\/filled-cart-block\" class=\"wp-block-woocommerce-filled-cart-block\">\n<div data-block-name=\"woocommerce\/cart-items-block\" class=\"wp-block-woocommerce-cart-items-block\">\n<div data-block-name=\"woocommerce\/cart-line-items-block\" class=\"wp-block-woocommerce-cart-line-items-block\"><\/div>\n\n\n<\/div>\n\n\n\n\n<div data-block-name=\"woocommerce\/cart-totals-block\" class=\"wp-block-woocommerce-cart-totals-block\">\n<div data-block-name=\"woocommerce\/cart-order-summary-block\" class=\"wp-block-woocommerce-cart-order-summary-block\">\n<div data-block-name=\"woocommerce\/cart-order-summary-heading-block\" class=\"wp-block-woocommerce-cart-order-summary-heading-block\"><\/div><div data-block-name=\"woocommerce\/cart-order-summary-coupon-form-block\" class=\"wp-block-woocommerce-cart-order-summary-coupon-form-block\"><\/div><div data-block-name=\"woocommerce\/cart-order-summary-totals-block\" class=\"wp-block-woocommerce-cart-order-summary-totals-block\">\n<div data-block-name=\"woocommerce\/cart-order-summary-subtotal-block\" class=\"wp-block-woocommerce-cart-order-summary-subtotal-block\"><\/div>\n<div data-block-name=\"woocommerce\/cart-order-summary-discount-block\" class=\"wp-block-woocommerce-cart-order-summary-discount-block\"><\/div>\n<div data-block-name=\"woocommerce\/cart-order-summary-fee-block\" class=\"wp-block-woocommerce-cart-order-summary-fee-block\"><\/div>\n<div data-block-name=\"woocommerce\/cart-order-summary-shipping-block\" class=\"wp-block-woocommerce-cart-order-summary-shipping-block\"><\/div>\n<div data-block-name=\"woocommerce\/cart-order-summary-taxes-block\" class=\"wp-block-woocommerce-cart-order-summary-taxes-block\"><\/div><\/div>\n<\/div>\n\n\n\n<div data-block-name=\"woocommerce\/cart-express-payment-block\" class=\"wp-block-woocommerce-cart-express-payment-block\"><\/div>\n\n\n\n<div data-block-name=\"woocommerce\/proceed-to-checkout-block\" class=\"wp-block-woocommerce-proceed-to-checkout-block\"><\/div>\n\n\n\n<div data-block-name=\"woocommerce\/cart-accepted-payment-methods-block\" class=\"wp-block-woocommerce-cart-accepted-payment-methods-block\"><\/div>\n<\/div>\n<\/div>\n\n\n\n<div data-block-name=\"woocommerce\/empty-cart-block\" class=\"wp-block-woocommerce-empty-cart-block\">\n<h2 class=\"wp-block-heading has-text-align-center with-empty-cart-icon wc-block-cart__empty-cart__title\">Jelenleg \u00fcres a kosarad.<\/h2>\n\n\n\n<hr class=\"wp-block-separator has-alpha-channel-opacity is-style-dots\"\/>\n\n\n\n<h2 class=\"wp-block-heading has-text-align-center\">\u00dajdons\u00e1gok<\/h2>\n\n\n<div data-block-name=\"woocommerce\/product-new\" data-columns=\"4\" data-rows=\"1\" class=\"wc-block-grid wp-block-product-new wp-block-woocommerce-product-new wc-block-product-new has-4-columns\"><ul class=\"wc-block-grid__products\"><li class=\"wc-block-grid__product\">\n\t\t\t\t<a href=\"https:\/\/csonakjavitas.hu\/index.php\/termek\/haswing-cayman-gyorsrogzito\/\" class=\"wc-block-grid__product-link\">\n\t\t\t\t\t\n\t\t\t\t\t<div class=\"wc-block-grid__product-image\"><img decoding=\"async\" width=\"300\" height=\"300\" data-src=\"https:\/\/csonakjavitas.hu\/wp-content\/uploads\/2026\/03\/Rogzito-platform-300x300.jpg\" class=\"attachment-woocommerce_thumbnail size-woocommerce_thumbnail lazyload\" alt=\"Haswing Cayman gyorsr\u00f6gz\u00edt\u0151\" data-srcset=\"https:\/\/csonakjavitas.hu\/wp-content\/uploads\/2026\/03\/Rogzito-platform-300x300.jpg 300w, https:\/\/csonakjavitas.hu\/wp-content\/uploads\/2026\/03\/Rogzito-platform-150x150.jpg 150w, https:\/\/csonakjavitas.hu\/wp-content\/uploads\/2026\/03\/Rogzito-platform-100x100.jpg 100w\" data-sizes=\"(max-width: 300px) 100vw, 300px\" src=\"data:image\/svg+xml;base64,PHN2ZyB3aWR0aD0iMSIgaGVpZ2h0PSIxIiB4bWxucz0iaHR0cDovL3d3dy53My5vcmcvMjAwMC9zdmciPjwvc3ZnPg==\" style=\"--smush-placeholder-width: 300px; --smush-placeholder-aspect-ratio: 300\/300;\" \/><\/div>\n\t\t\t\t\t<div class=\"wc-block-grid__product-title\">Haswing Cayman gyorsr\u00f6gz\u00edt\u0151<\/div>\n\t\t\t\t<\/a>\n\t\t\t\t<div class=\"wc-block-grid__product-price price\"><span class=\"woocommerce-Price-amount amount\">44999&nbsp;<span class=\"woocommerce-Price-currencySymbol\">&#070;&#116;<\/span><\/span><\/div>\n\t\t\t\t\n\t\t\t\t<div class=\"wp-block-button wc-block-grid__product-add-to-cart\"><a href=\"\/index.php\/wp-json\/wp\/v2\/pages\/8?add-to-cart=6296\" aria-label=\"Kos\u00e1rba: &ldquo;Haswing Cayman gyorsr\u00f6gz\u00edt\u0151&rdquo;\" data-quantity=\"1\" data-product_id=\"6296\" data-product_sku=\"\" data-price=\"44999\" rel=\"nofollow\" class=\"wp-block-button__link  add_to_cart_button ajax_add_to_cart\">Kos\u00e1rba teszem<\/a><\/div>\n\t\t\t<\/li><li class=\"wc-block-grid__product\">\n\t\t\t\t<a href=\"https:\/\/csonakjavitas.hu\/index.php\/termek\/aquamarina-k2-steam-412-magas-nyomasu-sup-dropstitch-legpadloval-2-szemelyes\/\" class=\"wc-block-grid__product-link\">\n\t\t\t\t\t\n\t\t\t\t\t<div class=\"wc-block-grid__product-image\"><img decoding=\"async\" width=\"300\" height=\"300\" data-src=\"https:\/\/csonakjavitas.hu\/wp-content\/uploads\/2026\/02\/Steam-412-package-300x300.jpg\" class=\"attachment-woocommerce_thumbnail size-woocommerce_thumbnail lazyload\" alt=\"AquaMarina K2 Steam-412 magas nyom\u00e1s\u00fa SUP DropStitch l\u00e9gpadl\u00f3val 2 szem\u00e9lyes\" data-srcset=\"https:\/\/csonakjavitas.hu\/wp-content\/uploads\/2026\/02\/Steam-412-package-300x300.jpg 300w, https:\/\/csonakjavitas.hu\/wp-content\/uploads\/2026\/02\/Steam-412-package-150x150.jpg 150w, https:\/\/csonakjavitas.hu\/wp-content\/uploads\/2026\/02\/Steam-412-package-768x768.jpg 768w, https:\/\/csonakjavitas.hu\/wp-content\/uploads\/2026\/02\/Steam-412-package-600x600.jpg 600w, https:\/\/csonakjavitas.hu\/wp-content\/uploads\/2026\/02\/Steam-412-package-100x100.jpg 100w, https:\/\/csonakjavitas.hu\/wp-content\/uploads\/2026\/02\/Steam-412-package.jpg 1000w\" data-sizes=\"(max-width: 300px) 100vw, 300px\" src=\"data:image\/svg+xml;base64,PHN2ZyB3aWR0aD0iMSIgaGVpZ2h0PSIxIiB4bWxucz0iaHR0cDovL3d3dy53My5vcmcvMjAwMC9zdmciPjwvc3ZnPg==\" style=\"--smush-placeholder-width: 300px; --smush-placeholder-aspect-ratio: 300\/300;\" \/><\/div>\n\t\t\t\t\t<div class=\"wc-block-grid__product-title\">AquaMarina K2 Steam-412 magas nyom\u00e1s\u00fa SUP DropStitch l\u00e9gpadl\u00f3val 2 szem\u00e9lyes<\/div>\n\t\t\t\t<\/a>\n\t\t\t\t<div class=\"wc-block-grid__product-price price\"><\/div>\n\t\t\t\t\n\t\t\t\t<div class=\"wp-block-button wc-block-grid__product-add-to-cart\"><a href=\"https:\/\/csonakjavitas.hu\/index.php\/termek\/aquamarina-k2-steam-412-magas-nyomasu-sup-dropstitch-legpadloval-2-szemelyes\/\" aria-label=\"&ldquo;AquaMarina K2 Steam-412 magas nyom\u00e1s\u00fa SUP DropStitch l\u00e9gpadl\u00f3val 2 szem\u00e9lyes&rdquo; term\u00e9kr\u0151l t\u00f6bb inform\u00e1ci\u00f3\" data-quantity=\"1\" data-product_id=\"5859\" data-product_sku=\"\" data-price=\"0\" rel=\"nofollow\" class=\"wp-block-button__link  add_to_cart_button\">Tov\u00e1bb olvasom<\/a><\/div>\n\t\t\t<\/li><li class=\"wc-block-grid__product\">\n\t\t\t\t<a href=\"https:\/\/csonakjavitas.hu\/index.php\/termek\/kajak-478-tomahawk-air-c-kenu-3-ulessel\/\" class=\"wc-block-grid__product-link\">\n\t\t\t\t\t\n\t\t\t\t\t<div class=\"wc-block-grid__product-image\"><img decoding=\"async\" width=\"300\" height=\"300\" data-src=\"https:\/\/csonakjavitas.hu\/wp-content\/uploads\/2026\/02\/kenu-300x300.jpg\" class=\"attachment-woocommerce_thumbnail size-woocommerce_thumbnail lazyload\" alt=\"Kajak 478 Tomahawk Air C kenu (3 \u00fcl\u00e9ssel)\" data-srcset=\"https:\/\/csonakjavitas.hu\/wp-content\/uploads\/2026\/02\/kenu-300x300.jpg 300w, https:\/\/csonakjavitas.hu\/wp-content\/uploads\/2026\/02\/kenu-150x150.jpg 150w, https:\/\/csonakjavitas.hu\/wp-content\/uploads\/2026\/02\/kenu-100x100.jpg 100w\" data-sizes=\"(max-width: 300px) 100vw, 300px\" src=\"data:image\/svg+xml;base64,PHN2ZyB3aWR0aD0iMSIgaGVpZ2h0PSIxIiB4bWxucz0iaHR0cDovL3d3dy53My5vcmcvMjAwMC9zdmciPjwvc3ZnPg==\" style=\"--smush-placeholder-width: 300px; --smush-placeholder-aspect-ratio: 300\/300;\" \/><\/div>\n\t\t\t\t\t<div class=\"wc-block-grid__product-title\">Kajak 478 Tomahawk Air C kenu (3 \u00fcl\u00e9ssel)<\/div>\n\t\t\t\t<\/a>\n\t\t\t\t<div class=\"wc-block-grid__product-price price\"><span class=\"woocommerce-Price-amount amount\">329999&nbsp;<span class=\"woocommerce-Price-currencySymbol\">&#070;&#116;<\/span><\/span><\/div>\n\t\t\t\t\n\t\t\t\t<div class=\"wp-block-button wc-block-grid__product-add-to-cart\"><a href=\"\/index.php\/wp-json\/wp\/v2\/pages\/8?add-to-cart=5858\" aria-label=\"Kos\u00e1rba: &ldquo;Kajak 478 Tomahawk Air C kenu (3 \u00fcl\u00e9ssel)&rdquo;\" data-quantity=\"1\" data-product_id=\"5858\" data-product_sku=\"\" data-price=\"329999\" rel=\"nofollow\" class=\"wp-block-button__link  add_to_cart_button ajax_add_to_cart\">Kos\u00e1rba teszem<\/a><\/div>\n\t\t\t<\/li><li class=\"wc-block-grid__product\">\n\t\t\t\t<a href=\"https:\/\/csonakjavitas.hu\/index.php\/termek\/aquamarina-kajak-440-tomahawk-2-2-ulesselszemelyes\/\" class=\"wc-block-grid__product-link\">\n\t\t\t\t\t\n\t\t\t\t\t<div class=\"wc-block-grid__product-image\"><img decoding=\"async\" width=\"300\" height=\"300\" data-src=\"https:\/\/csonakjavitas.hu\/wp-content\/uploads\/2026\/02\/toma440-300x300.jpg\" class=\"attachment-woocommerce_thumbnail size-woocommerce_thumbnail lazyload\" alt=\"AquaMarina Kajak 440 Tomahawk 2 (2 \u00fcl\u00e9ssel)szem\u00e9lyes\" data-srcset=\"https:\/\/csonakjavitas.hu\/wp-content\/uploads\/2026\/02\/toma440-300x300.jpg 300w, https:\/\/csonakjavitas.hu\/wp-content\/uploads\/2026\/02\/toma440-150x150.jpg 150w, https:\/\/csonakjavitas.hu\/wp-content\/uploads\/2026\/02\/toma440-100x100.jpg 100w\" data-sizes=\"(max-width: 300px) 100vw, 300px\" src=\"data:image\/svg+xml;base64,PHN2ZyB3aWR0aD0iMSIgaGVpZ2h0PSIxIiB4bWxucz0iaHR0cDovL3d3dy53My5vcmcvMjAwMC9zdmciPjwvc3ZnPg==\" style=\"--smush-placeholder-width: 300px; --smush-placeholder-aspect-ratio: 300\/300;\" \/><\/div>\n\t\t\t\t\t<div class=\"wc-block-grid__product-title\">AquaMarina Kajak 440 Tomahawk 2 (2 \u00fcl\u00e9ssel)szem\u00e9lyes<\/div>\n\t\t\t\t<\/a>\n\t\t\t\t<div class=\"wc-block-grid__product-price price\"><span class=\"woocommerce-Price-amount amount\">244999&nbsp;<span class=\"woocommerce-Price-currencySymbol\">&#070;&#116;<\/span><\/span><\/div>\n\t\t\t\t\n\t\t\t\t<div class=\"wp-block-button wc-block-grid__product-add-to-cart\"><a href=\"\/index.php\/wp-json\/wp\/v2\/pages\/8?add-to-cart=5855\" aria-label=\"Kos\u00e1rba: &ldquo;AquaMarina Kajak 440 Tomahawk 2 (2 \u00fcl\u00e9ssel)szem\u00e9lyes&rdquo;\" data-quantity=\"1\" data-product_id=\"5855\" data-product_sku=\"\" data-price=\"244999\" rel=\"nofollow\" class=\"wp-block-button__link  add_to_cart_button ajax_add_to_cart\">Kos\u00e1rba teszem<\/a><\/div>\n\t\t\t<\/li><\/ul><\/div><\/div>\n<\/div>\n","protected":false},"excerpt":{"rendered":"","protected":false},"author":1,"featured_media":0,"parent":0,"menu_order":7,"comment_status":"closed","ping_status":"closed","template":"","meta":{"footnotes":""},"class_list":["post-8","page","type-page","status-publish","hentry"],"jetpack_sharing_enabled":true,"_links":{"self":[{"href":"https:\/\/csonakjavitas.hu\/index.php\/wp-json\/wp\/v2\/pages\/8","targetHints":{"allow":["GET"]}}],"collection":[{"href":"https:\/\/csonakjavitas.hu\/index.php\/wp-json\/wp\/v2\/pages"}],"about":[{"href":"https:\/\/csonakjavitas.hu\/index.php\/wp-json\/wp\/v2\/types\/page"}],"author":[{"embeddable":true,"href":"https:\/\/csonakjavitas.hu\/index.php\/wp-json\/wp\/v2\/users\/1"}],"replies":[{"embeddable":true,"href":"https:\/\/csonakjavitas.hu\/index.php\/wp-json\/wp\/v2\/comments?post=8"}],"version-history":[{"count":0,"href":"https:\/\/csonakjavitas.hu\/index.php\/wp-json\/wp\/v2\/pages\/8\/revisions"}],"wp:attachment":[{"href":"https:\/\/csonakjavitas.hu\/index.php\/wp-json\/wp\/v2\/media?parent=8"}],"curies":[{"name":"wp","href":"https:\/\/api.w.org\/{rel}","templated":true}]}}