{"id":4950,"date":"2026-02-23T15:53:52","date_gmt":"2026-02-23T15:53:52","guid":{"rendered":"https:\/\/wp.csonakjavitas.hu\/?post_type=product&#038;p=4950"},"modified":"2026-02-23T15:53:55","modified_gmt":"2026-02-23T15:53:55","slug":"mspa-silver-cloud-d-sc04-4-szemelyes-180cm","status":"publish","type":"product","link":"https:\/\/csonakjavitas.hu\/index.php\/termek\/mspa-silver-cloud-d-sc04-4-szemelyes-180cm\/","title":{"rendered":"Mspa Silver Cloud D-SC04 4 szem\u00e9lyes 180cm"},"content":{"rendered":"<p>t\u00e1vir\u00e1ny\u00edt\u00f3s, f\u0171t\u00e9s, sz\u0171r\u00e9s, airjet. Ha b\u00e1rhol jobb \u00e1ron megtal\u00e1ln\u00e1 k\u00e9rj\u00fck jelezze, hogy jav\u00edtsuk az \u00e1rat!<br \/>\nItt a katal\u00f3gusnak kell automatikusan megny\u00edlnia. Ha nem l\u00e1tja, k\u00e9rem friss\u00edtse az oldalt!  {pdf=http:\/\/csonakjavitas.hu\/images\/katalog\/mspa.pdf|1000|300|google} <\/p>\n","protected":false},"excerpt":{"rendered":"<p>t\u00e1vir\u00e1ny\u00edt\u00f3s, f\u0171t\u00e9s, sz\u0171r\u00e9s, airjet. Ha b\u00e1rhol jobb \u00e1ron megtal\u00e1ln\u00e1 k\u00e9rj\u00fck jelezze, hogy jav\u00edtsuk az \u00e1rat! Itt a katal\u00f3gusnak kell automatikusan megny\u00edlnia. Ha nem l\u00e1tja, k\u00e9rem friss\u00edtse az oldalt! {pdf=http:\/\/csonakjavitas.hu\/images\/katalog\/mspa.pdf|1000|300|google}<\/p>\n","protected":false},"featured_media":273,"comment_status":"open","ping_status":"closed","template":"","meta":[],"product_brand":[],"product_cat":[68],"product_tag":[],"class_list":{"0":"post-4950","1":"product","2":"type-product","3":"status-publish","4":"has-post-thumbnail","6":"product_cat-mspa","8":"first","9":"instock","10":"taxable","11":"shipping-taxable","12":"product-type-simple"},"jetpack_sharing_enabled":true,"_links":{"self":[{"href":"https:\/\/csonakjavitas.hu\/index.php\/wp-json\/wp\/v2\/product\/4950","targetHints":{"allow":["GET"]}}],"collection":[{"href":"https:\/\/csonakjavitas.hu\/index.php\/wp-json\/wp\/v2\/product"}],"about":[{"href":"https:\/\/csonakjavitas.hu\/index.php\/wp-json\/wp\/v2\/types\/product"}],"replies":[{"embeddable":true,"href":"https:\/\/csonakjavitas.hu\/index.php\/wp-json\/wp\/v2\/comments?post=4950"}],"wp:featuredmedia":[{"embeddable":true,"href":"https:\/\/csonakjavitas.hu\/index.php\/wp-json\/wp\/v2\/media\/273"}],"wp:attachment":[{"href":"https:\/\/csonakjavitas.hu\/index.php\/wp-json\/wp\/v2\/media?parent=4950"}],"wp:term":[{"taxonomy":"product_brand","embeddable":true,"href":"https:\/\/csonakjavitas.hu\/index.php\/wp-json\/wp\/v2\/product_brand?post=4950"},{"taxonomy":"product_cat","embeddable":true,"href":"https:\/\/csonakjavitas.hu\/index.php\/wp-json\/wp\/v2\/product_cat?post=4950"},{"taxonomy":"product_tag","embeddable":true,"href":"https:\/\/csonakjavitas.hu\/index.php\/wp-json\/wp\/v2\/product_tag?post=4950"}],"curies":[{"name":"wp","href":"https:\/\/api.w.org\/{rel}","templated":true}]}}