{"id":4953,"date":"2026-02-23T15:53:52","date_gmt":"2026-02-23T15:53:52","guid":{"rendered":"https:\/\/wp.csonakjavitas.hu\/?post_type=product&#038;p=4953"},"modified":"2026-02-23T15:53:55","modified_gmt":"2026-02-23T15:53:55","slug":"mspa-luxury-exotic-p-ex069-m-115s-6-szemelyes-200cm","status":"publish","type":"product","link":"https:\/\/csonakjavitas.hu\/index.php\/termek\/mspa-luxury-exotic-p-ex069-m-115s-6-szemelyes-200cm\/","title":{"rendered":"Mspa LUXURY EXOTIC P-EX069 (M-115S) 6 szem\u00e9lyes 200cm"},"content":{"rendered":"<p>Extr\u00e1k: h\u0151v\u00e9d\u0151 bet\u00e9t, pr\u00e9mium anyagok, fejlettebb g\u00e9p\u00e9szet \u00e9s kijelz\u0151, \u00f3zongener\u00e1tor<br \/>\nItt a katal\u00f3gusnak kell automatikusan megny\u00edlnia. Ha nem l\u00e1tja, k\u00e9rem friss\u00edtse az oldalt!  {pdf=http:\/\/csonakjavitas.hu\/images\/katalog\/mspa.pdf|1000|300|google} <\/p>\n","protected":false},"excerpt":{"rendered":"<p>Extr\u00e1k: h\u0151v\u00e9d\u0151 bet\u00e9t, pr\u00e9mium anyagok, fejlettebb g\u00e9p\u00e9szet \u00e9s kijelz\u0151, \u00f3zongener\u00e1tor Itt a katal\u00f3gusnak kell automatikusan megny\u00edlnia. Ha nem l\u00e1tja, k\u00e9rem friss\u00edtse az oldalt! {pdf=http:\/\/csonakjavitas.hu\/images\/katalog\/mspa.pdf|1000|300|google}<\/p>\n","protected":false},"featured_media":231,"comment_status":"open","ping_status":"closed","template":"","meta":[],"product_brand":[],"product_cat":[68],"product_tag":[],"class_list":{"0":"post-4953","1":"product","2":"type-product","3":"status-publish","4":"has-post-thumbnail","6":"product_cat-mspa","8":"first","9":"instock","10":"taxable","11":"shipping-taxable","12":"product-type-simple"},"jetpack_sharing_enabled":true,"_links":{"self":[{"href":"https:\/\/csonakjavitas.hu\/index.php\/wp-json\/wp\/v2\/product\/4953","targetHints":{"allow":["GET"]}}],"collection":[{"href":"https:\/\/csonakjavitas.hu\/index.php\/wp-json\/wp\/v2\/product"}],"about":[{"href":"https:\/\/csonakjavitas.hu\/index.php\/wp-json\/wp\/v2\/types\/product"}],"replies":[{"embeddable":true,"href":"https:\/\/csonakjavitas.hu\/index.php\/wp-json\/wp\/v2\/comments?post=4953"}],"wp:featuredmedia":[{"embeddable":true,"href":"https:\/\/csonakjavitas.hu\/index.php\/wp-json\/wp\/v2\/media\/231"}],"wp:attachment":[{"href":"https:\/\/csonakjavitas.hu\/index.php\/wp-json\/wp\/v2\/media?parent=4953"}],"wp:term":[{"taxonomy":"product_brand","embeddable":true,"href":"https:\/\/csonakjavitas.hu\/index.php\/wp-json\/wp\/v2\/product_brand?post=4953"},{"taxonomy":"product_cat","embeddable":true,"href":"https:\/\/csonakjavitas.hu\/index.php\/wp-json\/wp\/v2\/product_cat?post=4953"},{"taxonomy":"product_tag","embeddable":true,"href":"https:\/\/csonakjavitas.hu\/index.php\/wp-json\/wp\/v2\/product_tag?post=4953"}],"curies":[{"name":"wp","href":"https:\/\/api.w.org\/{rel}","templated":true}]}}