{"id":4961,"date":"2026-02-23T15:53:56","date_gmt":"2026-02-23T15:53:56","guid":{"rendered":"https:\/\/wp.csonakjavitas.hu\/?post_type=product&#038;p=4961"},"modified":"2026-02-23T15:53:58","modified_gmt":"2026-02-23T15:53:58","slug":"elite-mspa-baikal-jet-bubble-e-ba04-180-cm","status":"publish","type":"product","link":"https:\/\/csonakjavitas.hu\/index.php\/termek\/elite-mspa-baikal-jet-bubble-e-ba04-180-cm\/","title":{"rendered":"ELITE Mspa BAIKAL-Jet-Bubble E-BA04 180 cm"},"content":{"rendered":"<p>Extr\u00e1k: JET masz\u00edroz\u00f3 fejek, nagy nyomas\u00fa v\u00edzzel, h\u0151v\u00e9d\u0151 bet\u00e9t, pr\u00e9mium anyagok, fejlettebb g\u00e9p\u00e9szet \u00e9s kijelz\u0151, \u00f3zongener\u00e1tor. Ha b\u00e1rhol jobb \u00e1ron megtal\u00e1ln\u00e1 k\u00e9rj\u00fck jelezze, hogy jav\u00edtsuk az \u00e1rat!<br \/>\nItt a katal\u00f3gusnak kell automatikusan megny\u00edlnia. Ha nem l\u00e1tja, k\u00e9rem friss\u00edtse az oldalt!  {pdf=http:\/\/csonakjavitas.hu\/images\/katalog\/mspa.pdf|1000|300|google} <\/p>\n","protected":false},"excerpt":{"rendered":"<p>Extr\u00e1k: JET masz\u00edroz\u00f3 fejek, nagy nyomas\u00fa v\u00edzzel, h\u0151v\u00e9d\u0151 bet\u00e9t, pr\u00e9mium anyagok, fejlettebb g\u00e9p\u00e9szet \u00e9s kijelz\u0151, \u00f3zongener\u00e1tor. Ha b\u00e1rhol jobb \u00e1ron megtal\u00e1ln\u00e1 k\u00e9rj\u00fck jelezze, hogy jav\u00edtsuk az \u00e1rat! Itt a katal\u00f3gusnak kell automatikusan megny\u00edlnia. Ha nem l\u00e1tja, k\u00e9rem friss\u00edtse az oldalt! {pdf=http:\/\/csonakjavitas.hu\/images\/katalog\/mspa.pdf|1000|300|google}<\/p>\n","protected":false},"featured_media":59,"comment_status":"open","ping_status":"closed","template":"","meta":[],"product_brand":[],"product_cat":[68],"product_tag":[],"class_list":{"0":"post-4961","1":"product","2":"type-product","3":"status-publish","4":"has-post-thumbnail","6":"product_cat-mspa","8":"first","9":"instock","10":"taxable","11":"shipping-taxable","12":"product-type-simple"},"jetpack_sharing_enabled":true,"_links":{"self":[{"href":"https:\/\/csonakjavitas.hu\/index.php\/wp-json\/wp\/v2\/product\/4961","targetHints":{"allow":["GET"]}}],"collection":[{"href":"https:\/\/csonakjavitas.hu\/index.php\/wp-json\/wp\/v2\/product"}],"about":[{"href":"https:\/\/csonakjavitas.hu\/index.php\/wp-json\/wp\/v2\/types\/product"}],"replies":[{"embeddable":true,"href":"https:\/\/csonakjavitas.hu\/index.php\/wp-json\/wp\/v2\/comments?post=4961"}],"wp:featuredmedia":[{"embeddable":true,"href":"https:\/\/csonakjavitas.hu\/index.php\/wp-json\/wp\/v2\/media\/59"}],"wp:attachment":[{"href":"https:\/\/csonakjavitas.hu\/index.php\/wp-json\/wp\/v2\/media?parent=4961"}],"wp:term":[{"taxonomy":"product_brand","embeddable":true,"href":"https:\/\/csonakjavitas.hu\/index.php\/wp-json\/wp\/v2\/product_brand?post=4961"},{"taxonomy":"product_cat","embeddable":true,"href":"https:\/\/csonakjavitas.hu\/index.php\/wp-json\/wp\/v2\/product_cat?post=4961"},{"taxonomy":"product_tag","embeddable":true,"href":"https:\/\/csonakjavitas.hu\/index.php\/wp-json\/wp\/v2\/product_tag?post=4961"}],"curies":[{"name":"wp","href":"https:\/\/api.w.org\/{rel}","templated":true}]}}