{"id":4973,"date":"2026-02-23T15:53:57","date_gmt":"2026-02-23T15:53:57","guid":{"rendered":"https:\/\/wp.csonakjavitas.hu\/?post_type=product&#038;p=4973"},"modified":"2026-02-23T15:54:00","modified_gmt":"2026-02-23T15:54:00","slug":"laboblito-labmoso","status":"publish","type":"product","link":"https:\/\/csonakjavitas.hu\/index.php\/termek\/laboblito-labmoso\/","title":{"rendered":"L\u00e1b\u00f6bl\u00edt\u0151 \u2013 l\u00e1bmos\u00f3"},"content":{"rendered":"<p>Itt a katal\u00f3gusnak kell automatikusan megny\u00edlnia. Ha nem l\u00e1tja, k\u00e9rem friss\u00edtse az oldalt!  {pdf=http:\/\/csonakjavitas.hu\/images\/katalog\/mspa.pdf|1000|300|google}<\/p>\n","protected":false},"excerpt":{"rendered":"<p>Itt a katal\u00f3gusnak kell automatikusan megny\u00edlnia. Ha nem l\u00e1tja, k\u00e9rem friss\u00edtse az oldalt! {pdf=http:\/\/csonakjavitas.hu\/images\/katalog\/mspa.pdf|1000|300|google}<\/p>\n","protected":false},"featured_media":95,"comment_status":"open","ping_status":"closed","template":"","meta":[],"product_brand":[],"product_cat":[68],"product_tag":[],"class_list":{"0":"post-4973","1":"product","2":"type-product","3":"status-publish","4":"has-post-thumbnail","6":"product_cat-mspa","8":"first","9":"instock","10":"taxable","11":"shipping-taxable","12":"purchasable","13":"product-type-simple"},"jetpack_sharing_enabled":true,"_links":{"self":[{"href":"https:\/\/csonakjavitas.hu\/index.php\/wp-json\/wp\/v2\/product\/4973","targetHints":{"allow":["GET"]}}],"collection":[{"href":"https:\/\/csonakjavitas.hu\/index.php\/wp-json\/wp\/v2\/product"}],"about":[{"href":"https:\/\/csonakjavitas.hu\/index.php\/wp-json\/wp\/v2\/types\/product"}],"replies":[{"embeddable":true,"href":"https:\/\/csonakjavitas.hu\/index.php\/wp-json\/wp\/v2\/comments?post=4973"}],"wp:featuredmedia":[{"embeddable":true,"href":"https:\/\/csonakjavitas.hu\/index.php\/wp-json\/wp\/v2\/media\/95"}],"wp:attachment":[{"href":"https:\/\/csonakjavitas.hu\/index.php\/wp-json\/wp\/v2\/media?parent=4973"}],"wp:term":[{"taxonomy":"product_brand","embeddable":true,"href":"https:\/\/csonakjavitas.hu\/index.php\/wp-json\/wp\/v2\/product_brand?post=4973"},{"taxonomy":"product_cat","embeddable":true,"href":"https:\/\/csonakjavitas.hu\/index.php\/wp-json\/wp\/v2\/product_cat?post=4973"},{"taxonomy":"product_tag","embeddable":true,"href":"https:\/\/csonakjavitas.hu\/index.php\/wp-json\/wp\/v2\/product_tag?post=4973"}],"curies":[{"name":"wp","href":"https:\/\/api.w.org\/{rel}","templated":true}]}}