{"id":5033,"date":"2026-02-23T15:54:11","date_gmt":"2026-02-23T15:54:11","guid":{"rendered":"https:\/\/wp.csonakjavitas.hu\/?post_type=product&#038;p=5033"},"modified":"2026-02-23T15:54:13","modified_gmt":"2026-02-23T15:54:13","slug":"kerjuk-valaszzon-egy-komoly-markat-a-csonak-menuben-58","status":"publish","type":"product","link":"https:\/\/csonakjavitas.hu\/index.php\/termek\/kerjuk-valaszzon-egy-komoly-markat-a-csonak-menuben-58\/","title":{"rendered":"K\u00e9rj\u00fck v\u00e1laszzon egy komoly m\u00e1rk\u00e1t a cs\u00f3nak men\u00fcben!"},"content":{"rendered":"<p>.<\/p>\n","protected":false},"excerpt":{"rendered":"<p>.<\/p>\n","protected":false},"featured_media":0,"comment_status":"open","ping_status":"closed","template":"","meta":[],"product_brand":[],"product_cat":[69],"product_tag":[],"class_list":{"0":"post-5033","1":"product","2":"type-product","3":"status-publish","5":"product_cat-kolibri","7":"first","8":"instock","9":"taxable","10":"shipping-taxable","11":"product-type-simple"},"jetpack_sharing_enabled":true,"_links":{"self":[{"href":"https:\/\/csonakjavitas.hu\/index.php\/wp-json\/wp\/v2\/product\/5033","targetHints":{"allow":["GET"]}}],"collection":[{"href":"https:\/\/csonakjavitas.hu\/index.php\/wp-json\/wp\/v2\/product"}],"about":[{"href":"https:\/\/csonakjavitas.hu\/index.php\/wp-json\/wp\/v2\/types\/product"}],"replies":[{"embeddable":true,"href":"https:\/\/csonakjavitas.hu\/index.php\/wp-json\/wp\/v2\/comments?post=5033"}],"wp:attachment":[{"href":"https:\/\/csonakjavitas.hu\/index.php\/wp-json\/wp\/v2\/media?parent=5033"}],"wp:term":[{"taxonomy":"product_brand","embeddable":true,"href":"https:\/\/csonakjavitas.hu\/index.php\/wp-json\/wp\/v2\/product_brand?post=5033"},{"taxonomy":"product_cat","embeddable":true,"href":"https:\/\/csonakjavitas.hu\/index.php\/wp-json\/wp\/v2\/product_cat?post=5033"},{"taxonomy":"product_tag","embeddable":true,"href":"https:\/\/csonakjavitas.hu\/index.php\/wp-json\/wp\/v2\/product_tag?post=5033"}],"curies":[{"name":"wp","href":"https:\/\/api.w.org\/{rel}","templated":true}]}}