{"id":5224,"date":"2026-02-23T15:54:45","date_gmt":"2026-02-23T15:54:45","guid":{"rendered":"https:\/\/wp.csonakjavitas.hu\/?post_type=product&#038;p=5224"},"modified":"2026-02-23T15:54:49","modified_gmt":"2026-02-23T15:54:49","slug":"gumotex-helmet-s-m","status":"publish","type":"product","link":"https:\/\/csonakjavitas.hu\/index.php\/termek\/gumotex-helmet-s-m\/","title":{"rendered":"Gumotex Helmet S\/M"},"content":{"rendered":"<p>Itt a katal\u00f3gusnak kell automatikusan megny\u00edlnia. Ha nem l\u00e1tja, k\u00e9rem friss\u00edtse az oldalt! {pdf=http:\/\/csonakjavitas.hu\/images\/katalog\/Gumotex_Katalog_2020.pdf|1000|300|google}<\/p>\n","protected":false},"excerpt":{"rendered":"<p>Itt a katal\u00f3gusnak kell automatikusan megny\u00edlnia. Ha nem l\u00e1tja, k\u00e9rem friss\u00edtse az oldalt! {pdf=http:\/\/csonakjavitas.hu\/images\/katalog\/Gumotex_Katalog_2020.pdf|1000|300|google}<\/p>\n","protected":false},"featured_media":214,"comment_status":"open","ping_status":"closed","template":"","meta":[],"product_brand":[],"product_cat":[71],"product_tag":[],"class_list":{"0":"post-5224","1":"product","2":"type-product","3":"status-publish","4":"has-post-thumbnail","6":"product_cat-gumotex-kiegeszito","8":"first","9":"instock","10":"taxable","11":"shipping-taxable","12":"purchasable","13":"product-type-simple"},"jetpack_sharing_enabled":true,"_links":{"self":[{"href":"https:\/\/csonakjavitas.hu\/index.php\/wp-json\/wp\/v2\/product\/5224","targetHints":{"allow":["GET"]}}],"collection":[{"href":"https:\/\/csonakjavitas.hu\/index.php\/wp-json\/wp\/v2\/product"}],"about":[{"href":"https:\/\/csonakjavitas.hu\/index.php\/wp-json\/wp\/v2\/types\/product"}],"replies":[{"embeddable":true,"href":"https:\/\/csonakjavitas.hu\/index.php\/wp-json\/wp\/v2\/comments?post=5224"}],"wp:featuredmedia":[{"embeddable":true,"href":"https:\/\/csonakjavitas.hu\/index.php\/wp-json\/wp\/v2\/media\/214"}],"wp:attachment":[{"href":"https:\/\/csonakjavitas.hu\/index.php\/wp-json\/wp\/v2\/media?parent=5224"}],"wp:term":[{"taxonomy":"product_brand","embeddable":true,"href":"https:\/\/csonakjavitas.hu\/index.php\/wp-json\/wp\/v2\/product_brand?post=5224"},{"taxonomy":"product_cat","embeddable":true,"href":"https:\/\/csonakjavitas.hu\/index.php\/wp-json\/wp\/v2\/product_cat?post=5224"},{"taxonomy":"product_tag","embeddable":true,"href":"https:\/\/csonakjavitas.hu\/index.php\/wp-json\/wp\/v2\/product_tag?post=5224"}],"curies":[{"name":"wp","href":"https:\/\/api.w.org\/{rel}","templated":true}]}}