{"id":5378,"date":"2026-02-23T15:55:18","date_gmt":"2026-02-23T15:55:18","guid":{"rendered":"https:\/\/wp.csonakjavitas.hu\/?post_type=product&#038;p=5378"},"modified":"2026-02-23T15:55:23","modified_gmt":"2026-02-23T15:55:23","slug":"1131-00-akkumulator-gyors-tolto-a-travel-503-es-1003","status":"publish","type":"product","link":"https:\/\/csonakjavitas.hu\/index.php\/termek\/1131-00-akkumulator-gyors-tolto-a-travel-503-es-1003\/","title":{"rendered":"1131-00 Akkumul\u00e1tor gyors t\u00f6lt\u0151 a Travel 503 \u00e9s 1003"},"content":{"rendered":"<p>Itt a katal\u00f3gusnak kell automatikusan megny\u00edlnia. Ha nem l\u00e1tja, k\u00e9rem friss\u00edtse az oldalt! {pdf=http:\/\/csonakjavitas.hu\/images\/katalog\/torqeedo_catalog_2018_wm.pdf|1000|300|google}<\/p>\n","protected":false},"excerpt":{"rendered":"<p>Itt a katal\u00f3gusnak kell automatikusan megny\u00edlnia. Ha nem l\u00e1tja, k\u00e9rem friss\u00edtse az oldalt! {pdf=http:\/\/csonakjavitas.hu\/images\/katalog\/torqeedo_catalog_2018_wm.pdf|1000|300|google}<\/p>\n","protected":false},"featured_media":93,"comment_status":"open","ping_status":"closed","template":"","meta":[],"product_brand":[],"product_cat":[73],"product_tag":[],"class_list":{"0":"post-5378","1":"product","2":"type-product","3":"status-publish","4":"has-post-thumbnail","6":"product_cat-torqeedo","8":"first","9":"instock","10":"taxable","11":"shipping-taxable","12":"purchasable","13":"product-type-simple"},"jetpack_sharing_enabled":true,"_links":{"self":[{"href":"https:\/\/csonakjavitas.hu\/index.php\/wp-json\/wp\/v2\/product\/5378","targetHints":{"allow":["GET"]}}],"collection":[{"href":"https:\/\/csonakjavitas.hu\/index.php\/wp-json\/wp\/v2\/product"}],"about":[{"href":"https:\/\/csonakjavitas.hu\/index.php\/wp-json\/wp\/v2\/types\/product"}],"replies":[{"embeddable":true,"href":"https:\/\/csonakjavitas.hu\/index.php\/wp-json\/wp\/v2\/comments?post=5378"}],"wp:featuredmedia":[{"embeddable":true,"href":"https:\/\/csonakjavitas.hu\/index.php\/wp-json\/wp\/v2\/media\/93"}],"wp:attachment":[{"href":"https:\/\/csonakjavitas.hu\/index.php\/wp-json\/wp\/v2\/media?parent=5378"}],"wp:term":[{"taxonomy":"product_brand","embeddable":true,"href":"https:\/\/csonakjavitas.hu\/index.php\/wp-json\/wp\/v2\/product_brand?post=5378"},{"taxonomy":"product_cat","embeddable":true,"href":"https:\/\/csonakjavitas.hu\/index.php\/wp-json\/wp\/v2\/product_cat?post=5378"},{"taxonomy":"product_tag","embeddable":true,"href":"https:\/\/csonakjavitas.hu\/index.php\/wp-json\/wp\/v2\/product_tag?post=5378"}],"curies":[{"name":"wp","href":"https:\/\/api.w.org\/{rel}","templated":true}]}}