{"id":5467,"date":"2026-02-23T15:55:36","date_gmt":"2026-02-23T15:55:36","guid":{"rendered":"https:\/\/wp.csonakjavitas.hu\/?post_type=product&#038;p=5467"},"modified":"2026-02-23T15:55:39","modified_gmt":"2026-02-23T15:55:39","slug":"allroundmarin-kajak-mod-al-396-efarbe-classic-cam","status":"publish","type":"product","link":"https:\/\/csonakjavitas.hu\/index.php\/termek\/allroundmarin-kajak-mod-al-396-efarbe-classic-cam\/","title":{"rendered":"Allroundmarin Kajak Mod. AL-396\/EFarbe Classic Cam"},"content":{"rendered":"<p>Itt a katal\u00f3gusnak kell automatikusan megny\u00edlnia. Ha nem l\u00e1tja, k\u00e9rem friss\u00edtse az oldalt! {pdf=http:\/\/csonakjavitas.hu\/images\/katalog\/allroundmarin_kajak_2020.pdf|1000|300|google}<\/p>\n","protected":false},"excerpt":{"rendered":"<p>Itt a katal\u00f3gusnak kell automatikusan megny\u00edlnia. Ha nem l\u00e1tja, k\u00e9rem friss\u00edtse az oldalt! {pdf=http:\/\/csonakjavitas.hu\/images\/katalog\/allroundmarin_kajak_2020.pdf|1000|300|google}<\/p>\n","protected":false},"featured_media":104,"comment_status":"open","ping_status":"closed","template":"","meta":[],"product_brand":[],"product_cat":[76],"product_tag":[],"class_list":{"0":"post-5467","1":"product","2":"type-product","3":"status-publish","4":"has-post-thumbnail","6":"product_cat-arm-kajak","8":"first","9":"instock","10":"taxable","11":"shipping-taxable","12":"product-type-simple"},"jetpack_sharing_enabled":true,"_links":{"self":[{"href":"https:\/\/csonakjavitas.hu\/index.php\/wp-json\/wp\/v2\/product\/5467","targetHints":{"allow":["GET"]}}],"collection":[{"href":"https:\/\/csonakjavitas.hu\/index.php\/wp-json\/wp\/v2\/product"}],"about":[{"href":"https:\/\/csonakjavitas.hu\/index.php\/wp-json\/wp\/v2\/types\/product"}],"replies":[{"embeddable":true,"href":"https:\/\/csonakjavitas.hu\/index.php\/wp-json\/wp\/v2\/comments?post=5467"}],"wp:featuredmedia":[{"embeddable":true,"href":"https:\/\/csonakjavitas.hu\/index.php\/wp-json\/wp\/v2\/media\/104"}],"wp:attachment":[{"href":"https:\/\/csonakjavitas.hu\/index.php\/wp-json\/wp\/v2\/media?parent=5467"}],"wp:term":[{"taxonomy":"product_brand","embeddable":true,"href":"https:\/\/csonakjavitas.hu\/index.php\/wp-json\/wp\/v2\/product_brand?post=5467"},{"taxonomy":"product_cat","embeddable":true,"href":"https:\/\/csonakjavitas.hu\/index.php\/wp-json\/wp\/v2\/product_cat?post=5467"},{"taxonomy":"product_tag","embeddable":true,"href":"https:\/\/csonakjavitas.hu\/index.php\/wp-json\/wp\/v2\/product_tag?post=5467"}],"curies":[{"name":"wp","href":"https:\/\/api.w.org\/{rel}","templated":true}]}}