{"id":5519,"date":"2026-02-23T15:55:47","date_gmt":"2026-02-23T15:55:47","guid":{"rendered":"https:\/\/wp.csonakjavitas.hu\/?post_type=product&#038;p=5519"},"modified":"2026-02-23T15:55:50","modified_gmt":"2026-02-23T15:55:50","slug":"rhino-blx-70-elektromo-csonakmotor","status":"publish","type":"product","link":"https:\/\/csonakjavitas.hu\/index.php\/termek\/rhino-blx-70-elektromo-csonakmotor\/","title":{"rendered":"Rhino BLX 70 elektromo cs\u00f3nakmotor"},"content":{"rendered":"<p>Az els\u0151 kefe n\u00e9lk\u00fcli motor, napjainkra m\u00e1r elavultnak mondhat\u00f3 mivel nem fejlesztik, a potm\u00e9terhiba \u00e9s a nyakt\u00f6r\u00e9s rendszeres hiba. R\u00e1ad\u00e1sul relat\u00edv dr\u00e1ga, mivel a Haswing Protruar 1.0, ami fejlettebb \u00e9s fejlesztik olcs\u00f3bb..<br \/>\nItt a katal\u00f3gusnak kell automatikusan megny\u00edlnia. Ha nem l\u00e1tja, k\u00e9rem friss\u00edtse az oldalt! {pdf=http:\/\/csonakjavitas.hu\/images\/katalog\/Rhino_motor.pdf|1000|300|google}<\/p>\n","protected":false},"excerpt":{"rendered":"<p>Az els\u0151 kefe n\u00e9lk\u00fcli motor, napjainkra m\u00e1r elavultnak mondhat\u00f3 mivel nem fejlesztik, a potm\u00e9terhiba \u00e9s a nyakt\u00f6r\u00e9s rendszeres hiba. R\u00e1ad\u00e1sul relat\u00edv dr\u00e1ga, mivel a Haswing Protruar 1.0, ami fejlettebb \u00e9s fejlesztik olcs\u00f3bb.. Itt a katal\u00f3gusnak kell automatikusan megny\u00edlnia. Ha nem l\u00e1tja, k\u00e9rem friss\u00edtse az oldalt! {pdf=http:\/\/csonakjavitas.hu\/images\/katalog\/Rhino_motor.pdf|1000|300|google}<\/p>\n","protected":false},"featured_media":72,"comment_status":"open","ping_status":"closed","template":"","meta":[],"product_brand":[],"product_cat":[77],"product_tag":[],"class_list":{"0":"post-5519","1":"product","2":"type-product","3":"status-publish","4":"has-post-thumbnail","6":"product_cat-rhino","8":"first","9":"instock","10":"taxable","11":"shipping-taxable","12":"purchasable","13":"product-type-simple"},"jetpack_sharing_enabled":true,"_links":{"self":[{"href":"https:\/\/csonakjavitas.hu\/index.php\/wp-json\/wp\/v2\/product\/5519","targetHints":{"allow":["GET"]}}],"collection":[{"href":"https:\/\/csonakjavitas.hu\/index.php\/wp-json\/wp\/v2\/product"}],"about":[{"href":"https:\/\/csonakjavitas.hu\/index.php\/wp-json\/wp\/v2\/types\/product"}],"replies":[{"embeddable":true,"href":"https:\/\/csonakjavitas.hu\/index.php\/wp-json\/wp\/v2\/comments?post=5519"}],"wp:featuredmedia":[{"embeddable":true,"href":"https:\/\/csonakjavitas.hu\/index.php\/wp-json\/wp\/v2\/media\/72"}],"wp:attachment":[{"href":"https:\/\/csonakjavitas.hu\/index.php\/wp-json\/wp\/v2\/media?parent=5519"}],"wp:term":[{"taxonomy":"product_brand","embeddable":true,"href":"https:\/\/csonakjavitas.hu\/index.php\/wp-json\/wp\/v2\/product_brand?post=5519"},{"taxonomy":"product_cat","embeddable":true,"href":"https:\/\/csonakjavitas.hu\/index.php\/wp-json\/wp\/v2\/product_cat?post=5519"},{"taxonomy":"product_tag","embeddable":true,"href":"https:\/\/csonakjavitas.hu\/index.php\/wp-json\/wp\/v2\/product_tag?post=5519"}],"curies":[{"name":"wp","href":"https:\/\/api.w.org\/{rel}","templated":true}]}}