{"id":5549,"date":"2026-02-23T15:55:53","date_gmt":"2026-02-23T15:55:53","guid":{"rendered":"https:\/\/wp.csonakjavitas.hu\/?post_type=product&#038;p=5549"},"modified":"2026-02-23T15:55:56","modified_gmt":"2026-02-23T15:55:56","slug":"spirit-1-0-plus-pinne-batt-extrakurz-3le-elektromos-csonakmotor-akku-tolto-szett-25-akkumulator-1276wh","status":"publish","type":"product","link":"https:\/\/csonakjavitas.hu\/index.php\/termek\/spirit-1-0-plus-pinne-batt-extrakurz-3le-elektromos-csonakmotor-akku-tolto-szett-25-akkumulator-1276wh\/","title":{"rendered":"Spirit 1.0 PLUS Pinne, Batt., extrakurz 3Le elektromos cs\u00f3nakmotor akku t\u00f6lt\u0151 szett +25% Akkumul\u00e1tor 1276Wh"},"content":{"rendered":"<p>Itt a katal\u00f3gusnak kell automatikusan megny\u00edlnia. Ha nem l\u00e1tja, k\u00e9rem friss\u00edtse az oldalt!{pdf=https:\/\/csonakjavitas.hu\/images\/katalog\/EPROP_2021.pdf|650|300|google} <\/p>\n","protected":false},"excerpt":{"rendered":"<p>Itt a katal\u00f3gusnak kell automatikusan megny\u00edlnia. Ha nem l\u00e1tja, k\u00e9rem friss\u00edtse az oldalt!{pdf=https:\/\/csonakjavitas.hu\/images\/katalog\/EPROP_2021.pdf|650|300|google}<\/p>\n","protected":false},"featured_media":283,"comment_status":"open","ping_status":"closed","template":"","meta":[],"product_brand":[],"product_cat":[79],"product_tag":[],"class_list":{"0":"post-5549","1":"product","2":"type-product","3":"status-publish","4":"has-post-thumbnail","6":"product_cat-epropulsion","8":"first","9":"instock","10":"taxable","11":"shipping-taxable","12":"purchasable","13":"product-type-simple"},"jetpack_sharing_enabled":true,"_links":{"self":[{"href":"https:\/\/csonakjavitas.hu\/index.php\/wp-json\/wp\/v2\/product\/5549","targetHints":{"allow":["GET"]}}],"collection":[{"href":"https:\/\/csonakjavitas.hu\/index.php\/wp-json\/wp\/v2\/product"}],"about":[{"href":"https:\/\/csonakjavitas.hu\/index.php\/wp-json\/wp\/v2\/types\/product"}],"replies":[{"embeddable":true,"href":"https:\/\/csonakjavitas.hu\/index.php\/wp-json\/wp\/v2\/comments?post=5549"}],"wp:featuredmedia":[{"embeddable":true,"href":"https:\/\/csonakjavitas.hu\/index.php\/wp-json\/wp\/v2\/media\/283"}],"wp:attachment":[{"href":"https:\/\/csonakjavitas.hu\/index.php\/wp-json\/wp\/v2\/media?parent=5549"}],"wp:term":[{"taxonomy":"product_brand","embeddable":true,"href":"https:\/\/csonakjavitas.hu\/index.php\/wp-json\/wp\/v2\/product_brand?post=5549"},{"taxonomy":"product_cat","embeddable":true,"href":"https:\/\/csonakjavitas.hu\/index.php\/wp-json\/wp\/v2\/product_cat?post=5549"},{"taxonomy":"product_tag","embeddable":true,"href":"https:\/\/csonakjavitas.hu\/index.php\/wp-json\/wp\/v2\/product_tag?post=5549"}],"curies":[{"name":"wp","href":"https:\/\/api.w.org\/{rel}","templated":true}]}}