{"id":5669,"date":"2026-02-23T15:56:17","date_gmt":"2026-02-23T15:56:17","guid":{"rendered":"https:\/\/wp.csonakjavitas.hu\/?post_type=product&#038;p=5669"},"modified":"2026-03-12T17:07:35","modified_gmt":"2026-03-12T17:07:35","slug":"armada-f-10-0-48v-300-lbs-tavvezerelt-elektromos-csonakmotor","status":"publish","type":"product","link":"https:\/\/csonakjavitas.hu\/index.php\/termek\/armada-f-10-0-48v-300-lbs-tavvezerelt-elektromos-csonakmotor\/","title":{"rendered":"Armada F 10.0 48V 300 LBS t\u00e1vvez\u00e9relt elektromos cs\u00f3nakmotor"},"content":{"rendered":"<p>Meg\u00e9rkezett a Haswing \u00faj elektromos k\u00fclmotorja 6 kW teljes\u00edtm\u00e9nnyel.<\/p>\n<p>Az Armada k\u00e9zikaros vagy t\u00e1vkaros kivitelben is el\u00e9rhet\u0151 \u00e9s 48 V-os akkumul\u00e1torral m\u0171k\u00f6dik.<\/p>\n<p>A motor\u00a0 fed\u00e9lzeti sz\u00e1m\u00edt\u00f3g\u00e9ppel \u00e9s fokozatmentes fordulatsz\u00e1m-szab\u00e1lyoz\u00e1ssal rendelkezik.<\/p>\n<p>&nbsp;<\/p>\n<p><strong>Technikai adatok:<\/strong><\/p>\n<p>Bemeneti elektromos teljes\u00edtm\u00e9ny: 6 kW<\/p>\n<p>V\u00e9szle\u00e1ll\u00edt\u00f3: van<\/p>\n<p>Teljes\u00edtm\u00e9ny megfelel\u00e9s: 10 LE<\/p>\n<p>Benzines cs\u00f3nakmotor teljes\u00edtm\u00e9ny megfelel\u00e9s: 12 LE<\/p>\n<p>Sz\u00e1rhossz: 67 cm<\/p>\n<p>Sz\u00e1r anyaga: Alum\u00ednium<\/p>\n<p>Fesz\u00fclts\u00e9g: 48 V<\/p>\n<p>Zaj: 75 dB<\/p>\n<p>Maxim\u00e1lis teljes\u00edtm\u00e9ny: 6000 Watt<\/p>\n<p>Maxim\u00e1lis bemeneti \u00e1ram: 125 A<\/p>\n<p>Sebess\u00e9gszab\u00e1lyoz\u00e1s: fokozatmentes<\/p>\n<p>Forgat\u00e1si tartom\u00e1ny: 360 fok<\/p>\n<p>S\u00f3sv\u00edz \u00e1ll\u00f3<\/p>\n<p>Javasolt haj\u00f3hossz: 9 m\u00e9terig<\/p>\n<p>Fordulat: 1050 \/ 1200 rpm<\/p>\n<p>H\u0171t\u00e9s: v\u00edzh\u0171t\u00e9s<\/p>\n<p>S\u00faly: 28.8 kg<\/p>\n<p>Propeller: 3 level\u0171 m\u0171anyag, \u00e1tm\u00e9r\u0151: 11,8 inch<\/p>\n<p>Kijelz\u0151: fed\u00e9lzeti sz\u00e1m\u00edt\u00f3g\u00e9p digit\u00e1lis kijelz\u0151vel<\/p>\n<p>D\u00f6nt\u00e9s: k\u00e9zi<\/p>\n<p>G\u00e1zkar: tartoz\u00e9k<\/p>\n","protected":false},"excerpt":{"rendered":"<p>Meg\u00e9rkezett a Haswing \u00faj elektromos k\u00fclmotorja 6 kW teljes\u00edtm\u00e9nnyel. Az Armada k\u00e9zikaros vagy t\u00e1vkaros kivitelben is el\u00e9rhet\u0151 \u00e9s 48 V-os akkumul\u00e1torral m\u0171k\u00f6dik. A motor\u00a0 fed\u00e9lzeti sz\u00e1m\u00edt\u00f3g\u00e9ppel \u00e9s fokozatmentes fordulatsz\u00e1m-szab\u00e1lyoz\u00e1ssal rendelkezik. &nbsp; Technikai adatok: Bemeneti elektromos teljes\u00edtm\u00e9ny: 6 kW V\u00e9szle\u00e1ll\u00edt\u00f3: van Teljes\u00edtm\u00e9ny megfelel\u00e9s: 10 LE Benzines cs\u00f3nakmotor teljes\u00edtm\u00e9ny megfelel\u00e9s: 12 LE Sz\u00e1rhossz: 67 cm Sz\u00e1r anyaga: [&hellip;]<\/p>\n","protected":false},"featured_media":6068,"comment_status":"open","ping_status":"closed","template":"","meta":[],"product_brand":[],"product_cat":[81],"product_tag":[],"class_list":{"0":"post-5669","1":"product","2":"type-product","3":"status-publish","4":"has-post-thumbnail","6":"product_cat-haswing","8":"first","9":"instock","10":"taxable","11":"shipping-taxable","12":"purchasable","13":"product-type-simple"},"jetpack_sharing_enabled":true,"_links":{"self":[{"href":"https:\/\/csonakjavitas.hu\/index.php\/wp-json\/wp\/v2\/product\/5669","targetHints":{"allow":["GET"]}}],"collection":[{"href":"https:\/\/csonakjavitas.hu\/index.php\/wp-json\/wp\/v2\/product"}],"about":[{"href":"https:\/\/csonakjavitas.hu\/index.php\/wp-json\/wp\/v2\/types\/product"}],"replies":[{"embeddable":true,"href":"https:\/\/csonakjavitas.hu\/index.php\/wp-json\/wp\/v2\/comments?post=5669"}],"wp:featuredmedia":[{"embeddable":true,"href":"https:\/\/csonakjavitas.hu\/index.php\/wp-json\/wp\/v2\/media\/6068"}],"wp:attachment":[{"href":"https:\/\/csonakjavitas.hu\/index.php\/wp-json\/wp\/v2\/media?parent=5669"}],"wp:term":[{"taxonomy":"product_brand","embeddable":true,"href":"https:\/\/csonakjavitas.hu\/index.php\/wp-json\/wp\/v2\/product_brand?post=5669"},{"taxonomy":"product_cat","embeddable":true,"href":"https:\/\/csonakjavitas.hu\/index.php\/wp-json\/wp\/v2\/product_cat?post=5669"},{"taxonomy":"product_tag","embeddable":true,"href":"https:\/\/csonakjavitas.hu\/index.php\/wp-json\/wp\/v2\/product_tag?post=5669"}],"curies":[{"name":"wp","href":"https:\/\/api.w.org\/{rel}","templated":true}]}}