{"id":5679,"date":"2026-02-23T15:56:22","date_gmt":"2026-02-23T15:56:22","guid":{"rendered":"https:\/\/wp.csonakjavitas.hu\/?post_type=product&#038;p=5679"},"modified":"2026-03-06T18:05:09","modified_gmt":"2026-03-06T18:05:09","slug":"csj-270-gumicsonak","status":"publish","type":"product","link":"https:\/\/csonakjavitas.hu\/index.php\/termek\/csj-270-gumicsonak\/","title":{"rendered":"CSJ 270 gumics\u00f3nak"},"content":{"rendered":"<p>hosssz\u00fasz\u00e1g 270cm<br \/>\nsz\u00e9less\u00e9g 152cm<br \/>\nt\u00f6ml\u0151 42cm<br \/>\nt\u00f6meg 29kg<\/p>\n<p>Minden esetben tartoz\u00e9k az evez\u0151 pad pumpa t\u00e1ska \u00e9s jav\u00edt\u00f3k\u00e9szlet.<\/p>\n","protected":false},"excerpt":{"rendered":"<p>hosssz\u00fasz\u00e1g 270cm sz\u00e9less\u00e9g 152cm t\u00f6ml\u0151 42cm t\u00f6meg 29kg Minden esetben tartoz\u00e9k az evez\u0151 pad pumpa t\u00e1ska \u00e9s jav\u00edt\u00f3k\u00e9szlet.<\/p>\n","protected":false},"featured_media":2132,"comment_status":"open","ping_status":"closed","template":"","meta":[],"product_brand":[],"product_cat":[82],"product_tag":[],"class_list":{"0":"post-5679","1":"product","2":"type-product","3":"status-publish","4":"has-post-thumbnail","6":"product_cat-csonakjavitas","8":"first","9":"instock","10":"taxable","11":"shipping-taxable","12":"purchasable","13":"product-type-simple"},"jetpack_sharing_enabled":true,"_links":{"self":[{"href":"https:\/\/csonakjavitas.hu\/index.php\/wp-json\/wp\/v2\/product\/5679","targetHints":{"allow":["GET"]}}],"collection":[{"href":"https:\/\/csonakjavitas.hu\/index.php\/wp-json\/wp\/v2\/product"}],"about":[{"href":"https:\/\/csonakjavitas.hu\/index.php\/wp-json\/wp\/v2\/types\/product"}],"replies":[{"embeddable":true,"href":"https:\/\/csonakjavitas.hu\/index.php\/wp-json\/wp\/v2\/comments?post=5679"}],"wp:featuredmedia":[{"embeddable":true,"href":"https:\/\/csonakjavitas.hu\/index.php\/wp-json\/wp\/v2\/media\/2132"}],"wp:attachment":[{"href":"https:\/\/csonakjavitas.hu\/index.php\/wp-json\/wp\/v2\/media?parent=5679"}],"wp:term":[{"taxonomy":"product_brand","embeddable":true,"href":"https:\/\/csonakjavitas.hu\/index.php\/wp-json\/wp\/v2\/product_brand?post=5679"},{"taxonomy":"product_cat","embeddable":true,"href":"https:\/\/csonakjavitas.hu\/index.php\/wp-json\/wp\/v2\/product_cat?post=5679"},{"taxonomy":"product_tag","embeddable":true,"href":"https:\/\/csonakjavitas.hu\/index.php\/wp-json\/wp\/v2\/product_tag?post=5679"}],"curies":[{"name":"wp","href":"https:\/\/api.w.org\/{rel}","templated":true}]}}