{"id":5685,"date":"2026-02-23T15:56:22","date_gmt":"2026-02-23T15:56:22","guid":{"rendered":"https:\/\/wp.csonakjavitas.hu\/?post_type=product&#038;p=5685"},"modified":"2026-03-17T11:59:55","modified_gmt":"2026-03-17T11:59:55","slug":"t20se-gumicsonak","status":"publish","type":"product","link":"https:\/\/csonakjavitas.hu\/index.php\/termek\/t20se-gumicsonak\/","title":{"rendered":"Honda T20SE gumics\u00f3nak"},"content":{"rendered":"<p><strong>Kompakt design, 2 m\u00e9teres hossz<\/strong><\/p>\n<ul>\n<li>Rendk\u00edv\u00fcl k\u00f6nny\u0171 \u00e9s egyszer\u0171en sz\u00e1ll\u00edthat\u00f3<\/li>\n<li>K\u00f6nnyed\u00e9n, n\u00e9h\u00e1ny perc alatt \u00f6sszecsomagolhat\u00f3<\/li>\n<li>A t\u00f6ml\u0151k nagy \u00e1tm\u00e9r\u0151je biztos\u00edtja a kifog\u00e1stalan \u00fasz\u00f3k\u00e9pess\u00e9get, stabilit\u00e1st \u00e9s a 4-\u00fctem\u0171 motor nagyobb teljes\u00edtm\u00e9ny\u00e9t<\/li>\n<li>Nagy hull\u00e1mok viz\u00e9n \u00e9s sz\u00e1razon<\/li>\n<\/ul>\n<p>&nbsp;<\/p>\n<ul>\n<li>\u00c9rdes, k\u00e9tr\u00e9teg\u0171 PVC. ultraellen\u00e1ll\u00f3 bels\u0151 r\u00e9teggel (D-Tex 1100)<\/li>\n<li>Cs\u00facsmin\u0151s\u00e9g\u0171, kett\u0151s reteszel\u00e9s\u0171 szelep a gyors \u00e9s egyszer\u0171 felf\u00fajhat\u00f3s\u00e1g \u00e9s leereszt\u00e9s \u00e9rdek\u00e9ben<\/li>\n<li>K\u00e9zzel ragasztott t\u00f6ml\u0151k a maxim\u00e1lis ellen\u00e1ll\u00f3 k\u00e9pess\u00e9g \u00e9s tart\u00f3ss\u00e1g biztos\u00edt\u00e1s\u00e1ra<\/li>\n<li>V\u00e1laszfal a k\u00fcl\u00f6nb\u00f6z\u0151 kamr\u00e1k l\u00e9?gnyom\u00e1s\u00e1nak szab\u00e1lyoz\u00e1s\u00e1ra<\/li>\n<li>K\u00e9t r\u00e9szb\u0151l \u00e1ll\u00f3, V-alak\u00fa, felf\u00fajhat\u00f3 cs\u00f3nakpadl\u00f3, amely tart\u00f3s, nem Ig\u00e9nyel karbantart\u00e1st \u00f3s sokkal k\u00f6nnyebb, mint a fa, a m\u0171anyag, vagy az \u00fcvegsz\u00e1l er\u0151s\u00edtett m\u0171anyag (GRP). Egyes\u00edti a maxim\u00e1lis \u00fasz\u00f3k\u00e9pess\u00e9get \u00e9s a sz\u00fcks\u00e9ges merevs\u00e9get.<\/li>\n<\/ul>\n<p>&nbsp;<\/p>\n<ul>\n<li>Sz\u00e9les, \u00e9rdes k\u00fcls\u0151 haj\u00f3pal\u00e1nk a maxim\u00e1lis v\u00e9delem\u00e9rt<\/li>\n<li>M\u00e9lyen el\u0151reny\u00fal\u00f3 V-alak a m\u00e9g jobb haszn\u00e1lhat\u00f3s\u00e1g \u00e9rdek\u00e9ben<\/li>\n<li>A tartal\u00e9k \u00fczemanyagtart\u00e1lya az \u00fcl\u00e9s alatt kapott helyet, \u00edgy jobb a helykihaszn\u00e1l\u00e1s \u00e9s a s\u00falyeloszt\u00e1s<\/li>\n<li>Kiv\u00e1l\u00f3 min\u0151s\u00e9g\u0171 biztons\u00e1gi felszerel\u00e9sek, p\u00e9ld\u00e1ul biztons\u00e1gi foganty\u00fak \u00e9s \u00e9letment\u0151 k\u00f6t\u00e9lzet<\/li>\n<li>N\u00e9gy emel\u0151gy\u0171r\u0171 &#8211; kett\u0151 el\u00f6l, kett\u0151 h\u00e1tul &#8211; a biztons\u00e1gos \u00e9s v\u00e1g\u00e1smentes vontat\u00e1s\u00e9rt<\/li>\n<li>Az evez\u0151villa elmozd\u00edthat\u00f3, ez\u00e9rt az evez\u00e9s k\u00fcl\u00f6n\u00f6sen k\u00e9nyelmes<\/li>\n<li>Nagym\u00e9ret\u0171 t\u00f6ml\u0151k, amely maxim\u00e1lis stabilit\u00e1st \u00e9s v\u00edzfekv\u00e9st biztos\u00edt<\/li>\n<li>Meger\u0151s\u00edtett cs\u00f3nakgerinc \u00e9s \u00fasz\u00f3talp, amelyek er\u0151sen ellen\u00e1ll\u00f3k<\/li>\n<li>Egyir\u00e1ny\u00fa bels\u0151 leereszt\u0151 szelep hogy a vizet k\u00f6nnyen, gyorsan \u00e9s biztons\u00e1gosan ki lehessen engedni, a cs\u00f3nakb\u00f3l<\/li>\n<li>Bevont GRP t\u00fck\u00f6rlap \u00e9s meger\u0151s\u00edtett \u00fcvegsz\u00e1las \u00fcl\u00e9s, ami rugalmasabb, mint a fa<\/li>\n<\/ul>\n<p>&nbsp;<\/p>\n<p><strong>Minden modell alaptartoz\u00e9ka:<\/strong><\/p>\n<ul>\n<li>Pad\u00fcl\u00e9s (1 db)<\/li>\n<li>Alum\u00ednium evez\u0151 (1 p\u00e1r)<\/li>\n<li>T\u00e1rol\u00f3 zs\u00e1k<\/li>\n<li>L\u00e1bpumpa<\/li>\n<li>Jav\u00edt\u00f3 k\u00e9szlet<\/li>\n<li>Nyom\u00e1sm\u00e9r\u0151<\/li>\n<\/ul>\n<p>&nbsp;<\/p>\n<p><strong>Szabv\u00e1nytartoz\u00e9kok:<\/strong><\/p>\n<ul>\n<li>\u00dcvegsz\u00e1las \u00fcl\u00e9s<\/li>\n<li>L\u00e9gnyom\u00e1sm\u00e9r\u0151<\/li>\n<li>L\u00e1bpumpa \u00e9s szerel\u0151 k\u00e9szlet<\/li>\n<li>Hordt\u00e1ska (a nagyobb, alum\u00ednium padl\u00f3j\u00fa modellekhez kett\u0151)<\/li>\n<li>Opci\u00f3k: hordt\u00e1ska az \u00fcl\u00e9shez, evez\u0151tart\u00f3 t\u00e1ska, cs\u00f3naktakar\u00f3<\/li>\n<\/ul>\n<p>&nbsp;<\/p>\n<p><strong>Tulajdons\u00e1gok:<\/strong><\/p>\n<ul>\n<li>Hossz\u00fas\u00e1g (cm) 200<\/li>\n<li>Sz\u00e9less\u00e9g (cm) 144<\/li>\n<li>Bels\u0151 hossz\u00fas\u00e1g (cm) 121<\/li>\n<li>Bels\u0151 sz\u00e9less\u00e9g (cm) 61<\/li>\n<li>T\u00f6ml\u0151 \u00c1tm\u00e9r\u0151 (cm) 40<\/li>\n<li>Csomagol\u00e1si mertet 112X59X29<\/li>\n<li>Nett\u00f3 t\u00f6meg (Kg) 27<\/li>\n<li>Max motor le\/ Motor s\u00faiy 5 LE \/ 27 Kg<\/li>\n<li>Utasok sz\u00e1ma Feln\u0151tt\/ gyerek (F\u0151) 7\/-<\/li>\n<li>Max. teherb\u00edr\u00e1s (Kg) 250<\/li>\n<li>aljzatelemek sz\u00e1ma 3<\/li>\n<li>Aljzat m\u0171anyag<\/li>\n<li>Kateg\u00f3ria &#8211; C<\/li>\n<\/ul>\n<p>&nbsp;<\/p>\n<p>Honda gumics\u00f3nakok nagy v\u00e1laszt\u00e9kban azonnal, k\u00e9szletr\u0151l! Minden Honda cs\u00f3nak hivatalos \u00faton \u00e9rkezik, magyar sz\u00e1ml\u00e1s, magyar haszn\u00e1lati utas\u00edt\u00e1ssal, Magyarorsz\u00e1gon \u00e9rv\u00e9nyes\u00edthet\u0151 3 \u00e9v garanci\u00e1val. Mi\u00e9rt a legjobb \u00e1r\/\u00e9rt\u00e9k ar\u00e1ny? &#8211; C kateg\u00f3ri\u00e1s min\u0151s\u00edt\u00e9s (vagyis partt\u00f3l 12 tengeri m\u00e9rf\u00f6ldig haszn\u00e1lhat\u00f3) m\u00e1r 250 cm-es testn\u00e9l is. &#8211; Olyan extr\u00e1kkal van felszerelve amelyeket ha m\u00e1s t\u00edpusokn\u00e1l is k\u00e9r (nem is kaphat\u00f3 vagy ha m\u00e9gis) \u00e1ra t\u00f6bb lesz a v\u00e9g\u00e9n, mint a Honda.. &#8211; Olyan eur\u00f3pai szint\u0171 regisztr\u00e1lt gy\u00e1ri garanci\u00e1ja\/kiszolg\u00e1l\u00e1sa van amivel m\u00e1sok nem is versenyezhetnek..<\/p>\n<p>P\u00e1r p\u00e9lda (ami az alap\u00e1rban benne van \u00e9s nem is k\u00e9rhet\u0151 n\u00e9lk\u00fcl\u00fck) : &#8211; a test m\u00e9retei (sz\u00e9less\u00e9g, t\u00f6ml\u0151\u00e1tm\u00e9r\u0151k, terhelhet\u0151s\u00e9g) &#8211; A sz\u00e9tszedhet\u0151 alum\u00ednium padl\u00f3zat \u00e9s a 800 mbar-os magasnyom\u00e1s\u00fa padl\u00f3zat is egyed\u00fcl\u00e1ll\u00f3an ig\u00e9nyesen kivitelezett. Az aluminium padl\u00f3 nem t\u00f6rik el, nem hajlik el, nem esik sz\u00e9t, er\u0151sebb szerkezet\u0171 mint b\u00e1rki m\u00e1s\u00e9, az alu s\u00ednek v\u00e9gig \u00e9rnek a padl\u00f3zaton, nem t\u00f6rik kett\u00e9 a lemezeket a v\u00e9gz\u0151d\u00e9sekn\u00e9l. &#8211; az anyagfelhaszn\u00e1l\u00e1s minden estben ig\u00e9nyes (sehol sem elt\u00e9r\u0151, kisp\u00f3rolt kever\u00e9k\u0171, mennyis\u00e9g\u0171, v\u00e9kony, rideg vagy s\u00e1rgul\u00f3; pl. szerelv\u00e9nyek, tartoz\u00e9kok, kieg\u00e9sz\u00edt\u0151k) &#8211; a fart\u00fck\u00f6r k\u00edv\u00fcl\/bel\u00fcl teljes fel\u00fcletben 3mm-es kem\u00e9ny m\u0171anyaggal be van bor\u00edtva (nem sim\u00e1n egy v\u00e9kony fest\u00e9k a f\u00e1n) &#8211; a pad \u00fcvegsz\u00e1lbol van ki\u00f6ntve (nem egy sima r\u00e9tegelt lemez) &#8211; sz\u00ednkombin\u00e1ci\u00f3 kombin\u00e1va egy bonyolultabb, t\u00f6bb anyagot ig\u00e9nyl\u0151, de sokkal eszt\u00e9tikusabb anyagfelhaszn\u00e1l\u00e1ssal &#8211; feh\u00e9r szerelv\u00e9nyek a test eg\u00e9sz\u00e9n nem megt\u00f6rve a harm\u00f3ni\u00e1t &#8211; kitesztelt, nagyon nagy fok\u00fa pontoss\u00e1g \u00e9s precizit\u00e1s (a test dinamik\u00e1ja sz\u00e9ls\u0151g\u00e9ges esetkben is teljes\u00edt, pl. a gerinc ott van, pontosan akkora mindig ahol\/ahogy kell, az anyagok fesz\u00fclnek a test nem mocorog, stabil \u00e9s merev marad a nagyobb hull\u00e1moknak ver\u0151dve is) &#8211; a nyom\u00e1sok a k\u00fcl\u00f6nb\u00f6z\u0151 kamr\u00e1kban kell\u0151en magasak \u00e9s pontosan defini\u00e1ltak (0.25\/0.35\/0.8 bar) &#8211; a term\u00e9k csomagol\u00e1sa dupla kartonban, minden k\u00fcl\u00f6n f\u00f3li\u00e1zva, mindig ugyanabban a min\u0151s\u00e9gben &#8230;<\/p>\n<p>Minden modell alaptartoz\u00e9ka: Pad\u00fcl\u00e9s (1 db) Alum\u00ednium evez\u0151 (1 p\u00e1r) T\u00e1rol\u00f3 zs\u00e1k L\u00e1bpumpa Jav\u00edt\u00f3 k\u00e9szlet Nyom\u00e1sm\u00e9r\u0151<\/p>\n<p>Merev\u00edtett padl\u00f3j\u00fa felf\u00fajhat\u00f3 cs\u00f3nak Biztons\u00e1gos \u00e9s egyszer\u0171en kezelhet\u0151 haj\u00f3, t\u00f6k\u00e9letes t\u00e1rs a v\u00edzen. A kompakt \u00e9s rendk\u00edv\u00fcl k\u00f6nny\u0171, merev\u00edtett padl\u00f3j\u00fa felf\u00fajhat\u00f3 cs\u00f3nakok t\u00f6k\u00e9letesen megfelelnek b\u00e1rmilyen v\u00edzi kir\u00e1ndul\u00e1shoz, ny\u00edlt v\u00edzi horg\u00e1szathoz. Mivel nagym\u00e9ret\u0171 t\u00f6ml\u0151kkel rendelkeznek, t\u00f6k\u00e9letes a sikl\u00e1suk \u00e9s a stabilit\u00e1suk. R\u00e1ad\u00e1sul a cs\u00f3nak \u00f6sszehajtogat\u00e1s\u00e1t \u00e9s t\u00e1rol\u00e1s\u00e1t egyetlen szem\u00e9ly is k\u00f6nnyen elv\u00e9gezheti, m\u00e9ghozz\u00e1 r\u00f6videbb id\u0151 alatt, mint amennyi id\u0151 alatt megsz\u00e1rad a f\u00fcrd\u0151ruh\u00e1ja.<\/p>\n<p>A Honda Marine term\u00e9kek el\u0151nyei: Kompakt design, 2-2,5 m\u00e9teres hossz Rendk\u00edv\u00fcl k\u00f6nny\u0171 \u00e9s egyszer\u0171en sz\u00e1ll\u00edthat\u00f3 K\u00f6nnyed\u00e9n, n\u00e9h\u00e1ny perc alatt \u00f6sszecsomagolhat\u00f3 A t\u00f6ml\u0151k nagy \u00e1tm\u00e9r\u0151je biztos\u00edtja a kifog\u00e1stalan \u00fasz\u00f3k\u00e9pess\u00e9get, stabilit\u00e1st \u00e9s a 4-\u00fctem\u0171 motor nagyobb teljes\u00edtm\u00e9ny\u00e9t Nagy hull\u00e1mok viz\u00e9n \u00e9s sz\u00e1razon A Honda, a vil\u00e1gvezet\u0151 motor-, j\u00e1rm\u0171- \u00f3s g\u00e9pgy\u00e1rt\u00f3 c\u00e9ge m\u00e9g 50 \u00e9v ut\u00e1n is teljes g\u0151zzel vezeti a mez\u0151nyt. Motorjaink \u00f6tsz\u00e1zn\u00e1l is t\u00f6bb motoros Grand Prix gy\u0151zelmet arattak \u00e9s a Forma 1 vil\u00e1g\u00e1ban egym\u00e1s ut\u00e1n \u00f6tsz\u00f6r szereztek c\u00edmet. Kutat\u00e1si \u00e9s fejleszt\u00e9si programjainkt\u00f3l azonban tov\u00e1bbi \u00e1tt\u00f6r\u00e9st v\u00e1runk, kezdve ASIMO- t\u00f3i, a f\u00f6ldkereks\u00e9g legemberibb robotj\u00e1t\u00f3l az els\u0151 ultrahat\u00e9kony, nagysebess\u00e9g\u0171 rep\u00fcl\u0151g\u00e9p (jet) sikeres tesztrep\u00fcl\u00e9s\u00e9ig. Napjainkban a Monda ugyanilyen d\u00edjnyertes innov\u00e1ci\u00f3t jelent a v\u00edzi k\u00f6zleked\u00e9sben. A felf\u00fajhat\u00f3 cs\u00f3nakok sz\u00e9les sk\u00e1l\u00e1j\u00e1t k\u00edn\u00e1ljuk, amelyek megb\u00edzhat\u00f3k, nagyon k\u00f6nnyen sz\u00e1ll\u00edthat\u00f3k, \u00e9s amelyekkel \u00e9lvezet a haj\u00f3k\u00e1z\u00e1s.<\/p>\n<p>Legyen sz\u00f3 horg\u00e1szatr\u00f3l, b\u00fav\u00e1rkod\u00e1sr\u00f3l, vagy egyszer\u0171en csak a t\u00e1gas t\u00e9r, a szabads\u00e1g \u00e9s a v\u00edz \u00e9lvezet\u00e9r\u0151l, a Honda mindezek izgalmas m\u00f3dj\u00e1t k\u00edn\u00e1lja. Innov\u00e1ci\u00f3 a legnemesebb alkatr\u00e9szekkel \u00c9rdes, k\u00e9tr\u00e9teg\u0171 PVC. ultraellen\u00e1ll\u00f3 bels\u0151 r\u00e9teggel (D-Tex 1100) Cs\u00facsmin\u0151s\u00e9g\u0171, kett\u0151s reteszel\u00e9s\u0171 szelep a gyors \u00e9s egyszer\u0171 felf\u00fajhat\u00f3s\u00e1g \u00e9s leereszt\u00e9s \u00e9rdek\u00e9ben K\u00e9zzel ragasztott t\u00f6ml\u0151k a maxim\u00e1lis ellen\u00e1ll\u00f3 k\u00e9pess\u00e9g \u00e9s tart\u00f3ss\u00e1g biztos\u00edt\u00e1s\u00e1ra V\u00e1laszfal a k\u00fcl\u00f6nb\u00f6z\u0151 kamr\u00e1k l\u00e9\u00adgnyom\u00e1s\u00e1nak szab\u00e1lyoz\u00e1s\u00e1ra K\u00e9t r\u00e9szb\u0151l \u00e1ll\u00f3, V-alak\u00fa, felf\u00fajhat\u00f3 cs\u00f3nakpadl\u00f3, amely tart\u00f3s, nem Ig\u00e9nyel karbantart\u00e1st \u00f3s sokkal k\u00f6nnyebb, mint a fa, a m\u0171anyag, vagy az \u00fcvegsz\u00e1l er\u0151s\u00edtett m\u0171anyag (GRP).<\/p>\n<p>Egyes\u00edti a maxim\u00e1lis \u00fasz\u00f3k\u00e9pess\u00e9get \u00e9s a sz\u00fcks\u00e9ges merevs\u00e9get. Vev\u0151ink ir\u00e1nt \u00e9ppolyan elk\u00f6telezettek vagyunk, mint term\u00e9keink ir\u00e1nt, ez\u00e9rt valamennyi Honda Marine felf\u00fajhat\u00f3 cs\u00f3nakra \u00e9s azok alkatr\u00e9szeire h\u00e1rom \u00e9vre sz\u00f3l\u00f3 korl\u00e1tozott j\u00f3t\u00e1ll\u00e1st v\u00e1llalunk. Honda Marine ellen\u0151rz\u0151 lista Ha mindez megvan, Honda cs\u00f3nakja van&#8230; Sz\u00e9les, \u00e9rdes k\u00fcls\u0151 haj\u00f3pal\u00e1nk a maxim\u00e1lis v\u00e9delem\u00e9rt M\u00e9lyen el\u0151reny\u00fal\u00f3 V-alak a m\u00e9g jobb haszn\u00e1lhat\u00f3s\u00e1g \u00e9rdek\u00e9ben A tartal\u00e9k \u00fczemanyagtart\u00e1lya az \u00fcl\u00e9s alatt kapott helyet, \u00edgy jobb a helykihaszn\u00e1l\u00e1s \u00e9s a s\u00falyeloszt\u00e1s Kiv\u00e1l\u00f3 min\u0151s\u00e9g\u0171 biztons\u00e1gi felszerel\u00e9sek, p\u00e9ld\u00e1ul biztons\u00e1gi foganty\u00fak \u00e9s \u00e9letment\u0151 k\u00f6t\u00e9lzet N\u00e9gy emel\u0151gy\u0171r\u0171 &#8211; kett\u0151 el\u00f6l, kett\u0151 h\u00e1tul &#8211; a biztons\u00e1gos \u00e9s v\u00e1g\u00e1smentes vontat\u00e1s\u00e9rt Az evez\u0151villa elmozd\u00edthat\u00f3, ez\u00e9rt az evez\u00e9s k\u00fcl\u00f6n\u00f6sen k\u00e9nyelmes Nagym\u00e9ret\u0171 t\u00f6ml\u0151k, amely maxim\u00e1lis stabilit\u00e1st \u00e9s v\u00edzfekv\u00e9st biztos\u00edt Meger\u0151s\u00edtett cs\u00f3nakgerinc \u00e9s \u00fasz\u00f3talp, amelyek er\u0151sen ellen\u00e1ll\u00f3k Egyir\u00e1ny\u00fa bels\u0151 leereszt\u0151 szelep hogy a vizet k\u00f6nnyen, gyorsan \u00e9s biztons\u00e1gosan ki lehessen engedni, a cs\u00f3nakb\u00f3l Bevont GRP t\u00fck\u00f6rlap \u00e9s meger\u0151s\u00edtett \u00fcvegsz\u00e1las \u00fcl\u00e9s, ami rugalmasabb, mint a fa Szabv\u00e1nytartoz\u00e9kok: \u00dcvegsz\u00e1las \u00fcl\u00e9s L\u00e9gnyom\u00e1sm\u00e9r\u0151 L\u00e1bpumpa \u00e9s szerel\u0151 k\u00e9szlet Hordt\u00e1ska (a nagyobb, alum\u00ednium padl\u00f3j\u00fa modellekhez kett\u0151) Opci\u00f3k: hordt\u00e1ska az \u00fcl\u00e9shez, evez\u0151tart\u00f3 t\u00e1ska, cs\u00f3naktakar\u00f3<\/p>\n","protected":false},"excerpt":{"rendered":"<p>Kompakt design, 2 m\u00e9teres hossz Rendk\u00edv\u00fcl k\u00f6nny\u0171 \u00e9s egyszer\u0171en sz\u00e1ll\u00edthat\u00f3 K\u00f6nnyed\u00e9n, n\u00e9h\u00e1ny perc alatt \u00f6sszecsomagolhat\u00f3 A t\u00f6ml\u0151k nagy \u00e1tm\u00e9r\u0151je biztos\u00edtja a kifog\u00e1stalan \u00fasz\u00f3k\u00e9pess\u00e9get, stabilit\u00e1st \u00e9s a 4-\u00fctem\u0171 motor nagyobb teljes\u00edtm\u00e9ny\u00e9t Nagy hull\u00e1mok viz\u00e9n \u00e9s sz\u00e1razon &nbsp; \u00c9rdes, k\u00e9tr\u00e9teg\u0171 PVC. ultraellen\u00e1ll\u00f3 bels\u0151 r\u00e9teggel (D-Tex 1100) Cs\u00facsmin\u0151s\u00e9g\u0171, kett\u0151s reteszel\u00e9s\u0171 szelep a gyors \u00e9s egyszer\u0171 felf\u00fajhat\u00f3s\u00e1g \u00e9s leereszt\u00e9s [&hellip;]<\/p>\n","protected":false},"featured_media":6187,"comment_status":"open","ping_status":"closed","template":"","meta":[],"product_brand":[],"product_cat":[83],"product_tag":[],"class_list":{"0":"post-5685","1":"product","2":"type-product","3":"status-publish","4":"has-post-thumbnail","6":"product_cat-honda-csonak","8":"first","9":"instock","10":"taxable","11":"shipping-taxable","12":"purchasable","13":"product-type-simple"},"jetpack_sharing_enabled":true,"_links":{"self":[{"href":"https:\/\/csonakjavitas.hu\/index.php\/wp-json\/wp\/v2\/product\/5685","targetHints":{"allow":["GET"]}}],"collection":[{"href":"https:\/\/csonakjavitas.hu\/index.php\/wp-json\/wp\/v2\/product"}],"about":[{"href":"https:\/\/csonakjavitas.hu\/index.php\/wp-json\/wp\/v2\/types\/product"}],"replies":[{"embeddable":true,"href":"https:\/\/csonakjavitas.hu\/index.php\/wp-json\/wp\/v2\/comments?post=5685"}],"wp:featuredmedia":[{"embeddable":true,"href":"https:\/\/csonakjavitas.hu\/index.php\/wp-json\/wp\/v2\/media\/6187"}],"wp:attachment":[{"href":"https:\/\/csonakjavitas.hu\/index.php\/wp-json\/wp\/v2\/media?parent=5685"}],"wp:term":[{"taxonomy":"product_brand","embeddable":true,"href":"https:\/\/csonakjavitas.hu\/index.php\/wp-json\/wp\/v2\/product_brand?post=5685"},{"taxonomy":"product_cat","embeddable":true,"href":"https:\/\/csonakjavitas.hu\/index.php\/wp-json\/wp\/v2\/product_cat?post=5685"},{"taxonomy":"product_tag","embeddable":true,"href":"https:\/\/csonakjavitas.hu\/index.php\/wp-json\/wp\/v2\/product_tag?post=5685"}],"curies":[{"name":"wp","href":"https:\/\/api.w.org\/{rel}","templated":true}]}}