{"id":5694,"date":"2026-02-23T15:56:23","date_gmt":"2026-02-23T15:56:23","guid":{"rendered":"https:\/\/wp.csonakjavitas.hu\/?post_type=product&#038;p=5694"},"modified":"2026-03-17T11:53:25","modified_gmt":"2026-03-17T11:53:25","slug":"t38ie3-gumicsonak","status":"publish","type":"product","link":"https:\/\/csonakjavitas.hu\/index.php\/termek\/t38ie3-gumicsonak\/","title":{"rendered":"Honda T38IE3 gumics\u00f3nak"},"content":{"rendered":"<p><strong>Tulajdons\u00e1gok:<\/strong><\/p>\n<ul>\n<li>Hossz\u00fas\u00e1g (cm) 376<\/li>\n<li>Sz\u00e9less\u00e9g (cm) 170<\/li>\n<li>Bels\u0151 hossz\u00fas\u00e1g (cm) 262<\/li>\n<li>Bels\u0151 sz\u00e9less\u00e9g (cm) 80<\/li>\n<li>T\u00f6ml\u0151 \u00e1tm\u00e9r\u0151 (cm) 44<\/li>\n<li>Csomagol\u00e1si m\u00e9ret 123X72X40 cm<\/li>\n<li>Nett\u00f3 t\u00f6meg (Kg) 44<\/li>\n<li>Max motor le\/ Motor s\u00faly 20 LE \/ 57 Kg<\/li>\n<li>Utasok sz\u00e1ma, feln\u0151tt\/ gyerek (F\u0151) 5\/1<\/li>\n<li>Max. teherb\u00edr\u00e1s (Kg) 950<\/li>\n<li>Aljzatelemek sz\u00e1ma 3 + aljzat (2)<\/li>\n<li>Aljzat anyag: DWF<\/li>\n<li>Kateg\u00f3ria C<\/li>\n<\/ul>\n<p>&nbsp;<\/p>\n<p><strong>El\u0151nyei:<\/strong><\/p>\n<ul>\n<li>Egyszer\u0171en \u00e9s k\u00f6nnyed\u00e9n \u00f6sszerakhat\u00f3 \u00e9s sz\u00e9tszedhet\u0151<\/li>\n<li>Egyetlen t\u00e1sk\u00e1ban is elf\u00e9r<\/li>\n<li>T\u00e1gas \u00e9s robosztus<\/li>\n<li>Bels\u0151 biztons\u00e1gi foganty\u00fak<\/li>\n<li>Sz\u00e1mozott, k\u00f6nnyen \u00f6sszeszerelhet\u0151 padl\u00f3lapok<\/li>\n<li>45 \u00e9s 49 cm-es tube \u00e1tm\u00e9r\u0151je kifog\u00e1stalan \u00fasz\u00f3k\u00e9pess\u00e9get \u00e9s stabilit\u00e1st biztos\u00edt<\/li>\n<\/ul>\n<p>&nbsp;<\/p>\n<ul>\n<li>A haj\u00f3padl\u00f3 \u00e9ppolyan merev, mint a hagyom\u00e1nyos. 0.8 bar-ra f\u00fajhat\u00f3 fel, ami n\u00e9gyszerese a t\u00f6ml\u0151nyom\u00e1snak.<\/li>\n<li>Forradalmian \u00faj V-alak\u00fa haj\u00f3test a t\u00f6k\u00e9letes haj\u00f3gerinc \u00e9rdek\u00e9ben<\/li>\n<li>N\u00e9h\u00e1ny perc alatt k\u00f6nnyed\u00e9n \u00f6sszehajtogathat\u00f3.<\/li>\n<li>Rendk\u00edv\u00fcl k\u00f6nny\u0171 \u00e9s egyszer\u0171en sz\u00e1ll\u00edthat\u00f3<\/li>\n<li>A m\u00e9g jobb \u00fasz\u00f3k\u00e9pess\u00e9g\u0171 motort\u00fck\u00f6r 20 LE teljes\u00edtm\u00e9nyt is lehet\u0151v\u00e9 tesz<\/li>\n<li>Rendk\u00edv\u00fcl k\u00f6nny\u0171 \u00e9s m\u00e9gis merev, ami alacsony fogyaszt\u00e1st jelent.<\/li>\n<li>A t\u00f6ml\u0151k nagy \u00e1tm\u00e9r\u0151je fokozott \u00fasz\u00f3k\u00e9pess\u00e9get \u00e9s stabilit\u00e1st biztos\u00edt<\/li>\n<li>C\u00e1pab\u0151r: A Honda \u00faj c\u00e1pab\u0151r szer\u0171 anyaga kiemelt teljes\u00edtm\u00e9nyt \u00e9s fokozott biztons\u00e1got ad a cs\u00f3naknak (csak a T38-IE1 t\u00edpuson).<\/li>\n<\/ul>\n<p>&nbsp;<\/p>\n<p>Honda gumics\u00f3nakok nagy v\u00e1laszt\u00e9kban azonnal, k\u00e9szletr\u0151l! Minden Honda cs\u00f3nak hivatalos \u00faton \u00e9rkezik, magyar sz\u00e1ml\u00e1s, magyar haszn\u00e1lati utas\u00edt\u00e1ssal, Magyarorsz\u00e1gon \u00e9rv\u00e9nyes\u00edthet\u0151 3 \u00e9v garanci\u00e1val. Mi\u00e9rt a legjobb \u00e1r\/\u00e9rt\u00e9k ar\u00e1ny? &#8211; C kateg\u00f3ri\u00e1s min\u0151s\u00edt\u00e9s (vagyis partt\u00f3l 12 tengeri m\u00e9rf\u00f6ldig haszn\u00e1lhat\u00f3) m\u00e1r 250 cm-es testn\u00e9l is. &#8211; Olyan extr\u00e1kkal van felszerelve amelyeket ha m\u00e1s t\u00edpusokn\u00e1l is k\u00e9r (nem is kaphat\u00f3 vagy ha m\u00e9gis) \u00e1ra t\u00f6bb lesz a v\u00e9g\u00e9n, mint a Honda.. &#8211; Olyan eur\u00f3pai szint\u0171 regisztr\u00e1lt gy\u00e1ri garanci\u00e1ja\/kiszolg\u00e1l\u00e1sa van amivel m\u00e1sok nem is versenyezhetnek..<\/p>\n<p>P\u00e1r p\u00e9lda (ami az alap\u00e1rban benne van \u00e9s nem is k\u00e9rhet\u0151 n\u00e9lk\u00fcl\u00fck) : &#8211; a test m\u00e9retei (sz\u00e9less\u00e9g, t\u00f6ml\u0151\u00e1tm\u00e9r\u0151k, terhelhet\u0151s\u00e9g) &#8211; A sz\u00e9tszedhet\u0151 alum\u00ednium padl\u00f3zat \u00e9s a 800 mbar-os magasnyom\u00e1s\u00fa padl\u00f3zat is egyed\u00fcl\u00e1ll\u00f3an ig\u00e9nyesen kivitelezett. Az aluminium padl\u00f3 nem t\u00f6rik el, nem hajlik el, nem esik sz\u00e9t, er\u0151sebb szerkezet\u0171 mint b\u00e1rki m\u00e1s\u00e9, az alu s\u00ednek v\u00e9gig \u00e9rnek a padl\u00f3zaton, nem t\u00f6rik kett\u00e9 a lemezeket a v\u00e9gz\u0151d\u00e9sekn\u00e9l. &#8211; az anyagfelhaszn\u00e1l\u00e1s minden estben ig\u00e9nyes (sehol sem elt\u00e9r\u0151, kisp\u00f3rolt kever\u00e9k\u0171, mennyis\u00e9g\u0171, v\u00e9kony, rideg vagy s\u00e1rgul\u00f3; pl. szerelv\u00e9nyek, tartoz\u00e9kok, kieg\u00e9sz\u00edt\u0151k) &#8211; a fart\u00fck\u00f6r k\u00edv\u00fcl\/bel\u00fcl teljes fel\u00fcletben 3mm-es kem\u00e9ny m\u0171anyaggal be van bor\u00edtva (nem sim\u00e1n egy v\u00e9kony fest\u00e9k a f\u00e1n) &#8211; a pad \u00fcvegsz\u00e1lbol van ki\u00f6ntve (nem egy sima r\u00e9tegelt lemez) &#8211; sz\u00ednkombin\u00e1ci\u00f3 kombin\u00e1va egy bonyolultabb, t\u00f6bb anyagot ig\u00e9nyl\u0151, de sokkal eszt\u00e9tikusabb anyagfelhaszn\u00e1l\u00e1ssal &#8211; feh\u00e9r szerelv\u00e9nyek a test eg\u00e9sz\u00e9n nem megt\u00f6rve a harm\u00f3ni\u00e1t &#8211; kitesztelt, nagyon nagy fok\u00fa pontoss\u00e1g \u00e9s precizit\u00e1s (a test dinamik\u00e1ja sz\u00e9ls\u0151g\u00e9ges esetkben is teljes\u00edt, pl. a gerinc ott van, pontosan akkora mindig ahol\/ahogy kell, az anyagok fesz\u00fclnek a test nem mocorog, stabil \u00e9s merev marad a nagyobb hull\u00e1moknak ver\u0151dve is) &#8211; a nyom\u00e1sok a k\u00fcl\u00f6nb\u00f6z\u0151 kamr\u00e1kban kell\u0151en magasak \u00e9s pontosan defini\u00e1ltak (0.25\/0.35\/0.8 bar) &#8211; a term\u00e9k csomagol\u00e1sa dupla kartonban, minden k\u00fcl\u00f6n f\u00f3li\u00e1zva, mindig ugyanabban a min\u0151s\u00e9gben &#8230;<\/p>\n<p>Minden modell alaptartoz\u00e9ka: Pad\u00fcl\u00e9s (1 db) Alum\u00ednium evez\u0151 (1 p\u00e1r) T\u00e1rol\u00f3 zs\u00e1k L\u00e1bpumpa Jav\u00edt\u00f3 k\u00e9szlet Nyom\u00e1sm\u00e9r\u0151<\/p>\n<p>Honda Marine V-alak\u00fa, l\u00e9gpadl\u00f3s felf\u00fajhat\u00f3 cs\u00f3nak Forradalmian \u00faj padl\u00f3 a val\u00f3di mozg\u00e9konys\u00e1g\u00e9rt K\u00f6nny\u0171 \u00e9s gyors. Ez a (elf\u00fajhat\u00f3 cs\u00f3nak tele van k\u00e9nyelmi \u00e9s a kezelhet\u0151s\u00e9get megk\u00f6nny\u00edt\u0151 felszerel\u00e9sekkel. A rezg\u00e9scsillap\u00edt\u00f3 padl\u00f3lap a legvadabb k\u00f6r\u00fclm\u00e9nyek k\u00f6z\u00f6tt Is \u00e9lvezetess\u00e9 teszi a haj\u00f3z\u00e1st. A hosszan el\u0151reny\u00fal\u00f3 V-alak optim\u00e1lis haj\u00f3test, ami a lehet\u0151 legnagyobb stabilit\u00e1st szavatolja, gyakorlatilag b\u00e1rmilyen sebess\u00e9g mellett. A haj\u00f3test kialak\u00edt\u00e1sa mag\u00e1ba foglalja a kiterjesztett h\u00e1ts\u00f3 felf\u00faj\u00e1s\u00fa padl\u00f3p\u00e1rn\u00e1t, amely megk\u00f6nny\u00edti a korm\u00e1nyozhat\u00f3s\u00e1got, kiegyens\u00falyozza a korm\u00e1nykereket \u00e9s jav\u00edtja a cs\u00f3nak v\u00edzfekv\u00e9s\u00e9t. \u00cdgy is n\u00f6velve a 4-\u00fctem\u00fc motor teljes\u00edtm\u00e9ny\u00e9t A Honda Marine term\u00e9kek el\u0151nyei<\/p>\n<p>A haj\u00f3padl\u00f3 \u00e9ppolyan merev, mint a hagyom\u00e1nyos. 0.8 bar-ra f\u00fajhat\u00f3 fel, ami n\u00e9gyszerese a t\u00f6ml\u0151nyom\u00e1snak. Forradalmian \u00faj V-alak\u00fa haj\u00f3test a t\u00f6k\u00e9letes haj\u00f3gerinc \u00e9rdek\u00e9ben N\u00e9h\u00e1ny perc alatt k\u00f6nnyed\u00e9n \u00f6sszehajtogathat\u00f3. Rendk\u00edv\u00fcl k\u00f6nny\u0171 \u00e9s egyszer\u0171en sz\u00e1ll\u00edthat\u00f3 A m\u00e9g jobb \u00fasz\u00f3k\u00e9pess\u00e9g\u0171 motort\u00fck\u00f6r 20 LE teljes\u00edtm\u00e9nyt is lehet\u0151v\u00e9 tesz Rendk\u00edv\u00fcl k\u00f6nny\u0171 \u00e9s m\u00e9gis merev, ami alacsony fogyaszt\u00e1st jelent. A t\u00f6ml\u0151k nagy \u00e1tm\u00e9r\u0151je fokozott \u00fasz\u00f3k\u00e9pess\u00e9get \u00e9s stabilit\u00e1st biztos\u00edt C\u00e1pab\u0151r: A Honda \u00faj c\u00e1pab\u0151r szer\u0171 anyaga kiemelt teljes\u00edtm\u00e9nyt \u00e9s fokozott biztons\u00e1got ad a cs\u00f3naknak (csak a T38-IE1 t\u00edpuson).<\/p>\n","protected":false},"excerpt":{"rendered":"<p>Tulajdons\u00e1gok: Hossz\u00fas\u00e1g (cm) 376 Sz\u00e9less\u00e9g (cm) 170 Bels\u0151 hossz\u00fas\u00e1g (cm) 262 Bels\u0151 sz\u00e9less\u00e9g (cm) 80 T\u00f6ml\u0151 \u00e1tm\u00e9r\u0151 (cm) 44 Csomagol\u00e1si m\u00e9ret 123X72X40 cm Nett\u00f3 t\u00f6meg (Kg) 44 Max motor le\/ Motor s\u00faly 20 LE \/ 57 Kg Utasok sz\u00e1ma, feln\u0151tt\/ gyerek (F\u0151) 5\/1 Max. teherb\u00edr\u00e1s (Kg) 950 Aljzatelemek sz\u00e1ma 3 + aljzat (2) Aljzat anyag: [&hellip;]<\/p>\n","protected":false},"featured_media":6185,"comment_status":"open","ping_status":"closed","template":"","meta":[],"product_brand":[],"product_cat":[83],"product_tag":[],"class_list":{"0":"post-5694","1":"product","2":"type-product","3":"status-publish","4":"has-post-thumbnail","6":"product_cat-honda-csonak","8":"first","9":"instock","10":"taxable","11":"shipping-taxable","12":"purchasable","13":"product-type-simple"},"jetpack_sharing_enabled":true,"_links":{"self":[{"href":"https:\/\/csonakjavitas.hu\/index.php\/wp-json\/wp\/v2\/product\/5694","targetHints":{"allow":["GET"]}}],"collection":[{"href":"https:\/\/csonakjavitas.hu\/index.php\/wp-json\/wp\/v2\/product"}],"about":[{"href":"https:\/\/csonakjavitas.hu\/index.php\/wp-json\/wp\/v2\/types\/product"}],"replies":[{"embeddable":true,"href":"https:\/\/csonakjavitas.hu\/index.php\/wp-json\/wp\/v2\/comments?post=5694"}],"wp:featuredmedia":[{"embeddable":true,"href":"https:\/\/csonakjavitas.hu\/index.php\/wp-json\/wp\/v2\/media\/6185"}],"wp:attachment":[{"href":"https:\/\/csonakjavitas.hu\/index.php\/wp-json\/wp\/v2\/media?parent=5694"}],"wp:term":[{"taxonomy":"product_brand","embeddable":true,"href":"https:\/\/csonakjavitas.hu\/index.php\/wp-json\/wp\/v2\/product_brand?post=5694"},{"taxonomy":"product_cat","embeddable":true,"href":"https:\/\/csonakjavitas.hu\/index.php\/wp-json\/wp\/v2\/product_cat?post=5694"},{"taxonomy":"product_tag","embeddable":true,"href":"https:\/\/csonakjavitas.hu\/index.php\/wp-json\/wp\/v2\/product_tag?post=5694"}],"curies":[{"name":"wp","href":"https:\/\/api.w.org\/{rel}","templated":true}]}}