{"id":5698,"date":"2026-02-23T15:56:23","date_gmt":"2026-02-23T15:56:23","guid":{"rendered":"https:\/\/wp.csonakjavitas.hu\/?post_type=product&#038;p=5698"},"modified":"2026-02-28T09:03:59","modified_gmt":"2026-02-28T09:03:59","slug":"e7hs-csonakmotor","status":"publish","type":"product","link":"https:\/\/csonakjavitas.hu\/index.php\/termek\/e7hs-csonakmotor\/","title":{"rendered":"E7HS cs\u00f3nakmotor"},"content":{"rendered":"<p>7 LE Aiqidi elektromos 48V cs\u00f3nakmotor Anqidi k\u00fclmotor. B\u00e1rmilyen m\u00e9ret\/kivitel rendelhet\u0151!<\/p>\n<p>&nbsp;<\/p>\n<p>Aiqidi 7HP Elektromos Haj\u00f3motor<\/p>\n<p>Az Aiqidi E7 elektromos haj\u00f3motor kis haj\u00f3khoz alkalmas. 5,1 kW n\u00e9vleges teljes\u00edtm\u00e9ny\u00e9vel \u00e9s 48 V n\u00e9vleges fesz\u00fclts\u00e9g\u00e9vel megb\u00edzhat\u00f3 teljes\u00edtm\u00e9nyt biztos\u00edt a v\u00edzen, alacsony zajszinttel, nulla kibocs\u00e1t\u00e1ssal \u00e9s egyszer\u0171 kezelhet\u0151s\u00e9ggel. Ehhez a modellhez \u00e1lland\u00f3 m\u00e1gneses szinkronmotort haszn\u00e1lunk, amely nagy hat\u00e1sfok\u00e1r\u00f3l \u00e9s nyomat\u00e9kjellemz\u0151ir\u0151l ismert. Sim\u00e1bb \u00e9s pontosabb vez\u00e9rl\u00e9st biztos\u00edt, ami jobb \u00f6sszteljes\u00edtm\u00e9nyt eredm\u00e9nyez.<\/p>\n<p>Alkalmazhat\u00f3 haj\u00f3t\u00edpus<br \/>\nA 7 l\u00f3er\u0151s elektromos haj\u00f3motor k\u00fcl\u00f6nb\u00f6z\u0151 anyag\u00fa kis haj\u00f3khoz alkalmas, p\u00e9ld\u00e1ul felf\u00fajhat\u00f3 cs\u00f3nakokhoz, fa cs\u00f3nakokhoz, FRP cs\u00f3nakokhoz, m\u0171anyag cs\u00f3nakokhoz stb.<\/p>\n<p>Aj\u00e1nlott akkumul\u00e1tor<br \/>\nEhhez a modellhez 48 V 100 Ah vagy 48 V 150 Ah l\u00edtium-ion akkumul\u00e1torcsomagok haszn\u00e1lhat\u00f3k, vagy m\u00e1s m\u00e1rk\u00e1j\u00fa l\u00edtium akkumul\u00e1torok, vagy m\u00e1s t\u00edpus\u00fa akkumul\u00e1torok, p\u00e9ld\u00e1ul \u00f3lom-savas akkumul\u00e1torok, AGM akkumul\u00e1torok stb.<\/p>\n<p>Egy\u00e9b megjegyz\u00e9sek<br \/>\n\u2022 Ne haszn\u00e1ljon ind\u00edt\u00f3akkumul\u00e1torokat, b\u00e1rmi is t\u00f6rt\u00e9njen.<br \/>\n\u2022 Haszn\u00e1lhat\u00f3k haj\u00f3akkumul\u00e1torok, de legal\u00e1bb 50%-os t\u00f6lt\u00f6tts\u00e9get kell fenntartani a hossz\u00fa akkumul\u00e1tor-\u00e9lettartam biztos\u00edt\u00e1sa \u00e9rdek\u00e9ben.<\/p>\n<p>\u2022 Vontat\u00f3akkumul\u00e1tor haszn\u00e1lata aj\u00e1nlott, \u00e9s az akkumul\u00e1tor teljes\u00edtm\u00e9ny\u00e9nek legal\u00e1bb 20-30%-\u00e1t minden haszn\u00e1latra tartal\u00e9kolni kell.<\/p>\n<p>TERM\u00c9K SPECIFIK\u00c1CI\u00d3K<\/p>\n<p>Term\u00e9kmodell<\/p>\n<p>E7<\/p>\n<p>N\u00e9vleges teljes\u00edtm\u00e9ny<\/p>\n<p>5,1 kW<\/p>\n<p>N\u00e9vleges fesz\u00fclts\u00e9g<\/p>\n<p>48 V<\/p>\n<p>Motor t\u00edpusa<\/p>\n<p>PMSM<\/p>\n<p>\u00c9rz\u00e9kel\u0151 t\u00edpusa<\/p>\n<p>M\u00e1gneses k\u00f3dol\u00f3<\/p>\n<p>Korm\u00e1nyrendszer<\/p>\n<p>Tol\u00f3kar<\/p>\n<p>Maxim\u00e1lis sebess\u00e9g<\/p>\n<p>5000-5500 fordulat\/perc<\/p>\n<p>\u00c1tt\u00e9tel<\/p>\n<p>2,08<\/p>\n<p>S\u00faly (KG)<\/p>\n<p>M\u00e9lys\u00e9g: 30 kg Hossz\u00fas\u00e1g: 31 kg<\/p>\n<p>H\u0171t\u0151rendszer<\/p>\n<p>V\u00edzh\u0171t\u00e9ses<\/p>\n<p>Fokozat poz\u00edci\u00f3ja<\/p>\n<p>El\u0151re-Semleges-H\u00e1tra<\/p>\n<p>TELJES\u00cdTM\u00c9NYADATOK<\/p>\n<p>Teljes\u00edtm\u00e9ny (W) Sebess\u00e9g (Km\/h) \u00dczemid\u0151 (perc) Hat\u00f3t\u00e1vols\u00e1g (Km)<br \/>\n5220 24 56 22,4<br \/>\n4180 21 71 24,8<br \/>\n3240 17 92 26,1<br \/>\n2630 14 120 28<br \/>\n2050 9 200 30<br \/>\n1290 8 240 32<br \/>\n820 7 368 42,9<br \/>\n515 6 600 60<br \/>\n270 5 1200 100<br \/>\n*A teljes\u00edtm\u00e9nyadatok egy 3,3 m\u00e9teres gumics\u00f3nakon, egy feln\u0151tt\u00f6n \u00e9s egy 48 V-os 100 Ah-s l\u00edtium-vas-foszf\u00e1t akkumul\u00e1toron alapulnak, nyugodt t\u00f3v\u00edzben tesztelve. A t\u00e9nyleges sebess\u00e9gek, hat\u00f3t\u00e1vols\u00e1gok \u00e9s \u00fczemid\u0151k a haj\u00f3t\u00f3l, a terhel\u00e9st\u0151l, az id\u0151j\u00e1r\u00e1st\u00f3l stb. f\u00fcgg\u0151en v\u00e1ltozhatnak.<\/p>\n","protected":false},"excerpt":{"rendered":"<p>7 LE Aiqidi elektromos 48V cs\u00f3nakmotor Anqidi k\u00fclmotor. B\u00e1rmilyen m\u00e9ret\/kivitel rendelhet\u0151! &nbsp; Aiqidi 7HP Elektromos Haj\u00f3motor Az Aiqidi E7 elektromos haj\u00f3motor kis haj\u00f3khoz alkalmas. 5,1 kW n\u00e9vleges teljes\u00edtm\u00e9ny\u00e9vel \u00e9s 48 V n\u00e9vleges fesz\u00fclts\u00e9g\u00e9vel megb\u00edzhat\u00f3 teljes\u00edtm\u00e9nyt biztos\u00edt a v\u00edzen, alacsony zajszinttel, nulla kibocs\u00e1t\u00e1ssal \u00e9s egyszer\u0171 kezelhet\u0151s\u00e9ggel. Ehhez a modellhez \u00e1lland\u00f3 m\u00e1gneses szinkronmotort haszn\u00e1lunk, amely nagy hat\u00e1sfok\u00e1r\u00f3l [&hellip;]<\/p>\n","protected":false},"featured_media":2419,"comment_status":"open","ping_status":"closed","template":"","meta":[],"product_brand":[],"product_cat":[84],"product_tag":[],"class_list":{"0":"post-5698","1":"product","2":"type-product","3":"status-publish","4":"has-post-thumbnail","6":"product_cat-aiqidi","8":"first","9":"instock","10":"taxable","11":"shipping-taxable","12":"purchasable","13":"product-type-simple"},"jetpack_sharing_enabled":true,"_links":{"self":[{"href":"https:\/\/csonakjavitas.hu\/index.php\/wp-json\/wp\/v2\/product\/5698","targetHints":{"allow":["GET"]}}],"collection":[{"href":"https:\/\/csonakjavitas.hu\/index.php\/wp-json\/wp\/v2\/product"}],"about":[{"href":"https:\/\/csonakjavitas.hu\/index.php\/wp-json\/wp\/v2\/types\/product"}],"replies":[{"embeddable":true,"href":"https:\/\/csonakjavitas.hu\/index.php\/wp-json\/wp\/v2\/comments?post=5698"}],"wp:featuredmedia":[{"embeddable":true,"href":"https:\/\/csonakjavitas.hu\/index.php\/wp-json\/wp\/v2\/media\/2419"}],"wp:attachment":[{"href":"https:\/\/csonakjavitas.hu\/index.php\/wp-json\/wp\/v2\/media?parent=5698"}],"wp:term":[{"taxonomy":"product_brand","embeddable":true,"href":"https:\/\/csonakjavitas.hu\/index.php\/wp-json\/wp\/v2\/product_brand?post=5698"},{"taxonomy":"product_cat","embeddable":true,"href":"https:\/\/csonakjavitas.hu\/index.php\/wp-json\/wp\/v2\/product_cat?post=5698"},{"taxonomy":"product_tag","embeddable":true,"href":"https:\/\/csonakjavitas.hu\/index.php\/wp-json\/wp\/v2\/product_tag?post=5698"}],"curies":[{"name":"wp","href":"https:\/\/api.w.org\/{rel}","templated":true}]}}