{"id":5700,"date":"2026-02-23T15:56:23","date_gmt":"2026-02-23T15:56:23","guid":{"rendered":"https:\/\/wp.csonakjavitas.hu\/?post_type=product&#038;p=5700"},"modified":"2026-03-02T11:11:46","modified_gmt":"2026-03-02T11:11:46","slug":"e15hs-csonakmotor","status":"publish","type":"product","link":"https:\/\/csonakjavitas.hu\/index.php\/termek\/e15hs-csonakmotor\/","title":{"rendered":"E15HP &#8211; HS elektromos cs\u00f3nakmotor"},"content":{"rendered":"<p>15 LE Aiqidi elektromos 72V cs\u00f3nakmotor Anqidi k\u00fclmotor. B\u00e1rmilyen m\u00e9ret\/kivitel rendelhet\u0151!<\/p>\n<p>&nbsp;<\/p>\n<div class=\"QcsUad BDJ8fb BLojaf sMVRZe hCXDsb wneUed\">\n<div class=\"usGWQd\">\n<div class=\"KkbLmb\">\n<div class=\"lRu31\" dir=\"ltr\"><span class=\"HwtZe\" lang=\"hu\"><span class=\"jCAhz ChMk0b\"><span class=\"ryNqvb\">Teljes\u00edtm\u00e9ny: 15 LE\u00a0<\/span><\/span><\/span><\/div>\n<div class=\"lRu31\" dir=\"ltr\"><span class=\"HwtZe\" lang=\"hu\"><span class=\"jCAhz ChMk0b\"><span class=\"ryNqvb\">Fesz\u00fclts\u00e9g: 72 V <\/span><\/span><\/span><\/div>\n<div class=\"lRu31\" dir=\"ltr\"><span class=\"HwtZe\" lang=\"hu\"><span class=\"jCAhz ChMk0b\"><span class=\"ryNqvb\">Motor t\u00edpusa: PMSM<\/span><\/span><\/span><\/div>\n<div dir=\"ltr\"><\/div>\n<\/div>\n<\/div>\n<\/div>\n<div dir=\"ltr\">\n<p>Az Aiqidi E15 egy 15 l\u00f3er\u0151s elektromos k\u00fclmotor. A maxim\u00e1lis teljes\u00edtm\u00e9ny 11 kW, a n\u00e9vleges fesz\u00fclts\u00e9g pedig 72 V. Az elektromos k\u00fclmotorok nem haszn\u00e1lnak \u00fczemanyagot, \u00edgy csendesebbek \u00e9s k\u00f6rnyezetbar\u00e1tabbak a benzinmotoros modellekhez k\u00e9pest. \u00c1lland\u00f3 m\u00e1gneses szinkronmotort is haszn\u00e1lunk, ami alacsonyabb zajszintet, hosszabb \u00e9lettartamot, nagyobb hat\u00e9konys\u00e1got \u00e9s alacsony karbantart\u00e1si k\u00f6lts\u00e9geket eredm\u00e9nyez.<\/p>\n<p>Alkalmazhat\u00f3 haj\u00f3t\u00edpus<br \/>\nA 15 l\u00f3er\u0151s elektromos k\u00fclmotor alkalmas k\u00fcl\u00f6nb\u00f6z\u0151 anyagokb\u00f3l k\u00e9sz\u00fclt kisebb haj\u00f3khoz, p\u00e9ld\u00e1ul felf\u00fajhat\u00f3 cs\u00f3nakokhoz, fa cs\u00f3nakokhoz, FRP cs\u00f3nakokhoz, m\u0171anyag cs\u00f3nakokhoz stb., 3,6 \u00e9s 7,0 m k\u00f6z\u00f6tti hossz\u00fas\u00e1gban.<\/p>\n<p>Aj\u00e1nlott akkumul\u00e1tor<br \/>\nEhhez a modellhez 72 V 120 AH vagy 72 V 150 AH l\u00edtium-ion akkumul\u00e1torcsomagok haszn\u00e1lhat\u00f3k, vagy m\u00e1s m\u00e1rk\u00e1j\u00fa l\u00edtium akkumul\u00e1torokat vagy m\u00e1s t\u00edpus\u00fa akkumul\u00e1torokat is haszn\u00e1lhat, p\u00e9ld\u00e1ul \u00f3lom-savas akkumul\u00e1torokat, AGM akkumul\u00e1torokat stb.<\/p>\n<p>Egy\u00e9b megjegyz\u00e9sek<br \/>\n\u2022 Ne haszn\u00e1ljon ind\u00edt\u00f3akkumul\u00e1torokat, b\u00e1rmi is t\u00f6rt\u00e9njen.<br \/>\n\u2022 Haszn\u00e1lhat\u00f3k haj\u00f3akkumul\u00e1torok, de legal\u00e1bb 50%-os t\u00f6lt\u00f6tts\u00e9get kell fenntartani a hossz\u00fa akkumul\u00e1tor-\u00e9lettartam biztos\u00edt\u00e1sa \u00e9rdek\u00e9ben.<\/p>\n<p>Javasolt vontat\u00f3akkumul\u00e1tor haszn\u00e1lata, \u00e9s az akkumul\u00e1tor teljes\u00edtm\u00e9ny\u00e9nek legal\u00e1bb 20-30%-\u00e1t minden haszn\u00e1latra k\u00fcl\u00f6n kell fenntartani.<\/p>\n<p>Opcion\u00e1lis modellek<br \/>\nE15BS: Korm\u00e1nyvez\u00e9rl\u00e9s, r\u00f6vid tengely<br \/>\nE15BL: Korm\u00e1nyvez\u00e9rl\u00e9s, hossz\u00fa tengely<br \/>\nE15FS: T\u00e1vir\u00e1ny\u00edt\u00f3, r\u00f6vid tengely<br \/>\nE15FL: T\u00e1vir\u00e1ny\u00edt\u00f3, hossz\u00fa tengely<\/p>\n<\/div>\n<p>&nbsp;<\/p>\n<p>TERM\u00c9KSPECIFIK\u00c1CI\u00d3K:<\/p>\n<table class=\"Table\" border=\"1\">\n<tbody>\n<tr>\n<td>Product Model<\/td>\n<td>E15<\/td>\n<\/tr>\n<tr>\n<td>Rated Power<\/td>\n<td>11KW<\/td>\n<\/tr>\n<tr>\n<td>Rated Voltage<\/td>\n<td>72V<\/td>\n<\/tr>\n<tr>\n<td>Motor Type<\/td>\n<td>Permanent Magnet Synchronous Motor<\/td>\n<\/tr>\n<tr>\n<td>Sensor Type<\/td>\n<td>Magetic Encoder<\/td>\n<\/tr>\n<tr>\n<td>Steering System<\/td>\n<td>Tiller\/Remote Control<\/td>\n<\/tr>\n<tr>\n<td>Maximum Speed<\/td>\n<td>4200r\/min<\/td>\n<\/tr>\n<tr>\n<td>Gear Ratio<\/td>\n<td>2.08<\/td>\n<\/tr>\n<tr>\n<td>Weight(KG)<\/td>\n<td>S: 38Kg L: 39.5Kg<\/td>\n<\/tr>\n<tr>\n<td>Cooling System<\/td>\n<td>Water-cooled<\/td>\n<\/tr>\n<tr>\n<td>Gear Position<\/td>\n<td>Forward-Neutral-Reverse<\/td>\n<\/tr>\n<\/tbody>\n<\/table>\n","protected":false},"excerpt":{"rendered":"<p>15 LE Aiqidi elektromos 72V cs\u00f3nakmotor Anqidi k\u00fclmotor. B\u00e1rmilyen m\u00e9ret\/kivitel rendelhet\u0151! &nbsp; Teljes\u00edtm\u00e9ny: 15 LE\u00a0 Fesz\u00fclts\u00e9g: 72 V Motor t\u00edpusa: PMSM Az Aiqidi E15 egy 15 l\u00f3er\u0151s elektromos k\u00fclmotor. A maxim\u00e1lis teljes\u00edtm\u00e9ny 11 kW, a n\u00e9vleges fesz\u00fclts\u00e9g pedig 72 V. Az elektromos k\u00fclmotorok nem haszn\u00e1lnak \u00fczemanyagot, \u00edgy csendesebbek \u00e9s k\u00f6rnyezetbar\u00e1tabbak a benzinmotoros modellekhez k\u00e9pest. \u00c1lland\u00f3 [&hellip;]<\/p>\n","protected":false},"featured_media":6001,"comment_status":"open","ping_status":"closed","template":"","meta":[],"product_brand":[],"product_cat":[84],"product_tag":[],"class_list":{"0":"post-5700","1":"product","2":"type-product","3":"status-publish","4":"has-post-thumbnail","6":"product_cat-aiqidi","8":"first","9":"instock","10":"taxable","11":"shipping-taxable","12":"purchasable","13":"product-type-simple"},"jetpack_sharing_enabled":true,"_links":{"self":[{"href":"https:\/\/csonakjavitas.hu\/index.php\/wp-json\/wp\/v2\/product\/5700","targetHints":{"allow":["GET"]}}],"collection":[{"href":"https:\/\/csonakjavitas.hu\/index.php\/wp-json\/wp\/v2\/product"}],"about":[{"href":"https:\/\/csonakjavitas.hu\/index.php\/wp-json\/wp\/v2\/types\/product"}],"replies":[{"embeddable":true,"href":"https:\/\/csonakjavitas.hu\/index.php\/wp-json\/wp\/v2\/comments?post=5700"}],"wp:featuredmedia":[{"embeddable":true,"href":"https:\/\/csonakjavitas.hu\/index.php\/wp-json\/wp\/v2\/media\/6001"}],"wp:attachment":[{"href":"https:\/\/csonakjavitas.hu\/index.php\/wp-json\/wp\/v2\/media?parent=5700"}],"wp:term":[{"taxonomy":"product_brand","embeddable":true,"href":"https:\/\/csonakjavitas.hu\/index.php\/wp-json\/wp\/v2\/product_brand?post=5700"},{"taxonomy":"product_cat","embeddable":true,"href":"https:\/\/csonakjavitas.hu\/index.php\/wp-json\/wp\/v2\/product_cat?post=5700"},{"taxonomy":"product_tag","embeddable":true,"href":"https:\/\/csonakjavitas.hu\/index.php\/wp-json\/wp\/v2\/product_tag?post=5700"}],"curies":[{"name":"wp","href":"https:\/\/api.w.org\/{rel}","templated":true}]}}