{"id":5716,"date":"2026-02-23T15:56:28","date_gmt":"2026-02-23T15:56:28","guid":{"rendered":"https:\/\/wp.csonakjavitas.hu\/?post_type=product&#038;p=5716"},"modified":"2026-03-10T12:43:33","modified_gmt":"2026-03-10T12:43:33","slug":"bf-20-lhgu-csonakmotor","status":"publish","type":"product","link":"https:\/\/csonakjavitas.hu\/index.php\/termek\/bf-20-lhgu-csonakmotor\/","title":{"rendered":"Honda BF 20 LHGU\u00a0 cs\u00f3nakmotor"},"content":{"rendered":"<p>A BF20 motorok el\u00e9rhet\u0151ek elektromos kiemel\u00e9s funkci\u00f3val is.<\/p>\n<p>Annak \u00e9rdek\u00e9ben, hogy m\u00e9g egyenletesebb legyen a gyorsul\u00e1s, \u00e9s m\u00e9g jobb legyen az \u00fczemanyag fogyaszt\u00e1s a Honda ezekn\u00e9l a modellekn\u00e9l is bevezette, a m\u00e1r bizony\u00edtott PGM-IG technol\u00f3gi\u00e1t, ami egy elektronikus vez\u00e9rl\u00e9s\u0171 porlaszt\u00e1si technol\u00f3gia, melynek seg\u00edts\u00e9g\u00e9vel b\u00e1rmilyen sebess\u00e9gn\u00e9l optim\u00e1lis a porlaszt\u00e1s.<\/p>\n<p>A motorok tov\u00e1bbi biztons\u00e1gi elektronik\u00e1val is fel vannak szerelve, mint p\u00e9ld\u00e1ul az olajnyom\u00e1st jelez\u0151 l\u00e1mpa, a t\u00falmeleged\u00e9st \u00e9s a t\u00falp\u00f6rget\u00e9st figyel\u0151 rendszerek.<\/p>\n<p>A rezg\u00e9sek cs\u00f6kkent\u00e9se v\u00e9gett a motorh\u00e1z ingamozg\u00e1sra k\u00e9pes, amivel biztos\u00edtja a vibr\u00e1ci\u00f3 n\u00e9lk\u00fcli haj\u00f3z\u00e1st, \u00e9s ezen fel\u00fcl is tov\u00e1bbi el\u0151ny\u00f6kkel rendelkezik mindk\u00e9t motor.<\/p>\n<p>Mindk\u00e9t v\u00e1ltozat rendelkezik korm\u00e1ny\u00e1ll\u00e1sos (g\u00e1zkaros) \u00e9s korm\u00e1nyrudas korm\u00e1nyz\u00e1ssal is, a ber\u00e1nt\u00f3 vagy elektromos ind\u00edt\u00e1s\u00fa v\u00e1ltozattal \u00e9s mindegyikben van automatikus szivat\u00f3 \u00e9s t\u00f6lt\u0151tekercs.<\/p>\n<p>L\u00e9tezik teljes\u00edtm\u00e9nyn\u00f6vel\u0151 propeller szett a motorhoz, illetve rendelhet\u0151 elektromos kiemel\u00e9s\u0171 vagy kiemel\u00e9s r\u00e1seg\u00edt\u0151s v\u00e1ltozatban is. Tov\u00e1bb\u00e1 a 4-\u00fctem\u0171 motorok kateg\u00f3ri\u00e1j\u00e1ban a BF20 modell a legk\u00f6nnyebb.<\/p>\n<p>Digit\u00e1lis gy\u00fajt\u00e1s az optim\u00e1lis teljes\u00edtm\u00e9nyszolg\u00e1ltat\u00e1s v\u00e9gett<\/p>\n<p>L\u00e9tezik teljes\u00edtm\u00e9nyn\u00f6vel\u0151 propeller kieg\u00e9sz\u00edt\u0151 a motorhoz<\/p>\n<p>Ber\u00e1nt\u00f3 vagy elektromos ind\u00edt\u00e1s\u00fa v\u00e1ltozatok automatikus szivat\u00f3val \u00e9s t\u00f6lt\u0151tekerccsel<\/p>\n<p>Ir\u00e1nykapcsol\u00f3 a motor elej\u00e9n a k\u00f6nnyebb man\u0151verez\u00e9s el\u0151seg\u00edt\u00e9s\u00e9re<\/p>\n<p>A rezg\u00e9sek cs\u00f6kkent\u00e9se v\u00e9gett a motorh\u00e1z ingamozg\u00e1sra k\u00e9pes<\/p>\n<p>Egyszer\u0171 g\u00e1zkar \u00e9s korm\u00e1nyrudas korm\u00e1nyz\u00e1s<\/p>\n<p>Olajnyom\u00e1st jelz\u0151 l\u00e1mpa<\/p>\n<p>Elektronikus olaj-, h\u0151fok- \u00e9s fordulatsz\u00e1m-ellen\u0151rz\u0151 rendszer<\/p>\n<p>T\u00e1vir\u00e1ny\u00edt\u00e1s\u00fa vagy korm\u00e1nyrudas v\u00e1ltozatok<\/p>\n<p>Be\u00f6nt\u0151 ny\u00edl\u00e1s az \u00e9desv\u00edz sz\u00e1m\u00e1ra, ami a motor \u00e9lettartam\u00e1nak meghosszabb\u00edt\u00e1s\u00e1t szolg\u00e1lja<\/p>\n<p>Be\u00e9p\u00edtett hordoz\u00f3 foganty\u00fa<\/p>\n<p>Tipus, 4 \u00fctem\u0171<\/p>\n<p>OHC &#8211; 2 henger<\/p>\n<p>Henger \u0171rtartalom (cm3)<\/p>\n<p>350<\/p>\n<p>Furat x l\u00f6ket (mm)<\/p>\n<p>59&#215;64<\/p>\n<p>Max. fordulatsz\u00e1m<\/p>\n<p>5000-6000<\/p>\n<p>Folyamatos teljes\u00edtm\u00e9ny HP (kw)<\/p>\n<p>20 &#8211; (14,7)<\/p>\n<p>H\u0171t\u00e9si rendszer<\/p>\n<p>V\u00edzh\u0171t\u00e9s<\/p>\n<p>\u00dczemanyag ell\u00e1t\u00e1s<\/p>\n<p>1 karbur\u00e1tor<\/p>\n<p>Gy\u00fajt\u00e1si rendszer<\/p>\n<p>Elektronikus PGM-IG<\/p>\n<p>Kipufog\u00f3 rendszer<\/p>\n<p>Propelleren \u00e1t<\/p>\n<p>\u00c1tvitel ar\u00e1nya<\/p>\n<p>2,08<\/p>\n<p>Ir\u00e1nyv\u00e1lt\u00f3 fokozatok<\/p>\n<p>F-N-R<\/p>\n<p>T\u00f6lt\u0151 \u00e1ram<\/p>\n<p>12 A<\/p>\n<p>Sz\u00e1ll\u00edtott propeller (inch)<\/p>\n<p>S: 9 1\/4 x 9 &#8211; L: 9 1\/4 x 8<\/p>\n<p>Propeller: \u00e1gak sz\u00e1ma<\/p>\n<p>4<\/p>\n<p>Motoros kiemel\u00e9s<\/p>\n<p>Opci\u00f3<\/p>\n<p>Ir\u00e1nyv\u00e1lt\u00e1s<\/p>\n<p>T\u00e1vir\u00e1ny\u00edt\u00e1s \/ K\u00e9zi<\/p>\n<p>Ind\u00edt\u00f3 rendszer<\/p>\n<p>Elektromos \/ K\u00e9zi<\/p>\n<p>Trib hossz<\/p>\n<p>S vagy L<\/p>\n<p>Billent\u00e9s r\u00e1seg\u00edt\u00e9s<\/p>\n<p>Elektromos \/ K\u00e9zi<\/p>\n<p>Motor billent\u00e9s<\/p>\n<p>K\u00e9zi 5 fokozat<\/p>\n<p>Hossz\u00fas\u00e1g (mm)<\/p>\n<p>650<\/p>\n<p>Sz\u00e9less\u00e9g (mm)<\/p>\n<p>350<\/p>\n<p>Magass\u00e1g (mm)<\/p>\n<p>1110 (S) &#8211; 1240 (L) &#8211; 1380 (X)<\/p>\n<p>Trib magass\u00e1g (mm)<\/p>\n<p>433 (S) &#8211; 563 (L) &#8211; 703 (X)<\/p>\n<p>S\u00faly (kg): L<\/p>\n<p>49,5<\/p>\n<p>S\u00faly (kg): S<\/p>\n<p>46,5<\/p>\n<p>&nbsp;<\/p>\n<p>\u00d3vakodjon a fekete importt\u00f3l! 5 \u00e9v sorsz\u00e1mozott \u00e9s hivatalosan regisztr\u00e1lt garanci\u00e1val<\/p>\n","protected":false},"excerpt":{"rendered":"<p>A BF20 motorok el\u00e9rhet\u0151ek elektromos kiemel\u00e9s funkci\u00f3val is. Annak \u00e9rdek\u00e9ben, hogy m\u00e9g egyenletesebb legyen a gyorsul\u00e1s, \u00e9s m\u00e9g jobb legyen az \u00fczemanyag fogyaszt\u00e1s a Honda ezekn\u00e9l a modellekn\u00e9l is bevezette, a m\u00e1r bizony\u00edtott PGM-IG technol\u00f3gi\u00e1t, ami egy elektronikus vez\u00e9rl\u00e9s\u0171 porlaszt\u00e1si technol\u00f3gia, melynek seg\u00edts\u00e9g\u00e9vel b\u00e1rmilyen sebess\u00e9gn\u00e9l optim\u00e1lis a porlaszt\u00e1s. A motorok tov\u00e1bbi biztons\u00e1gi elektronik\u00e1val is fel [&hellip;]<\/p>\n","protected":false},"featured_media":6137,"comment_status":"open","ping_status":"closed","template":"","meta":[],"product_brand":[],"product_cat":[85],"product_tag":[],"class_list":{"0":"post-5716","1":"product","2":"type-product","3":"status-publish","4":"has-post-thumbnail","6":"product_cat-honda-motor","8":"first","9":"instock","10":"taxable","11":"shipping-taxable","12":"purchasable","13":"product-type-simple"},"jetpack_sharing_enabled":true,"_links":{"self":[{"href":"https:\/\/csonakjavitas.hu\/index.php\/wp-json\/wp\/v2\/product\/5716","targetHints":{"allow":["GET"]}}],"collection":[{"href":"https:\/\/csonakjavitas.hu\/index.php\/wp-json\/wp\/v2\/product"}],"about":[{"href":"https:\/\/csonakjavitas.hu\/index.php\/wp-json\/wp\/v2\/types\/product"}],"replies":[{"embeddable":true,"href":"https:\/\/csonakjavitas.hu\/index.php\/wp-json\/wp\/v2\/comments?post=5716"}],"wp:featuredmedia":[{"embeddable":true,"href":"https:\/\/csonakjavitas.hu\/index.php\/wp-json\/wp\/v2\/media\/6137"}],"wp:attachment":[{"href":"https:\/\/csonakjavitas.hu\/index.php\/wp-json\/wp\/v2\/media?parent=5716"}],"wp:term":[{"taxonomy":"product_brand","embeddable":true,"href":"https:\/\/csonakjavitas.hu\/index.php\/wp-json\/wp\/v2\/product_brand?post=5716"},{"taxonomy":"product_cat","embeddable":true,"href":"https:\/\/csonakjavitas.hu\/index.php\/wp-json\/wp\/v2\/product_cat?post=5716"},{"taxonomy":"product_tag","embeddable":true,"href":"https:\/\/csonakjavitas.hu\/index.php\/wp-json\/wp\/v2\/product_tag?post=5716"}],"curies":[{"name":"wp","href":"https:\/\/api.w.org\/{rel}","templated":true}]}}