{"id":5718,"date":"2026-02-23T15:56:28","date_gmt":"2026-02-23T15:56:28","guid":{"rendered":"https:\/\/wp.csonakjavitas.hu\/?post_type=product&#038;p=5718"},"modified":"2026-03-10T12:50:50","modified_gmt":"2026-03-10T12:50:50","slug":"bf-20-sru-csonakmotor","status":"publish","type":"product","link":"https:\/\/csonakjavitas.hu\/index.php\/termek\/bf-20-sru-csonakmotor\/","title":{"rendered":"Honda BF 20 SRU\u00a0cs\u00f3nakmotor"},"content":{"rendered":"<p>A BF20 motorok el\u00e9rhet\u0151ek elektromos kiemel\u00e9s funkci\u00f3val is.<\/p>\n<p>Annak \u00e9rdek\u00e9ben, hogy m\u00e9g egyenletesebb legyen a gyorsul\u00e1s, \u00e9s m\u00e9g jobb legyen az \u00fczemanyag fogyaszt\u00e1s a Honda ezekn\u00e9l a modellekn\u00e9l is bevezette, a m\u00e1r bizony\u00edtott PGM-IG technol\u00f3gi\u00e1t, ami egy elektronikus vez\u00e9rl\u00e9s\u0171 porlaszt\u00e1si technol\u00f3gia, melynek seg\u00edts\u00e9g\u00e9vel b\u00e1rmilyen sebess\u00e9gn\u00e9l optim\u00e1lis a porlaszt\u00e1s.<\/p>\n<p>A motorok tov\u00e1bbi biztons\u00e1gi elektronik\u00e1val is fel vannak szerelve, mint p\u00e9ld\u00e1ul az olajnyom\u00e1st jelz\u0151 l\u00e1mpa, a t\u00falmeleged\u00e9st \u00e9s a t\u00falp\u00f6rget\u00e9st figyel\u0151 rendszerek. Multifunkcionalit\u00e1s. A rezg\u00e9sek cs\u00f6kkent\u00e9se v\u00e9gett a motorh\u00e1z ingamozg\u00e1sra k\u00e9pes, amivel biztos\u00edtja a vibr\u00e1ci\u00f3 n\u00e9lk\u00fcli haj\u00f3z\u00e1st, \u00e9s ezen fel\u00fcl is tov\u00e1bbi el\u0151ny\u00f6kkel rendelkezik mindk\u00e9t motor.<\/p>\n<p>Mindk\u00e9t v\u00e1ltozat rendelkezik korm\u00e1ny\u00e1ll\u00e1sos (g\u00e1zkaros) \u00e9s korm\u00e1nyrudas korm\u00e1nyz\u00e1ssal is, a ber\u00e1nt\u00f3 vagy elektromos ind\u00edt\u00e1s\u00fa v\u00e1ltozattal \u00e9s mindegyikben van automatikus szivat\u00f3 \u00e9s t\u00f6lt\u0151tekercs. L\u00e9tezik teljes\u00edtm\u00e9nyn\u00f6vel\u0151 propeller szett a motorhoz, illetve rendelhet\u0151 elektromos kiemel\u00e9s\u0171 vagy kiemel\u00e9s r\u00e1seg\u00edt\u0151s v\u00e1ltozatban is.<\/p>\n<p>Tov\u00e1bb\u00e1 a 4-\u00fctem\u0171 motorok kateg\u00f3ri\u00e1j\u00e1ban a BF20 modell a legk\u00f6nnyebb.<\/p>\n<p>&nbsp;<\/p>\n<table class=\"parameter_table\">\n<tbody>\n<tr class=\"odd\">\n<td><strong>Teljes\u00edtm\u00e9ny l\u00f3er\u0151 \/ Kw<\/strong><\/td>\n<td>20 \/ 14.7<\/td>\n<\/tr>\n<tr class=\"even\">\n<td><strong>Trieb hossza<\/strong><\/td>\n<td>r\u00f6vid<\/td>\n<\/tr>\n<tr class=\"odd\">\n<td><strong>\u00dctem sz\u00e1m<\/strong><\/td>\n<td>4 \u00fctem (4-stroke-OHC)<\/td>\n<\/tr>\n<tr class=\"even\">\n<td><strong>Ind\u00edt\u00e1s m\u00f3dja<\/strong><\/td>\n<td>k\u00e9zi (ber\u00e1nt\u00f3s) \u00e9s elektromos<\/td>\n<\/tr>\n<tr class=\"odd\">\n<td><strong>Maxim\u00e1lis fordulat<\/strong><\/td>\n<td>6000 rpm<\/td>\n<\/tr>\n<tr class=\"even\">\n<td><strong>H\u0171t\u00e9si m\u00f3d<\/strong><\/td>\n<td>v\u00edz<\/td>\n<\/tr>\n<tr class=\"odd\">\n<td><strong>S\u00faly<\/strong><\/td>\n<td>49,5 kg<\/td>\n<\/tr>\n<tr class=\"even\">\n<td><strong>Hengerek sz\u00e1ma<\/strong><\/td>\n<td>2<\/td>\n<\/tr>\n<tr class=\"odd\">\n<td><strong>Henger\u0171rtartalom, cm3<\/strong><\/td>\n<td>350 cm\u00b3<\/td>\n<\/tr>\n<tr class=\"even\">\n<td><strong>Ir\u00e1ny\u00edt\u00e1s<\/strong><\/td>\n<td>t\u00e1vir\u00e1ny\u00edt\u00f3n kereszt\u00fcl (korm\u00e1nyz\u00e1sra bek\u00f6thet\u0151 modell)<\/td>\n<\/tr>\n<tr class=\"odd\">\n<td><strong>Sebess\u00e9gi fokozatok<\/strong><\/td>\n<td>el\u0151re-\u00fcres-h\u00e1tra (t\u00e1vir\u00e1ny\u00edt\u00f3n kereszt\u00fcl)<\/td>\n<\/tr>\n<tr class=\"even\">\n<td><strong>\u00dczemanyag tart\u00e1ly<\/strong><\/td>\n<td>12 liter, k\u00fcls\u0151<\/td>\n<\/tr>\n<tr class=\"odd\">\n<td><strong>Gener\u00e1tor<\/strong><\/td>\n<td>12V \/ 6A<\/td>\n<\/tr>\n<tr class=\"even\">\n<td><strong>Motor billent\u00e9si<\/strong><\/td>\n<td>k\u00e9zi, 5 poz\u00edci\u00f3<\/td>\n<\/tr>\n<tr class=\"odd\">\n<td><strong>Hajt\u00f3m\u0171 \u00e1tt\u00e9tel<\/strong><\/td>\n<td>2.08:1<\/td>\n<\/tr>\n<tr class=\"even\">\n<td><strong>Kipufog\u00e1s<\/strong><\/td>\n<td>propelleren kereszt\u00fcl, v\u00edz alatt<\/td>\n<\/tr>\n<tr class=\"odd\">\n<td><strong>\u00dczemanyagtank<\/strong><\/td>\n<td>k\u00fcls\u0151 (12 Liter)<\/td>\n<\/tr>\n<\/tbody>\n<\/table>\n<p>&nbsp;<\/p>\n<p>\u00d3vakodjon a fekete importt\u00f3l! 5 \u00e9v sorsz\u00e1mozott \u00e9s hivatalosan regisztr\u00e1lt garanci\u00e1val<\/p>\n","protected":false},"excerpt":{"rendered":"<p>A BF20 motorok el\u00e9rhet\u0151ek elektromos kiemel\u00e9s funkci\u00f3val is. Annak \u00e9rdek\u00e9ben, hogy m\u00e9g egyenletesebb legyen a gyorsul\u00e1s, \u00e9s m\u00e9g jobb legyen az \u00fczemanyag fogyaszt\u00e1s a Honda ezekn\u00e9l a modellekn\u00e9l is bevezette, a m\u00e1r bizony\u00edtott PGM-IG technol\u00f3gi\u00e1t, ami egy elektronikus vez\u00e9rl\u00e9s\u0171 porlaszt\u00e1si technol\u00f3gia, melynek seg\u00edts\u00e9g\u00e9vel b\u00e1rmilyen sebess\u00e9gn\u00e9l optim\u00e1lis a porlaszt\u00e1s. A motorok tov\u00e1bbi biztons\u00e1gi elektronik\u00e1val is fel [&hellip;]<\/p>\n","protected":false},"featured_media":6139,"comment_status":"open","ping_status":"closed","template":"","meta":[],"product_brand":[],"product_cat":[85],"product_tag":[],"class_list":{"0":"post-5718","1":"product","2":"type-product","3":"status-publish","4":"has-post-thumbnail","6":"product_cat-honda-motor","8":"first","9":"instock","10":"taxable","11":"shipping-taxable","12":"purchasable","13":"product-type-simple"},"jetpack_sharing_enabled":true,"_links":{"self":[{"href":"https:\/\/csonakjavitas.hu\/index.php\/wp-json\/wp\/v2\/product\/5718","targetHints":{"allow":["GET"]}}],"collection":[{"href":"https:\/\/csonakjavitas.hu\/index.php\/wp-json\/wp\/v2\/product"}],"about":[{"href":"https:\/\/csonakjavitas.hu\/index.php\/wp-json\/wp\/v2\/types\/product"}],"replies":[{"embeddable":true,"href":"https:\/\/csonakjavitas.hu\/index.php\/wp-json\/wp\/v2\/comments?post=5718"}],"wp:featuredmedia":[{"embeddable":true,"href":"https:\/\/csonakjavitas.hu\/index.php\/wp-json\/wp\/v2\/media\/6139"}],"wp:attachment":[{"href":"https:\/\/csonakjavitas.hu\/index.php\/wp-json\/wp\/v2\/media?parent=5718"}],"wp:term":[{"taxonomy":"product_brand","embeddable":true,"href":"https:\/\/csonakjavitas.hu\/index.php\/wp-json\/wp\/v2\/product_brand?post=5718"},{"taxonomy":"product_cat","embeddable":true,"href":"https:\/\/csonakjavitas.hu\/index.php\/wp-json\/wp\/v2\/product_cat?post=5718"},{"taxonomy":"product_tag","embeddable":true,"href":"https:\/\/csonakjavitas.hu\/index.php\/wp-json\/wp\/v2\/product_tag?post=5718"}],"curies":[{"name":"wp","href":"https:\/\/api.w.org\/{rel}","templated":true}]}}