{"id":5723,"date":"2026-02-23T15:56:28","date_gmt":"2026-02-23T15:56:28","guid":{"rendered":"https:\/\/wp.csonakjavitas.hu\/?post_type=product&#038;p=5723"},"modified":"2026-03-11T12:37:19","modified_gmt":"2026-03-11T12:37:19","slug":"bf-30-lhgu-csonakmotor","status":"publish","type":"product","link":"https:\/\/csonakjavitas.hu\/index.php\/termek\/bf-30-lhgu-csonakmotor\/","title":{"rendered":"Honda BF 30 LHGU\u00a0cs\u00f3nakmotor"},"content":{"rendered":"<p>A BF 30-as motorok \u00e9rt\u00e9kes \u00faj tulajdons\u00e1gokkal b\u00edrnak. A henger\u0171rtartalmukat 10 %-kal megn\u00f6velt\u00e9k, ami nagyobb teljes\u00edtm\u00e9nyt \u00e9s egyenletesebb fut\u00e1st eredm\u00e9nyez a teljes tartom\u00e1nyban. A PGM-IG elektromos gy\u00fajt\u00e1srendszer megfelel\u0151 id\u0151z\u00edt\u00e9st ny\u00fajt minden fordulatsz\u00e1mon.<\/p>\n<p>Az automatikus ind\u00edt\u00e1srendszer pedig be\u00e1ll\u00edtja a megfelel\u0151 benzin\/leveg\u0151 ar\u00e1nyt, \u00e9s ezzel biztos\u00edtja a gyors \u00e9s z\u00f6kken\u0151mentes ind\u00edt\u00e1st.<\/p>\n<p>Annak \u00e9rdek\u00e9ben, hogy a motor rezg\u00e9s\u00e9t minim\u00e1lisra cs\u00f6kkents\u00e9k, kett\u0151s rezg\u00e9selnyel\u0151kkel \u00e9s nagy teherb\u00edr\u00e1s\u00fa szerkezettel \u00e9p\u00edtett\u00e9k meg \u0151ket, valamint a meghosszabb\u00edt\u00f3t k\u00e9zikarral szerelt\u00e9k fel, \u00edgy a legk\u00e9nyelmesebb k\u00e9zi vez\u00e9rl\u00e9st biztos\u00edtja a motor.<\/p>\n<p>Mivel a Honda-motorokban az \u00fczemanyag \u00e9s az olaj nem keveredik, nyugodtan elengedheti mag\u00e1t, nem kell agg\u00f3dnia a kellemetlen kipufog\u00f3 g\u00e1zok miatt, amelyek a k\u00e9t\u00fctem\u0171 motorokb\u00f3l erednek. S\u0151t mi t\u00f6bb: minden motor megfelel az eur\u00f3pai RCD szabv\u00e1nyoknak, amely a zaj \u00e9s kipufog\u00f3g\u00e1z kibocs\u00e1t\u00e1st szab\u00e1lyozza.<\/p>\n<p>&nbsp;<\/p>\n<p>3 hengeres megold\u00e1s az egyenletes fut\u00e1s \u00e9s a kisebb s\u00faly \u00e9rdek\u00e9ben<\/p>\n<p>Elektromos gy\u00fajt\u00e1s \u2013 pontos, hat\u00e9kony \u00e9s biztons\u00e1gos<\/p>\n<p>Hidraulikus motorkiemel\u00e9s \u00e9s motorsz\u00f6g \u00e1ll\u00edt\u00e1s vagy kiemel\u00e9s r\u00e1seg\u00edt\u00e9s<\/p>\n<p>Be\u00f6nt\u0151 ny\u00edl\u00e1s az \u00e9desv\u00edz sz\u00e1m\u00e1ra, ami a motor \u00e9lettartam\u00e1nak meghosszabb\u00edt\u00e1s\u00e1t szolg\u00e1lja<\/p>\n<p>Kateg\u00f3ri\u00e1j\u00e1ban a legk\u00f6nnyebb motor<\/p>\n<p>T\u00e1vir\u00e1ny\u00edt\u00f3 vagy a hossz\u00fa korm\u00e1nyr\u00fad, ami nagyobb hat\u00e9konys\u00e1got \u00e9s k\u00e9nyelmet ny\u00fajt<\/p>\n<p>Tov\u00e1bbfejlesztett automatikus ind\u00edt\u00f3rendszer, szivat\u00f3 n\u00e9lk\u00fcl<\/p>\n<p>Olajnyom\u00e1st jelz\u0151 l\u00e1mpa<\/p>\n<p>Elektronikus olaj-, h\u0151fok- \u00e9s fordulatsz\u00e1m-ellen\u0151rz\u0151 rendszer<\/p>\n<p>T\u00e1gas motort\u00e9r a nagyobb teljes\u00edtm\u00e9ny\u00e9rt<\/p>\n<p>&nbsp;<\/p>\n<p>Tipus, 4 \u00fctem\u0171<\/p>\n<p>OHC &#8211; 3 henger<\/p>\n<p>Henger \u0171rtartalom (cm3)<\/p>\n<p>552<\/p>\n<p>Furat x l\u00f6ket (mm)<\/p>\n<p>61&#215;63<\/p>\n<p>Szelepek sz\u00e1ma<\/p>\n<p>6 szelep<\/p>\n<p>Max. fordulatsz\u00e1m<\/p>\n<p>5000-6000<\/p>\n<p>Folyamatos teljes\u00edtm\u00e9ny HP (kw)<\/p>\n<p>30 &#8211; (22,1)<\/p>\n<p>H\u0171t\u00e9si rendszer<\/p>\n<p>V\u00edzh\u0171t\u00e9s<\/p>\n<p>\u00dczemanyag ell\u00e1t\u00e1s<\/p>\n<p>Elektronikus befecskendez\u0151<\/p>\n<p>Gy\u00fajt\u00e1si rendszer<\/p>\n<p>Elektronikus PGM-IG<\/p>\n<p>Kipufog\u00f3 rendszer<\/p>\n<p>Propelleren \u00e1t<\/p>\n<p>\u00c1tvitel ar\u00e1nya<\/p>\n<p>2,08<\/p>\n<p>Ir\u00e1nyv\u00e1lt\u00f3 fokozatok<\/p>\n<p>F-N-R<\/p>\n<p>T\u00f6lt\u0151 \u00e1ram<\/p>\n<p>10 A<\/p>\n<p>Propeller m\u00e9ret<\/p>\n<p>9 1\/4 x 12<\/p>\n<p>Propeller lap\u00e1tok sz\u00e1ma (db)<\/p>\n<p>3<\/p>\n<p>Ir\u00e1nyv\u00e1lt\u00e1s<\/p>\n<p>T\u00e1vir\u00e1ny\u00edt\u00e1s\/k\u00e9zi<\/p>\n<p>Ind\u00edt\u00f3 rendszer<\/p>\n<p>Elektromos\/k\u00e9zi<\/p>\n<p>Trib hossz<\/p>\n<p>S\/L<\/p>\n<p>Kiemel\u00e9s r\u00e1seg\u00edt\u00e9s<\/p>\n<p>k\u00e9zi\/r\u00e1seg\u00edt\u00e9s\/hidraulikus<\/p>\n<p>Motor billent\u00e9s<\/p>\n<p>k\u00e9zi\/r\u00e1seg\u00edt\u00e9s\/hidraulikus<\/p>\n<p>Hossz\u00fas\u00e1g (mm)<\/p>\n<p>640 &#8211; 720<\/p>\n<p>Sz\u00e9less\u00e9g (mm)<\/p>\n<p>380<\/p>\n<p>Magass\u00e1g (mm)<\/p>\n<p>1195 (S) &#8211; 1320 (L)<\/p>\n<p>Trib magass\u00e1g (mm)<\/p>\n<p>431 (S) &#8211; 552 (L)<\/p>\n<p>S\u00faly (kg): L<\/p>\n<p>72,5<\/p>\n<p>S\u00faly (kg): S<\/p>\n<p>70,5<\/p>\n<p>&nbsp;<\/p>\n<p>\u00d3vakodjon a fekete importt\u00f3l! 5 \u00e9v sorsz\u00e1mozott \u00e9s hivatalosan regisztr\u00e1lt garanci\u00e1val<\/p>\n","protected":false},"excerpt":{"rendered":"<p>A BF 30-as motorok \u00e9rt\u00e9kes \u00faj tulajdons\u00e1gokkal b\u00edrnak. A henger\u0171rtartalmukat 10 %-kal megn\u00f6velt\u00e9k, ami nagyobb teljes\u00edtm\u00e9nyt \u00e9s egyenletesebb fut\u00e1st eredm\u00e9nyez a teljes tartom\u00e1nyban. A PGM-IG elektromos gy\u00fajt\u00e1srendszer megfelel\u0151 id\u0151z\u00edt\u00e9st ny\u00fajt minden fordulatsz\u00e1mon. Az automatikus ind\u00edt\u00e1srendszer pedig be\u00e1ll\u00edtja a megfelel\u0151 benzin\/leveg\u0151 ar\u00e1nyt, \u00e9s ezzel biztos\u00edtja a gyors \u00e9s z\u00f6kken\u0151mentes ind\u00edt\u00e1st. Annak \u00e9rdek\u00e9ben, hogy a motor rezg\u00e9s\u00e9t [&hellip;]<\/p>\n","protected":false},"featured_media":6152,"comment_status":"open","ping_status":"closed","template":"","meta":[],"product_brand":[],"product_cat":[85],"product_tag":[],"class_list":{"0":"post-5723","1":"product","2":"type-product","3":"status-publish","4":"has-post-thumbnail","6":"product_cat-honda-motor","8":"first","9":"instock","10":"taxable","11":"shipping-taxable","12":"purchasable","13":"product-type-simple"},"jetpack_sharing_enabled":true,"_links":{"self":[{"href":"https:\/\/csonakjavitas.hu\/index.php\/wp-json\/wp\/v2\/product\/5723","targetHints":{"allow":["GET"]}}],"collection":[{"href":"https:\/\/csonakjavitas.hu\/index.php\/wp-json\/wp\/v2\/product"}],"about":[{"href":"https:\/\/csonakjavitas.hu\/index.php\/wp-json\/wp\/v2\/types\/product"}],"replies":[{"embeddable":true,"href":"https:\/\/csonakjavitas.hu\/index.php\/wp-json\/wp\/v2\/comments?post=5723"}],"wp:featuredmedia":[{"embeddable":true,"href":"https:\/\/csonakjavitas.hu\/index.php\/wp-json\/wp\/v2\/media\/6152"}],"wp:attachment":[{"href":"https:\/\/csonakjavitas.hu\/index.php\/wp-json\/wp\/v2\/media?parent=5723"}],"wp:term":[{"taxonomy":"product_brand","embeddable":true,"href":"https:\/\/csonakjavitas.hu\/index.php\/wp-json\/wp\/v2\/product_brand?post=5723"},{"taxonomy":"product_cat","embeddable":true,"href":"https:\/\/csonakjavitas.hu\/index.php\/wp-json\/wp\/v2\/product_cat?post=5723"},{"taxonomy":"product_tag","embeddable":true,"href":"https:\/\/csonakjavitas.hu\/index.php\/wp-json\/wp\/v2\/product_tag?post=5723"}],"curies":[{"name":"wp","href":"https:\/\/api.w.org\/{rel}","templated":true}]}}