{"id":5726,"date":"2026-02-23T15:56:28","date_gmt":"2026-02-23T15:56:28","guid":{"rendered":"https:\/\/wp.csonakjavitas.hu\/?post_type=product&#038;p=5726"},"modified":"2026-03-06T12:20:17","modified_gmt":"2026-03-06T12:20:17","slug":"bf-50-srtu-csonakmotor","status":"publish","type":"product","link":"https:\/\/csonakjavitas.hu\/index.php\/termek\/bf-50-srtu-csonakmotor\/","title":{"rendered":"Honda BF 50 SRTU\u00a0 cs\u00f3nakmotor"},"content":{"rendered":"<p>Kateg\u00f3ri\u00e1j\u00e1nak leg\u00fczemanyag-takar\u00e9kosabbja<br \/>\nAz \u00faj Honda BF40\/50 modellekben megtal\u00e1lhat\u00f3 az ECOmo \u00e9s a Lean Burn rendszer, amely biztos\u00edtja a motorok tisztas\u00e1g\u00e1t \u00e9s halk m\u0171k\u00f6d\u00e9s\u00e9t, valamint az utaz\u00f3sebess\u00e9g el\u00e9r\u00e9se ut\u00e1n jelent\u0151s m\u00e9rt\u00e9kben cs\u00f6kkentik az \u00fczemanyag felhaszn\u00e1l\u00e1st.<\/p>\n<p>A Honda elk\u00f6telezte mag\u00e1t, hogy nemcsak az haj\u00f3z\u00e1s \u00e9lm\u00e9ny\u00e9t szeretn\u00e9 m\u00e9g jobb\u00e1 tenni, hanem ezzel egy id\u0151ben a k\u00f6rnyezetre is szeretne odafigyelni. Ez\u00e9rt az \u00faj BF40\/50 modellek CO2 kibocs\u00e1t\u00e1s\u00e1t 30%-kal cs\u00f6kkentette, amellett, hogy a m\u00e1r kor\u00e1bban megszokott teljes\u00edtm\u00e9nyt ny\u00fajtj\u00e1k ezek a motorok is. Haj\u00f3z\u00e1s \u00e9lm\u00e9nye k\u00f6zben ne feledkezzen meg arr\u00f3l, hogy mostant\u00f3l kev\u00e9sb\u00e9 szennyezi a k\u00f6rnyezetet motorj\u00e1val.<\/p>\n<p>Kis motor, hatalmas er\u0151vel! A t\u00f6bb ponton kereszt\u00fcli befecskendez\u00e9snek (PGM-FI), a BLAST technol\u00f3gi\u00e1nak \u00e9s a porlaszt\u00e1s idej\u00e9t optimaliz\u00e1l\u00f3 rendszernek k\u00f6sz\u00f6nhet\u0151en a BF40\/50 modellek mindig a legoptim\u00e1lisabb leveg\u0151\/\u00fczemanyag ar\u00e1nnyal futnak, amely biztos\u00edtja a maxim\u00e1lis teljes\u00edtm\u00e9nyt \u00e9s a minim\u00e1lis \u00fczemanyag felhaszn\u00e1l\u00e1st. Hatalmas er\u0151 alacsony fordulaton is.<\/p>\n<p>&nbsp;<\/p>\n<p>3 hengeres megold\u00e1s az egyenletes fut\u00e1s \u00e9s a kisebb s\u00faly \u00e9rdek\u00e9ben<br \/>\nT\u00f6bb ponton kereszt\u00fcl t\u00f6rt\u00e9n\u0151 elektronikus porlaszt\u00e1s (PGM-FI)<br \/>\nBLAST- hirtelen g\u00e1zad\u00e1s eset\u00e9n a rendszernek k\u00f6sz\u00f6nhet\u0151en a gy\u00fajt\u00e1sg\u00f6rbe drasztikusan megemelkedik<br \/>\nLean Burn Feedback szab\u00e1lyz\u00f3 egy oxig\u00e9n szenzor seg\u00edts\u00e9g\u00e9vel biztos\u00edtja az optim\u00e1lis \u00fczemanyag felhaszn\u00e1l\u00e1st. (ECOmo)<br \/>\nBe\u00f6nt\u0151 ny\u00edl\u00e1s az \u00e9desv\u00edz sz\u00e1m\u00e1ra, ami a motor \u00e9lettartam\u00e1nak meghosszabb\u00edt\u00e1s\u00e1t szolg\u00e1lja<br \/>\nHossz\u00fa k\u00e9zikar az egyszer\u0171bb \u00e9s k\u00e9nyelmesebb korm\u00e1nyz\u00e1s\u00e9rt (opci\u00f3)<br \/>\nT\u00falmeleged\u00e9st, olajnyom\u00e1st \u00e9s a t\u00falp\u00f6rget\u00e9st figyel\u0151 rendszer<br \/>\n17 A t\u00f6lt\u0151kapacit\u00e1s, amely a fed\u00e9lzet elektronikus sz\u00fcks\u00e9gleteit hivatott kiel\u00e9g\u00edteni<\/p>\n<p>&nbsp;<\/p>\n<p>&nbsp;<\/p>\n<p>MOTOR<br \/>\nBF50<\/p>\n<p>Tipus, 4 \u00fctem\u0171<br \/>\nOHC &#8211; 3 henger<\/p>\n<p>Henger \u0171rtartalom (cm3)<br \/>\n808<\/p>\n<p>Furat x l\u00f6ket (mm)<br \/>\n70&#215;70<\/p>\n<p>Szelepek sz\u00e1ma<br \/>\n6 szelep<\/p>\n<p>Max. fordulatsz\u00e1m<br \/>\n5500-6000<\/p>\n<p>Folyamatos teljes\u00edtm\u00e9ny HP (kw)<br \/>\n50 &#8211; (36,8)<\/p>\n<p>H\u0171t\u00e9si rendszer<br \/>\nV\u00edzh\u0171t\u00e9s<\/p>\n<p>\u00dczemanyag ell\u00e1t\u00e1s<br \/>\nElektronikus befecskendez\u0151<\/p>\n<p>Gy\u00fajt\u00e1si rendszer<br \/>\nElektronikus PGM-IG<\/p>\n<p>Kipufog\u00f3 rendszer<br \/>\nPropelleren \u00e1t<\/p>\n<p>\u00c1tvitel ar\u00e1nya<br \/>\n2,08<\/p>\n<p>Ir\u00e1nyv\u00e1lt\u00f3 fokozatok<br \/>\nF-N-R<\/p>\n<p>FEL\u00c9P\u00cdTM\u00c9NY<br \/>\nBF50<\/p>\n<p>T\u00f6lt\u0151 \u00e1ram<br \/>\n17 A<\/p>\n<p>Propeller m\u00e9ret<br \/>\nOpci\u00f3<\/p>\n<p>Propeller lap\u00e1tok sz\u00e1ma (db)<br \/>\n3 v. 4<\/p>\n<p>Ir\u00e1nyv\u00e1lt\u00e1s<br \/>\nT\u00e1vir\u00e1ny\u00edt\u00e1s\/ K\u00e9zi<\/p>\n<p>Ind\u00edt\u00f3 rendszer<br \/>\nElektromos<\/p>\n<p>Trib hossz<br \/>\nS\/L<\/p>\n<p>Kiemel\u00e9s r\u00e1seg\u00edt\u00e9s<br \/>\nMotoros billent\u00e9s \/ kiemel\u00e9s<\/p>\n<p>Motor billent\u00e9s<br \/>\nMotoros billent\u00e9s \/ kiemel\u00e9s<\/p>\n<p>M\u00c9RETEK<br \/>\nBF50<\/p>\n<p>Hossz\u00fas\u00e1g (mm)<br \/>\n694<\/p>\n<p>Sz\u00e9less\u00e9g (mm)<br \/>\n372<\/p>\n<p>Magass\u00e1g (mm)<br \/>\n1258 (S) &#8211; 1364 (L)<\/p>\n<p>Trib magass\u00e1g (mm)<br \/>\n416 (S) &#8211; 521 (L)<\/p>\n<p>S\u00faly (kg): L<br \/>\n98<\/p>\n<p>S\u00faly (kg): S<br \/>\n96<\/p>\n<p>\u00d3vakodjon a fekete importt\u00f3l! 5 \u00e9v sorsz\u00e1mozott \u00e9s hivatalosan regisztr\u00e1lt garanci\u00e1val<\/p>\n","protected":false},"excerpt":{"rendered":"<p>Kateg\u00f3ri\u00e1j\u00e1nak leg\u00fczemanyag-takar\u00e9kosabbja Az \u00faj Honda BF40\/50 modellekben megtal\u00e1lhat\u00f3 az ECOmo \u00e9s a Lean Burn rendszer, amely biztos\u00edtja a motorok tisztas\u00e1g\u00e1t \u00e9s halk m\u0171k\u00f6d\u00e9s\u00e9t, valamint az utaz\u00f3sebess\u00e9g el\u00e9r\u00e9se ut\u00e1n jelent\u0151s m\u00e9rt\u00e9kben cs\u00f6kkentik az \u00fczemanyag felhaszn\u00e1l\u00e1st. A Honda elk\u00f6telezte mag\u00e1t, hogy nemcsak az haj\u00f3z\u00e1s \u00e9lm\u00e9ny\u00e9t szeretn\u00e9 m\u00e9g jobb\u00e1 tenni, hanem ezzel egy id\u0151ben a k\u00f6rnyezetre is szeretne [&hellip;]<\/p>\n","protected":false},"featured_media":6103,"comment_status":"open","ping_status":"closed","template":"","meta":[],"product_brand":[],"product_cat":[85],"product_tag":[],"class_list":{"0":"post-5726","1":"product","2":"type-product","3":"status-publish","4":"has-post-thumbnail","6":"product_cat-honda-motor","8":"first","9":"instock","10":"taxable","11":"shipping-taxable","12":"purchasable","13":"product-type-simple"},"jetpack_sharing_enabled":true,"_links":{"self":[{"href":"https:\/\/csonakjavitas.hu\/index.php\/wp-json\/wp\/v2\/product\/5726","targetHints":{"allow":["GET"]}}],"collection":[{"href":"https:\/\/csonakjavitas.hu\/index.php\/wp-json\/wp\/v2\/product"}],"about":[{"href":"https:\/\/csonakjavitas.hu\/index.php\/wp-json\/wp\/v2\/types\/product"}],"replies":[{"embeddable":true,"href":"https:\/\/csonakjavitas.hu\/index.php\/wp-json\/wp\/v2\/comments?post=5726"}],"wp:featuredmedia":[{"embeddable":true,"href":"https:\/\/csonakjavitas.hu\/index.php\/wp-json\/wp\/v2\/media\/6103"}],"wp:attachment":[{"href":"https:\/\/csonakjavitas.hu\/index.php\/wp-json\/wp\/v2\/media?parent=5726"}],"wp:term":[{"taxonomy":"product_brand","embeddable":true,"href":"https:\/\/csonakjavitas.hu\/index.php\/wp-json\/wp\/v2\/product_brand?post=5726"},{"taxonomy":"product_cat","embeddable":true,"href":"https:\/\/csonakjavitas.hu\/index.php\/wp-json\/wp\/v2\/product_cat?post=5726"},{"taxonomy":"product_tag","embeddable":true,"href":"https:\/\/csonakjavitas.hu\/index.php\/wp-json\/wp\/v2\/product_tag?post=5726"}],"curies":[{"name":"wp","href":"https:\/\/api.w.org\/{rel}","templated":true}]}}