{"id":5728,"date":"2026-02-23T15:56:28","date_gmt":"2026-02-23T15:56:28","guid":{"rendered":"https:\/\/wp.csonakjavitas.hu\/?post_type=product&#038;p=5728"},"modified":"2026-03-06T12:36:12","modified_gmt":"2026-03-06T12:36:12","slug":"bf-60-lrtu-csonakmotort-nem-bf40e-magyarorszagon-illegalis-es-nem-garancias","status":"publish","type":"product","link":"https:\/\/csonakjavitas.hu\/index.php\/termek\/bf-60-lrtu-csonakmotort-nem-bf40e-magyarorszagon-illegalis-es-nem-garancias\/","title":{"rendered":"Honda BF 60 LRTU\u00a0 cs\u00f3nakmotor"},"content":{"rendered":"<h4>Kateg\u00f3ri\u00e1j\u00e1ban a legjobb, ir\u00e1nyonk\u00e9nti 50 fokos sz\u00f6gben \u00e1ll\u00edthat\u00f3 korm\u00e1nyz\u00e1si sz\u00f6g<br \/>\n3 hengeres megold\u00e1s az egyenletes fut\u00e1s \u00e9s a kisebb s\u00faly \u00e9rdek\u00e9ben<br \/>\nT\u00f6bb ponton kereszt\u00fcl t\u00f6rt\u00e9n\u0151 elektronikus porlaszt\u00e1s (PGM-FI)<br \/>\nBLAST- hirtelen g\u00e1zad\u00e1s eset\u00e9n a rendszernek k\u00f6sz\u00f6nhet\u0151en a gy\u00fajt\u00e1sg\u00f6rbe drasztikusan megemelkedik<br \/>\nLean Burn Feedback szab\u00e1lyz\u00f3 egy oxig\u00e9n szenzor seg\u00edts\u00e9g\u00e9vel biztos\u00edtja az optim\u00e1lis \u00fczemanyag felhaszn\u00e1l\u00e1st. (ECOmo)<br \/>\nBe\u00f6nt\u0151 ny\u00edl\u00e1s az \u00e9desv\u00edz sz\u00e1m\u00e1ra, ami a motor \u00e9lettartam\u00e1nak meghosszabb\u00edt\u00e1s\u00e1t szolg\u00e1lja<br \/>\nK\u00f6nnyen haszn\u00e1lhat\u00f3, \u00faj form\u00e1j\u00fa k\u00e9zikar a legfontosabb funkci\u00f3k vez\u00e9rl\u00e9s\u00e9re (opci\u00f3)<br \/>\nT\u00falmeleged\u00e9st, olajnyom\u00e1st \u00e9s a t\u00falp\u00f6rget\u00e9st figyel\u0151 rendszer<br \/>\n17 A t\u00f6lt\u0151kapacit\u00e1s, amely a fed\u00e9lzet elektronikus sz\u00fcks\u00e9gleteit hivatott kiel\u00e9g\u00edteni<\/h4>\n<p>&nbsp;<\/p>\n<p>Kimagasl\u00f3 teljes\u00edtm\u00e9ny kit\u0171n\u0151 \u00fczemanyag fogyaszt\u00e1ssal &#8211; a n\u00e9gy\u00fctem\u0171 cs\u00f3nakmotorok \u00faj gener\u00e1ci\u00f3ja! Egy k\u00f6rnyezetbar\u00e1t n\u00e9gy\u00fctem\u0171 cs\u00f3nakmotor \u00f6nmag\u00e1ban nem el\u00e9g, a teljes\u00edtm\u00e9nyre \u00e9ppolyan hangs\u00falyt kell fektetni.<\/p>\n<p>A BF60 cs\u00f3nakmotorok kifejleszt\u00e9s\u00e9n\u00e9l egy c\u00e9l lebegett a Honda m\u00e9rn\u00f6keinek szeme el\u0151tt, hogy egy kiv\u00e1l\u00f3 teljes\u00edtm\u00e9ny\u0171 \u00e9s kimagasl\u00f3an j\u00f3 \u00fczemanyag-fogyaszt\u00e1s\u00fa motort hozzanak l\u00e9tre. Az \u00fajonnan fejlesztett k\u00f6nny\u0171 \u00e9s kompakt 3-hengeres er\u0151forr\u00e1snak, valamint az \u00faj hidrodinamikus hajt\u00f3m\u0171h\u00e1znak k\u00f6sz\u00f6nhet\u0151en mind teljes\u00edtm\u00e9nyben, mind a fogyaszt\u00e1s tekintet\u00e9ben kateg\u00f3ri\u00e1ja legjobbja.<\/p>\n<p>A Power Trust (megn\u00f6velt teljes\u00edtm\u00e9ny\u0171) hajt\u00f3m\u0171h\u00e1zzal felszerelt kivitel lehet\u0151v\u00e9 teszi, hogy nagyobb cs\u00f3naktestek eset\u00e9n se okozzon probl\u00e9m\u00e1t haszn\u00e1lata. Az \u00faj, multifunkci\u00f3s k\u00e9zikar \u00e9s a sz\u00e9les korm\u00e1nyz\u00e1si sz\u00f6g minden eddigin\u00e9l k\u00f6nnyebb ir\u00e1ny\u00edt\u00e1st tesz lehet\u0151v\u00e9. A BF60 cs\u00f3nakmotor hobbi \u00e9s munkav\u00e9gz\u00e9si c\u00e9lokra egyar\u00e1nt haszn\u00e1lhat\u00f3, mik\u00f6zben k\u00e1rosanyag-kibocs\u00e1t\u00e1sa megfelel a legszigor\u00fabb el\u0151\u00edr\u00e1soknak.<\/p>\n<p>A BF60-s term\u00e9kcsal\u00e1d kimagasl\u00f3an k\u00f6rnyezetbar\u00e1t, meghaladja az RCD (Recreational Craft Directive) ir\u00e1nyelveket \u00e9s a CARB6 emisszi\u00f3s szabv\u00e1nyokat. Megfelel a leg\u00fajabb EPA7 szabv\u00e1nyoknak is, amely jelenleg a legszigor\u00fabb k\u00f6rnyezetv\u00e9delmi el\u0151\u00edr\u00e1s a vil\u00e1gon.<\/p>\n<p>Az \u00fajonnan megalkotott 998 cm3-es, 4 szelepes, 3 hengeres k\u00f6nny\u0171 \u00e9s kompakt motort kifejezetten a BF60 cs\u00f3nakmotorhoz fejlesztette ki a Honda. Els\u0151dleges szempont volt a s\u00faly cs\u00f6kkent\u00e9se, melyet olyan megold\u00e1sokkal \u00e9rtek el, mint az injektor kompakt m\u00e9rete, \u00faj, tart\u00f3s anyagb\u00f3l k\u00e9sz\u00fclt vez\u00e9rm\u0171sz\u00edj \u00e9s a r\u00f6videbb f\u0151tengely.<\/p>\n<p>Az alum\u00ednium v\u00e1z, a m\u0171gyanta bevonat\u00fa olajsz\u0171r\u0151 \u00e9s az als\u00f3 m\u0171gyanta bevonat szint\u00e9n hozz\u00e1j\u00e1rultak ahhoz, hogy kateg\u00f3ri\u00e1j\u00e1ban a legk\u00f6nnyebb, legkompaktabb motort hozz\u00e1k l\u00e9tre (a Honda tanulm\u00e1nyai alapj\u00e1n)<\/p>\n<h2><\/h2>\n<h2>MOTOR<\/h2>\n<div class=\"tsor\">\n<div class=\"tsor1\">Motor tipus:<\/div>\n<div class=\"tsor2\">SOHC &#8211; 3 henger<\/div>\n<div class=\"c\"><\/div>\n<\/div>\n<div class=\"tsor\">\n<div class=\"tsor1\">\u0170rtartalom:<\/div>\n<div class=\"tsor2\">998<\/div>\n<div class=\"c\"><\/div>\n<\/div>\n<div class=\"tsor\">\n<div class=\"tsor1\">Furat x l\u00f6ket:<\/div>\n<div class=\"tsor2\">73&#215;79,5 mm<\/div>\n<div class=\"c\"><\/div>\n<\/div>\n<div class=\"tsor\">\n<div class=\"tsor1\">Szelepsz\u00e1m:<\/div>\n<div class=\"tsor2\">12 szelep<\/div>\n<div class=\"c\"><\/div>\n<\/div>\n<div class=\"tsor\">\n<div class=\"tsor1\">Max. fordulatsz\u00e1m:<\/div>\n<div class=\"tsor2\">5000-6000<\/div>\n<div class=\"c\"><\/div>\n<\/div>\n<div class=\"tsor\">\n<div class=\"tsor1\">Folyamatos teljes\u00edtm\u00e9ny HP:<\/div>\n<div class=\"tsor2\">60 LE &#8211; (44,1 kw) kw<\/div>\n<div class=\"c\"><\/div>\n<\/div>\n<div class=\"tsor\">\n<div class=\"tsor1\">H\u0171t\u00e9si rendszer:<\/div>\n<div class=\"tsor2\">V\u00edzh\u0171t\u00e9s<\/div>\n<div class=\"c\"><\/div>\n<\/div>\n<div class=\"tsor\">\n<div class=\"tsor1\">\u00dczemanyag ell\u00e1t\u00e1s:<\/div>\n<div class=\"tsor2\">Elektronikus befecskendez\u0151<\/div>\n<div class=\"c\"><\/div>\n<\/div>\n<div class=\"tsor\">\n<div class=\"tsor1\">Gy\u00fajt\u00e1si rendszer:<\/div>\n<div class=\"tsor2\">Elektronikus PGM-FI<\/div>\n<div class=\"c\"><\/div>\n<\/div>\n<div class=\"tsor\">\n<div class=\"tsor1\">Kipufog\u00f3 rendszer:<\/div>\n<div class=\"tsor2\">Propelleren \u00e1t<\/div>\n<div class=\"c\"><\/div>\n<\/div>\n<p>&nbsp;<\/p>\n<h2>ER\u0150\u00c1TVITEL<\/h2>\n<div class=\"tsor\">\n<div class=\"tsor1\">\u00c1tvitel ar\u00e1nya:<\/div>\n<div class=\"tsor2\">2,07<\/div>\n<div class=\"c\"><\/div>\n<\/div>\n<div class=\"tsor\">\n<div class=\"tsor1\">Ir\u00e1nyv\u00e1lt\u00f3 fokozatok:<\/div>\n<div class=\"tsor2\">F &#8211; N &#8211; R<\/div>\n<div class=\"c\"><\/div>\n<\/div>\n<p>&nbsp;<\/p>\n<h2>FEL\u00c9P\u00cdTM\u00c9NY<\/h2>\n<div class=\"tsor\">\n<div class=\"tsor1\">T\u00f6lt\u0151 \u00e1ram:<\/div>\n<div class=\"tsor2\">17 A<\/div>\n<div class=\"c\"><\/div>\n<\/div>\n<div class=\"tsor\">\n<div class=\"tsor1\">Propeller m\u00e9ret:<\/div>\n<div class=\"tsor2\">Opci\u00f3<\/div>\n<div class=\"c\"><\/div>\n<\/div>\n<div class=\"tsor\">\n<div class=\"tsor1\">Propeller lap\u00e1tok sz\u00e1ma:<\/div>\n<div class=\"tsor2\">3 v. 4 db<\/div>\n<\/div>\n<div class=\"tsor\">\n<div class=\"c\"><\/div>\n<\/div>\n<div class=\"tsor\">\n<div class=\"tsor1\">Ir\u00e1nyv\u00e1lt\u00e1s:<\/div>\n<div class=\"tsor2\">Opci\u00f3<\/div>\n<div class=\"c\"><\/div>\n<\/div>\n<div class=\"tsor\">\n<div class=\"tsor1\">Ind\u00edt\u00f3 rendszer:<\/div>\n<div class=\"tsor2\">Elektromos<\/div>\n<div class=\"c\"><\/div>\n<\/div>\n<div class=\"tsor\">\n<div class=\"tsor1\">Trib hossz:<\/div>\n<div class=\"tsor2\">L \/ X<\/div>\n<div class=\"c\"><\/div>\n<\/div>\n<div class=\"tsor\">\n<div class=\"tsor1\">Kiemel\u00e9s r\u00e1seg\u00edt\u00e9s:<\/div>\n<div class=\"tsor2\">Motoros billent\u00e9s \/ kiemel\u00e9s<\/div>\n<div class=\"c\"><\/div>\n<\/div>\n<div class=\"tsor\">\n<div class=\"tsor1\">Motor billent\u00e9s:<\/div>\n<div class=\"tsor2\">Motoros billent\u00e9s \/ kiemel\u00e9s<\/div>\n<div class=\"c\"><\/div>\n<\/div>\n<p>&nbsp;<\/p>\n<h2>M\u00c9RETEK<\/h2>\n<div class=\"tsor\">\n<div class=\"tsor1\">Hossz\u00fas\u00e1g:<\/div>\n<div class=\"tsor2\">777 mm<\/div>\n<div class=\"c\"><\/div>\n<\/div>\n<div class=\"tsor\">\n<div class=\"tsor1\">Sz\u00e9less\u00e9g:<\/div>\n<div class=\"tsor2\">417 mm<\/div>\n<div class=\"c\"><\/div>\n<\/div>\n<div class=\"tsor\">\n<div class=\"tsor1\">Magass\u00e1g:<\/div>\n<div class=\"tsor2\">1397 (L) &#8211; 1524 (X) mm<\/div>\n<div class=\"c\"><\/div>\n<\/div>\n<div class=\"tsor\">\n<div class=\"tsor1\">Trib magass\u00e1g:<\/div>\n<div class=\"tsor2\">521 (L) &#8211; 648 (X) mm<\/div>\n<div class=\"c\"><\/div>\n<\/div>\n<div class=\"tsor\">\n<div class=\"tsor1\">S\u00faly X:<\/div>\n<div class=\"tsor2\">116 kg<\/div>\n<div class=\"c\"><\/div>\n<\/div>\n<div class=\"tsor\">\n<div class=\"tsor1\">S\u00faly L:<\/div>\n<div class=\"tsor2\">110 kg<\/div>\n<\/div>\n<p>&nbsp;<\/p>\n<p>\u00d3vakodjon a fekete importt\u00f3l! 5 \u00e9v sorsz\u00e1mozott \u00e9s hivatalosan regisztr\u00e1lt garanci\u00e1val<\/p>\n","protected":false},"excerpt":{"rendered":"<p>Kateg\u00f3ri\u00e1j\u00e1ban a legjobb, ir\u00e1nyonk\u00e9nti 50 fokos sz\u00f6gben \u00e1ll\u00edthat\u00f3 korm\u00e1nyz\u00e1si sz\u00f6g 3 hengeres megold\u00e1s az egyenletes fut\u00e1s \u00e9s a kisebb s\u00faly \u00e9rdek\u00e9ben T\u00f6bb ponton kereszt\u00fcl t\u00f6rt\u00e9n\u0151 elektronikus porlaszt\u00e1s (PGM-FI) BLAST- hirtelen g\u00e1zad\u00e1s eset\u00e9n a rendszernek k\u00f6sz\u00f6nhet\u0151en a gy\u00fajt\u00e1sg\u00f6rbe drasztikusan megemelkedik Lean Burn Feedback szab\u00e1lyz\u00f3 egy oxig\u00e9n szenzor seg\u00edts\u00e9g\u00e9vel biztos\u00edtja az optim\u00e1lis \u00fczemanyag felhaszn\u00e1l\u00e1st. (ECOmo) Be\u00f6nt\u0151 ny\u00edl\u00e1s [&hellip;]<\/p>\n","protected":false},"featured_media":6106,"comment_status":"open","ping_status":"closed","template":"","meta":[],"product_brand":[],"product_cat":[85],"product_tag":[],"class_list":{"0":"post-5728","1":"product","2":"type-product","3":"status-publish","4":"has-post-thumbnail","6":"product_cat-honda-motor","8":"first","9":"instock","10":"taxable","11":"shipping-taxable","12":"purchasable","13":"product-type-simple"},"jetpack_sharing_enabled":true,"_links":{"self":[{"href":"https:\/\/csonakjavitas.hu\/index.php\/wp-json\/wp\/v2\/product\/5728","targetHints":{"allow":["GET"]}}],"collection":[{"href":"https:\/\/csonakjavitas.hu\/index.php\/wp-json\/wp\/v2\/product"}],"about":[{"href":"https:\/\/csonakjavitas.hu\/index.php\/wp-json\/wp\/v2\/types\/product"}],"replies":[{"embeddable":true,"href":"https:\/\/csonakjavitas.hu\/index.php\/wp-json\/wp\/v2\/comments?post=5728"}],"wp:featuredmedia":[{"embeddable":true,"href":"https:\/\/csonakjavitas.hu\/index.php\/wp-json\/wp\/v2\/media\/6106"}],"wp:attachment":[{"href":"https:\/\/csonakjavitas.hu\/index.php\/wp-json\/wp\/v2\/media?parent=5728"}],"wp:term":[{"taxonomy":"product_brand","embeddable":true,"href":"https:\/\/csonakjavitas.hu\/index.php\/wp-json\/wp\/v2\/product_brand?post=5728"},{"taxonomy":"product_cat","embeddable":true,"href":"https:\/\/csonakjavitas.hu\/index.php\/wp-json\/wp\/v2\/product_cat?post=5728"},{"taxonomy":"product_tag","embeddable":true,"href":"https:\/\/csonakjavitas.hu\/index.php\/wp-json\/wp\/v2\/product_tag?post=5728"}],"curies":[{"name":"wp","href":"https:\/\/api.w.org\/{rel}","templated":true}]}}