{"id":5729,"date":"2026-02-23T15:56:29","date_gmt":"2026-02-23T15:56:29","guid":{"rendered":"https:\/\/wp.csonakjavitas.hu\/?post_type=product&#038;p=5729"},"modified":"2026-03-06T11:31:06","modified_gmt":"2026-03-06T11:31:06","slug":"bf-80-lrtu-csonakmotor","status":"publish","type":"product","link":"https:\/\/csonakjavitas.hu\/index.php\/termek\/bf-80-lrtu-csonakmotor\/","title":{"rendered":"Honda BF 80 LRTU\u00a0cs\u00f3nakmotor"},"content":{"rendered":"<table class=\"termek\" border=\"0\" width=\"100%\" cellspacing=\"0\" cellpadding=\"0\">\n<tbody>\n<tr>\n<td class=\"tinfo\" valign=\"top\">\n<h2>MOTOR<\/h2>\n<div class=\"tsor\">\n<div class=\"tsor1\">Motor tipus:<\/div>\n<div class=\"tsor2\">SOHC-4 hengeres, 16 szelepes<\/div>\n<div class=\"c\"><\/div>\n<\/div>\n<div class=\"tsor\">\n<div class=\"tsor1\">\u0170rtartalom:<\/div>\n<div class=\"tsor2\">1496 ccm<\/div>\n<div class=\"c\"><\/div>\n<\/div>\n<div class=\"tsor\">\n<div class=\"tsor1\">Furat x l\u00f6ket:<\/div>\n<div class=\"tsor2\">73 x 89.4 mm<\/div>\n<div class=\"c\"><\/div>\n<\/div>\n<div class=\"tsor\">\n<div class=\"tsor1\">Szelepsz\u00e1m:<\/div>\n<div class=\"tsor2\">16 szelepes<\/div>\n<div class=\"c\"><\/div>\n<\/div>\n<div class=\"tsor\">\n<div class=\"tsor1\">Max. fordulatsz\u00e1m:<\/div>\n<div class=\"tsor2\">5000 &#8211; 6000<\/div>\n<div class=\"c\"><\/div>\n<\/div>\n<div class=\"tsor\">\n<div class=\"tsor1\">Folyamatos teljes\u00edtm\u00e9ny HP:<\/div>\n<div class=\"tsor2\">58.8 LE &#8211; (80 kw) kw<\/div>\n<div class=\"c\"><\/div>\n<\/div>\n<div class=\"tsor\">\n<div class=\"tsor1\">H\u0171t\u00e9si rendszer:<\/div>\n<div class=\"tsor2\">V\u00edzh\u0171t\u00e9ses, termoszt\u00e1ttal<\/div>\n<div class=\"c\"><\/div>\n<\/div>\n<div class=\"tsor\">\n<div class=\"tsor1\">\u00dczemanyag ell\u00e1t\u00e1s:<\/div>\n<div class=\"tsor2\">PGM-FI (Programozott \u00fczemanyag befecskendez\u00e9s)<\/div>\n<div class=\"c\"><\/div>\n<\/div>\n<div class=\"tsor\">\n<div class=\"tsor1\">Gy\u00fajt\u00e1si rendszer:<\/div>\n<div class=\"tsor2\">Elektronikus PGM-IG<\/div>\n<div class=\"c\"><\/div>\n<\/div>\n<div class=\"tsor\">\n<div class=\"tsor1\">Kipufog\u00f3 rendszer:<\/div>\n<div class=\"tsor2\">Propelleren kereszt\u00fcl<\/div>\n<div class=\"c\"><\/div>\n<\/div>\n<h2>ER\u0150\u00c1TVITEL<\/h2>\n<div class=\"tsor\">\n<div class=\"tsor1\">\u00c1tvitel ar\u00e1nya:<\/div>\n<div class=\"tsor2\">2.33<\/div>\n<div class=\"c\"><\/div>\n<\/div>\n<h2>FEL\u00c9P\u00cdTM\u00c9NY<\/h2>\n<div class=\"tsor\">\n<div class=\"tsor1\">Ind\u00edt\u00f3 rendszer:<\/div>\n<div class=\"tsor2\">Elektromos ind\u00edt\u00e1s<\/div>\n<div class=\"c\"><\/div>\n<\/div>\n<div class=\"tsor\">\n<div class=\"tsor1\">Trib hossz:<\/div>\n<div class=\"tsor2\">L \/ X<\/div>\n<div class=\"c\"><\/div>\n<\/div>\n<h2>M\u00c9RETEK<\/h2>\n<div class=\"tsor\">\n<div class=\"tsor1\">Hossz\u00fas\u00e1g:<\/div>\n<div class=\"tsor2\">746 mm<\/div>\n<div class=\"c\"><\/div>\n<\/div>\n<div class=\"tsor\">\n<div class=\"tsor1\">Sz\u00e9less\u00e9g:<\/div>\n<div class=\"tsor2\">449 mm<\/div>\n<div class=\"c\"><\/div>\n<\/div>\n<div class=\"tsor\">\n<div class=\"tsor1\">Magass\u00e1g:<\/div>\n<div class=\"tsor2\">1566 (L) \/ 1693 (X) mm<\/div>\n<div class=\"c\"><\/div>\n<\/div>\n<div class=\"tsor\">\n<div class=\"tsor1\">Trib magass\u00e1g:<\/div>\n<div class=\"tsor2\">L:537 \/ X:664 mm<\/div>\n<div class=\"c\"><\/div>\n<\/div>\n<div class=\"tsor\">\n<div class=\"tsor1\">S\u00faly X:<\/div>\n<div class=\"tsor2\">171 kg<\/div>\n<div class=\"c\"><\/div>\n<\/div>\n<div class=\"tsor\">\n<div class=\"tsor1\">S\u00faly L:<\/div>\n<div class=\"tsor2\">165 kg<\/div>\n<div class=\"c\"><\/div>\n<\/div>\n<\/td>\n<td class=\"tkep2\" align=\"right\" valign=\"top\"><\/td>\n<\/tr>\n<\/tbody>\n<\/table>\n<p>&nbsp;<\/p>\n<p>\u00d3vakodjon a fekete importt\u00f3l! 5 \u00e9v sorsz\u00e1mozott \u00e9s hivatalosan regisztr\u00e1lt garanci\u00e1val<\/p>\n","protected":false},"excerpt":{"rendered":"<p>MOTOR Motor tipus: SOHC-4 hengeres, 16 szelepes \u0170rtartalom: 1496 ccm Furat x l\u00f6ket: 73 x 89.4 mm Szelepsz\u00e1m: 16 szelepes Max. fordulatsz\u00e1m: 5000 &#8211; 6000 Folyamatos teljes\u00edtm\u00e9ny HP: 58.8 LE &#8211; (80 kw) kw H\u0171t\u00e9si rendszer: V\u00edzh\u0171t\u00e9ses, termoszt\u00e1ttal \u00dczemanyag ell\u00e1t\u00e1s: PGM-FI (Programozott \u00fczemanyag befecskendez\u00e9s) Gy\u00fajt\u00e1si rendszer: Elektronikus PGM-IG Kipufog\u00f3 rendszer: Propelleren kereszt\u00fcl ER\u0150\u00c1TVITEL \u00c1tvitel ar\u00e1nya: [&hellip;]<\/p>\n","protected":false},"featured_media":6087,"comment_status":"open","ping_status":"closed","template":"","meta":[],"product_brand":[],"product_cat":[85],"product_tag":[],"class_list":{"0":"post-5729","1":"product","2":"type-product","3":"status-publish","4":"has-post-thumbnail","6":"product_cat-honda-motor","8":"first","9":"instock","10":"taxable","11":"shipping-taxable","12":"purchasable","13":"product-type-simple"},"jetpack_sharing_enabled":true,"_links":{"self":[{"href":"https:\/\/csonakjavitas.hu\/index.php\/wp-json\/wp\/v2\/product\/5729","targetHints":{"allow":["GET"]}}],"collection":[{"href":"https:\/\/csonakjavitas.hu\/index.php\/wp-json\/wp\/v2\/product"}],"about":[{"href":"https:\/\/csonakjavitas.hu\/index.php\/wp-json\/wp\/v2\/types\/product"}],"replies":[{"embeddable":true,"href":"https:\/\/csonakjavitas.hu\/index.php\/wp-json\/wp\/v2\/comments?post=5729"}],"wp:featuredmedia":[{"embeddable":true,"href":"https:\/\/csonakjavitas.hu\/index.php\/wp-json\/wp\/v2\/media\/6087"}],"wp:attachment":[{"href":"https:\/\/csonakjavitas.hu\/index.php\/wp-json\/wp\/v2\/media?parent=5729"}],"wp:term":[{"taxonomy":"product_brand","embeddable":true,"href":"https:\/\/csonakjavitas.hu\/index.php\/wp-json\/wp\/v2\/product_brand?post=5729"},{"taxonomy":"product_cat","embeddable":true,"href":"https:\/\/csonakjavitas.hu\/index.php\/wp-json\/wp\/v2\/product_cat?post=5729"},{"taxonomy":"product_tag","embeddable":true,"href":"https:\/\/csonakjavitas.hu\/index.php\/wp-json\/wp\/v2\/product_tag?post=5729"}],"curies":[{"name":"wp","href":"https:\/\/api.w.org\/{rel}","templated":true}]}}