{"id":5731,"date":"2026-02-23T15:56:29","date_gmt":"2026-02-23T15:56:29","guid":{"rendered":"https:\/\/wp.csonakjavitas.hu\/?post_type=product&#038;p=5731"},"modified":"2026-03-06T11:41:55","modified_gmt":"2026-03-06T11:41:55","slug":"bf-115j-xru-csonakmotor","status":"publish","type":"product","link":"https:\/\/csonakjavitas.hu\/index.php\/termek\/bf-115j-xru-csonakmotor\/","title":{"rendered":"Honda BF 115J XRU\u00a0cs\u00f3nakmotor"},"content":{"rendered":"<p>A BF115 motor sebess\u00e9ge \u00e9s a gyorsul\u00e1sa \u00f6sszehasonl\u00edthat\u00f3 a 2-\u00fctem\u0171 motorokkal, de ez a motor szuper k\u00f6nny\u0171 kezelhet\u0151s\u00e9get biztos\u00edt felhaszn\u00e1l\u00f3ja sz\u00e1m\u00e1ra a programozott \u00fczemanyag befecskendez\u0151 rendszernek (PGM-FI), valamint a kett\u0151s kiegyenl\u00edt\u0151 tengelynek \u00e9s a be\u00e9p\u00edtett lendker\u00e9knek k\u00f6sz\u00f6nhet\u0151en, amely a vibr\u00e1ci\u00f3 m\u00e9rt\u00e9k\u00e9t eleny\u00e9sz\u0151 szintre cs\u00f6kkenti.<\/p>\n<p>A Honda \u00e1ltal kifejlesztett programozott \u00fczemanyag befecskendez\u0151 rendszernek (PGM-FI) k\u00f6sz\u00f6nhet\u0151en kb. 30%-kal kevesebb \u00fczemanyagot \u00e9get el a motor sikl\u00e1s k\u00f6zben, mint az ugyanilyen 2-\u00fctem\u0171 cs\u00f3nakmotorok. Mindemellett alacsony fordulatsz\u00e1mon ez ak\u00e1r 90%-kal kevesebb is lehet.<\/p>\n<p>&nbsp;<\/p>\n<p><strong>Megb\u00edzhat\u00f3s\u00e1g:<\/strong><\/p>\n<p>A BF 115-\u00f6s a Honda Accord 2,3 literes motorj\u00e1ra \u00e9p\u00fcl \u00e9s sok bev\u00e1lt \u00f6tletet tartalmaz. Az elektronikus k\u00f6zponti egys\u00e9g a motor minden param\u00e9ter\u00e9t figyeli, \u00fagymint: t\u00falmeleged\u00e9s, t\u00falp\u00f6rg\u00e9s \u00e9s olajh\u0151m\u00e9rs\u00e9klet. Ezzel gondtalan haj\u00f3z\u00e1st \u00e9s optim\u00e1lis teljes\u00edtm\u00e9nyt tesz lehet\u0151v\u00e9.<\/p>\n<p>&nbsp;<\/p>\n<p><strong>Jellemz\u0151k<\/strong>:<\/p>\n<ul>\n<li>Digit\u00e1lis gy\u00fajt\u00e1s az optim\u00e1lis teljes\u00edtm\u00e9nyszolg\u00e1ltat\u00e1s v\u00e9gett<\/li>\n<li>Kereszt-\u00e1tfoly\u00e1s\u00fa, f\u00e9lg\u00f6mb alak\u00fa robban\u00f3t\u00e9r<\/li>\n<li>T\u00f6bb ponton kereszt\u00fcl t\u00f6rt\u00e9n\u0151 elektronikus porlaszt\u00e1s (PGM-FI)<\/li>\n<li>Nagy t\u00e9rfogat\u00fa zajcs\u00f6kkent\u0151<\/li>\n<li>40 A t\u00f6lt\u0151kapacit\u00e1s biztos\u00edtja a fed\u00e9lzet energiaell\u00e1t\u00e1s\u00e1t<\/li>\n<li>Elektronikus motorfigyel\u0151 rendszer<\/li>\n<li>Hidraulikus motorkiemel\u00e9s \u00e9s motorsz\u00f6g \u00e1ll\u00edt\u00e1s<\/li>\n<li>Olajnyom\u00e1st jelz\u0151 l\u00e1mpa<\/li>\n<li>Elektronikus olaj-, h\u0151fok- \u00e9s fordulatsz\u00e1m-ellen\u0151rz\u0151 rendszer<\/li>\n<li>Be\u00f6nt\u0151 ny\u00edl\u00e1s az \u00e9desv\u00edz sz\u00e1m\u00e1ra, ami a motor \u00e9lettartam\u00e1nak meghosszabb\u00edt\u00e1s\u00e1t szolg\u00e1lja<\/li>\n<li>SOHC 4 hengeres motor<\/li>\n<\/ul>\n<p>&nbsp;<\/p>\n<table class=\"termek\" border=\"0\" width=\"100%\" cellspacing=\"0\" cellpadding=\"0\">\n<tbody>\n<tr>\n<td class=\"tinfo\" valign=\"top\">\n<h2>MOTOR<\/h2>\n<div class=\"tsor\">\n<div class=\"tsor1\">Motor tipus:<\/div>\n<div class=\"tsor2\">OHC &#8211; 4 henger<\/div>\n<div class=\"c\"><\/div>\n<\/div>\n<div class=\"tsor\">\n<div class=\"tsor1\">\u0170rtartalom:<\/div>\n<div class=\"tsor2\">2254<\/div>\n<div class=\"c\"><\/div>\n<\/div>\n<div class=\"tsor\">\n<div class=\"tsor1\">Furat x l\u00f6ket:<\/div>\n<div class=\"tsor2\">86&#215;97 mm<\/div>\n<div class=\"c\"><\/div>\n<\/div>\n<div class=\"tsor\">\n<div class=\"tsor1\">Szelepsz\u00e1m:<\/div>\n<div class=\"tsor2\">16 szelep<\/div>\n<div class=\"c\"><\/div>\n<\/div>\n<div class=\"tsor\">\n<div class=\"tsor1\">Max. fordulatsz\u00e1m:<\/div>\n<div class=\"tsor2\">5000-6000<\/div>\n<div class=\"c\"><\/div>\n<\/div>\n<div class=\"tsor\">\n<div class=\"tsor1\">Folyamatos teljes\u00edtm\u00e9ny HP:<\/div>\n<div class=\"tsor2\">115 LE- (85,8 kw) kw<\/div>\n<div class=\"c\"><\/div>\n<\/div>\n<div class=\"tsor\">\n<div class=\"tsor1\">H\u0171t\u00e9si rendszer:<\/div>\n<div class=\"tsor2\">V\u00edzh\u0171t\u00e9s<\/div>\n<div class=\"c\"><\/div>\n<\/div>\n<div class=\"tsor\">\n<div class=\"tsor1\">\u00dczemanyag ell\u00e1t\u00e1s:<\/div>\n<div class=\"tsor2\">Elektronikus befecskendez\u0151<\/div>\n<div class=\"c\"><\/div>\n<\/div>\n<div class=\"tsor\">\n<div class=\"tsor1\">Gy\u00fajt\u00e1si rendszer:<\/div>\n<div class=\"tsor2\">Elektronikus PGM-IG<\/div>\n<div class=\"c\"><\/div>\n<\/div>\n<div class=\"tsor\">\n<div class=\"tsor1\">Kipufog\u00f3 rendszer:<\/div>\n<div class=\"tsor2\">Propelleren \u00e1t<\/div>\n<div class=\"c\"><\/div>\n<\/div>\n<h2>ER\u0150\u00c1TVITEL<\/h2>\n<div class=\"tsor\">\n<div class=\"tsor1\">\u00c1tvitel ar\u00e1nya:<\/div>\n<div class=\"tsor2\">2,00<\/div>\n<div class=\"c\"><\/div>\n<\/div>\n<div class=\"tsor\">\n<div class=\"tsor1\">Ir\u00e1nyv\u00e1lt\u00f3 fokozatok:<\/div>\n<div class=\"tsor2\">F-N-R<\/div>\n<div class=\"c\"><\/div>\n<\/div>\n<h2>FEL\u00c9P\u00cdTM\u00c9NY<\/h2>\n<div class=\"tsor\">\n<div class=\"tsor1\">T\u00f6lt\u0151 \u00e1ram:<\/div>\n<div class=\"tsor2\">40 A<\/div>\n<div class=\"c\"><\/div>\n<\/div>\n<div class=\"tsor\">\n<div class=\"tsor1\">Propeller m\u00e9ret:<\/div>\n<div class=\"tsor2\">Opci\u00f3<\/div>\n<div class=\"c\"><\/div>\n<\/div>\n<div class=\"tsor\">\n<div class=\"tsor1\">Propeller lap\u00e1tok sz\u00e1ma:<\/div>\n<div class=\"tsor2\">3 v. 4 db<\/div>\n<div class=\"c\"><\/div>\n<\/div>\n<div class=\"tsor\">\n<div class=\"tsor1\">Ir\u00e1nyv\u00e1lt\u00e1s:<\/div>\n<div class=\"tsor2\">Opci\u00f3<\/div>\n<div class=\"c\"><\/div>\n<\/div>\n<div class=\"tsor\">\n<div class=\"tsor1\">Ind\u00edt\u00f3 rendszer:<\/div>\n<div class=\"tsor2\">Elektromos<\/div>\n<div class=\"c\"><\/div>\n<\/div>\n<div class=\"tsor\">\n<div class=\"tsor1\">Trib hossz:<\/div>\n<div class=\"tsor2\">L<\/div>\n<div class=\"c\"><\/div>\n<\/div>\n<div class=\"tsor\">\n<div class=\"tsor1\">Kiemel\u00e9s r\u00e1seg\u00edt\u00e9s:<\/div>\n<div class=\"tsor2\">Motoros billent\u00e9s \/ kiemel\u00e9s<\/div>\n<div class=\"c\"><\/div>\n<\/div>\n<div class=\"tsor\">\n<div class=\"tsor1\">Motor billent\u00e9s:<\/div>\n<div class=\"tsor2\">Motoros billent\u00e9s \/ kiemel\u00e9s<\/div>\n<div class=\"c\"><\/div>\n<\/div>\n<h2>M\u00c9RETEK<\/h2>\n<div class=\"tsor\">\n<div class=\"tsor1\">Hossz\u00fas\u00e1g:<\/div>\n<div class=\"tsor2\">824 mm<\/div>\n<div class=\"c\"><\/div>\n<\/div>\n<div class=\"tsor\">\n<div class=\"tsor1\">Sz\u00e9less\u00e9g:<\/div>\n<div class=\"tsor2\">552 mm<\/div>\n<div class=\"c\"><\/div>\n<\/div>\n<div class=\"tsor\">\n<div class=\"tsor1\">Magass\u00e1g:<\/div>\n<div class=\"tsor2\">1648 (L) &#8211; 1774 (X) mm<\/div>\n<div class=\"c\"><\/div>\n<\/div>\n<div class=\"tsor\">\n<div class=\"tsor1\">Trib magass\u00e1g:<\/div>\n<div class=\"tsor2\">537 (L) &#8211; 664 (X) mm<\/div>\n<div class=\"c\"><\/div>\n<\/div>\n<div class=\"tsor\">\n<div class=\"tsor1\">S\u00faly X:<\/div>\n<div class=\"tsor2\">224 kg<\/div>\n<div class=\"c\"><\/div>\n<\/div>\n<div class=\"tsor\">\n<div class=\"tsor1\">S\u00faly L:<\/div>\n<div class=\"tsor2\">219 kg<\/div>\n<div class=\"c\"><\/div>\n<\/div>\n<\/td>\n<td class=\"tkep2\" align=\"right\" valign=\"top\"><\/td>\n<\/tr>\n<\/tbody>\n<\/table>\n<p>\u00d3vakodjon a fekete importt\u00f3l! 5 \u00e9v sorsz\u00e1mozott \u00e9s hivatalosan regisztr\u00e1lt garanci\u00e1val<\/p>\n","protected":false},"excerpt":{"rendered":"<p>A BF115 motor sebess\u00e9ge \u00e9s a gyorsul\u00e1sa \u00f6sszehasonl\u00edthat\u00f3 a 2-\u00fctem\u0171 motorokkal, de ez a motor szuper k\u00f6nny\u0171 kezelhet\u0151s\u00e9get biztos\u00edt felhaszn\u00e1l\u00f3ja sz\u00e1m\u00e1ra a programozott \u00fczemanyag befecskendez\u0151 rendszernek (PGM-FI), valamint a kett\u0151s kiegyenl\u00edt\u0151 tengelynek \u00e9s a be\u00e9p\u00edtett lendker\u00e9knek k\u00f6sz\u00f6nhet\u0151en, amely a vibr\u00e1ci\u00f3 m\u00e9rt\u00e9k\u00e9t eleny\u00e9sz\u0151 szintre cs\u00f6kkenti. A Honda \u00e1ltal kifejlesztett programozott \u00fczemanyag befecskendez\u0151 rendszernek (PGM-FI) k\u00f6sz\u00f6nhet\u0151en kb. [&hellip;]<\/p>\n","protected":false},"featured_media":6091,"comment_status":"open","ping_status":"closed","template":"","meta":[],"product_brand":[],"product_cat":[85],"product_tag":[],"class_list":{"0":"post-5731","1":"product","2":"type-product","3":"status-publish","4":"has-post-thumbnail","6":"product_cat-honda-motor","8":"first","9":"instock","10":"taxable","11":"shipping-taxable","12":"purchasable","13":"product-type-simple"},"jetpack_sharing_enabled":true,"_links":{"self":[{"href":"https:\/\/csonakjavitas.hu\/index.php\/wp-json\/wp\/v2\/product\/5731","targetHints":{"allow":["GET"]}}],"collection":[{"href":"https:\/\/csonakjavitas.hu\/index.php\/wp-json\/wp\/v2\/product"}],"about":[{"href":"https:\/\/csonakjavitas.hu\/index.php\/wp-json\/wp\/v2\/types\/product"}],"replies":[{"embeddable":true,"href":"https:\/\/csonakjavitas.hu\/index.php\/wp-json\/wp\/v2\/comments?post=5731"}],"wp:featuredmedia":[{"embeddable":true,"href":"https:\/\/csonakjavitas.hu\/index.php\/wp-json\/wp\/v2\/media\/6091"}],"wp:attachment":[{"href":"https:\/\/csonakjavitas.hu\/index.php\/wp-json\/wp\/v2\/media?parent=5731"}],"wp:term":[{"taxonomy":"product_brand","embeddable":true,"href":"https:\/\/csonakjavitas.hu\/index.php\/wp-json\/wp\/v2\/product_brand?post=5731"},{"taxonomy":"product_cat","embeddable":true,"href":"https:\/\/csonakjavitas.hu\/index.php\/wp-json\/wp\/v2\/product_cat?post=5731"},{"taxonomy":"product_tag","embeddable":true,"href":"https:\/\/csonakjavitas.hu\/index.php\/wp-json\/wp\/v2\/product_tag?post=5731"}],"curies":[{"name":"wp","href":"https:\/\/api.w.org\/{rel}","templated":true}]}}