{"id":5732,"date":"2026-02-23T15:56:29","date_gmt":"2026-02-23T15:56:29","guid":{"rendered":"https:\/\/wp.csonakjavitas.hu\/?post_type=product&#038;p=5732"},"modified":"2026-03-03T13:11:18","modified_gmt":"2026-03-03T13:11:18","slug":"bf-150-lru-csonakmotor","status":"publish","type":"product","link":"https:\/\/csonakjavitas.hu\/index.php\/termek\/bf-150-lru-csonakmotor\/","title":{"rendered":"Honda BF 150 LRU\u00a0cs\u00f3nakmotor"},"content":{"rendered":"<h2>A TELJES\u00cdTM\u00c9NY SZ\u00c1RNYAL\u00c1SA<\/h2>\n<p>Er\u0151 \u00e9s a teljes\u00edtm\u00e9ny, mindez egybe z\u00e1rva. A Honda BF150 \u00e9s BF135 rendelkezik a leg\u00fajabb technol\u00f3giai \u00faj\u00edt\u00e1sokkal, \u00e9s nem ez az egyetlen el\u0151ny\u00fck &#8211; ezek a motorok kateg\u00f3ri\u00e1juk legtiszt\u00e1bb \u00e9s leggazdas\u00e1gosabb motorjai. Biztons\u00e1ggal szelheti a habokat ezekkel a motorokkal.<\/p>\n<p>&nbsp;<\/p>\n<h2>BF 150 \u2013 mintha k\u00e9t motor lenne egyben<\/h2>\n<p>A kimagasl\u00f3an j\u00f3 Honda technol\u00f3gia ny\u00fajtja a legnagyobb teljes\u00edtm\u00e9nyt a teljes fordulatsz\u00e1m sk\u00e1l\u00e1n. A Honda VTEC id\u0151z\u00edtett szelepnyit\u00e1sa a v\u00e1ltoz\u00f3 leveg\u0151 be\u00e1ramoltat\u00e1ssal kombin\u00e1lva olyan, mintha k\u00e9t motor dolgozna egyszerre. Alacsony fordulatsz\u00e1mn\u00e1l a motor nyomat\u00e9ka nagyon nagy, \u00edgy jobb a gyorsul\u00e1s. K\u00f6zepes \u00e9s maxim\u00e1lis fordulatsz\u00e1m eset\u00e9n a BF 150-es versenymotorr\u00e1 v\u00e1ltozik. Hihetetlen er\u0151 lakozik benne, \u00e9s az \u00fczemanyag fogyaszt\u00e1s miatt sem kell agg\u00f3dni. Csak \u00e9lvezz\u00fck a haj\u00f3z\u00e1st!<\/p>\n<h2><\/h2>\n<h2>A leggazdas\u00e1gosabb \u00fczemanyag felhaszn\u00e1l\u00e1s<\/h2>\n<p>A BF 150 \u00e9s a BF 135 t\u00edpus\u00fa motorokban line\u00e1ris leveg\u0151-\u00fczemanyag (LAF) \u00e9rz\u00e9kel\u0151 van, ami pontosan m\u00e9ri a leveg\u0151\/\u00fczemanyag h\u00e1nyadost, biztos\u00edtva a maxim\u00e1lis teljes\u00edtm\u00e9nyt az \u00fczemanyag minden cseppj\u00e9b\u0151l. Ennek k\u00f6vetkezt\u00e9ben a motor 15%-kal kevesebb \u00fczemanyagot fogyaszt, mint a k\u00f6zvetlen befecskendez\u00e9s\u0171 2-\u00fctem\u0171 motorok, \u00e9s 45%-kal kevesebbet, mint az egyszer\u0171 2-\u00fctem\u0171 motorok.<\/p>\n<p>&nbsp;<\/p>\n<h2>Szelje a habokat k\u00e9nyelmesen!<\/h2>\n<p>A BF 150 \u00e9s a BF 135 t\u00edpus\u00fa motorok eset\u00e9ben nem kell v\u00e1lasztani a nagy teljes\u00edtm\u00e9ny \u00e9s a k\u00e9nyelem k\u00f6z\u00f6tt. A finom \u00e9s pontos sebess\u00e9gv\u00e1lt\u00e1snak k\u00f6sz\u00f6nhet\u0151en a korm\u00e1nyozhat\u00f3s\u00e1g kiv\u00e9telesen j\u00f3. A dupla stabiliz\u00e1tor cs\u00f6kkenti a motor zaj\u00e1t \u00e9s vibr\u00e1l\u00e1s\u00e1t, \u00edgy a haj\u00f3z\u00e1s k\u00e9nyelmes \u00e9s \u00e9lvezetes.<\/p>\n<p>&nbsp;<\/p>\n<h2>Jellemz\u0151k:<\/h2>\n<ul>\n<li>A VTEC (v\u00e1ltakoz\u00f3 idej\u0171 elektronikus szelepvez\u00e9rl\u00e9s) \u00e9s a Lift Electronic szab\u00e1lyz\u00f3 nagy teljes\u00edtm\u00e9nyt biztos\u00edt minden sebess\u00e9gn\u00e9l. (BF150)<\/li>\n<li>T\u00f6bb pont\u00fa elektromos \u00fczemanyag-befecskendez\u00e9s (PGM-FI)<\/li>\n<li>Lean Burn Feedback szab\u00e1lyz\u00f3 egy oxig\u00e9n szenzor seg\u00edts\u00e9g\u00e9vel biztos\u00edtja az optim\u00e1lis \u00fczemanyag felhaszn\u00e1l\u00e1st. Takar\u00e9kos \u00fczemm\u00f3dban ak\u00e1r 20%-kal is cs\u00f6kkentheti az \u00fczemanyag fogyaszt\u00e1st.(ECOmo)<\/li>\n<li>V\u00e1ltoztathat\u00f3 l\u00e9gbef\u00fav\u00e1s, ami nagyobb forgat\u00f3nyomat\u00e9kot eredm\u00e9nyez alacsony fordulatsz\u00e1mon is<\/li>\n<li>3 k\u00fcl\u00f6n\u00e1ll\u00f3 h\u0171t\u0151rendszer a nagyobb teljes\u00edtm\u00e9nyhez<\/li>\n<li>Dupla kiegyens\u00falyoz\u00f3 r\u00fad a kisebb rezg\u00e9s \u00e9rdek\u00e9ben<\/li>\n<li>\u00d6bl\u00edt\u0151ny\u00edl\u00e1s az \u00e9desv\u00edz sz\u00e1m\u00e1ra, ami a korr\u00f3zi\u00f3 elleni v\u00e9delmet szolg\u00e1lja<\/li>\n<li>40 A t\u00f6lt\u0151kapacit\u00e1s, amely a fed\u00e9lzet elektronikus sz\u00fcks\u00e9gleteit hivatott kiel\u00e9g\u00edteni<\/li>\n<li>Be\u00e9p\u00edtett \u00fczemanyag\/v\u00edz sz\u00e9tv\u00e1laszt\u00f3<\/li>\n<li>Elektronikus olaj-, h\u0151fok- \u00e9s fordulatsz\u00e1m-ellen\u0151rz\u0151 rendszer a nagyobb megb\u00edzhat\u00f3s\u00e1g \u00e9rdek\u00e9ben<\/li>\n<li>Ellent\u00e9tes forg\u00e1sir\u00e1ny\u00fa modellek az egyez\u0151 ir\u00e1nyban forg\u00f3 haj\u00f3csavarokn\u00e1l keletkez\u0151 k\u00e1ros forgat\u00f3nyomat\u00e9k kik\u00fcsz\u00f6b\u00f6l\u00e9s\u00e9re<\/li>\n<\/ul>\n<h2><\/h2>\n<h2>M\u00c9RETEK<\/h2>\n<div class=\"tsor\">\n<div class=\"tsor1\">Hossz\u00fas\u00e1g:<\/div>\n<div class=\"tsor2\">845 mm<\/div>\n<div class=\"c\"><\/div>\n<\/div>\n<div class=\"tsor\">\n<div class=\"tsor1\">Sz\u00e9less\u00e9g:<\/div>\n<div class=\"tsor2\">580 mm<\/div>\n<div class=\"c\"><\/div>\n<\/div>\n<div class=\"tsor\">\n<div class=\"tsor1\">Magass\u00e1g:<\/div>\n<div class=\"tsor2\">1665 (L) &#8211; 1790 (X) mm<\/div>\n<div class=\"c\"><\/div>\n<\/div>\n<div class=\"tsor\">\n<div class=\"tsor1\">Trib magass\u00e1g:<\/div>\n<div class=\"tsor2\">508 (L) &#8211; 635 (X) mm<\/div>\n<div class=\"c\"><\/div>\n<\/div>\n<div class=\"tsor\">\n<div class=\"tsor1\">S\u00faly X:<\/div>\n<div class=\"tsor2\">217 kg<\/div>\n<div class=\"c\"><\/div>\n<\/div>\n<div class=\"tsor\">\n<div class=\"tsor1\">S\u00faly L:<\/div>\n<div class=\"tsor2\">214 kg<\/div>\n<\/div>\n<h2>MOTOR<\/h2>\n<div class=\"tsor\">\n<div class=\"tsor1\">Motor tipus:<\/div>\n<div class=\"tsor2\">DOHC &#8211; 4 henger<\/div>\n<div class=\"c\"><\/div>\n<\/div>\n<div class=\"tsor\">\n<div class=\"tsor1\">\u0170rtartalom:<\/div>\n<div class=\"tsor2\">2354<\/div>\n<div class=\"c\"><\/div>\n<\/div>\n<div class=\"tsor\">\n<div class=\"tsor1\">Furat x l\u00f6ket:<\/div>\n<div class=\"tsor2\">87&#215;99 mm<\/div>\n<div class=\"c\"><\/div>\n<\/div>\n<div class=\"tsor\">\n<div class=\"tsor1\">Szelepsz\u00e1m:<\/div>\n<div class=\"tsor2\">VTEC 16 szelep<\/div>\n<div class=\"c\"><\/div>\n<\/div>\n<div class=\"tsor\">\n<div class=\"tsor1\">Max. fordulatsz\u00e1m:<\/div>\n<div class=\"tsor2\">5000-6000<\/div>\n<div class=\"c\"><\/div>\n<\/div>\n<div class=\"tsor\">\n<div class=\"tsor1\">Folyamatos teljes\u00edtm\u00e9ny HP:<\/div>\n<div class=\"tsor2\">150 LE &#8211; (110,3 kw) kw<\/div>\n<div class=\"c\"><\/div>\n<\/div>\n<div class=\"tsor\">\n<div class=\"tsor1\">H\u0171t\u00e9si rendszer:<\/div>\n<div class=\"tsor2\">V\u00edzh\u0171t\u00e9s<\/div>\n<div class=\"c\"><\/div>\n<\/div>\n<div class=\"tsor\">\n<div class=\"tsor1\">\u00dczemanyag ell\u00e1t\u00e1s:<\/div>\n<div class=\"tsor2\">Elektronikus befecskendez\u0151<\/div>\n<div class=\"c\"><\/div>\n<\/div>\n<div class=\"tsor\">\n<div class=\"tsor1\">Gy\u00fajt\u00e1si rendszer:<\/div>\n<div class=\"tsor2\">Elektronikus PGM-IG<\/div>\n<div class=\"c\"><\/div>\n<\/div>\n<div class=\"tsor\">\n<div class=\"tsor1\">Kipufog\u00f3 rendszer:<\/div>\n<div class=\"tsor2\">Propelleren \u00e1t<\/div>\n<\/div>\n<div><\/div>\n<div><\/div>\n<div>\n<h2>ER\u0150\u00c1TVITEL<\/h2>\n<div class=\"tsor\">\n<div class=\"tsor1\">\u00c1tvitel ar\u00e1nya:<\/div>\n<div class=\"tsor2\">2,14<\/div>\n<div class=\"c\"><\/div>\n<\/div>\n<div class=\"tsor\">\n<div class=\"tsor1\">Ir\u00e1nyv\u00e1lt\u00f3 fokozatok:<\/div>\n<div class=\"tsor2\">F &#8211; N &#8211; R<\/div>\n<\/div>\n<\/div>\n<div><\/div>\n<div><\/div>\n<div>\n<h2>FEL\u00c9P\u00cdTM\u00c9NY<\/h2>\n<div class=\"tsor\">\n<div class=\"tsor1\">T\u00f6lt\u0151 \u00e1ram:<\/div>\n<div class=\"tsor2\">40 A<\/div>\n<div class=\"c\"><\/div>\n<\/div>\n<div class=\"tsor\">\n<div class=\"tsor1\">Propeller m\u00e9ret:<\/div>\n<div class=\"tsor2\">Opci\u00f3<\/div>\n<div class=\"c\"><\/div>\n<\/div>\n<div class=\"tsor\">\n<div class=\"tsor1\">Propeller lap\u00e1tok sz\u00e1ma:<\/div>\n<div class=\"tsor2\">3 v. 4 db<\/div>\n<div class=\"c\"><\/div>\n<\/div>\n<div class=\"tsor\">\n<div class=\"tsor1\">V\u00edz \/ \u00fczemanyag sz\u00e9tv\u00e1laszt\u00f3:<\/div>\n<div class=\"tsor2\">Be\u00e9p\u00edtett<\/div>\n<div class=\"c\"><\/div>\n<\/div>\n<div class=\"tsor\">\n<div class=\"tsor1\">Ir\u00e1nyv\u00e1lt\u00e1s:<\/div>\n<div class=\"tsor2\">Opci\u00f3<\/div>\n<div class=\"c\"><\/div>\n<\/div>\n<div class=\"tsor\">\n<div class=\"tsor1\">Ind\u00edt\u00f3 rendszer:<\/div>\n<div class=\"tsor2\">Elektromos<\/div>\n<div class=\"c\"><\/div>\n<\/div>\n<div class=\"tsor\">\n<div class=\"tsor1\">Trib hossz:<\/div>\n<div class=\"tsor2\">L \/ X<\/div>\n<div class=\"c\"><\/div>\n<\/div>\n<div class=\"tsor\">\n<div class=\"tsor1\">Ellent\u00e9tes csiga forg\u00e1si ir\u00e1ny:<\/div>\n<div class=\"tsor2\">L \/ LX<\/div>\n<div class=\"c\"><\/div>\n<\/div>\n<div class=\"tsor\">\n<div class=\"tsor1\">Kiemel\u00e9s r\u00e1seg\u00edt\u00e9s:<\/div>\n<div class=\"tsor2\">Motoros billent\u00e9s \/ kiemel\u00e9s<\/div>\n<div class=\"c\"><\/div>\n<\/div>\n<div class=\"tsor\">\n<div class=\"tsor1\">Motor billent\u00e9s:<\/div>\n<div class=\"tsor2\">Motoros billent\u00e9s \/ kiemel\u00e9s<\/div>\n<\/div>\n<\/div>\n<p>&nbsp;<\/p>\n<p>&nbsp;<\/p>\n<p>\u00d3vakodjon a fekete importt\u00f3l! 5 \u00e9v sorsz\u00e1mozott \u00e9s hivatalosan regisztr\u00e1lt garanci\u00e1val<\/p>\n","protected":false},"excerpt":{"rendered":"<p>A TELJES\u00cdTM\u00c9NY SZ\u00c1RNYAL\u00c1SA Er\u0151 \u00e9s a teljes\u00edtm\u00e9ny, mindez egybe z\u00e1rva. A Honda BF150 \u00e9s BF135 rendelkezik a leg\u00fajabb technol\u00f3giai \u00faj\u00edt\u00e1sokkal, \u00e9s nem ez az egyetlen el\u0151ny\u00fck &#8211; ezek a motorok kateg\u00f3ri\u00e1juk legtiszt\u00e1bb \u00e9s leggazdas\u00e1gosabb motorjai. Biztons\u00e1ggal szelheti a habokat ezekkel a motorokkal. &nbsp; BF 150 \u2013 mintha k\u00e9t motor lenne egyben A kimagasl\u00f3an j\u00f3 Honda [&hellip;]<\/p>\n","protected":false},"featured_media":6079,"comment_status":"open","ping_status":"closed","template":"","meta":[],"product_brand":[],"product_cat":[85],"product_tag":[],"class_list":{"0":"post-5732","1":"product","2":"type-product","3":"status-publish","4":"has-post-thumbnail","6":"product_cat-honda-motor","8":"first","9":"instock","10":"taxable","11":"shipping-taxable","12":"purchasable","13":"product-type-simple"},"jetpack_sharing_enabled":true,"_links":{"self":[{"href":"https:\/\/csonakjavitas.hu\/index.php\/wp-json\/wp\/v2\/product\/5732","targetHints":{"allow":["GET"]}}],"collection":[{"href":"https:\/\/csonakjavitas.hu\/index.php\/wp-json\/wp\/v2\/product"}],"about":[{"href":"https:\/\/csonakjavitas.hu\/index.php\/wp-json\/wp\/v2\/types\/product"}],"replies":[{"embeddable":true,"href":"https:\/\/csonakjavitas.hu\/index.php\/wp-json\/wp\/v2\/comments?post=5732"}],"wp:featuredmedia":[{"embeddable":true,"href":"https:\/\/csonakjavitas.hu\/index.php\/wp-json\/wp\/v2\/media\/6079"}],"wp:attachment":[{"href":"https:\/\/csonakjavitas.hu\/index.php\/wp-json\/wp\/v2\/media?parent=5732"}],"wp:term":[{"taxonomy":"product_brand","embeddable":true,"href":"https:\/\/csonakjavitas.hu\/index.php\/wp-json\/wp\/v2\/product_brand?post=5732"},{"taxonomy":"product_cat","embeddable":true,"href":"https:\/\/csonakjavitas.hu\/index.php\/wp-json\/wp\/v2\/product_cat?post=5732"},{"taxonomy":"product_tag","embeddable":true,"href":"https:\/\/csonakjavitas.hu\/index.php\/wp-json\/wp\/v2\/product_tag?post=5732"}],"curies":[{"name":"wp","href":"https:\/\/api.w.org\/{rel}","templated":true}]}}