{"id":5733,"date":"2026-02-23T15:56:33","date_gmt":"2026-02-23T15:56:33","guid":{"rendered":"https:\/\/wp.csonakjavitas.hu\/?post_type=product&#038;p=5733"},"modified":"2026-03-03T12:49:08","modified_gmt":"2026-03-03T12:49:08","slug":"bf-200-xru-csonakmotor","status":"publish","type":"product","link":"https:\/\/csonakjavitas.hu\/index.php\/termek\/bf-200-xru-csonakmotor\/","title":{"rendered":"Honda BF 200 XRU cs\u00f3nakmotor"},"content":{"rendered":"<h2>AMIT A T\u00d6K\u00c9LETES KIVITELEZ\u00c9S JELENT<\/h2>\n<p>A BF 225-\u00f6s, BF 200-as \u00e9s BF 175-\u00f6s motorokkal kapcsolatban a Honda gy\u00e1r h\u00e1rom nagyszab\u00e1s\u00fa \u00faj\u00edt\u00e1st vezetett be: a V6 technol\u00f3gi\u00e1t, a 24 szelepes megold\u00e1st \u00e9s az elektronikus \u00fczemanyag-befecskendez\u00e9st. Fedezze fel az \u00e9lvezetek m\u00e9g magasabb szintjeit a tengereken a Honda motorok seg\u00edts\u00e9g\u00e9vel!<\/p>\n<h2>Maxim\u00e1lis teljes\u00edtm\u00e9ny<\/h2>\n<p>Minden motorunk nagy teljes\u00edtm\u00e9ny\u0171, \u00e9s a BF 225-\u00f6st felszerelt\u00fck az \u00fan. Honda VTEC rendszerrel, azaz ugyanazzal az szelep vez\u00e9rl\u0151 \u00e9s id\u0151z\u00edt\u0151 rendszerrel, amelyet a d\u00edjnyertes Forma 1-es aut\u00f3khoz haszn\u00e1lunk. Ez a szerkezet minden fordulatsz\u00e1mon egyenletes m\u0171k\u00f6d\u00e9st biztos\u00edt, s\u0151t magas fordulatsz\u00e1mon ugr\u00e1sszer\u0171en megn\u00f6veli a teljes\u00edtm\u00e9nyt \u00e9s a forgat\u00f3nyomat\u00e9kot.<\/p>\n<h2>Alacsony fogyaszt\u00e1s<\/h2>\n<p>A BF225, BF200 \u00e9s a BF175 cs\u00f3nakmotorok 50%-kal kevesebb \u00fczemanyagot fogyasztanak, mint a hasonl\u00f3 teljes\u00edtm\u00e9ny\u0171 2-\u00fctem\u0171 t\u00e1rsaik, a Honda \u00e1ltal kifejlesztett PGM-FI (programozott \u00fczemanyag befecskendez\u00e9s) rendszernek k\u00f6sz\u00f6nhet\u0151en. Ez a rendszer optimaliz\u00e1lja a leveg\u0151\/\u00fczemanyag ar\u00e1ny\u00e1t, hogy els\u0151 pillanatt\u00f3l kezdve maxim\u00e1lis teljes\u00edtm\u00e9nyt \u00e9rjen el a motor.<\/p>\n<h2>Az \u00e9lm\u00e9nyek mindenekel\u0151tt<\/h2>\n<p>Ezek a motorok fele olyan hangosak, mint a hagyom\u00e1nyos 2-\u00fctem\u0171 motorok, a v\u00e1ltakoz\u00f3 leveg\u0151-bef\u00fav\u00f3 rendszer folyamatosan szab\u00e1lyozza a leveg\u0151 be\u00e1raml\u00e1st az \u00e9g\u00e9st\u00e9rbe, biztos\u00edtva ezzel a k\u00f6nnyed \u00e9s \u00e9lvezhet\u0151 haj\u00f3z\u00e1st.<\/p>\n<h2>Jellemz\u0151k:<\/h2>\n<ul>\n<li>A VTEC (v\u00e1ltakoz\u00f3 idej\u0171 elektronikus szelepvez\u00e9rl\u00e9s) \u00e9s a Lift Electronic szab\u00e1lyz\u00f3 nagy teljes\u00edtm\u00e9nyt biztos\u00edt minden sebess\u00e9gn\u00e9l. (BF225)<\/li>\n<li>V\u00e1ltoztathat\u00f3 l\u00e9gbef\u00fav\u00e1s, ami nagyobb forgat\u00f3nyomat\u00e9kot eredm\u00e9nyez alacsony fordulatsz\u00e1mon is<\/li>\n<li>Lean Burn Feedback szab\u00e1lyz\u00f3 egy oxig\u00e9n szenzor seg\u00edts\u00e9g\u00e9vel biztos\u00edtja az optim\u00e1lis \u00fczemanyag felhaszn\u00e1l\u00e1st. (ECOmo)<\/li>\n<li>Lendker\u00e9k a rezg\u00e9sek cs\u00f6kkent\u00e9se v\u00e9gett<\/li>\n<li>Be\u00f6nt\u0151 ny\u00edl\u00e1s az \u00e9desv\u00edz sz\u00e1m\u00e1ra, ami a korr\u00f3zi\u00f3 elleni v\u00e9delmet szolg\u00e1lja<\/li>\n<li>T\u00f6bb ponton kereszt\u00fcl t\u00f6rt\u00e9n\u0151 elektronikus porlaszt\u00e1s (PGM-FI)<\/li>\n<li>60 A t\u00f6lt\u00e9si kapacit\u00e1s biztos\u00edtja a fed\u00e9lzet energiaell\u00e1t\u00e1s\u00e1t<\/li>\n<li>Be\u00e9p\u00edtett \u00fczemanyag\/v\u00edz sz\u00e9tv\u00e1laszt\u00f3<\/li>\n<li>Elektronikus olaj-, h\u0151fok- \u00e9s fordulatsz\u00e1m-ellen\u0151rz\u0151 rendszer<\/li>\n<li>600-ban megd\u00f6nt\u00f6tt V6, amely dupla r\u00f6gz\u00edt\u00e9st tesz lehet\u0151v\u00e9 minim\u00e1lis t\u00e9rig\u00e9ny mellett<\/li>\n<li>Ellent\u00e9tes forg\u00e1sir\u00e1ny\u00fa modellek az egyez\u0151 ir\u00e1nyban forg\u00f3 haj\u00f3csavarokn\u00e1l keletkez\u0151 k\u00e1ros forgat\u00f3nyomat\u00e9k kik\u00fcsz\u00f6b\u00f6l\u00e9s\u00e9re (BF 200 &#8211; BF 225)<\/li>\n<li>K\u00e9tszint\u0171 befecskendez\u00e9s<\/li>\n<\/ul>\n<h2>M\u00c9RETEK<\/h2>\n<div class=\"tsor\">\n<div class=\"tsor1\">Hossz\u00fas\u00e1g:<\/div>\n<div class=\"tsor2\">920 mm<\/div>\n<div class=\"c\"><\/div>\n<\/div>\n<div class=\"tsor\">\n<div class=\"tsor1\">Sz\u00e9less\u00e9g:<\/div>\n<div class=\"tsor2\">625 mm<\/div>\n<div class=\"c\"><\/div>\n<\/div>\n<div class=\"tsor\">\n<div class=\"tsor1\">Magass\u00e1g:<\/div>\n<div class=\"tsor2\">1670 (L) &#8211; 1800 (X) &#8211; 1925 (XX) mm<\/div>\n<div class=\"c\"><\/div>\n<\/div>\n<div class=\"tsor\">\n<div class=\"tsor1\">Trib magass\u00e1g:<\/div>\n<div class=\"tsor2\">508 (L) &#8211; 635 (X) &#8211; 762 (XX) mm<\/div>\n<div class=\"c\"><\/div>\n<\/div>\n<div class=\"tsor\">\n<div class=\"tsor1\">S\u00faly XX:<\/div>\n<div class=\"tsor2\">272 kg<\/div>\n<div class=\"c\"><\/div>\n<\/div>\n<div class=\"tsor\">\n<div class=\"tsor1\">S\u00faly X:<\/div>\n<div class=\"tsor2\">267 kg<\/div>\n<div class=\"c\"><\/div>\n<\/div>\n<div class=\"tsor\">\n<div class=\"tsor1\">S\u00faly L:<\/div>\n<div class=\"tsor2\">262 kg<\/div>\n<div><\/div>\n<\/div>\n<h2>MOTOR<\/h2>\n<div class=\"tsor\">\n<div class=\"tsor1\">Motor tipus:<\/div>\n<div class=\"tsor2\">OHC &#8211; 6 henger V 60<\/div>\n<div class=\"c\"><\/div>\n<\/div>\n<div class=\"tsor\">\n<div class=\"tsor1\">Furat x l\u00f6ket:<\/div>\n<div class=\"tsor2\">89&#215;93 mm<\/div>\n<div class=\"c\"><\/div>\n<\/div>\n<div class=\"tsor\">\n<div class=\"tsor1\">Szelepsz\u00e1m:<\/div>\n<div class=\"tsor2\">24 szelep<\/div>\n<div class=\"c\"><\/div>\n<\/div>\n<div class=\"tsor\">\n<div class=\"tsor1\">Max. fordulatsz\u00e1m:<\/div>\n<div class=\"tsor2\">5000-6000<\/div>\n<div class=\"c\"><\/div>\n<\/div>\n<div class=\"tsor\">\n<div class=\"tsor1\">Folyamatos teljes\u00edtm\u00e9ny HP:<\/div>\n<div class=\"tsor2\">200 LE &#8211; (147,1 kw) kw<\/div>\n<div class=\"c\"><\/div>\n<\/div>\n<div class=\"tsor\">\n<div class=\"tsor1\">H\u0171t\u00e9si rendszer:<\/div>\n<div class=\"tsor2\">V\u00edzh\u0171t\u00e9s<\/div>\n<div class=\"c\"><\/div>\n<\/div>\n<div class=\"tsor\">\n<div class=\"tsor1\">\u00dczemanyag ell\u00e1t\u00e1s:<\/div>\n<div class=\"tsor2\">Elektronikus befecskendez\u0151<\/div>\n<div class=\"c\"><\/div>\n<\/div>\n<div class=\"tsor\">\n<div class=\"tsor1\">Gy\u00fajt\u00e1si rendszer:<\/div>\n<div class=\"tsor2\">Elektronikus PGM-IG<\/div>\n<div class=\"c\"><\/div>\n<\/div>\n<div class=\"tsor\">\n<div class=\"tsor1\">Kipufog\u00f3 rendszer:<\/div>\n<div class=\"tsor2\">Propelleren \u00e1t<\/div>\n<\/div>\n<div><\/div>\n<div>\n<h2>ER\u0150\u00c1TVITEL<\/h2>\n<div class=\"tsor\">\n<div class=\"tsor1\">\u00c1tvitel ar\u00e1nya:<\/div>\n<div class=\"tsor2\">1,87<\/div>\n<div class=\"c\"><\/div>\n<\/div>\n<div class=\"tsor\">\n<div class=\"tsor1\">Ir\u00e1nyv\u00e1lt\u00f3 fokozatok:<\/div>\n<div class=\"tsor2\">F &#8211; N &#8211; R<\/div>\n<\/div>\n<\/div>\n<div><\/div>\n<div>\n<h2>FEL\u00c9P\u00cdTM\u00c9NY<\/h2>\n<div class=\"tsor\">\n<div class=\"tsor1\">T\u00f6lt\u0151 \u00e1ram:<\/div>\n<div class=\"tsor2\">60 A<\/div>\n<div class=\"c\"><\/div>\n<\/div>\n<div class=\"tsor\">\n<div class=\"tsor1\">Propeller m\u00e9ret:<\/div>\n<div class=\"tsor2\">Opci\u00f3<\/div>\n<div class=\"c\"><\/div>\n<\/div>\n<div class=\"tsor\">\n<div class=\"tsor1\">Propeller lap\u00e1tok sz\u00e1ma:<\/div>\n<div class=\"tsor2\">3 v. 4 db<\/div>\n<\/div>\n<div class=\"tsor\">\n<div class=\"c\"><\/div>\n<\/div>\n<div class=\"tsor\">\n<div class=\"tsor1\">V\u00edz \/ \u00fczemanyag sz\u00e9tv\u00e1laszt\u00f3:<\/div>\n<div class=\"tsor2\">Be\u00e9p\u00edtett<\/div>\n<div class=\"c\"><\/div>\n<\/div>\n<div class=\"tsor\">\n<div class=\"tsor1\">Ir\u00e1nyv\u00e1lt\u00e1s:<\/div>\n<div class=\"tsor2\">Opci\u00f3<\/div>\n<div><\/div>\n<\/div>\n<div class=\"tsor\">\n<div class=\"tsor1\">Ind\u00edt\u00f3 rendszer:<\/div>\n<div class=\"tsor2\">Elektromos<\/div>\n<div><\/div>\n<\/div>\n<div class=\"tsor\">\n<div class=\"tsor1\">Kiemel\u00e9s r\u00e1seg\u00edt\u00e9s:<\/div>\n<div class=\"tsor2\">Motoros billent\u00e9s \/ kiemel\u00e9s<\/div>\n<div><\/div>\n<\/div>\n<div class=\"tsor\">\n<div class=\"tsor1\">Motor billent\u00e9s:<\/div>\n<div class=\"tsor2\">Motoros billent\u00e9s \/ kiemel\u00e9s<\/div>\n<\/div>\n<\/div>\n<div><\/div>\n<div><\/div>\n<div>\u00d3vakodjon a fekete importt\u00f3l! 5 \u00e9v sorsz\u00e1mozott \u00e9s hivatalosan regisztr\u00e1lt garanci\u00e1val<\/div>\n","protected":false},"excerpt":{"rendered":"<p>AMIT A T\u00d6K\u00c9LETES KIVITELEZ\u00c9S JELENT A BF 225-\u00f6s, BF 200-as \u00e9s BF 175-\u00f6s motorokkal kapcsolatban a Honda gy\u00e1r h\u00e1rom nagyszab\u00e1s\u00fa \u00faj\u00edt\u00e1st vezetett be: a V6 technol\u00f3gi\u00e1t, a 24 szelepes megold\u00e1st \u00e9s az elektronikus \u00fczemanyag-befecskendez\u00e9st. Fedezze fel az \u00e9lvezetek m\u00e9g magasabb szintjeit a tengereken a Honda motorok seg\u00edts\u00e9g\u00e9vel! Maxim\u00e1lis teljes\u00edtm\u00e9ny Minden motorunk nagy teljes\u00edtm\u00e9ny\u0171, \u00e9s a [&hellip;]<\/p>\n","protected":false},"featured_media":6071,"comment_status":"open","ping_status":"closed","template":"","meta":[],"product_brand":[],"product_cat":[85],"product_tag":[],"class_list":{"0":"post-5733","1":"product","2":"type-product","3":"status-publish","4":"has-post-thumbnail","6":"product_cat-honda-motor","8":"first","9":"instock","10":"taxable","11":"shipping-taxable","12":"purchasable","13":"product-type-simple"},"jetpack_sharing_enabled":true,"_links":{"self":[{"href":"https:\/\/csonakjavitas.hu\/index.php\/wp-json\/wp\/v2\/product\/5733","targetHints":{"allow":["GET"]}}],"collection":[{"href":"https:\/\/csonakjavitas.hu\/index.php\/wp-json\/wp\/v2\/product"}],"about":[{"href":"https:\/\/csonakjavitas.hu\/index.php\/wp-json\/wp\/v2\/types\/product"}],"replies":[{"embeddable":true,"href":"https:\/\/csonakjavitas.hu\/index.php\/wp-json\/wp\/v2\/comments?post=5733"}],"wp:featuredmedia":[{"embeddable":true,"href":"https:\/\/csonakjavitas.hu\/index.php\/wp-json\/wp\/v2\/media\/6071"}],"wp:attachment":[{"href":"https:\/\/csonakjavitas.hu\/index.php\/wp-json\/wp\/v2\/media?parent=5733"}],"wp:term":[{"taxonomy":"product_brand","embeddable":true,"href":"https:\/\/csonakjavitas.hu\/index.php\/wp-json\/wp\/v2\/product_brand?post=5733"},{"taxonomy":"product_cat","embeddable":true,"href":"https:\/\/csonakjavitas.hu\/index.php\/wp-json\/wp\/v2\/product_cat?post=5733"},{"taxonomy":"product_tag","embeddable":true,"href":"https:\/\/csonakjavitas.hu\/index.php\/wp-json\/wp\/v2\/product_tag?post=5733"}],"curies":[{"name":"wp","href":"https:\/\/api.w.org\/{rel}","templated":true}]}}