{"id":5734,"date":"2026-02-23T15:56:33","date_gmt":"2026-02-23T15:56:33","guid":{"rendered":"https:\/\/wp.csonakjavitas.hu\/?post_type=product&#038;p=5734"},"modified":"2026-03-03T13:00:40","modified_gmt":"2026-03-03T13:00:40","slug":"bf-350a-xdu-csonakmotor","status":"publish","type":"product","link":"https:\/\/csonakjavitas.hu\/index.php\/termek\/bf-350a-xdu-csonakmotor\/","title":{"rendered":"Honda BF 350A XDU\u00a0cs\u00f3nakmotor"},"content":{"rendered":"<p>Az \u00faj Honda BF350 V8 val\u00f3ban m\u00e9rf\u00f6ldk\u0151: az els\u0151 sorozatgy\u00e1rt\u00e1s\u00fa V8-as motorunk, amely sz\u00e1razf\u00f6ldi \u00e9s v\u00edzi haszn\u00e1latra egyar\u00e1nt alkalmas. A Honda BF350-t \u00fagy tervezt\u00e9k, hogy megfeleljen a mai csal\u00e1dok ig\u00e9nyeinek, akik nagyobb haj\u00f3kat szeretn\u00e9nek, \u00e9s t\u00e1volabb mer\u00e9szkedn\u00e9nek a partt\u00f3l. Ez a motor maxim\u00e1lis teljes\u00edtm\u00e9nyt ny\u00fajt leny\u0171g\u00f6z\u0151 \u00fczemanyag-hat\u00e9konys\u00e1ggal.<\/p>\n<p>&nbsp;<\/p>\n<p>A Honda els\u0151 sorozatgy\u00e1rt\u00e1s\u00fa V8-as motorja maxim\u00e1lis teljes\u00edtm\u00e9nyt ny\u00fajt leny\u0171g\u00f6z\u0151 \u00fczemanyag-hat\u00e9konys\u00e1ggal.<\/p>\n<p>Leny\u0171g\u00f6z\u0151 sebess\u00e9g \u00e9s gyors gyorsul\u00e1s biztos\u00edtja az izgalmas hajt\u00f3m\u0171veletet, sima reakci\u00f3val \u00e9s kiv\u00e9telesen er\u0151s nyomat\u00e9kkal.<\/p>\n<p>A Honda exkluz\u00edv VTEC technol\u00f3gi\u00e1ja kiv\u00e1l\u00f3 teljes\u00edtm\u00e9nyt, nyomat\u00e9kot \u00e9s \u00fczemanyag-hat\u00e9konys\u00e1got k\u00edn\u00e1l.<\/p>\n<p>A Honda exkluz\u00edv BLAST rendszere jav\u00edtja a gyorsul\u00e1st alacsony sebess\u00e9gn\u00e9l.\u00a0 Azonnali gyorsul\u00e1s \u00e9s jobb kil\u00f6v\u00e9si teljes\u00edtm\u00e9ny.<\/p>\n<p><strong>Teljesen kiegyens\u00falyozott 60\u00b0-os eltol\u00e1s\u00fa f\u0151tengely<\/strong>\u00a0Minden BF350 f\u0151tengely ugyanabb\u00f3l az \u00f6tv\u00f6zetb\u0151l k\u00e9sz\u00fcl, mint az Acura h\u00edres NSX nagy teljes\u00edtm\u00e9ny\u0171 sportaut\u00f3j\u00e1nak f\u0151tengelye. A teljesen kiegyens\u00falyozott, 60\u00b0-os eltol\u00e1s\u00fa f\u0151tengely kik\u00fcsz\u00f6b\u00f6li az ellens\u00falyoz\u00e1s sz\u00fcks\u00e9gess\u00e9g\u00e9t, \u00e9s z\u00f6kken\u0151mentesen integr\u00e1l\u00f3dik a 60\u00b0-os motortervez\u00e9shez \u00e9s a nemline\u00e1ris motorr\u00f6gz\u00edt\u00e9shez, minim\u00e1lis rezg\u00e9ssel biztos\u00edtva a kiv\u00e9teles teljes\u00edtm\u00e9nyt.<\/p>\n<p>&nbsp;<\/p>\n<h3><strong>Kiv\u00e1l\u00f3 \u00fczemanyag-hat\u00e9konys\u00e1g<\/strong><\/h3>\n<p>Az optimaliz\u00e1lt \u00fczemanyag-hat\u00e9konys\u00e1g n\u00f6veli a hat\u00f3t\u00e1vols\u00e1got \u00e9s cs\u00f6kkenti az \u00fczemeltet\u00e9si k\u00f6lts\u00e9geket. A Honda saj\u00e1t Lean Burn Control technol\u00f3gi\u00e1ja sov\u00e1nyabb \u00fczemanyag-leveg\u0151 kever\u00e9kkel t\u00e1mogatja az \u00e9g\u00e9st, optimaliz\u00e1lva az \u00fczemanyag-hat\u00e9konys\u00e1got.<\/p>\n<p>86 okt\u00e1nos \u00fczemanyaggal m\u0171k\u00f6dik\u00a0A BF350 egy pr\u00e9mium teljes\u00edtm\u00e9ny\u0171 motor, amely norm\u00e1l benzinnel m\u0171k\u00f6dik \u2013 ez j\u00f3t tesz a p\u00e9nzt\u00e1rc\u00e1dnak!<\/p>\n<p>PGM-FI\u00a0A t\u00f6bbpontos programozott \u00fczemanyag-befecskendez\u00e9s (PGM-FI) k\u00f6nnyebb ind\u00edt\u00e1st \u00e9s jobb \u00fczemanyag-hat\u00e9konys\u00e1got biztos\u00edt, an\u00e9lk\u00fcl, hogy a teljes\u00edtm\u00e9ny csorbulna.<\/p>\n<p>&nbsp;<\/p>\n<h3><strong>Er\u0151teljes teljes\u00edtm\u00e9ny<\/strong><\/h3>\n<p><strong>Trim t\u00e1mogat\u00e1s<\/strong>\u00a0A trim t\u00e1mogat\u00e1s automatikusan m\u0171k\u00f6dik a motor vagy a haj\u00f3 sebess\u00e9ge alapj\u00e1n. Az el\u0151be\u00e1ll\u00edt\u00e1sok finomhangolhat\u00f3k a v\u00e1ltoz\u00f3 k\u00f6r\u00fclm\u00e9nyekhez.<\/p>\n<p><strong>Automatikus billent\u00e9s<\/strong>\u00a0Az automatikus billent\u00e9s egyszer\u0171, gombvez\u00e9relt fel-le billent\u00e9st k\u00edn\u00e1l t\u00e1rol\u00e1s vagy kik\u00f6t\u00e9s sor\u00e1n, mind\u00f6ssze k\u00e9t gombnyom\u00e1ssal.<\/p>\n<p><strong>Tempomat<\/strong>\u00a0A tempomat lehet\u0151v\u00e9 teszi a haj\u00f3sok sz\u00e1m\u00e1ra, hogy fenntarts\u00e1k a k\u00edv\u00e1nt utaz\u00e1si sebess\u00e9get vagy fordulatsz\u00e1mot vontat\u00e1si sportokhoz, horg\u00e1szathoz vagy ak\u00e1r szoros kanyarokban \u00e9s hull\u00e1mos v\u00edzen val\u00f3 haj\u00f3z\u00e1shoz.<\/p>\n<p><strong>Magas tol\u00f3er\u0151-k\u00e9pess\u00e9g<\/strong>\u00a0A magas tol\u00f3er\u0151-k\u00e9pess\u00e9g kiv\u00e1l\u00f3 man\u0151verezhet\u0151s\u00e9get \u00e9s ir\u00e1ny\u00edt\u00e1st biztos\u00edt, seg\u00edtve a nagy haj\u00f3k pozicion\u00e1l\u00e1s\u00e1t \u00e9s meg\u00e1ll\u00edt\u00e1s\u00e1t.<\/p>\n<p><strong>Magas teljes\u00edtm\u00e9ny\u0171 t\u00f6lt\u00e9s t\u00f6bb felhaszn\u00e1lhat\u00f3 energi\u00e1\u00e9rt<\/strong>\u00a0A magas t\u00f6lt\u00e9si teljes\u00edtm\u00e9ny maxim\u00e1lis 70A teljes\u00edtm\u00e9nyt k\u00edn\u00e1l, amely meghaladja a tipikus fed\u00e9lzeti eszk\u00f6z\u00f6k ig\u00e9nyeit.<\/p>\n<p><strong>Akkumul\u00e1tor k\u00edm\u00e9l\u00e9se AMP+ seg\u00edts\u00e9g\u00e9vel<\/strong>\u00a0\u00dcresj\u00e1ratban, amikor a motor tov\u00e1bbi amperig\u00e9nyt \u00e9rz\u00e9kel, az AMP+ automatikusan 100 fordulattal n\u00f6veli az RPM-et, hogy tov\u00e1bbi 12 ampert termeljen. Ez seg\u00edt megel\u0151zni a kritikus akkumul\u00e1torenergia lemer\u00fcl\u00e9s\u00e9t t\u00f6bb tartoz\u00e9k haszn\u00e1lata eset\u00e9n.<\/p>\n<p>&nbsp;<\/p>\n<h3><strong>BF350 Specifik\u00e1ci\u00f3k<\/strong><\/h3>\n<div>\n<div>\n<table>\n<thead>\n<tr>\n<th><strong>Specifik\u00e1ci\u00f3<\/strong><\/th>\n<th><strong>BF350<\/strong><\/th>\n<\/tr>\n<\/thead>\n<tbody>\n<tr>\n<td><strong>Motor t\u00edpusa<\/strong><\/td>\n<td>4-\u00fctem\u0171, SOHC, 60\u00b0 V8, 32 szelep<\/td>\n<\/tr>\n<tr>\n<td><strong>L\u00f6kett\u00e9rfogat<\/strong><\/td>\n<td>4 952 cc (302 k\u00f6bh\u00fcvelyk)<\/td>\n<\/tr>\n<tr>\n<td><strong>Furat &amp; L\u00f6ket<\/strong><\/td>\n<td>89 mm x 99,5 mm (3,5 x 3,9 h\u00fcvelyk)<\/td>\n<\/tr>\n<tr>\n<td><strong>Teljes g\u00e1zfordulat-tartom\u00e1ny<\/strong><\/td>\n<td>5 000 &#8211; 6 000 RPM<\/td>\n<\/tr>\n<tr>\n<td><strong>N\u00e9vleges teljes\u00edtm\u00e9ny<\/strong><\/td>\n<td>350 LE @ 5 500 RPM<\/td>\n<\/tr>\n<tr>\n<td><strong>H\u0171t\u0151rendszer<\/strong><\/td>\n<td>V\u00edzh\u0171t\u00e9s<\/td>\n<\/tr>\n<tr>\n<td><strong>\u00dczemanyag-ell\u00e1t\u00e1s<\/strong><\/td>\n<td>Programozott \u00fczemanyag-befecskendez\u00e9s<\/td>\n<\/tr>\n<tr>\n<td><strong>Gy\u00fajt\u00e1srendszer<\/strong><\/td>\n<td>MikroComputer Programozott<\/td>\n<\/tr>\n<tr>\n<td><strong>Ind\u00edt\u00f3rendszer<\/strong><\/td>\n<td>Elektromos<\/td>\n<\/tr>\n<tr>\n<td><strong>Kipufog\u00e1s<\/strong><\/td>\n<td>Csiga belsej\u00e9n \u00e1t<\/td>\n<\/tr>\n<tr>\n<td><strong>Ken\u00e9si rendszer<\/strong><\/td>\n<td>Nedves karter<\/td>\n<\/tr>\n<tr>\n<td><strong>Trim tartom\u00e1ny<\/strong><\/td>\n<td>-4\u00b0 &#8211; +15\u00b0<\/td>\n<\/tr>\n<tr>\n<td><strong>Billent\u00e9si tartom\u00e1ny<\/strong><\/td>\n<td>68\u00b0<\/td>\n<\/tr>\n<tr>\n<td><strong>\u00dczemanyag t\u00edpusa<\/strong><\/td>\n<td>86 okt\u00e1nos<\/td>\n<\/tr>\n<\/tbody>\n<\/table>\n<\/div>\n<div><\/div>\n<\/div>\n<h3><strong>Hajt\u00e1s<\/strong><\/h3>\n<div>\n<div>\n<table>\n<thead>\n<tr>\n<th><strong>Specifik\u00e1ci\u00f3<\/strong><\/th>\n<th><strong>BF350<\/strong><\/th>\n<\/tr>\n<\/thead>\n<tbody>\n<tr>\n<td><strong>\u00c1tt\u00e9teli ar\u00e1ny<\/strong><\/td>\n<td>1,79:1<\/td>\n<\/tr>\n<tr>\n<td><strong>Sebess\u00e9gv\u00e1lt\u00f3<\/strong><\/td>\n<td>F-N-R<\/td>\n<\/tr>\n<\/tbody>\n<\/table>\n<\/div>\n<div><\/div>\n<\/div>\n<h3><strong>Felszerel\u00e9s<\/strong><\/h3>\n<div>\n<div>\n<table>\n<thead>\n<tr>\n<th><strong>Specifik\u00e1ci\u00f3<\/strong><\/th>\n<th><strong>BF350<\/strong><\/th>\n<\/tr>\n<\/thead>\n<tbody>\n<tr>\n<td><strong>Gener\u00e1tor (elektromos ind\u00edt\u00e1s)<\/strong><\/td>\n<td>93 Amper<\/td>\n<\/tr>\n<tr>\n<td><strong>Akkumul\u00e1tor t\u00f6lt\u00e9si teljes\u00edtm\u00e9ny<\/strong><\/td>\n<td>70 Amper<\/td>\n<\/tr>\n<tr>\n<td><strong>Propeller<\/strong><\/td>\n<td>Opcion\u00e1lis<\/td>\n<\/tr>\n<tr>\n<td><strong>Trim t\u00e1mogat\u00e1s<\/strong><\/td>\n<td>Alapfelszerelts\u00e9g<\/td>\n<\/tr>\n<tr>\n<td><strong>Automatikus billent\u00e9s<\/strong><\/td>\n<td>Alapfelszerelts\u00e9g<\/td>\n<\/tr>\n<tr>\n<td><strong>Trolling m\u00f3d tartom\u00e1ny<\/strong><\/td>\n<td>650-1000 RPM<\/td>\n<\/tr>\n<tr>\n<td><strong>Tempomat tartom\u00e1ny<\/strong><\/td>\n<td>650-6000 RPM, 50 RPM l\u00e9p\u00e9sekben<\/td>\n<\/tr>\n<tr>\n<td><strong>Olajnyom\u00e1s figyelmeztet\u00e9s<\/strong><\/td>\n<td>Alapfelszerelts\u00e9g<\/td>\n<\/tr>\n<tr>\n<td><strong>H\u0151m\u00e9rs\u00e9klet figyelmeztet\u00e9s<\/strong><\/td>\n<td>Alapfelszerelts\u00e9g<\/td>\n<\/tr>\n<tr>\n<td><strong>Fordulatsz\u00e1m-korl\u00e1toz\u00f3<\/strong><\/td>\n<td>Alapfelszerelts\u00e9g<\/td>\n<\/tr>\n<\/tbody>\n<\/table>\n<\/div>\n<div><\/div>\n<\/div>\n<h3><strong>Garancia<\/strong><\/h3>\n<div>\n<div>\n<table>\n<thead>\n<tr>\n<th><strong>Specifik\u00e1ci\u00f3<\/strong><\/th>\n<th><strong>BF350<\/strong><\/th>\n<\/tr>\n<\/thead>\n<tbody>\n<tr>\n<td><strong>Rekre\u00e1ci\u00f3s haszn\u00e1latra<\/strong><\/td>\n<td>5 \u00e9v<\/td>\n<\/tr>\n<tr>\n<td><strong>Kereskedelmi\/b\u00e9rleti haszn\u00e1latra<\/strong><\/td>\n<td>2 \u00e9v<\/td>\n<\/tr>\n<tr>\n<td><strong>Opcion\u00e1lis meghosszabb\u00edtott garancia<\/strong><\/td>\n<td>Ak\u00e1r 36 h\u00f3nap<\/td>\n<\/tr>\n<\/tbody>\n<\/table>\n<\/div>\n<div><\/div>\n<\/div>\n<h3><strong>M\u00e9retek<\/strong><\/h3>\n<div>\n<div>\n<table>\n<thead>\n<tr>\n<th><strong>Specifik\u00e1ci\u00f3<\/strong><\/th>\n<th><strong>BF350<\/strong><\/th>\n<\/tr>\n<\/thead>\n<tbody>\n<tr>\n<td><strong>Teljes sz\u00e9less\u00e9g<\/strong><\/td>\n<td>650 mm \/ 25,6 h\u00fcvelyk<\/td>\n<\/tr>\n<\/tbody>\n<\/table>\n<\/div>\n<div><\/div>\n<\/div>\n<h3><strong>Haj\u00f3fen\u00e9k magass\u00e1g<\/strong><\/h3>\n<div>\n<div>\n<table>\n<thead>\n<tr>\n<th><strong>Specifik\u00e1ci\u00f3<\/strong><\/th>\n<th><strong>BF350<\/strong><\/th>\n<\/tr>\n<\/thead>\n<tbody>\n<tr>\n<td><strong>X T\u00edpus<\/strong><\/td>\n<td>638 mm \/ 25 h\u00fcvelyk<\/td>\n<\/tr>\n<tr>\n<td><strong>U T\u00edpus<\/strong><\/td>\n<td>765 mm \/ 30 h\u00fcvelyk<\/td>\n<\/tr>\n<\/tbody>\n<\/table>\n<\/div>\n<div><\/div>\n<\/div>\n<h3><strong>Sz\u00e1raz s\u00faly<\/strong><\/h3>\n<div>\n<div>\n<table>\n<thead>\n<tr>\n<th><strong>Specifik\u00e1ci\u00f3<\/strong><\/th>\n<th><strong>BF350<\/strong><\/th>\n<\/tr>\n<\/thead>\n<tbody>\n<tr>\n<td><strong>X-T\u00edpus<\/strong><\/td>\n<td>347 kg \/ 765 lbs<\/td>\n<\/tr>\n<tr>\n<td><strong>U-T\u00edpus<\/strong><\/td>\n<td>352 kg \/ 776 lbs<\/td>\n<\/tr>\n<\/tbody>\n<\/table>\n<p>&nbsp;<\/p>\n<\/div>\n<\/div>\n<p>\u00d3vakodjon a fekete importt\u00f3l! 5 \u00e9v sorsz\u00e1mozott \u00e9s hivatalosan regisztr\u00e1lt garanci\u00e1val<\/p>\n","protected":false},"excerpt":{"rendered":"<p>Az \u00faj Honda BF350 V8 val\u00f3ban m\u00e9rf\u00f6ldk\u0151: az els\u0151 sorozatgy\u00e1rt\u00e1s\u00fa V8-as motorunk, amely sz\u00e1razf\u00f6ldi \u00e9s v\u00edzi haszn\u00e1latra egyar\u00e1nt alkalmas. A Honda BF350-t \u00fagy tervezt\u00e9k, hogy megfeleljen a mai csal\u00e1dok ig\u00e9nyeinek, akik nagyobb haj\u00f3kat szeretn\u00e9nek, \u00e9s t\u00e1volabb mer\u00e9szkedn\u00e9nek a partt\u00f3l. Ez a motor maxim\u00e1lis teljes\u00edtm\u00e9nyt ny\u00fajt leny\u0171g\u00f6z\u0151 \u00fczemanyag-hat\u00e9konys\u00e1ggal. &nbsp; A Honda els\u0151 sorozatgy\u00e1rt\u00e1s\u00fa V8-as motorja maxim\u00e1lis [&hellip;]<\/p>\n","protected":false},"featured_media":6073,"comment_status":"open","ping_status":"closed","template":"","meta":[],"product_brand":[],"product_cat":[85],"product_tag":[],"class_list":{"0":"post-5734","1":"product","2":"type-product","3":"status-publish","4":"has-post-thumbnail","6":"product_cat-honda-motor","8":"first","9":"instock","10":"taxable","11":"shipping-taxable","12":"purchasable","13":"product-type-simple"},"jetpack_sharing_enabled":true,"_links":{"self":[{"href":"https:\/\/csonakjavitas.hu\/index.php\/wp-json\/wp\/v2\/product\/5734","targetHints":{"allow":["GET"]}}],"collection":[{"href":"https:\/\/csonakjavitas.hu\/index.php\/wp-json\/wp\/v2\/product"}],"about":[{"href":"https:\/\/csonakjavitas.hu\/index.php\/wp-json\/wp\/v2\/types\/product"}],"replies":[{"embeddable":true,"href":"https:\/\/csonakjavitas.hu\/index.php\/wp-json\/wp\/v2\/comments?post=5734"}],"wp:featuredmedia":[{"embeddable":true,"href":"https:\/\/csonakjavitas.hu\/index.php\/wp-json\/wp\/v2\/media\/6073"}],"wp:attachment":[{"href":"https:\/\/csonakjavitas.hu\/index.php\/wp-json\/wp\/v2\/media?parent=5734"}],"wp:term":[{"taxonomy":"product_brand","embeddable":true,"href":"https:\/\/csonakjavitas.hu\/index.php\/wp-json\/wp\/v2\/product_brand?post=5734"},{"taxonomy":"product_cat","embeddable":true,"href":"https:\/\/csonakjavitas.hu\/index.php\/wp-json\/wp\/v2\/product_cat?post=5734"},{"taxonomy":"product_tag","embeddable":true,"href":"https:\/\/csonakjavitas.hu\/index.php\/wp-json\/wp\/v2\/product_tag?post=5734"}],"curies":[{"name":"wp","href":"https:\/\/api.w.org\/{rel}","templated":true}]}}