{"id":5735,"date":"2026-02-23T15:56:33","date_gmt":"2026-02-23T15:56:33","guid":{"rendered":"https:\/\/wp.csonakjavitas.hu\/?post_type=product&#038;p=5735"},"modified":"2026-02-27T13:37:40","modified_gmt":"2026-02-27T13:37:40","slug":"billund-2-ketszemelyes-infraszauna-185-kw","status":"publish","type":"product","link":"https:\/\/csonakjavitas.hu\/index.php\/termek\/billund-2-ketszemelyes-infraszauna-185-kw\/","title":{"rendered":"BILLUND 2 &#8211; k\u00e9tszem\u00e9lyes infraszauna, 1,85 kW"},"content":{"rendered":"<div id=\"product-50245\" class=\"post-50245 product type-product status-publish has-post-thumbnail product_cat-ujdonsagok product_cat-szauna product_cat-infrakabinok_teljes_spektrumu_sugarzoval first instock downloadable taxable shipping-taxable purchasable product-type-simple\">\n<div id=\"product_details\" class=\"col\">\n<div class=\"summary entry-summary\">\n<form class=\"cart\" action=\"https:\/\/sanotechnikwebshop.hu\/termek\/billund-2-ketszemelyes-infraszauna-185-kw\/\" enctype=\"multipart\/form-data\" method=\"post\">\n<div class=\"dimensions\">\n<ul>\n<li><b>S\u00faly:\u00a0<\/b>145 kg<\/li>\n<\/ul>\n<\/div>\n<div class=\"attributes\"><\/div>\n<\/form>\n<div class=\"woocommerce-product-details__short-description\">\n<table width=\"453\">\n<tbody>\n<tr>\n<td colspan=\"2\" width=\"453\"><strong>M\u0171szaki adatok<\/strong><\/td>\n<\/tr>\n<tr>\n<td>K\u00fcls\u0151 m\u00e9ret:<\/td>\n<td>125 x 100 x 190 cm<\/td>\n<\/tr>\n<tr>\n<td>Bels\u0151 m\u00e9ret:<\/td>\n<td>115 x 90 x 179 cm<\/td>\n<\/tr>\n<tr>\n<td>\u00dcl\u0151fel\u00fclet:<\/td>\n<td>115 x 45 cm<\/td>\n<\/tr>\n<tr>\n<td>Ajt\u00f3ny\u00edl\u00e1s:<\/td>\n<td>58 cm<\/td>\n<\/tr>\n<tr>\n<td>H\u00e1l\u00f3zati fesz\u00fclts\u00e9g:<\/td>\n<td>220-240 V<\/td>\n<\/tr>\n<tr>\n<td>Teljes\u00edtm\u00e9ny:<\/td>\n<td>1.850 Watt<\/td>\n<\/tr>\n<\/tbody>\n<\/table>\n<p>&nbsp;<\/p>\n<\/div>\n<\/div>\n<\/div>\n<\/div>\n<div class=\"product_info\">\n<div class=\"content\">\n<table width=\"483\">\n<tbody>\n<tr>\n<td width=\"133\"><strong>Jellemz\u0151k<\/strong>:<\/td>\n<td width=\"350\">k\u00e9tszem\u00e9lyes<\/td>\n<\/tr>\n<tr>\n<td><\/td>\n<td>digit\u00e1lis kezel\u0151panel<\/td>\n<\/tr>\n<tr>\n<td><\/td>\n<td>sz\u00ednter\u00e1pi\u00e1s vil\u00e1g\u00edt\u00e1s 7 sz\u00ednnel<\/td>\n<\/tr>\n<tr>\n<td><\/td>\n<td>MP3-r\u00e1di\u00f3,\u00a0USB- \u00e9s AUX csatlakoz\u00f3, SD-k\u00e1rtya<\/td>\n<\/tr>\n<tr>\n<td><\/td>\n<td>Bluetooth funkci\u00f3<\/td>\n<\/tr>\n<tr>\n<td><\/td>\n<td>2 hangsz\u00f3r\u00f3<\/td>\n<\/tr>\n<tr>\n<td><\/td>\n<td>5 teljes spektrum\u00fa sug\u00e1rz\u00f3<\/td>\n<\/tr>\n<tr>\n<td><\/td>\n<td>anyaga: Hemlock feny\u0151<\/td>\n<\/tr>\n<tr>\n<td><\/td>\n<td>8 mm-es biztons\u00e1gi \u00fcveg<\/td>\n<\/tr>\n<\/tbody>\n<\/table>\n<\/div>\n<\/div>\n","protected":false},"excerpt":{"rendered":"<p>S\u00faly:\u00a0145 kg M\u0171szaki adatok K\u00fcls\u0151 m\u00e9ret: 125 x 100 x 190 cm Bels\u0151 m\u00e9ret: 115 x 90 x 179 cm \u00dcl\u0151fel\u00fclet: 115 x 45 cm Ajt\u00f3ny\u00edl\u00e1s: 58 cm H\u00e1l\u00f3zati fesz\u00fclts\u00e9g: 220-240 V Teljes\u00edtm\u00e9ny: 1.850 Watt &nbsp; Jellemz\u0151k: k\u00e9tszem\u00e9lyes digit\u00e1lis kezel\u0151panel sz\u00ednter\u00e1pi\u00e1s vil\u00e1g\u00edt\u00e1s 7 sz\u00ednnel MP3-r\u00e1di\u00f3,\u00a0USB- \u00e9s AUX csatlakoz\u00f3, SD-k\u00e1rtya Bluetooth funkci\u00f3 2 hangsz\u00f3r\u00f3 5 teljes [&hellip;]<\/p>\n","protected":false},"featured_media":5963,"comment_status":"open","ping_status":"closed","template":"","meta":[],"product_brand":[],"product_cat":[87],"product_tag":[],"class_list":{"0":"post-5735","1":"product","2":"type-product","3":"status-publish","4":"has-post-thumbnail","6":"product_cat-sanotechnik-szauna","8":"first","9":"instock","10":"taxable","11":"shipping-taxable","12":"purchasable","13":"product-type-simple"},"jetpack_sharing_enabled":true,"_links":{"self":[{"href":"https:\/\/csonakjavitas.hu\/index.php\/wp-json\/wp\/v2\/product\/5735","targetHints":{"allow":["GET"]}}],"collection":[{"href":"https:\/\/csonakjavitas.hu\/index.php\/wp-json\/wp\/v2\/product"}],"about":[{"href":"https:\/\/csonakjavitas.hu\/index.php\/wp-json\/wp\/v2\/types\/product"}],"replies":[{"embeddable":true,"href":"https:\/\/csonakjavitas.hu\/index.php\/wp-json\/wp\/v2\/comments?post=5735"}],"wp:featuredmedia":[{"embeddable":true,"href":"https:\/\/csonakjavitas.hu\/index.php\/wp-json\/wp\/v2\/media\/5963"}],"wp:attachment":[{"href":"https:\/\/csonakjavitas.hu\/index.php\/wp-json\/wp\/v2\/media?parent=5735"}],"wp:term":[{"taxonomy":"product_brand","embeddable":true,"href":"https:\/\/csonakjavitas.hu\/index.php\/wp-json\/wp\/v2\/product_brand?post=5735"},{"taxonomy":"product_cat","embeddable":true,"href":"https:\/\/csonakjavitas.hu\/index.php\/wp-json\/wp\/v2\/product_cat?post=5735"},{"taxonomy":"product_tag","embeddable":true,"href":"https:\/\/csonakjavitas.hu\/index.php\/wp-json\/wp\/v2\/product_tag?post=5735"}],"curies":[{"name":"wp","href":"https:\/\/api.w.org\/{rel}","templated":true}]}}