{"id":5741,"date":"2026-02-23T15:56:33","date_gmt":"2026-02-23T15:56:33","guid":{"rendered":"https:\/\/wp.csonakjavitas.hu\/index.php\/termek\/split\/"},"modified":"2026-03-19T09:56:43","modified_gmt":"2026-03-19T09:56:43","slug":"split","status":"publish","type":"product","link":"https:\/\/csonakjavitas.hu\/index.php\/termek\/split\/","title":{"rendered":"SPLIT k\u00fclt\u00e9ri massz\u00e1szmedence, gy\u00f6ngyh\u00e1zfeh\u00e9r"},"content":{"rendered":"<div id=\"product-50121\" class=\"post-50121 product type-product status-publish has-post-thumbnail product_cat-ujdonsagok product_cat-kulteri-medence product_cat-jakuzzik first instock taxable shipping-taxable purchasable product-type-simple\">\n<div id=\"product_details\" class=\"col\">\n<div class=\"summary entry-summary\">\n<form class=\"cart\" action=\"https:\/\/sanotechnikwebshop.hu\/termek\/split-kulteri-masszaszmedence-gyongyhazfeher\/\" enctype=\"multipart\/form-data\" method=\"post\">\n<div class=\"dimensions\">\n<ul>\n<li><b>S\u00faly:\u00a0<\/b>152 kg<\/li>\n<\/ul>\n<\/div>\n<div class=\"attributes\"><\/div>\n<\/form>\n<div class=\"woocommerce-product-details__short-description\">\n<table width=\"692\">\n<tbody>\n<tr>\n<td colspan=\"2\" width=\"692\"><strong>M\u0171szaki adatok:<\/strong><\/td>\n<\/tr>\n<tr>\n<td width=\"372\">M\u00e9ret:<\/td>\n<td width=\"320\">175 x 115 x 70 cm<\/td>\n<\/tr>\n<tr>\n<td width=\"372\">Teljes\u00edtm\u00e9ny:<\/td>\n<td width=\"320\">2,4 kW<\/td>\n<\/tr>\n<tr>\n<td width=\"372\">V\u00edzszivatty\u00fa teljes\u00edtm\u00e9nye:<\/td>\n<td width=\"320\">1.5 kW nagy sebess\u00e9g,<br \/>\n0.35 kW alacsony sebess\u00e9g<\/td>\n<\/tr>\n<tr>\n<td width=\"372\">F\u0171t\u00e9si teljes\u00edtm\u00e9ny:<\/td>\n<td width=\"320\">2 kW<\/td>\n<\/tr>\n<tr>\n<td width=\"372\">T\u00e1pfesz\u00fclts\u00e9g:<\/td>\n<td width=\"320\">220-240V 50 Hz<\/td>\n<\/tr>\n<tr>\n<td width=\"372\">\u0170rtartalom:<\/td>\n<td width=\"320\">630 liter<\/td>\n<\/tr>\n<tr>\n<td><\/td>\n<td><\/td>\n<\/tr>\n<tr>\n<td>Kiz\u00e1r\u00f3lag lakoss\u00e1gi haszn\u00e1latra!<\/td>\n<td><\/td>\n<\/tr>\n<tr>\n<td>Kisz\u00e1ll\u00edt\u00e1s az els\u0151 kapuig t\u00f6rt\u00e9nik.<\/td>\n<td><\/td>\n<\/tr>\n<\/tbody>\n<\/table>\n<p>&nbsp;<\/p>\n<\/div>\n<\/div>\n<\/div>\n<\/div>\n<div class=\"product_info\">\n<div class=\"content\">\n<table width=\"546\">\n<tbody>\n<tr>\n<td width=\"172\"><strong>Jellemz\u0151k:<\/strong><\/td>\n<td width=\"374\">gy\u00f6ngyh\u00e1zfeh\u00e9r bels\u0151 t\u00e9r<\/td>\n<\/tr>\n<tr>\n<td width=\"172\"><\/td>\n<td width=\"374\">\u00f6sszes f\u00fav\u00f3kasz\u00e1m: 21<\/td>\n<\/tr>\n<tr>\n<td width=\"172\"><\/td>\n<td width=\"374\">\u2013 5\u201d massz\u00e1zsf\u00fav\u00f3ka: 1<\/td>\n<\/tr>\n<tr>\n<td width=\"172\"><\/td>\n<td width=\"374\">\u2013 2.5\u201d massz\u00e1zsf\u00fav\u00f3ka: 2<\/td>\n<\/tr>\n<tr>\n<td width=\"172\"><\/td>\n<td width=\"374\">\u2013 1\u201d massz\u00e1zsf\u00fav\u00f3ka: 18<\/td>\n<\/tr>\n<tr>\n<td width=\"172\"><\/td>\n<td width=\"374\">1 szivatty\u00fa (k\u00e9tsebess\u00e9ges)<\/td>\n<\/tr>\n<tr>\n<td width=\"172\"><\/td>\n<td width=\"374\">2 \u00fcl\u0151\/fekv\u0151hely<\/td>\n<\/tr>\n<tr>\n<td><\/td>\n<td width=\"374\">2 fejp\u00e1rna<\/td>\n<\/tr>\n<tr>\n<td><\/td>\n<td width=\"374\">digit\u00e1lis kezel\u0151panel<\/td>\n<\/tr>\n<tr>\n<td><\/td>\n<td width=\"374\">v\u00edz alatti LED vil\u00e1g\u00edt\u00e1s<\/td>\n<\/tr>\n<tr>\n<td><\/td>\n<td width=\"374\">2 hangsz\u00f3r\u00f3<\/td>\n<\/tr>\n<\/tbody>\n<\/table>\n<p>&nbsp;<\/p>\n<table width=\"546\">\n<tbody>\n<tr>\n<td width=\"172\"><strong>Felszerelts\u00e9g:<\/strong><\/td>\n<td width=\"374\">elektronikus vez\u00e9rl\u00e9s<\/td>\n<\/tr>\n<tr>\n<td width=\"172\"><\/td>\n<td width=\"374\">h\u0151szigetel\u00e9s<\/td>\n<\/tr>\n<tr>\n<td width=\"172\"><\/td>\n<td width=\"374\">1 leveg\u0151szab\u00e1lyoz\u00f3<\/td>\n<\/tr>\n<tr>\n<td width=\"172\"><\/td>\n<td width=\"374\">v\u00edzsz\u0171r\u0151 (24 \/ 1 h)<\/td>\n<\/tr>\n<tr>\n<td><\/td>\n<td width=\"374\">rovar- \u00e9s lev\u00e9lsz\u0171r\u0151<\/td>\n<\/tr>\n<tr>\n<td><\/td>\n<td width=\"374\">\u00f3zonfert\u0151tlen\u00edt\u0151<\/td>\n<\/tr>\n<tr>\n<td><\/td>\n<td width=\"374\">f\u0171t\u00e9s<\/td>\n<\/tr>\n<\/tbody>\n<\/table>\n<p>&nbsp;<\/p>\n<table width=\"546\">\n<tbody>\n<tr>\n<td width=\"172\"><strong>Tartoz\u00e9k:<\/strong><\/td>\n<td width=\"374\">h\u0151szigetel\u0151 medencefed\u00e9s<\/td>\n<\/tr>\n<\/tbody>\n<\/table>\n<\/div>\n<\/div>\n","protected":false},"excerpt":{"rendered":"<p>S\u00faly:\u00a0152 kg M\u0171szaki adatok: M\u00e9ret: 175 x 115 x 70 cm Teljes\u00edtm\u00e9ny: 2,4 kW V\u00edzszivatty\u00fa teljes\u00edtm\u00e9nye: 1.5 kW nagy sebess\u00e9g, 0.35 kW alacsony sebess\u00e9g F\u0171t\u00e9si teljes\u00edtm\u00e9ny: 2 kW T\u00e1pfesz\u00fclts\u00e9g: 220-240V 50 Hz \u0170rtartalom: 630 liter Kiz\u00e1r\u00f3lag lakoss\u00e1gi haszn\u00e1latra! Kisz\u00e1ll\u00edt\u00e1s az els\u0151 kapuig t\u00f6rt\u00e9nik. &nbsp; Jellemz\u0151k: gy\u00f6ngyh\u00e1zfeh\u00e9r bels\u0151 t\u00e9r \u00f6sszes f\u00fav\u00f3kasz\u00e1m: 21 \u2013 5\u201d massz\u00e1zsf\u00fav\u00f3ka: 1 [&hellip;]<\/p>\n","protected":false},"featured_media":6272,"comment_status":"open","ping_status":"closed","template":"","meta":[],"product_brand":[],"product_cat":[86],"product_tag":[],"class_list":{"0":"post-5741","1":"product","2":"type-product","3":"status-publish","4":"has-post-thumbnail","6":"product_cat-sanotechnik-spa","8":"first","9":"instock","10":"taxable","11":"shipping-taxable","12":"purchasable","13":"product-type-simple"},"jetpack_sharing_enabled":true,"_links":{"self":[{"href":"https:\/\/csonakjavitas.hu\/index.php\/wp-json\/wp\/v2\/product\/5741","targetHints":{"allow":["GET"]}}],"collection":[{"href":"https:\/\/csonakjavitas.hu\/index.php\/wp-json\/wp\/v2\/product"}],"about":[{"href":"https:\/\/csonakjavitas.hu\/index.php\/wp-json\/wp\/v2\/types\/product"}],"replies":[{"embeddable":true,"href":"https:\/\/csonakjavitas.hu\/index.php\/wp-json\/wp\/v2\/comments?post=5741"}],"wp:featuredmedia":[{"embeddable":true,"href":"https:\/\/csonakjavitas.hu\/index.php\/wp-json\/wp\/v2\/media\/6272"}],"wp:attachment":[{"href":"https:\/\/csonakjavitas.hu\/index.php\/wp-json\/wp\/v2\/media?parent=5741"}],"wp:term":[{"taxonomy":"product_brand","embeddable":true,"href":"https:\/\/csonakjavitas.hu\/index.php\/wp-json\/wp\/v2\/product_brand?post=5741"},{"taxonomy":"product_cat","embeddable":true,"href":"https:\/\/csonakjavitas.hu\/index.php\/wp-json\/wp\/v2\/product_cat?post=5741"},{"taxonomy":"product_tag","embeddable":true,"href":"https:\/\/csonakjavitas.hu\/index.php\/wp-json\/wp\/v2\/product_tag?post=5741"}],"curies":[{"name":"wp","href":"https:\/\/api.w.org\/{rel}","templated":true}]}}