{"id":5743,"date":"2026-02-23T15:56:33","date_gmt":"2026-02-23T15:56:33","guid":{"rendered":"https:\/\/wp.csonakjavitas.hu\/index.php\/termek\/modena-2\/"},"modified":"2026-03-19T10:12:00","modified_gmt":"2026-03-19T10:12:00","slug":"modena-2","status":"publish","type":"product","link":"https:\/\/csonakjavitas.hu\/index.php\/termek\/modena-2\/","title":{"rendered":"MODENA k\u00fclt\u00e9ri medence, gy\u00f6ngyh\u00e1zfeh\u00e9r VAGY gy\u00f6ngyh\u00e1zk\u00e9k"},"content":{"rendered":"<h1 class=\"product_title entry-title\">MODENA k\u00fclt\u00e9ri medence, gy\u00f6ngyh\u00e1zfeh\u00e9r<\/h1>\n<div id=\"product-35096\" class=\"post-35096 product type-product status-publish has-post-thumbnail product_cat-kulteri-medence product_cat-jakuzzik first instock taxable shipping-taxable purchasable product-type-simple\">\n<div id=\"product_details\" class=\"col\">\n<div class=\"summary entry-summary\">\n<form class=\"cart\" action=\"https:\/\/sanotechnikwebshop.hu\/termek\/modena-kulteri-medence-gyongyhazfeher\/\" enctype=\"multipart\/form-data\" method=\"post\">\n<div class=\"dimensions\">\n<ul>\n<li><b>S\u00faly:\u00a0<\/b>240 kg<\/li>\n<\/ul>\n<\/div>\n<div class=\"attributes\"><\/div>\n<\/form>\n<div class=\"woocommerce-product-details__short-description\">\n<table width=\"570\">\n<tbody>\n<tr>\n<td width=\"\"><strong>M\u0171szaki adatok<\/strong>:<\/td>\n<td width=\"\"><\/td>\n<\/tr>\n<tr>\n<td>t\u00e1pfesz\u00fclts\u00e9g:<\/td>\n<td>220-240 V \/ 50 Hz vagy 380 V \/ 50 Hz<\/td>\n<\/tr>\n<tr>\n<td>\u00f6sszteljes\u00edtm\u00e9ny:<\/td>\n<td>5,7 kW<\/td>\n<\/tr>\n<tr>\n<td>motorok sz\u00e1ma:<\/td>\n<td>2<\/td>\n<\/tr>\n<tr>\n<td>massz\u00e1zsmotor teljes\u00edtm\u00e9nye:<\/td>\n<td>2,35 kW<\/td>\n<\/tr>\n<tr>\n<td>v\u00edzkeringet\u0151 motor teljes\u00edtm\u00e9nye:<\/td>\n<td>0,35 kW<\/td>\n<\/tr>\n<tr>\n<td>f\u0171t\u00e9si teljes\u00edtm\u00e9ny:<\/td>\n<td>3 kW<\/td>\n<\/tr>\n<tr>\n<td>medence \u00f6ns\u00faly:<\/td>\n<td>225 kg<\/td>\n<\/tr>\n<tr>\n<td>felt\u00f6lt\u00f6tt s\u00faly:<\/td>\n<td>815 kg<\/td>\n<\/tr>\n<tr>\n<td>m\u00e9ret<\/td>\n<td>205 x 130 x 70 cm<\/td>\n<\/tr>\n<tr>\n<td>\u0171rtartalom<\/td>\n<td>590 liter<\/td>\n<\/tr>\n<tr>\n<td>sz\u00edn<\/td>\n<td>gy\u00f6ngyh\u00e1zfeh\u00e9r<\/td>\n<\/tr>\n<\/tbody>\n<\/table>\n<\/div>\n<\/div>\n<\/div>\n<\/div>\n<div class=\"product_info\">\n<div class=\"content\">\n<p>&nbsp;<\/p>\n<table width=\"546\">\n<tbody>\n<tr>\n<td width=\"172\"><strong>Jellemz\u0151k<\/strong>:<\/td>\n<td width=\"374\">\u00f6sszes f\u00fav\u00f3kasz\u00e1m: 35<\/td>\n<\/tr>\n<tr>\n<td width=\"172\"><\/td>\n<td width=\"374\">\u00a0\u2013 3,5\u2033-os massz\u00e1zsf\u00fav\u00f3ka: 3<\/td>\n<\/tr>\n<tr>\n<td width=\"172\"><\/td>\n<td width=\"374\">\u00a0\u2013 2\u2033-os massz\u00e1zsf\u00fav\u00f3ka: 28<\/td>\n<\/tr>\n<tr>\n<td width=\"172\"><\/td>\n<td width=\"374\">\u00a0\u2013 1\u2033-os massz\u00e1zsf\u00fav\u00f3ka: 4<\/td>\n<\/tr>\n<tr>\n<td width=\"172\"><\/td>\n<td width=\"374\">2 fekv\u0151- \u00e9s 1 \u00fcl\u0151hely<\/td>\n<\/tr>\n<tr>\n<td width=\"172\"><\/td>\n<td width=\"374\">3 fejp\u00e1rna<\/td>\n<\/tr>\n<tr>\n<td width=\"172\"><\/td>\n<td width=\"374\">digit\u00e1lis kezel\u0151panel<\/td>\n<\/tr>\n<tr>\n<td width=\"172\"><\/td>\n<td width=\"374\">v\u00edz alatti vil\u00e1g\u00edt\u00e1s (9 LED)<\/td>\n<\/tr>\n<tr>\n<td width=\"172\"><\/td>\n<td width=\"374\">FM r\u00e1di\u00f3<\/td>\n<\/tr>\n<tr>\n<td width=\"172\"><\/td>\n<td width=\"374\">Bluetooth funkci\u00f3<\/td>\n<\/tr>\n<tr>\n<td width=\"172\"><\/td>\n<td width=\"374\">2 hangsz\u00f3r\u00f3<\/td>\n<\/tr>\n<\/tbody>\n<\/table>\n<p>&nbsp;<\/p>\n<table width=\"546\">\n<tbody>\n<tr>\n<td width=\"172\"><strong>Felszerelts\u00e9g<\/strong>:<\/td>\n<td width=\"374\">elektronikus vez\u00e9rl\u00e9s<\/td>\n<\/tr>\n<tr>\n<td width=\"172\"><\/td>\n<td width=\"374\">h\u0151szigetel\u00e9s<\/td>\n<\/tr>\n<tr>\n<td width=\"172\"><\/td>\n<td width=\"374\">leveg\u0151szab\u00e1lyoz\u00f3: 1<\/td>\n<\/tr>\n<tr>\n<td width=\"172\"><\/td>\n<td width=\"374\">v\u00edzsz\u0171r\u0151 (24h)<\/td>\n<\/tr>\n<tr>\n<td><\/td>\n<td width=\"374\">rovar- \u00e9s lev\u00e9lsz\u0171r\u0151<\/td>\n<\/tr>\n<tr>\n<td><\/td>\n<td width=\"374\">\u00f3zonfert\u0151tlen\u00edt\u00e9s<\/td>\n<\/tr>\n<tr>\n<td><\/td>\n<td width=\"374\">f\u0171t\u00e9s<\/td>\n<\/tr>\n<\/tbody>\n<\/table>\n<p>&nbsp;<\/p>\n<table width=\"546\">\n<tbody>\n<tr>\n<td width=\"172\"><strong>Tartoz\u00e9k:<\/strong><\/td>\n<td width=\"374\">h\u0151szigetel\u0151 medencefed\u00e9s<\/td>\n<\/tr>\n<\/tbody>\n<\/table>\n<\/div>\n<\/div>\n<p>&nbsp;<\/p>\n<p>&nbsp;<\/p>\n<h1 class=\"product_title entry-title\">MODENA k\u00fclt\u00e9ri medence, gy\u00f6ngyh\u00e1zk\u00e9k<\/h1>\n<div id=\"product-35099\" class=\"post-35099 product type-product status-publish has-post-thumbnail product_cat-kulteri-medence product_cat-jakuzzik first instock taxable shipping-taxable purchasable product-type-simple\">\n<div id=\"product_details\" class=\"col\">\n<div class=\"summary entry-summary\">\n<form class=\"cart\" action=\"https:\/\/sanotechnikwebshop.hu\/termek\/modena-kulteri-medence-gyongyhazkek\/\" enctype=\"multipart\/form-data\" method=\"post\">\n<div class=\"dimensions\">\n<ul>\n<li><b>S\u00faly:\u00a0<\/b>240 kg<\/li>\n<\/ul>\n<\/div>\n<div class=\"attributes\"><\/div>\n<\/form>\n<div class=\"woocommerce-product-details__short-description\">\n<table width=\"570\">\n<tbody>\n<tr>\n<td width=\"\"><strong>M\u0171szaki adatok<\/strong>:<\/td>\n<td width=\"\"><\/td>\n<\/tr>\n<tr>\n<td>t\u00e1pfesz\u00fclts\u00e9g:<\/td>\n<td>220-240 V \/ 50 Hz vagy 380 V \/ 50 Hz<\/td>\n<\/tr>\n<tr>\n<td>\u00f6sszteljes\u00edtm\u00e9ny:<\/td>\n<td>5,7 kW<\/td>\n<\/tr>\n<tr>\n<td>motorok sz\u00e1ma:<\/td>\n<td>2<\/td>\n<\/tr>\n<tr>\n<td>massz\u00e1zsmotor teljes\u00edtm\u00e9nye:<\/td>\n<td>2,35 kW<\/td>\n<\/tr>\n<tr>\n<td>v\u00edzkeringet\u0151 motor teljes\u00edtm\u00e9nye:<\/td>\n<td>0,35 kW<\/td>\n<\/tr>\n<tr>\n<td>f\u0171t\u00e9si teljes\u00edtm\u00e9ny:<\/td>\n<td>3 kW<\/td>\n<\/tr>\n<tr>\n<td>medence \u00f6ns\u00faly:<\/td>\n<td>225 kg<\/td>\n<\/tr>\n<tr>\n<td>felt\u00f6lt\u00f6tt s\u00faly:<\/td>\n<td>815 kg<\/td>\n<\/tr>\n<tr>\n<td>m\u00e9ret<\/td>\n<td>205 x 130 x 70 cm<\/td>\n<\/tr>\n<tr>\n<td>\u0171rtartalom<\/td>\n<td>590 liter<\/td>\n<\/tr>\n<tr>\n<td>sz\u00edn<\/td>\n<td>gy\u00f6ngyh\u00e1zk\u00e9k<\/td>\n<\/tr>\n<\/tbody>\n<\/table>\n<\/div>\n<\/div>\n<\/div>\n<\/div>\n<div class=\"product_info\">\n<div class=\"content\">\n<p>&nbsp;<\/p>\n<table width=\"546\">\n<tbody>\n<tr>\n<td width=\"172\"><strong>Jellemz\u0151k<\/strong>:<\/td>\n<td width=\"374\">\u00f6sszes f\u00fav\u00f3kasz\u00e1m: 35<\/td>\n<\/tr>\n<tr>\n<td width=\"172\"><\/td>\n<td width=\"374\">\u00a0\u2013 3,5\u2033-os massz\u00e1zsf\u00fav\u00f3ka: 3<\/td>\n<\/tr>\n<tr>\n<td width=\"172\"><\/td>\n<td width=\"374\">\u00a0\u2013 2\u2033-os massz\u00e1zsf\u00fav\u00f3ka: 28<\/td>\n<\/tr>\n<tr>\n<td width=\"172\"><\/td>\n<td width=\"374\">\u00a0\u2013 1\u2033-os massz\u00e1zsf\u00fav\u00f3ka: 4<\/td>\n<\/tr>\n<tr>\n<td width=\"172\"><\/td>\n<td width=\"374\">2 fekv\u0151- \u00e9s 1 \u00fcl\u0151hely<\/td>\n<\/tr>\n<tr>\n<td width=\"172\"><\/td>\n<td width=\"374\">3 fejp\u00e1rna<\/td>\n<\/tr>\n<tr>\n<td width=\"172\"><\/td>\n<td width=\"374\">digit\u00e1lis kezel\u0151panel<\/td>\n<\/tr>\n<tr>\n<td width=\"172\"><\/td>\n<td width=\"374\">v\u00edz alatti vil\u00e1g\u00edt\u00e1s (9 LED)<\/td>\n<\/tr>\n<tr>\n<td width=\"172\"><\/td>\n<td width=\"374\">FM r\u00e1di\u00f3<\/td>\n<\/tr>\n<tr>\n<td width=\"172\"><\/td>\n<td width=\"374\">Bluetooth funkci\u00f3<\/td>\n<\/tr>\n<tr>\n<td width=\"172\"><\/td>\n<td width=\"374\">2 hangsz\u00f3r\u00f3<\/td>\n<\/tr>\n<\/tbody>\n<\/table>\n<p>&nbsp;<\/p>\n<table width=\"546\">\n<tbody>\n<tr>\n<td width=\"172\"><strong>Felszerelts\u00e9g<\/strong>:<\/td>\n<td width=\"374\">elektronikus vez\u00e9rl\u00e9s<\/td>\n<\/tr>\n<tr>\n<td width=\"172\"><\/td>\n<td width=\"374\">h\u0151szigetel\u00e9s<\/td>\n<\/tr>\n<tr>\n<td width=\"172\"><\/td>\n<td width=\"374\">leveg\u0151szab\u00e1lyoz\u00f3: 1<\/td>\n<\/tr>\n<tr>\n<td width=\"172\"><\/td>\n<td width=\"374\">v\u00edzsz\u0171r\u0151 (24h)<\/td>\n<\/tr>\n<tr>\n<td><\/td>\n<td width=\"374\">rovar- \u00e9s lev\u00e9lsz\u0171r\u0151<\/td>\n<\/tr>\n<tr>\n<td><\/td>\n<td width=\"374\">\u00f3zonfert\u0151tlen\u00edt\u00e9s<\/td>\n<\/tr>\n<tr>\n<td><\/td>\n<td width=\"374\">f\u0171t\u00e9s<\/td>\n<\/tr>\n<\/tbody>\n<\/table>\n<p>&nbsp;<\/p>\n<table width=\"546\">\n<tbody>\n<tr>\n<td width=\"172\"><strong>Tartoz\u00e9k:<\/strong><\/td>\n<td width=\"374\">h\u0151szigetel\u0151 medencefed\u00e9s<\/td>\n<\/tr>\n<\/tbody>\n<\/table>\n<\/div>\n<\/div>\n","protected":false},"excerpt":{"rendered":"<p>MODENA k\u00fclt\u00e9ri medence, gy\u00f6ngyh\u00e1zfeh\u00e9r S\u00faly:\u00a0240 kg M\u0171szaki adatok: t\u00e1pfesz\u00fclts\u00e9g: 220-240 V \/ 50 Hz vagy 380 V \/ 50 Hz \u00f6sszteljes\u00edtm\u00e9ny: 5,7 kW motorok sz\u00e1ma: 2 massz\u00e1zsmotor teljes\u00edtm\u00e9nye: 2,35 kW v\u00edzkeringet\u0151 motor teljes\u00edtm\u00e9nye: 0,35 kW f\u0171t\u00e9si teljes\u00edtm\u00e9ny: 3 kW medence \u00f6ns\u00faly: 225 kg felt\u00f6lt\u00f6tt s\u00faly: 815 kg m\u00e9ret 205 x 130 x 70 cm \u0171rtartalom [&hellip;]<\/p>\n","protected":false},"featured_media":6276,"comment_status":"open","ping_status":"closed","template":"","meta":[],"product_brand":[],"product_cat":[86],"product_tag":[],"class_list":{"0":"post-5743","1":"product","2":"type-product","3":"status-publish","4":"has-post-thumbnail","6":"product_cat-sanotechnik-spa","8":"first","9":"instock","10":"taxable","11":"shipping-taxable","12":"purchasable","13":"product-type-simple"},"jetpack_sharing_enabled":true,"_links":{"self":[{"href":"https:\/\/csonakjavitas.hu\/index.php\/wp-json\/wp\/v2\/product\/5743","targetHints":{"allow":["GET"]}}],"collection":[{"href":"https:\/\/csonakjavitas.hu\/index.php\/wp-json\/wp\/v2\/product"}],"about":[{"href":"https:\/\/csonakjavitas.hu\/index.php\/wp-json\/wp\/v2\/types\/product"}],"replies":[{"embeddable":true,"href":"https:\/\/csonakjavitas.hu\/index.php\/wp-json\/wp\/v2\/comments?post=5743"}],"wp:featuredmedia":[{"embeddable":true,"href":"https:\/\/csonakjavitas.hu\/index.php\/wp-json\/wp\/v2\/media\/6276"}],"wp:attachment":[{"href":"https:\/\/csonakjavitas.hu\/index.php\/wp-json\/wp\/v2\/media?parent=5743"}],"wp:term":[{"taxonomy":"product_brand","embeddable":true,"href":"https:\/\/csonakjavitas.hu\/index.php\/wp-json\/wp\/v2\/product_brand?post=5743"},{"taxonomy":"product_cat","embeddable":true,"href":"https:\/\/csonakjavitas.hu\/index.php\/wp-json\/wp\/v2\/product_cat?post=5743"},{"taxonomy":"product_tag","embeddable":true,"href":"https:\/\/csonakjavitas.hu\/index.php\/wp-json\/wp\/v2\/product_tag?post=5743"}],"curies":[{"name":"wp","href":"https:\/\/api.w.org\/{rel}","templated":true}]}}