{"id":5746,"date":"2026-02-23T15:56:34","date_gmt":"2026-02-23T15:56:34","guid":{"rendered":"https:\/\/wp.csonakjavitas.hu\/index.php\/termek\/fiji-2\/"},"modified":"2026-03-18T11:21:21","modified_gmt":"2026-03-18T11:21:21","slug":"fiji-2","status":"publish","type":"product","link":"https:\/\/csonakjavitas.hu\/index.php\/termek\/fiji-2\/","title":{"rendered":"FIJI k\u00fclt\u00e9ri massz\u00e1zsmedence, m\u00e1rv\u00e1nyfeh\u00e9r"},"content":{"rendered":"<div id=\"product-38231\" class=\"post-38231 product type-product status-publish has-post-thumbnail product_cat-kulteri-medence product_cat-jakuzzik first instock taxable shipping-taxable purchasable product-type-simple\">\n<div id=\"product_details\" class=\"col\">\n<div class=\"summary entry-summary\">\n<form class=\"cart\" action=\"https:\/\/sanotechnikwebshop.hu\/termek\/fiji-kulteri-masszazsmedence-ezust\/\" enctype=\"multipart\/form-data\" method=\"post\">\n<div class=\"dimensions\">\n<ul>\n<li><b>S\u00faly:\u00a0<\/b>249 kg<\/li>\n<\/ul>\n<\/div>\n<div class=\"attributes\"><\/div>\n<\/form>\n<div class=\"woocommerce-product-details__short-description\">\n<p><strong>M\u0171szaki adatok<\/strong>:<\/p>\n<table width=\"418\">\n<tbody>\n<tr>\n<td width=\"186\">Teljes\u00edtm\u00e9ny<\/td>\n<td width=\"232\">220V \/\u00a04,25 kW<\/td>\n<\/tr>\n<tr>\n<td>Keringet\u0151 szivatty\u00fa<\/td>\n<td>1,86 kW<\/td>\n<\/tr>\n<tr>\n<td>\u00d3zonos fert\u0151tlen\u00edt\u00e9s<\/td>\n<td>12 V \/ 5 kW<\/td>\n<\/tr>\n<tr>\n<td>M\u00e9ret<\/td>\n<td>210x160x80 cm<\/td>\n<\/tr>\n<tr>\n<td>V\u00edzkapacit\u00e1s<\/td>\n<td>\u00a0930 liter<\/td>\n<\/tr>\n<tr>\n<td>S\u00faly<\/td>\n<td>\u00fcresen: 234 kg&nbsp;<\/p>\n<p>felt\u00f6lt\u00e9s ut\u00e1n:\u00a0 1164 kg<\/td>\n<\/tr>\n<tr>\n<td>Vez\u00e9rl\u0151 rendszer<\/td>\n<td>Gecko<\/td>\n<\/tr>\n<tr>\n<td>\u00d6sszes v\u00edzsug\u00e1r f\u00fav\u00f3ka<\/td>\n<td>31<\/td>\n<\/tr>\n<tr>\n<td>V\u00edzterel\u0151<\/td>\n<td>2<\/td>\n<\/tr>\n<tr>\n<td>L\u00e9gbef\u00fav\u00f3<\/td>\n<td>4<\/td>\n<\/tr>\n<tr>\n<td>Vil\u00e1g\u00edt\u00e1s<\/td>\n<td>V\u00edzalatti LED<\/td>\n<\/tr>\n<tr>\n<td>Fejp\u00e1rna<\/td>\n<td>3<\/td>\n<\/tr>\n<tr>\n<td>F\u0171t\u00e9s rendszer<\/td>\n<td>2 kW<\/td>\n<\/tr>\n<\/tbody>\n<\/table>\n<p>&nbsp;<\/p>\n<\/div>\n<\/div>\n<\/div>\n<\/div>\n<div class=\"product_info\">\n<div class=\"content\">\n<table width=\"331\">\n<tbody>\n<tr>\n<td width=\"81\"><strong>Jellemz\u0151k<\/strong>:<\/td>\n<td width=\"250\">Min\u0151s\u00e9gi szintetikus fa bor\u00edt\u00e1s<\/td>\n<\/tr>\n<tr>\n<td><\/td>\n<td>Alum\u00ednium v\u00e1z<\/td>\n<\/tr>\n<tr>\n<td><\/td>\n<td>Szem\u00f6ld\u00f6k st\u00edlus\u00fa v\u00edzsug\u00e1r \u00e9s terel\u0151<\/td>\n<\/tr>\n<tr>\n<td><\/td>\n<td>V\u00edz alatti f\u00e9ny<\/td>\n<\/tr>\n<tr>\n<td><\/td>\n<td>\u00d3zonos fert\u0151tlen\u00edt\u00e9s<\/td>\n<\/tr>\n<tr>\n<td><\/td>\n<td>CFC habszigetel\u00e9s<\/td>\n<\/tr>\n<tr>\n<td><\/td>\n<td>Keretszigetel\u00e9s<\/td>\n<\/tr>\n<tr>\n<td><\/td>\n<td>PVC medencealj<\/td>\n<\/tr>\n<tr>\n<td><\/td>\n<td>Bluetooth audiorendszer<\/td>\n<\/tr>\n<tr>\n<td><\/td>\n<td>Gecko WIFI vez\u00e9rl\u0151rendszer<\/td>\n<\/tr>\n<\/tbody>\n<\/table>\n<p>&nbsp;<\/p>\n<table width=\"331\">\n<tbody>\n<tr>\n<td width=\"81\"><strong>Tartoz\u00e9k<\/strong>:<\/td>\n<td width=\"250\">h\u0151szigetel\u0151 medencefed\u00e9s<\/td>\n<\/tr>\n<tr>\n<td><\/td>\n<td>l\u00e9pcs\u0151<\/td>\n<\/tr>\n<\/tbody>\n<\/table>\n<\/div>\n<\/div>\n","protected":false},"excerpt":{"rendered":"<p>S\u00faly:\u00a0249 kg M\u0171szaki adatok: Teljes\u00edtm\u00e9ny 220V \/\u00a04,25 kW Keringet\u0151 szivatty\u00fa 1,86 kW \u00d3zonos fert\u0151tlen\u00edt\u00e9s 12 V \/ 5 kW M\u00e9ret 210x160x80 cm V\u00edzkapacit\u00e1s \u00a0930 liter S\u00faly \u00fcresen: 234 kg&nbsp; felt\u00f6lt\u00e9s ut\u00e1n:\u00a0 1164 kg Vez\u00e9rl\u0151 rendszer Gecko \u00d6sszes v\u00edzsug\u00e1r f\u00fav\u00f3ka 31 V\u00edzterel\u0151 2 L\u00e9gbef\u00fav\u00f3 4 Vil\u00e1g\u00edt\u00e1s V\u00edzalatti LED Fejp\u00e1rna 3 F\u0171t\u00e9s rendszer 2 kW &nbsp; Jellemz\u0151k: [&hellip;]<\/p>\n","protected":false},"featured_media":6241,"comment_status":"open","ping_status":"closed","template":"","meta":[],"product_brand":[],"product_cat":[86],"product_tag":[],"class_list":{"0":"post-5746","1":"product","2":"type-product","3":"status-publish","4":"has-post-thumbnail","6":"product_cat-sanotechnik-spa","8":"first","9":"instock","10":"taxable","11":"shipping-taxable","12":"purchasable","13":"product-type-simple"},"jetpack_sharing_enabled":true,"_links":{"self":[{"href":"https:\/\/csonakjavitas.hu\/index.php\/wp-json\/wp\/v2\/product\/5746","targetHints":{"allow":["GET"]}}],"collection":[{"href":"https:\/\/csonakjavitas.hu\/index.php\/wp-json\/wp\/v2\/product"}],"about":[{"href":"https:\/\/csonakjavitas.hu\/index.php\/wp-json\/wp\/v2\/types\/product"}],"replies":[{"embeddable":true,"href":"https:\/\/csonakjavitas.hu\/index.php\/wp-json\/wp\/v2\/comments?post=5746"}],"wp:featuredmedia":[{"embeddable":true,"href":"https:\/\/csonakjavitas.hu\/index.php\/wp-json\/wp\/v2\/media\/6241"}],"wp:attachment":[{"href":"https:\/\/csonakjavitas.hu\/index.php\/wp-json\/wp\/v2\/media?parent=5746"}],"wp:term":[{"taxonomy":"product_brand","embeddable":true,"href":"https:\/\/csonakjavitas.hu\/index.php\/wp-json\/wp\/v2\/product_brand?post=5746"},{"taxonomy":"product_cat","embeddable":true,"href":"https:\/\/csonakjavitas.hu\/index.php\/wp-json\/wp\/v2\/product_cat?post=5746"},{"taxonomy":"product_tag","embeddable":true,"href":"https:\/\/csonakjavitas.hu\/index.php\/wp-json\/wp\/v2\/product_tag?post=5746"}],"curies":[{"name":"wp","href":"https:\/\/api.w.org\/{rel}","templated":true}]}}