{"id":5748,"date":"2026-02-23T15:56:34","date_gmt":"2026-02-23T15:56:34","guid":{"rendered":"https:\/\/wp.csonakjavitas.hu\/index.php\/termek\/oasis-2\/"},"modified":"2026-03-18T11:38:04","modified_gmt":"2026-03-18T11:38:04","slug":"oasis-2","status":"publish","type":"product","link":"https:\/\/csonakjavitas.hu\/index.php\/termek\/oasis-2\/","title":{"rendered":"OASIS k\u00fclt\u00e9ri medence, feh\u00e9r"},"content":{"rendered":"<div id=\"product-27020\" class=\"post-27020 product type-product status-publish has-post-thumbnail product_cat-kulteri-medence product_cat-jakuzzik first instock downloadable taxable shipping-taxable purchasable product-type-simple\">\n<div id=\"product_details\" class=\"col\">\n<div class=\"summary entry-summary\">\n<form class=\"cart\" action=\"https:\/\/sanotechnikwebshop.hu\/termek\/oasis-kulteri-medence-feher\/\" enctype=\"multipart\/form-data\" method=\"post\">\n<div class=\"dimensions\">\n<ul>\n<li><b>M\u00e9ret:\u00a0<\/b>205 \u00d7 130 \u00d7 70 cm<\/li>\n<li><b>S\u00faly:\u00a0<\/b>340 kg<\/li>\n<\/ul>\n<\/div>\n<div class=\"attributes\"><\/div>\n<\/form>\n<div class=\"woocommerce-product-details__short-description\">\n<table width=\"570\">\n<tbody>\n<tr>\n<td width=\"\"><strong>M\u0171szaki adatok<\/strong>:<\/td>\n<\/tr>\n<tr>\n<td width=\"\">t\u00e1pfesz\u00fclts\u00e9g:<\/td>\n<td width=\"\">220-240 V \/ 50 Hz vagy 380 V \/ 50 Hz<\/td>\n<\/tr>\n<tr>\n<td width=\"\">\u00f6sszteljes\u00edtm\u00e9ny:<\/td>\n<td width=\"\">5,25 kW<\/td>\n<\/tr>\n<tr>\n<td width=\"\">motorok sz\u00e1ma:<\/td>\n<td width=\"\">2<\/td>\n<\/tr>\n<tr>\n<td width=\"\">massz\u00e1zsmotor teljes\u00edtm\u00e9nye:<\/td>\n<td width=\"\">1,88 kW<\/td>\n<\/tr>\n<tr>\n<td width=\"\">v\u00edzkeringet\u0151 motor teljes\u00edtm\u00e9nye:<\/td>\n<td width=\"\">0,35 kW<\/td>\n<\/tr>\n<tr>\n<td width=\"\">f\u0171t\u00e9si teljes\u00edtm\u00e9ny:<\/td>\n<td width=\"\">3 kW<\/td>\n<\/tr>\n<tr>\n<td width=\"\">s\u00faly:<\/td>\n<td width=\"\">325 kg<\/td>\n<\/tr>\n<tr>\n<td width=\"\"><\/td>\n<td width=\"\"><\/td>\n<\/tr>\n<tr>\n<td width=\"\">m\u00e9ret<\/td>\n<td width=\"\">208 x 175 x 90 cm<\/td>\n<\/tr>\n<tr>\n<td width=\"\">\u0171rtartalom<\/td>\n<td width=\"\">980 liter<\/td>\n<\/tr>\n<tr>\n<td width=\"\">sz\u00edn<\/td>\n<td width=\"\">gy\u00f6ngyh\u00e1zfeh\u00e9r<\/td>\n<\/tr>\n<tr>\n<td width=\"\">m\u00e9ret:<\/td>\n<td width=\"\">208 x 175 x 90 cm<\/td>\n<\/tr>\n<\/tbody>\n<\/table>\n<\/div>\n<\/div>\n<\/div>\n<\/div>\n<div class=\"product_info\">\n<div class=\"content\">\n<p>&nbsp;<\/p>\n<table width=\"570\">\n<tbody>\n<tr>\n<td width=\"\"><strong>Jellemz\u0151k:<\/strong><\/td>\n<td width=\"\">\u00f6sszes f\u00fav\u00f3kasz\u00e1m: 36<\/td>\n<\/tr>\n<tr>\n<td width=\"\"><\/td>\n<td width=\"\">3 \u00fcl\u0151hely<\/td>\n<\/tr>\n<tr>\n<td width=\"\"><\/td>\n<td width=\"\">3 fejp\u00e1rna<\/td>\n<\/tr>\n<tr>\n<td width=\"\"><\/td>\n<td width=\"\">digit\u00e1lis kezel\u0151panel<\/td>\n<\/tr>\n<tr>\n<td width=\"\"><\/td>\n<td width=\"\">v\u00edz alatti vil\u00e1g\u00edt\u00e1s (14 LED)<\/td>\n<\/tr>\n<tr>\n<td width=\"\"><\/td>\n<td width=\"\">FM r\u00e1di\u00f3<\/td>\n<\/tr>\n<tr>\n<td width=\"\"><\/td>\n<td width=\"\">Bluetooth funkci\u00f3<\/td>\n<\/tr>\n<tr>\n<td width=\"\"><\/td>\n<td width=\"\">2 hangsz\u00f3r\u00f3<\/td>\n<\/tr>\n<\/tbody>\n<\/table>\n<p>&nbsp;<\/p>\n<table width=\"570\">\n<tbody>\n<tr>\n<td width=\"\"><strong>Felszerelts\u00e9g<\/strong>:<\/td>\n<td width=\"\">elektronikus vez\u00e9rl\u00e9s<\/td>\n<\/tr>\n<tr>\n<td width=\"\"><\/td>\n<td>h\u0151szigetel\u00e9s<\/td>\n<\/tr>\n<tr>\n<td width=\"\"><\/td>\n<td>leveg\u0151szab\u00e1lyoz\u00f3<\/td>\n<\/tr>\n<tr>\n<td width=\"\"><\/td>\n<td>v\u00edzsz\u0171r\u0151 (24h)<\/td>\n<\/tr>\n<tr>\n<td width=\"\"><\/td>\n<td>rovar- \u00e9s lev\u00e9lsz\u0171r\u0151<\/td>\n<\/tr>\n<tr>\n<td width=\"\"><\/td>\n<td>\u00f3zonfert\u0151tlen\u00edt\u00e9s<\/td>\n<\/tr>\n<tr>\n<td width=\"\"><\/td>\n<td>f\u0171t\u00e9s<\/td>\n<\/tr>\n<\/tbody>\n<\/table>\n<p>&nbsp;<\/p>\n<table width=\"570\">\n<tbody>\n<tr>\n<td width=\"\"><strong>Tartoz\u00e9k<\/strong>:<\/td>\n<td width=\"\">h\u0151szigetel\u0151 medencefed\u00e9s<\/td>\n<\/tr>\n<tr>\n<td><\/td>\n<td width=\"\">l\u00e9pcs\u0151<\/td>\n<\/tr>\n<\/tbody>\n<\/table>\n<\/div>\n<\/div>\n","protected":false},"excerpt":{"rendered":"<p>M\u00e9ret:\u00a0205 \u00d7 130 \u00d7 70 cm S\u00faly:\u00a0340 kg M\u0171szaki adatok: t\u00e1pfesz\u00fclts\u00e9g: 220-240 V \/ 50 Hz vagy 380 V \/ 50 Hz \u00f6sszteljes\u00edtm\u00e9ny: 5,25 kW motorok sz\u00e1ma: 2 massz\u00e1zsmotor teljes\u00edtm\u00e9nye: 1,88 kW v\u00edzkeringet\u0151 motor teljes\u00edtm\u00e9nye: 0,35 kW f\u0171t\u00e9si teljes\u00edtm\u00e9ny: 3 kW s\u00faly: 325 kg m\u00e9ret 208 x 175 x 90 cm \u0171rtartalom 980 liter sz\u00edn [&hellip;]<\/p>\n","protected":false},"featured_media":6245,"comment_status":"open","ping_status":"closed","template":"","meta":[],"product_brand":[],"product_cat":[86],"product_tag":[],"class_list":{"0":"post-5748","1":"product","2":"type-product","3":"status-publish","4":"has-post-thumbnail","6":"product_cat-sanotechnik-spa","8":"first","9":"instock","10":"taxable","11":"shipping-taxable","12":"purchasable","13":"product-type-simple"},"jetpack_sharing_enabled":true,"_links":{"self":[{"href":"https:\/\/csonakjavitas.hu\/index.php\/wp-json\/wp\/v2\/product\/5748","targetHints":{"allow":["GET"]}}],"collection":[{"href":"https:\/\/csonakjavitas.hu\/index.php\/wp-json\/wp\/v2\/product"}],"about":[{"href":"https:\/\/csonakjavitas.hu\/index.php\/wp-json\/wp\/v2\/types\/product"}],"replies":[{"embeddable":true,"href":"https:\/\/csonakjavitas.hu\/index.php\/wp-json\/wp\/v2\/comments?post=5748"}],"wp:featuredmedia":[{"embeddable":true,"href":"https:\/\/csonakjavitas.hu\/index.php\/wp-json\/wp\/v2\/media\/6245"}],"wp:attachment":[{"href":"https:\/\/csonakjavitas.hu\/index.php\/wp-json\/wp\/v2\/media?parent=5748"}],"wp:term":[{"taxonomy":"product_brand","embeddable":true,"href":"https:\/\/csonakjavitas.hu\/index.php\/wp-json\/wp\/v2\/product_brand?post=5748"},{"taxonomy":"product_cat","embeddable":true,"href":"https:\/\/csonakjavitas.hu\/index.php\/wp-json\/wp\/v2\/product_cat?post=5748"},{"taxonomy":"product_tag","embeddable":true,"href":"https:\/\/csonakjavitas.hu\/index.php\/wp-json\/wp\/v2\/product_tag?post=5748"}],"curies":[{"name":"wp","href":"https:\/\/api.w.org\/{rel}","templated":true}]}}