{"id":5751,"date":"2026-02-23T15:56:34","date_gmt":"2026-02-23T15:56:34","guid":{"rendered":"https:\/\/wp.csonakjavitas.hu\/index.php\/termek\/catania\/"},"modified":"2026-03-18T12:14:21","modified_gmt":"2026-03-18T12:14:21","slug":"catania","status":"publish","type":"product","link":"https:\/\/csonakjavitas.hu\/index.php\/termek\/catania\/","title":{"rendered":"CATANIA k\u00fclt\u00e9ri medence, gy\u00f6ngyh\u00e1zfeh\u00e9r"},"content":{"rendered":"<div id=\"product-49205\" class=\"post-49205 product type-product status-publish has-post-thumbnail product_cat-ujdonsagok product_cat-kulteri-medence product_cat-jakuzzik first instock taxable shipping-taxable purchasable product-type-simple\">\n<div id=\"product_details\" class=\"col\">\n<div class=\"summary entry-summary\">\n<form class=\"cart\" action=\"https:\/\/sanotechnikwebshop.hu\/termek\/catania-kulteri-medence-gyongyhazfeher\/\" enctype=\"multipart\/form-data\" method=\"post\">\n<div class=\"dimensions\">\n<p>Szeretne kikapcsol\u00f3dni \u00e9s laz\u00edtani? Nem jelenthet akad\u00e1lyt a Sanotechnik kompakt k\u00fclt\u00e9ri pezsg\u0151f\u00fcrd\u0151j\u00e9vel, a CATANIA-val.<br \/>\nA 34 massz\u00e1zsf\u00fav\u00f3ka t\u00f6k\u00e9letes k\u00f6z\u00e9rzetet biztos\u00edt. A pezsg\u0151f\u00fcrd\u0151 5 \u00fcl\u0151helyet k\u00edn\u00e1l, tov\u00e1bb\u00e1 LED-vil\u00e1g\u00edt\u00e1ssal, \u00e9s digit\u00e1lis kezel\u0151panellel is leny\u0171g\u00f6z. Pihenjen, d\u0151lj\u00f6n h\u00e1tra \u00e9s \u00e9lvezze \u2013 ilyen t\u00f6k\u00e9letes \u00e9rz\u00e9s egy k\u00fclt\u00e9ri pezsg\u0151f\u00fcrd\u0151 a teraszon vagy a kertben.<\/p>\n<p>&nbsp;<\/p>\n<ul>\n<li><b>M\u00e9ret:\u00a0<\/b>210 \u00d7 180 \u00d7 82 cm<\/li>\n<li><b>S\u00faly:\u00a0<\/b>307 kg<\/li>\n<\/ul>\n<\/div>\n<div class=\"attributes\"><\/div>\n<\/form>\n<div class=\"woocommerce-product-details__short-description\">\n<table width=\"500\">\n<tbody>\n<tr>\n<td colspan=\"2\" width=\"500\"><strong>M\u0171szaki adatok:<\/strong><\/td>\n<\/tr>\n<tr>\n<td width=\"302\">M\u00e9ret:<\/td>\n<td width=\"198\">210 x 180 x 82 cm<\/td>\n<\/tr>\n<tr>\n<td width=\"302\">Teljes\u00edtm\u00e9ny:<\/td>\n<td width=\"198\">3.85 kW<\/td>\n<\/tr>\n<tr>\n<td width=\"302\">V\u00edzszivatty\u00fa teljes\u00edtm\u00e9nye:<\/td>\n<td width=\"198\">1.9 kW<\/td>\n<\/tr>\n<tr>\n<td width=\"302\">F\u0171t\u00e9si teljes\u00edtm\u00e9ny:<\/td>\n<td width=\"198\">2 kW<\/td>\n<\/tr>\n<tr>\n<td width=\"302\">T\u00e1pfesz\u00fclts\u00e9g:<\/td>\n<td width=\"198\">220-240V 50 Hz<\/td>\n<\/tr>\n<tr>\n<td width=\"302\">\u0170rtartalom:<\/td>\n<td width=\"198\">964 liter<\/td>\n<\/tr>\n<\/tbody>\n<\/table>\n<p>&nbsp;<\/p>\n<\/div>\n<\/div>\n<\/div>\n<\/div>\n<div class=\"product_info\">\n<div class=\"content\">\n<table width=\"400\">\n<tbody>\n<tr>\n<td width=\"92\"><strong>Jellemz\u0151k<\/strong>:<\/td>\n<td width=\"237\">\u00f6tszem\u00e9lyes jakuzzi (5 \u00fcl\u0151hely)<\/td>\n<\/tr>\n<tr>\n<td><\/td>\n<td>gy\u00f6ngyh\u00e1zfeh\u00e9r sz\u00edn\u0171 bels\u0151 t\u00e9r<\/td>\n<\/tr>\n<tr>\n<td><\/td>\n<td>34 massz\u00e1zsf\u00fav\u00f3ka<\/td>\n<\/tr>\n<tr>\n<td><\/td>\n<td>1 szivatty\u00fa (k\u00e9tsebess\u00e9ges)<\/td>\n<\/tr>\n<tr>\n<td><\/td>\n<td>4 leveg\u0151 szab\u00e1lyoz\u00f3<\/td>\n<\/tr>\n<tr>\n<td><\/td>\n<td>lebeg\u0151 sz\u0171r\u0151<\/td>\n<\/tr>\n<tr>\n<td><\/td>\n<td>h\u0151szigetel\u00e9s<\/td>\n<\/tr>\n<tr>\n<td><\/td>\n<td>\u00f3zonfert\u0151tlen\u00edt\u00e9s<\/td>\n<\/tr>\n<tr>\n<td><\/td>\n<td>v\u00edzsz\u0171r\u0151 (6 h)<\/td>\n<\/tr>\n<tr>\n<td><\/td>\n<td>v\u00edzterel\u0151<\/td>\n<\/tr>\n<tr>\n<td><\/td>\n<td>rovar- \u00e9s lev\u00e9lcsapda<\/td>\n<\/tr>\n<tr>\n<td><\/td>\n<td>digit\u00e1lis kezel\u0151panel<\/td>\n<\/tr>\n<tr>\n<td><\/td>\n<td>2 fejp\u00e1rna<\/td>\n<\/tr>\n<tr>\n<td><\/td>\n<td>LED vil\u00e1g\u00edt\u00e1ssal<\/td>\n<\/tr>\n<\/tbody>\n<\/table>\n<p>&nbsp;<\/p>\n<table width=\"400\">\n<tbody>\n<tr>\n<td width=\"\"><strong>Tartoz\u00e9k<\/strong>:<\/td>\n<td width=\"\">h\u0151szigetel\u0151 medencefed\u00e9s<\/td>\n<\/tr>\n<\/tbody>\n<\/table>\n<\/div>\n<\/div>\n","protected":false},"excerpt":{"rendered":"<p>Szeretne kikapcsol\u00f3dni \u00e9s laz\u00edtani? Nem jelenthet akad\u00e1lyt a Sanotechnik kompakt k\u00fclt\u00e9ri pezsg\u0151f\u00fcrd\u0151j\u00e9vel, a CATANIA-val. A 34 massz\u00e1zsf\u00fav\u00f3ka t\u00f6k\u00e9letes k\u00f6z\u00e9rzetet biztos\u00edt. A pezsg\u0151f\u00fcrd\u0151 5 \u00fcl\u0151helyet k\u00edn\u00e1l, tov\u00e1bb\u00e1 LED-vil\u00e1g\u00edt\u00e1ssal, \u00e9s digit\u00e1lis kezel\u0151panellel is leny\u0171g\u00f6z. Pihenjen, d\u0151lj\u00f6n h\u00e1tra \u00e9s \u00e9lvezze \u2013 ilyen t\u00f6k\u00e9letes \u00e9rz\u00e9s egy k\u00fclt\u00e9ri pezsg\u0151f\u00fcrd\u0151 a teraszon vagy a kertben. &nbsp; M\u00e9ret:\u00a0210 \u00d7 180 \u00d7 82 [&hellip;]<\/p>\n","protected":false},"featured_media":6258,"comment_status":"open","ping_status":"closed","template":"","meta":[],"product_brand":[],"product_cat":[86],"product_tag":[],"class_list":{"0":"post-5751","1":"product","2":"type-product","3":"status-publish","4":"has-post-thumbnail","6":"product_cat-sanotechnik-spa","8":"first","9":"instock","10":"taxable","11":"shipping-taxable","12":"purchasable","13":"product-type-simple"},"jetpack_sharing_enabled":true,"_links":{"self":[{"href":"https:\/\/csonakjavitas.hu\/index.php\/wp-json\/wp\/v2\/product\/5751","targetHints":{"allow":["GET"]}}],"collection":[{"href":"https:\/\/csonakjavitas.hu\/index.php\/wp-json\/wp\/v2\/product"}],"about":[{"href":"https:\/\/csonakjavitas.hu\/index.php\/wp-json\/wp\/v2\/types\/product"}],"replies":[{"embeddable":true,"href":"https:\/\/csonakjavitas.hu\/index.php\/wp-json\/wp\/v2\/comments?post=5751"}],"wp:featuredmedia":[{"embeddable":true,"href":"https:\/\/csonakjavitas.hu\/index.php\/wp-json\/wp\/v2\/media\/6258"}],"wp:attachment":[{"href":"https:\/\/csonakjavitas.hu\/index.php\/wp-json\/wp\/v2\/media?parent=5751"}],"wp:term":[{"taxonomy":"product_brand","embeddable":true,"href":"https:\/\/csonakjavitas.hu\/index.php\/wp-json\/wp\/v2\/product_brand?post=5751"},{"taxonomy":"product_cat","embeddable":true,"href":"https:\/\/csonakjavitas.hu\/index.php\/wp-json\/wp\/v2\/product_cat?post=5751"},{"taxonomy":"product_tag","embeddable":true,"href":"https:\/\/csonakjavitas.hu\/index.php\/wp-json\/wp\/v2\/product_tag?post=5751"}],"curies":[{"name":"wp","href":"https:\/\/api.w.org\/{rel}","templated":true}]}}