{"id":5753,"date":"2026-02-23T15:56:34","date_gmt":"2026-02-23T15:56:34","guid":{"rendered":"https:\/\/wp.csonakjavitas.hu\/index.php\/termek\/palma-2\/"},"modified":"2026-03-19T09:21:42","modified_gmt":"2026-03-19T09:21:42","slug":"palma-2","status":"publish","type":"product","link":"https:\/\/csonakjavitas.hu\/index.php\/termek\/palma-2\/","title":{"rendered":"PALMA k\u00fclt\u00e9ri medence, gy\u00f6ngyh\u00e1zfeh\u00e9r VAGY gy\u00f6ngyh\u00e1zk\u00e9k"},"content":{"rendered":"<h1 class=\"product_title entry-title\">PALMA k\u00fclt\u00e9ri medence, gy\u00f6ngyh\u00e1zfeh\u00e9r<\/h1>\n<div id=\"product-38298\" class=\"post-38298 product type-product status-publish has-post-thumbnail product_cat-kulteri-medence product_cat-jakuzzik first instock taxable shipping-taxable purchasable product-type-simple\">\n<div id=\"product_details\" class=\"col\">\n<div class=\"summary entry-summary\">\n<form class=\"cart\" action=\"https:\/\/sanotechnikwebshop.hu\/termek\/palma-kulteri-medence-gyongyhazfeher\/\" enctype=\"multipart\/form-data\" method=\"post\">\n<div class=\"dimensions\">\n<ul>\n<li><b>M\u00e9ret:\u00a0<\/b>190 \u00d7 190 \u00d7 86 cm<\/li>\n<li><b>S\u00faly:\u00a0<\/b>270 kg<\/li>\n<\/ul>\n<\/div>\n<div class=\"attributes\"><\/div>\n<\/form>\n<div class=\"woocommerce-product-details__short-description\">\n<table width=\"583\">\n<tbody>\n<tr>\n<td colspan=\"2\" width=\"583\"><strong>M\u0171szaki adatok:<\/strong><\/td>\n<\/tr>\n<tr>\n<td width=\"235\">Teljes\u00edtm\u00e9ny<\/td>\n<td width=\"348\">220V\/50-60Hz or 380V\/50-60Hz \/\u00a06,17 kW<\/td>\n<\/tr>\n<tr>\n<td width=\"235\">Keringet\u0151 szivatty\u00fa<\/td>\n<td width=\"348\">0,37 kW<\/td>\n<\/tr>\n<tr>\n<td width=\"235\">V\u00edzszivatty\u00fa<\/td>\n<td width=\"348\">2,24 kW<\/td>\n<\/tr>\n<tr>\n<td width=\"235\">\u00d3zonos fert\u0151tlen\u00edt\u00e9s<\/td>\n<td width=\"348\">12 V \/ 5 kW<\/td>\n<\/tr>\n<tr>\n<td width=\"235\">M\u00e9ret<\/td>\n<td width=\"348\">190x190x86 cm<\/td>\n<\/tr>\n<tr>\n<td width=\"235\">V\u00edzkapacit\u00e1s<\/td>\n<td width=\"348\">1000 liter<\/td>\n<\/tr>\n<tr>\n<td rowspan=\"2\" width=\"235\">S\u00faly<\/td>\n<td width=\"348\">\u00fcresen: 265 kg<\/td>\n<\/tr>\n<tr>\n<td width=\"348\">felt\u00f6lt\u00e9s ut\u00e1n: 1265 kg<\/td>\n<\/tr>\n<tr>\n<td width=\"235\">\u00d6sszes v\u00edzsug\u00e1r f\u00fav\u00f3ka<\/td>\n<td width=\"348\">32<\/td>\n<\/tr>\n<tr>\n<td width=\"235\">Fejp\u00e1rna vil\u00e1g\u00edt\u00e1s<\/td>\n<td width=\"348\">3x LED<\/td>\n<\/tr>\n<tr>\n<td width=\"235\">Fejp\u00e1rna<\/td>\n<td width=\"348\">3<\/td>\n<\/tr>\n<tr>\n<td width=\"235\">F\u0171t\u00e9s rendszer<\/td>\n<td width=\"348\">3 kW<\/td>\n<\/tr>\n<\/tbody>\n<\/table>\n<p>&nbsp;<\/p>\n<\/div>\n<\/div>\n<\/div>\n<\/div>\n<div class=\"product_info\">\n<div class=\"content\">\n<table width=\"400\">\n<tbody>\n<tr>\n<td width=\"92\"><strong>Jellemz\u0151k:<\/strong><\/td>\n<td width=\"259\">Gy\u00f6ngyh\u00e1zfeh\u00e9r sz\u00edn\u0171 bels\u0151 t\u00e9r<\/td>\n<\/tr>\n<tr>\n<td><\/td>\n<td>32 massz\u00e1zsf\u00fav\u00f3ka<\/td>\n<\/tr>\n<tr>\n<td><\/td>\n<td>2 szivatty\u00fa<\/td>\n<\/tr>\n<tr>\n<td><\/td>\n<td>lebeg\u0151 sz\u0171r\u0151<\/td>\n<\/tr>\n<tr>\n<td><\/td>\n<td>leveg\u0151 szab\u00e1lyoz\u00f3<\/td>\n<\/tr>\n<tr>\n<td><\/td>\n<td>h\u0151szigetel\u00e9s<\/td>\n<\/tr>\n<tr>\n<td><\/td>\n<td>\u00f3zonfert\u0151tlen\u00edt\u00e9s<\/td>\n<\/tr>\n<tr>\n<td><\/td>\n<td>v\u00edzsz\u0171r\u0151 (24 h)<\/td>\n<\/tr>\n<tr>\n<td><\/td>\n<td>rovar- \u00e9s lev\u00e9lcsapda<\/td>\n<\/tr>\n<tr>\n<td><\/td>\n<td>digit\u00e1lis kezel\u0151panel h\u00e1tt\u00e9rvil\u00e1g\u00edt\u00e1ssal<\/td>\n<\/tr>\n<tr>\n<td><\/td>\n<td>r\u00e1di\u00f3, hangsz\u00f3r\u00f3<\/td>\n<\/tr>\n<tr>\n<td><\/td>\n<td>USB csatlakoz\u00f3<\/td>\n<\/tr>\n<tr>\n<td><\/td>\n<td>bluetooth<\/td>\n<\/tr>\n<tr>\n<td><\/td>\n<td>3 fejp\u00e1rna<\/td>\n<\/tr>\n<\/tbody>\n<\/table>\n<p>&nbsp;<\/p>\n<table width=\"400\">\n<tbody>\n<tr>\n<td width=\"\"><strong>Tartoz\u00e9k<\/strong>:<\/td>\n<td width=\"\">h\u0151szigetel\u0151 medencefed\u00e9s<\/td>\n<\/tr>\n<tr>\n<td><\/td>\n<td width=\"\">l\u00e9pcs\u0151<\/td>\n<\/tr>\n<\/tbody>\n<\/table>\n<\/div>\n<\/div>\n<p>&nbsp;<\/p>\n<p>&nbsp;<\/p>\n<h1 class=\"product_title entry-title\">PALMA k\u00fclt\u00e9ri medence, gy\u00f6ngyh\u00e1zk\u00e9k<\/h1>\n<div id=\"product-38312\" class=\"post-38312 product type-product status-publish has-post-thumbnail product_cat-kulteri-medence product_cat-jakuzzik first instock taxable shipping-taxable purchasable product-type-simple\">\n<div id=\"product_details\" class=\"col\">\n<div class=\"summary entry-summary\">\n<form class=\"cart\" action=\"https:\/\/sanotechnikwebshop.hu\/termek\/palma-kulteri-medence-gyongyhazkek\/\" enctype=\"multipart\/form-data\" method=\"post\">\n<div class=\"dimensions\">\n<ul>\n<li><b>S\u00faly:\u00a0<\/b>270 kg<\/li>\n<\/ul>\n<\/div>\n<div class=\"attributes\"><\/div>\n<\/form>\n<div class=\"woocommerce-product-details__short-description\">\n<table width=\"583\">\n<tbody>\n<tr>\n<td colspan=\"2\" width=\"583\"><strong>M\u0171szaki adatok:<\/strong><\/td>\n<\/tr>\n<tr>\n<td width=\"235\">Teljes\u00edtm\u00e9ny<\/td>\n<td width=\"348\">220V\/50-60Hz or 380V\/50-60Hz \/\u00a06,17 kW<\/td>\n<\/tr>\n<tr>\n<td width=\"235\">Keringet\u0151 szivatty\u00fa<\/td>\n<td width=\"348\">0,37 kW<\/td>\n<\/tr>\n<tr>\n<td width=\"235\">V\u00edzszivatty\u00fa<\/td>\n<td width=\"348\">2,24 kW<\/td>\n<\/tr>\n<tr>\n<td width=\"235\">\u00d3zonos fert\u0151tlen\u00edt\u00e9s<\/td>\n<td width=\"348\">12 V \/ 5 kW<\/td>\n<\/tr>\n<tr>\n<td width=\"235\">M\u00e9ret<\/td>\n<td width=\"348\">190x190x86 cm<\/td>\n<\/tr>\n<tr>\n<td width=\"235\">V\u00edzkapacit\u00e1s<\/td>\n<td width=\"348\">1000 liter<\/td>\n<\/tr>\n<tr>\n<td rowspan=\"2\" width=\"235\">S\u00faly<\/td>\n<td width=\"348\">\u00fcresen: 265 kg<\/td>\n<\/tr>\n<tr>\n<td width=\"348\">felt\u00f6lt\u00e9s ut\u00e1n: 1265 kg<\/td>\n<\/tr>\n<tr>\n<td width=\"235\">\u00d6sszes v\u00edzsug\u00e1r f\u00fav\u00f3ka<\/td>\n<td width=\"348\">32<\/td>\n<\/tr>\n<tr>\n<td width=\"235\">Fejp\u00e1rna vil\u00e1g\u00edt\u00e1s<\/td>\n<td width=\"348\">3x LED<\/td>\n<\/tr>\n<tr>\n<td width=\"235\">Fejp\u00e1rna<\/td>\n<td width=\"348\">3<\/td>\n<\/tr>\n<tr>\n<td width=\"235\">F\u0171t\u00e9s rendszer<\/td>\n<td width=\"348\">3 kW<\/td>\n<\/tr>\n<\/tbody>\n<\/table>\n<p>&nbsp;<\/p>\n<\/div>\n<\/div>\n<\/div>\n<\/div>\n<div class=\"product_info\">\n<div class=\"content\">\n<table width=\"400\">\n<tbody>\n<tr>\n<td width=\"92\"><strong>Jellemz\u0151k:<\/strong><\/td>\n<td width=\"259\">Gy\u00f6ngyh\u00e1zk\u00e9k sz\u00edn\u0171 bels\u0151 t\u00e9r<\/td>\n<\/tr>\n<tr>\n<td><\/td>\n<td>32 massz\u00e1zsf\u00fav\u00f3ka<\/td>\n<\/tr>\n<tr>\n<td><\/td>\n<td>2 szivatty\u00fa<\/td>\n<\/tr>\n<tr>\n<td><\/td>\n<td>lebeg\u0151 sz\u0171r\u0151<\/td>\n<\/tr>\n<tr>\n<td><\/td>\n<td>leveg\u0151 szab\u00e1lyoz\u00f3<\/td>\n<\/tr>\n<tr>\n<td><\/td>\n<td>h\u0151szigetel\u00e9s<\/td>\n<\/tr>\n<tr>\n<td><\/td>\n<td>\u00f3zonfert\u0151tlen\u00edt\u00e9s<\/td>\n<\/tr>\n<tr>\n<td><\/td>\n<td>v\u00edzsz\u0171r\u0151 (24 h)<\/td>\n<\/tr>\n<tr>\n<td><\/td>\n<td>rovar- \u00e9s lev\u00e9lcsapda<\/td>\n<\/tr>\n<tr>\n<td><\/td>\n<td>digit\u00e1lis kezel\u0151panel h\u00e1tt\u00e9rvil\u00e1g\u00edt\u00e1ssal<\/td>\n<\/tr>\n<tr>\n<td><\/td>\n<td>r\u00e1di\u00f3, hangsz\u00f3r\u00f3<\/td>\n<\/tr>\n<tr>\n<td><\/td>\n<td>USB csatlakoz\u00f3<\/td>\n<\/tr>\n<tr>\n<td><\/td>\n<td>bluetooth<\/td>\n<\/tr>\n<tr>\n<td><\/td>\n<td>3 fejp\u00e1rna<\/td>\n<\/tr>\n<\/tbody>\n<\/table>\n<p>&nbsp;<\/p>\n<table width=\"400\">\n<tbody>\n<tr>\n<td width=\"\"><strong>Tartoz\u00e9k<\/strong>:<\/td>\n<td width=\"\">h\u0151szigetel\u0151 medencefed\u00e9s<\/td>\n<\/tr>\n<tr>\n<td><\/td>\n<td width=\"\">l\u00e9pcs\u0151<\/td>\n<\/tr>\n<\/tbody>\n<\/table>\n<\/div>\n<\/div>\n","protected":false},"excerpt":{"rendered":"<p>PALMA k\u00fclt\u00e9ri medence, gy\u00f6ngyh\u00e1zfeh\u00e9r M\u00e9ret:\u00a0190 \u00d7 190 \u00d7 86 cm S\u00faly:\u00a0270 kg M\u0171szaki adatok: Teljes\u00edtm\u00e9ny 220V\/50-60Hz or 380V\/50-60Hz \/\u00a06,17 kW Keringet\u0151 szivatty\u00fa 0,37 kW V\u00edzszivatty\u00fa 2,24 kW \u00d3zonos fert\u0151tlen\u00edt\u00e9s 12 V \/ 5 kW M\u00e9ret 190x190x86 cm V\u00edzkapacit\u00e1s 1000 liter S\u00faly \u00fcresen: 265 kg felt\u00f6lt\u00e9s ut\u00e1n: 1265 kg \u00d6sszes v\u00edzsug\u00e1r f\u00fav\u00f3ka 32 Fejp\u00e1rna vil\u00e1g\u00edt\u00e1s 3x [&hellip;]<\/p>\n","protected":false},"featured_media":6263,"comment_status":"open","ping_status":"closed","template":"","meta":[],"product_brand":[],"product_cat":[86],"product_tag":[],"class_list":{"0":"post-5753","1":"product","2":"type-product","3":"status-publish","4":"has-post-thumbnail","6":"product_cat-sanotechnik-spa","8":"first","9":"instock","10":"taxable","11":"shipping-taxable","12":"purchasable","13":"product-type-simple"},"jetpack_sharing_enabled":true,"_links":{"self":[{"href":"https:\/\/csonakjavitas.hu\/index.php\/wp-json\/wp\/v2\/product\/5753","targetHints":{"allow":["GET"]}}],"collection":[{"href":"https:\/\/csonakjavitas.hu\/index.php\/wp-json\/wp\/v2\/product"}],"about":[{"href":"https:\/\/csonakjavitas.hu\/index.php\/wp-json\/wp\/v2\/types\/product"}],"replies":[{"embeddable":true,"href":"https:\/\/csonakjavitas.hu\/index.php\/wp-json\/wp\/v2\/comments?post=5753"}],"wp:featuredmedia":[{"embeddable":true,"href":"https:\/\/csonakjavitas.hu\/index.php\/wp-json\/wp\/v2\/media\/6263"}],"wp:attachment":[{"href":"https:\/\/csonakjavitas.hu\/index.php\/wp-json\/wp\/v2\/media?parent=5753"}],"wp:term":[{"taxonomy":"product_brand","embeddable":true,"href":"https:\/\/csonakjavitas.hu\/index.php\/wp-json\/wp\/v2\/product_brand?post=5753"},{"taxonomy":"product_cat","embeddable":true,"href":"https:\/\/csonakjavitas.hu\/index.php\/wp-json\/wp\/v2\/product_cat?post=5753"},{"taxonomy":"product_tag","embeddable":true,"href":"https:\/\/csonakjavitas.hu\/index.php\/wp-json\/wp\/v2\/product_tag?post=5753"}],"curies":[{"name":"wp","href":"https:\/\/api.w.org\/{rel}","templated":true}]}}