{"id":5755,"date":"2026-02-23T15:56:35","date_gmt":"2026-02-23T15:56:35","guid":{"rendered":"https:\/\/wp.csonakjavitas.hu\/index.php\/termek\/tahiti-2\/"},"modified":"2026-03-18T10:00:44","modified_gmt":"2026-03-18T10:00:44","slug":"tahiti-2","status":"publish","type":"product","link":"https:\/\/csonakjavitas.hu\/index.php\/termek\/tahiti-2\/","title":{"rendered":"TAHITI k\u00fclt\u00e9ri massz\u00e1zsmedence, m\u00e1rv\u00e1nyfeh\u00e9r"},"content":{"rendered":"<div id=\"product-38251\" class=\"post-38251 product type-product status-publish has-post-thumbnail product_cat-kulteri-medence product_cat-jakuzzik first instock taxable shipping-taxable purchasable product-type-simple\">\n<div id=\"product_details\" class=\"col\">\n<div class=\"summary entry-summary\">\n<form class=\"cart\" action=\"https:\/\/sanotechnikwebshop.hu\/termek\/tahiti-kulteri-masszazsmedence-ezust\/\" enctype=\"multipart\/form-data\" method=\"post\">\n<div class=\"dimensions\">\n<ul>\n<li><b>S\u00faly:\u00a0<\/b>290 kg<\/li>\n<\/ul>\n<\/div>\n<\/form>\n<div class=\"woocommerce-product-details__short-description\">\n<p><strong>M\u0171szaki adatok<\/strong>:<\/p>\n<table width=\"418\">\n<tbody>\n<tr>\n<td>Teljes\u00edtm\u00e9ny<\/td>\n<td>220V \/\u00a04,9 kW<\/td>\n<\/tr>\n<tr>\n<td>Keringet\u0151 szivatty\u00fa<\/td>\n<td>1,86 kW<\/td>\n<\/tr>\n<tr>\n<td>\u00d3zonos fert\u0151tlen\u00edt\u00e9s<\/td>\n<td>12 V \/ 5 kW<\/td>\n<\/tr>\n<tr>\n<td>M\u00e9ret<\/td>\n<td>200 x 200 x 88 cm<\/td>\n<\/tr>\n<tr>\n<td>V\u00edzkapacit\u00e1s<\/td>\n<td>1400 liter<\/td>\n<\/tr>\n<tr>\n<td>S\u00faly<\/td>\n<td>\u00fcresen: 314 kg&nbsp;<\/p>\n<p>felt\u00f6lt\u00e9s ut\u00e1n: 1714 kg<\/td>\n<\/tr>\n<tr>\n<td>Vez\u00e9rl\u0151 rendszer<\/td>\n<td>Gecko<\/td>\n<\/tr>\n<tr>\n<td>\u00d6sszes v\u00edzsug\u00e1r f\u00fav\u00f3ka<\/td>\n<td>31<\/td>\n<\/tr>\n<tr>\n<td>V\u00edzterel\u0151<\/td>\n<td>2<\/td>\n<\/tr>\n<tr>\n<td>Fejp\u00e1rna<\/td>\n<td>3<\/td>\n<\/tr>\n<tr>\n<td>F\u0171t\u00e9s rendszer<\/td>\n<td>3 kW<\/td>\n<\/tr>\n<\/tbody>\n<\/table>\n<\/div>\n<\/div>\n<\/div>\n<\/div>\n<div class=\"product_info\">\n<div class=\"content\">\n<p>&nbsp;<\/p>\n<table width=\"350\">\n<tbody>\n<tr>\n<td width=\"81\"><strong>Jellemz\u0151k<\/strong>:<\/td>\n<td width=\"269\">gy\u00f6ngyh\u00e1zfeh\u00e9r sz\u00edn\u0171 bels\u0151 t\u00e9r<\/td>\n<\/tr>\n<tr>\n<td width=\"81\"><\/td>\n<td width=\"269\">min\u0151s\u00e9gi szintetikus fa bor\u00edt\u00e1s<\/td>\n<\/tr>\n<tr>\n<td width=\"81\"><\/td>\n<td width=\"269\">alum\u00ednium v\u00e1z<\/td>\n<\/tr>\n<tr>\n<td width=\"81\"><\/td>\n<td width=\"269\">szem\u00f6ld\u00f6k st\u00edlus\u00fa v\u00edzsug\u00e1r \u00e9s terel\u0151<\/td>\n<\/tr>\n<tr>\n<td width=\"81\"><\/td>\n<td width=\"269\">v\u00edz alatti f\u00e9ny<\/td>\n<\/tr>\n<tr>\n<td width=\"81\"><\/td>\n<td width=\"269\">\u00f3zonos fert\u0151tlen\u00edt\u00e9s<\/td>\n<\/tr>\n<tr>\n<td width=\"81\"><\/td>\n<td width=\"269\">CFC habszigetel\u00e9s<\/td>\n<\/tr>\n<tr>\n<td width=\"81\"><\/td>\n<td width=\"269\">keretszigetel\u00e9s<\/td>\n<\/tr>\n<tr>\n<td width=\"81\"><\/td>\n<td width=\"269\">PVC medencealj<\/td>\n<\/tr>\n<tr>\n<td width=\"81\"><\/td>\n<td width=\"269\">Bluetooth audiorendszer<\/td>\n<\/tr>\n<tr>\n<td width=\"81\"><\/td>\n<td width=\"269\">Gecko WIFI vez\u00e9rl\u0151rendszer<\/td>\n<\/tr>\n<\/tbody>\n<\/table>\n<p>&nbsp;<\/p>\n<table width=\"350\">\n<tbody>\n<tr>\n<td width=\"81\"><strong>Tartoz\u00e9k<\/strong>:<\/td>\n<td width=\"250\">h\u0151szigetel\u0151 medencefed\u00e9s<\/td>\n<\/tr>\n<tr>\n<td><\/td>\n<td>l\u00e9pcs\u0151<\/td>\n<\/tr>\n<\/tbody>\n<\/table>\n<\/div>\n<\/div>\n","protected":false},"excerpt":{"rendered":"<p>S\u00faly:\u00a0290 kg M\u0171szaki adatok: Teljes\u00edtm\u00e9ny 220V \/\u00a04,9 kW Keringet\u0151 szivatty\u00fa 1,86 kW \u00d3zonos fert\u0151tlen\u00edt\u00e9s 12 V \/ 5 kW M\u00e9ret 200 x 200 x 88 cm V\u00edzkapacit\u00e1s 1400 liter S\u00faly \u00fcresen: 314 kg&nbsp; felt\u00f6lt\u00e9s ut\u00e1n: 1714 kg Vez\u00e9rl\u0151 rendszer Gecko \u00d6sszes v\u00edzsug\u00e1r f\u00fav\u00f3ka 31 V\u00edzterel\u0151 2 Fejp\u00e1rna 3 F\u0171t\u00e9s rendszer 3 kW &nbsp; Jellemz\u0151k: gy\u00f6ngyh\u00e1zfeh\u00e9r [&hellip;]<\/p>\n","protected":false},"featured_media":6205,"comment_status":"open","ping_status":"closed","template":"","meta":[],"product_brand":[],"product_cat":[86],"product_tag":[],"class_list":{"0":"post-5755","1":"product","2":"type-product","3":"status-publish","4":"has-post-thumbnail","6":"product_cat-sanotechnik-spa","8":"first","9":"instock","10":"taxable","11":"shipping-taxable","12":"purchasable","13":"product-type-simple"},"jetpack_sharing_enabled":true,"_links":{"self":[{"href":"https:\/\/csonakjavitas.hu\/index.php\/wp-json\/wp\/v2\/product\/5755","targetHints":{"allow":["GET"]}}],"collection":[{"href":"https:\/\/csonakjavitas.hu\/index.php\/wp-json\/wp\/v2\/product"}],"about":[{"href":"https:\/\/csonakjavitas.hu\/index.php\/wp-json\/wp\/v2\/types\/product"}],"replies":[{"embeddable":true,"href":"https:\/\/csonakjavitas.hu\/index.php\/wp-json\/wp\/v2\/comments?post=5755"}],"wp:featuredmedia":[{"embeddable":true,"href":"https:\/\/csonakjavitas.hu\/index.php\/wp-json\/wp\/v2\/media\/6205"}],"wp:attachment":[{"href":"https:\/\/csonakjavitas.hu\/index.php\/wp-json\/wp\/v2\/media?parent=5755"}],"wp:term":[{"taxonomy":"product_brand","embeddable":true,"href":"https:\/\/csonakjavitas.hu\/index.php\/wp-json\/wp\/v2\/product_brand?post=5755"},{"taxonomy":"product_cat","embeddable":true,"href":"https:\/\/csonakjavitas.hu\/index.php\/wp-json\/wp\/v2\/product_cat?post=5755"},{"taxonomy":"product_tag","embeddable":true,"href":"https:\/\/csonakjavitas.hu\/index.php\/wp-json\/wp\/v2\/product_tag?post=5755"}],"curies":[{"name":"wp","href":"https:\/\/api.w.org\/{rel}","templated":true}]}}