{"id":5757,"date":"2026-02-23T15:56:35","date_gmt":"2026-02-23T15:56:35","guid":{"rendered":"https:\/\/wp.csonakjavitas.hu\/index.php\/termek\/rovinj\/"},"modified":"2026-03-18T10:08:01","modified_gmt":"2026-03-18T10:08:01","slug":"rovinj","status":"publish","type":"product","link":"https:\/\/csonakjavitas.hu\/index.php\/termek\/rovinj\/","title":{"rendered":"ROVINJ k\u00fclt\u00e9ri massz\u00e1zsmedence, feh\u00e9r"},"content":{"rendered":"<div id=\"product-50100\" class=\"post-50100 product type-product status-publish has-post-thumbnail product_cat-ujdonsagok product_cat-kulteri-medence product_cat-jakuzzik first instock taxable shipping-taxable purchasable product-type-simple\">\n<div id=\"product_details\" class=\"col\">\n<div class=\"summary entry-summary\">\n<form class=\"cart\" action=\"https:\/\/sanotechnikwebshop.hu\/termek\/rovinj-kulteri-masszazsmedence-feher\/\" enctype=\"multipart\/form-data\" method=\"post\">\n<div class=\"dimensions\">\n<ul>\n<li><b>S\u00faly:\u00a0<\/b>307 kg<\/li>\n<\/ul>\n<\/div>\n<div class=\"attributes\"><\/div>\n<\/form>\n<div class=\"woocommerce-product-details__short-description\">\n<table width=\"481\">\n<tbody>\n<tr>\n<td colspan=\"2\" width=\"481\"><strong>M\u0171szaki adatok<\/strong>:<\/td>\n<\/tr>\n<tr>\n<td width=\"263\">M\u00e9ret:<\/td>\n<td width=\"218\">210 x 210 x 90 cm<\/td>\n<\/tr>\n<tr>\n<td width=\"263\">Teljes\u00edtm\u00e9ny:<\/td>\n<td width=\"218\">5.25 kW<\/td>\n<\/tr>\n<tr>\n<td rowspan=\"2\" width=\"263\">V\u00edzszivatty\u00fa teljes\u00edtm\u00e9nye:<\/td>\n<td width=\"218\">2.2 kW nagy sebess\u00e9g<\/td>\n<\/tr>\n<tr>\n<td width=\"218\">0.45 kW alacsony sebess\u00e9g<\/td>\n<\/tr>\n<tr>\n<td width=\"263\">F\u0171t\u00e9si teljes\u00edtm\u00e9ny:<\/td>\n<td width=\"218\">3 kW<\/td>\n<\/tr>\n<tr>\n<td width=\"263\">T\u00e1pfesz\u00fclts\u00e9g:<\/td>\n<td width=\"218\">220-240V 50 Hz<\/td>\n<\/tr>\n<tr>\n<td width=\"263\">\u0170rtartalom:<\/td>\n<td width=\"218\">1250 liter<\/td>\n<\/tr>\n<tr>\n<td width=\"263\"><\/td>\n<td width=\"218\"><\/td>\n<\/tr>\n<tr>\n<td width=\"263\"><\/td>\n<td width=\"218\"><\/td>\n<\/tr>\n<tr>\n<td width=\"263\"><\/td>\n<td width=\"218\"><\/td>\n<\/tr>\n<tr>\n<td width=\"263\"><\/td>\n<td width=\"218\"><\/td>\n<\/tr>\n<\/tbody>\n<\/table>\n<\/div>\n<\/div>\n<\/div>\n<\/div>\n<div class=\"product_info\">\n<div class=\"content\">\n<p>&nbsp;<\/p>\n<table width=\"546\">\n<tbody>\n<tr>\n<td width=\"172\"><strong>Jellemz\u0151k<\/strong>:<\/td>\n<td width=\"374\">h\u00e1romszem\u00e9lyes<\/td>\n<\/tr>\n<tr>\n<td width=\"172\"><\/td>\n<td>feh\u00e9r bels\u0151 t\u00e9r<\/td>\n<\/tr>\n<tr>\n<td width=\"172\"><\/td>\n<td>\u00f6sszes f\u00fav\u00f3kasz\u00e1m: 51<\/td>\n<\/tr>\n<tr>\n<td width=\"172\"><\/td>\n<td>\u00a0\u2013 2.5\u201d massz\u00e1zsf\u00fav\u00f3ka: 9<\/td>\n<\/tr>\n<tr>\n<td width=\"172\"><\/td>\n<td>\u00a0\u2013 2\u201d massz\u00e1zsf\u00fav\u00f3ka: 38<\/td>\n<\/tr>\n<tr>\n<td width=\"172\"><\/td>\n<td>\u00a0\u2013 1\u201d massz\u00e1zsf\u00fav\u00f3ka: 4<\/td>\n<\/tr>\n<tr>\n<td width=\"172\"><\/td>\n<td>1 szivatty\u00fa (k\u00e9tsebess\u00e9ges)<\/td>\n<\/tr>\n<tr>\n<td width=\"172\"><\/td>\n<td>3 fekv\u0151hely<\/td>\n<\/tr>\n<tr>\n<td width=\"172\"><\/td>\n<td>3 fejp\u00e1rna<\/td>\n<\/tr>\n<\/tbody>\n<\/table>\n<p>&nbsp;<\/p>\n<table width=\"546\">\n<tbody>\n<tr>\n<td width=\"172\"><strong>Felszerelts\u00e9g<\/strong>:<\/td>\n<td width=\"374\"><\/td>\n<\/tr>\n<tr>\n<td width=\"172\"><\/td>\n<td>h\u0151szigetel\u00e9s<\/td>\n<\/tr>\n<tr>\n<td width=\"172\"><\/td>\n<td>2 leveg\u0151szab\u00e1lyoz\u00f3<\/td>\n<\/tr>\n<tr>\n<td width=\"172\"><\/td>\n<td>v\u00edzsz\u0171r\u0151 (24 \/ 1 h)<\/td>\n<\/tr>\n<tr>\n<td><\/td>\n<td>rovar- \u00e9s lev\u00e9lsz\u0171r\u0151<\/td>\n<\/tr>\n<tr>\n<td><\/td>\n<td>\u00f3zonfert\u0151tlen\u00edt\u0151<\/td>\n<\/tr>\n<tr>\n<td><\/td>\n<td><\/td>\n<\/tr>\n<\/tbody>\n<\/table>\n<p>&nbsp;<\/p>\n<table width=\"546\">\n<tbody>\n<tr>\n<td width=\"172\"><strong>Tartoz\u00e9k<\/strong>:<\/td>\n<td width=\"374\">h\u0151szigetel\u0151 medencefed\u00e9s<\/td>\n<\/tr>\n<tr>\n<td><\/td>\n<td width=\"374\">l\u00e9pcs\u0151<\/td>\n<\/tr>\n<\/tbody>\n<\/table>\n<\/div>\n<\/div>\n","protected":false},"excerpt":{"rendered":"<p>S\u00faly:\u00a0307 kg M\u0171szaki adatok: M\u00e9ret: 210 x 210 x 90 cm Teljes\u00edtm\u00e9ny: 5.25 kW V\u00edzszivatty\u00fa teljes\u00edtm\u00e9nye: 2.2 kW nagy sebess\u00e9g 0.45 kW alacsony sebess\u00e9g F\u0171t\u00e9si teljes\u00edtm\u00e9ny: 3 kW T\u00e1pfesz\u00fclts\u00e9g: 220-240V 50 Hz \u0170rtartalom: 1250 liter &nbsp; Jellemz\u0151k: h\u00e1romszem\u00e9lyes feh\u00e9r bels\u0151 t\u00e9r \u00f6sszes f\u00fav\u00f3kasz\u00e1m: 51 \u00a0\u2013 2.5\u201d massz\u00e1zsf\u00fav\u00f3ka: 9 \u00a0\u2013 2\u201d massz\u00e1zsf\u00fav\u00f3ka: 38 \u00a0\u2013 1\u201d massz\u00e1zsf\u00fav\u00f3ka: [&hellip;]<\/p>\n","protected":false},"featured_media":6209,"comment_status":"open","ping_status":"closed","template":"","meta":[],"product_brand":[],"product_cat":[86],"product_tag":[],"class_list":{"0":"post-5757","1":"product","2":"type-product","3":"status-publish","4":"has-post-thumbnail","6":"product_cat-sanotechnik-spa","8":"first","9":"instock","10":"taxable","11":"shipping-taxable","12":"purchasable","13":"product-type-simple"},"jetpack_sharing_enabled":true,"_links":{"self":[{"href":"https:\/\/csonakjavitas.hu\/index.php\/wp-json\/wp\/v2\/product\/5757","targetHints":{"allow":["GET"]}}],"collection":[{"href":"https:\/\/csonakjavitas.hu\/index.php\/wp-json\/wp\/v2\/product"}],"about":[{"href":"https:\/\/csonakjavitas.hu\/index.php\/wp-json\/wp\/v2\/types\/product"}],"replies":[{"embeddable":true,"href":"https:\/\/csonakjavitas.hu\/index.php\/wp-json\/wp\/v2\/comments?post=5757"}],"wp:featuredmedia":[{"embeddable":true,"href":"https:\/\/csonakjavitas.hu\/index.php\/wp-json\/wp\/v2\/media\/6209"}],"wp:attachment":[{"href":"https:\/\/csonakjavitas.hu\/index.php\/wp-json\/wp\/v2\/media?parent=5757"}],"wp:term":[{"taxonomy":"product_brand","embeddable":true,"href":"https:\/\/csonakjavitas.hu\/index.php\/wp-json\/wp\/v2\/product_brand?post=5757"},{"taxonomy":"product_cat","embeddable":true,"href":"https:\/\/csonakjavitas.hu\/index.php\/wp-json\/wp\/v2\/product_cat?post=5757"},{"taxonomy":"product_tag","embeddable":true,"href":"https:\/\/csonakjavitas.hu\/index.php\/wp-json\/wp\/v2\/product_tag?post=5757"}],"curies":[{"name":"wp","href":"https:\/\/api.w.org\/{rel}","templated":true}]}}