{"id":5760,"date":"2026-02-23T15:56:35","date_gmt":"2026-02-23T15:56:35","guid":{"rendered":"https:\/\/wp.csonakjavitas.hu\/index.php\/termek\/hawaii\/"},"modified":"2026-03-18T10:46:27","modified_gmt":"2026-03-18T10:46:27","slug":"hawaii","status":"publish","type":"product","link":"https:\/\/csonakjavitas.hu\/index.php\/termek\/hawaii\/","title":{"rendered":"HAWAII k\u00fclt\u00e9ri medence, gy\u00f6ngyh\u00e1zfeh\u00e9r"},"content":{"rendered":"<div id=\"product-49145\" class=\"post-49145 product type-product status-publish has-post-thumbnail product_cat-ujdonsagok product_cat-kulteri-medence product_cat-jakuzzik first instock taxable shipping-taxable purchasable product-type-simple\">\n<div id=\"product_details\" class=\"col\">\n<div class=\"summary entry-summary\">\n<form class=\"cart\" action=\"https:\/\/sanotechnikwebshop.hu\/termek\/hawaii-kulteri-medence-gyongyhazfeher\/\" enctype=\"multipart\/form-data\" method=\"post\">\n<div class=\"dimensions\">\n<p>Szeretne kikapcsol\u00f3dni \u00e9s laz\u00edtani? Nem jelenthet akad\u00e1lyt a Sanotechnik HAWAII k\u00fclt\u00e9ri pezsg\u0151f\u00fcrd\u0151j\u00e9vel.<br \/>\nA 91 massz\u00e1zsf\u00fav\u00f3ka garant\u00e1lja az ide\u00e1lis k\u00f6z\u00e9rzetet. A pezsg\u0151f\u00fcrd\u0151 3 \u00fcl\u0151helyet \u00e9s 2 nyug\u00e1gyat k\u00edn\u00e1l, a k\u00fclt\u00e9ri pezsg\u0151f\u00fcrd\u0151 pedig LED-vil\u00e1g\u00edt\u00e1ssal, hangrendszerrel \u00e9s digit\u00e1lis kezel\u0151egys\u00e9ggel is rendelkezik.<\/p>\n<p>&nbsp;<\/p>\n<ul>\n<li><b>M\u00e9ret:\u00a0<\/b>220 \u00d7 220 \u00d7 95 cm<\/li>\n<li><b>S\u00faly:\u00a0<\/b>396 kg<\/li>\n<\/ul>\n<\/div>\n<div class=\"attributes\"><\/div>\n<\/form>\n<div class=\"woocommerce-product-details__short-description\">\n<table width=\"500\">\n<tbody>\n<tr>\n<td colspan=\"2\" width=\"500\"><strong>M\u0171szaki adatok<\/strong>:<\/td>\n<\/tr>\n<tr>\n<td width=\"302\">M\u00e9ret:<\/td>\n<td width=\"198\">220 x 220 x 95 cm<\/td>\n<\/tr>\n<tr>\n<td width=\"302\">Teljes\u00edtm\u00e9ny:<\/td>\n<td width=\"198\">10,8 kW<\/td>\n<\/tr>\n<tr>\n<td width=\"302\">V\u00edzszivatty\u00fak teljes\u00edtm\u00e9nye:<\/td>\n<td width=\"198\">3 x 2,25 kW<\/td>\n<\/tr>\n<tr>\n<td width=\"302\">F\u0171t\u00e9si teljes\u00edtm\u00e9ny:<\/td>\n<td width=\"198\">3 kW<\/td>\n<\/tr>\n<tr>\n<td width=\"302\">Keringet\u0151szivatty\u00fa:<\/td>\n<td width=\"198\">0,35 kW<\/td>\n<\/tr>\n<tr>\n<td width=\"302\">Leveg\u0151szivatty\u00fa:<\/td>\n<td width=\"198\">0,7 kW<\/td>\n<\/tr>\n<tr>\n<td width=\"302\">T\u00e1pfesz\u00fclts\u00e9g:<\/td>\n<td width=\"198\">220-240V 50 Hz vagy 380V 50 Hz<\/td>\n<\/tr>\n<\/tbody>\n<\/table>\n<p>&nbsp;<\/p>\n<\/div>\n<\/div>\n<\/div>\n<\/div>\n<div class=\"product_info\">\n<div class=\"content\">\n<table width=\"599\">\n<tbody>\n<tr>\n<td width=\"81\"><strong>Jellemz\u0151k<\/strong>:<\/td>\n<td width=\"518\">\u00f6tszem\u00e9lyes jakuzzi (2 fekv\u0151hely, 3 \u00fcl\u0151hely)<\/td>\n<\/tr>\n<tr>\n<td width=\"81\"><\/td>\n<td>gy\u00f6ngyh\u00e1zfeh\u00e9r sz\u00edn\u0171 bels\u0151 t\u00e9r<\/td>\n<\/tr>\n<tr>\n<td width=\"81\"><\/td>\n<td>91 massz\u00e1zsf\u00fav\u00f3ka<\/td>\n<\/tr>\n<tr>\n<td width=\"81\"><\/td>\n<td>5 szivatty\u00fa (3 v\u00edzszivatty\u00fa, 1 keringet\u0151szivatty\u00fa \u00e9s 1 leveg\u0151szivatty\u00fa)<\/td>\n<\/tr>\n<tr>\n<td width=\"81\"><\/td>\n<td>3 leveg\u0151 szab\u00e1lyoz\u00f3<\/td>\n<\/tr>\n<tr>\n<td width=\"81\"><\/td>\n<td>lebeg\u0151 sz\u0171r\u0151<\/td>\n<\/tr>\n<tr>\n<td width=\"81\"><\/td>\n<td>h\u0151szigetel\u00e9s<\/td>\n<\/tr>\n<tr>\n<td width=\"81\"><\/td>\n<td>\u00f3zonfert\u0151tlen\u00edt\u00e9s<\/td>\n<\/tr>\n<tr>\n<td width=\"81\"><\/td>\n<td>v\u00edzsz\u0171r\u0151 (24 h)<\/td>\n<\/tr>\n<tr>\n<td width=\"81\"><\/td>\n<td>rovar- \u00e9s lev\u00e9lcsapda<\/td>\n<\/tr>\n<tr>\n<td width=\"81\"><\/td>\n<td>digit\u00e1lis kezel\u0151panel h\u00e1tt\u00e9rvil\u00e1g\u00edt\u00e1ssal (BALBOA)<\/td>\n<\/tr>\n<tr>\n<td><\/td>\n<td>r\u00e1di\u00f3, 2 hangsz\u00f3r\u00f3,\u00a0Bluetooth<\/td>\n<\/tr>\n<tr>\n<td><\/td>\n<td>3 fejp\u00e1rna<\/td>\n<\/tr>\n<tr>\n<td><\/td>\n<td>19 LED vil\u00e1g\u00edt\u00e1s \u00e9s sarok vil\u00e1g\u00edt\u00e1s<\/td>\n<\/tr>\n<tr>\n<td><\/td>\n<td><\/td>\n<\/tr>\n<tr>\n<td><\/td>\n<td><\/td>\n<\/tr>\n<\/tbody>\n<\/table>\n<p>&nbsp;<\/p>\n<table width=\"599\">\n<tbody>\n<tr>\n<td width=\"81\"><strong>Tartoz\u00e9k<\/strong>:<\/td>\n<td width=\"518\">h\u0151szigetel\u0151 medencefed\u00e9s<\/td>\n<\/tr>\n<tr>\n<td><\/td>\n<td>l\u00e9pcs\u0151<\/td>\n<\/tr>\n<\/tbody>\n<\/table>\n<\/div>\n<\/div>\n","protected":false},"excerpt":{"rendered":"<p>Szeretne kikapcsol\u00f3dni \u00e9s laz\u00edtani? Nem jelenthet akad\u00e1lyt a Sanotechnik HAWAII k\u00fclt\u00e9ri pezsg\u0151f\u00fcrd\u0151j\u00e9vel. A 91 massz\u00e1zsf\u00fav\u00f3ka garant\u00e1lja az ide\u00e1lis k\u00f6z\u00e9rzetet. A pezsg\u0151f\u00fcrd\u0151 3 \u00fcl\u0151helyet \u00e9s 2 nyug\u00e1gyat k\u00edn\u00e1l, a k\u00fclt\u00e9ri pezsg\u0151f\u00fcrd\u0151 pedig LED-vil\u00e1g\u00edt\u00e1ssal, hangrendszerrel \u00e9s digit\u00e1lis kezel\u0151egys\u00e9ggel is rendelkezik. &nbsp; M\u00e9ret:\u00a0220 \u00d7 220 \u00d7 95 cm S\u00faly:\u00a0396 kg M\u0171szaki adatok: M\u00e9ret: 220 x 220 x 95 [&hellip;]<\/p>\n","protected":false},"featured_media":6226,"comment_status":"open","ping_status":"closed","template":"","meta":[],"product_brand":[],"product_cat":[86],"product_tag":[],"class_list":{"0":"post-5760","1":"product","2":"type-product","3":"status-publish","4":"has-post-thumbnail","6":"product_cat-sanotechnik-spa","8":"first","9":"instock","10":"taxable","11":"shipping-taxable","12":"purchasable","13":"product-type-simple"},"jetpack_sharing_enabled":true,"_links":{"self":[{"href":"https:\/\/csonakjavitas.hu\/index.php\/wp-json\/wp\/v2\/product\/5760","targetHints":{"allow":["GET"]}}],"collection":[{"href":"https:\/\/csonakjavitas.hu\/index.php\/wp-json\/wp\/v2\/product"}],"about":[{"href":"https:\/\/csonakjavitas.hu\/index.php\/wp-json\/wp\/v2\/types\/product"}],"replies":[{"embeddable":true,"href":"https:\/\/csonakjavitas.hu\/index.php\/wp-json\/wp\/v2\/comments?post=5760"}],"wp:featuredmedia":[{"embeddable":true,"href":"https:\/\/csonakjavitas.hu\/index.php\/wp-json\/wp\/v2\/media\/6226"}],"wp:attachment":[{"href":"https:\/\/csonakjavitas.hu\/index.php\/wp-json\/wp\/v2\/media?parent=5760"}],"wp:term":[{"taxonomy":"product_brand","embeddable":true,"href":"https:\/\/csonakjavitas.hu\/index.php\/wp-json\/wp\/v2\/product_brand?post=5760"},{"taxonomy":"product_cat","embeddable":true,"href":"https:\/\/csonakjavitas.hu\/index.php\/wp-json\/wp\/v2\/product_cat?post=5760"},{"taxonomy":"product_tag","embeddable":true,"href":"https:\/\/csonakjavitas.hu\/index.php\/wp-json\/wp\/v2\/product_tag?post=5760"}],"curies":[{"name":"wp","href":"https:\/\/api.w.org\/{rel}","templated":true}]}}