{"id":5762,"date":"2026-02-23T15:56:35","date_gmt":"2026-02-23T15:56:35","guid":{"rendered":"https:\/\/wp.csonakjavitas.hu\/index.php\/termek\/menorca\/"},"modified":"2026-03-18T10:59:56","modified_gmt":"2026-03-18T10:59:56","slug":"menorca","status":"publish","type":"product","link":"https:\/\/csonakjavitas.hu\/index.php\/termek\/menorca\/","title":{"rendered":"MENORCA SWIM SPA k\u00fclt\u00e9ri massz\u00e1zsmedence, gy\u00f6ngyh\u00e1zfeh\u00e9r"},"content":{"rendered":"<div id=\"product-38220\" class=\"post-38220 product type-product status-publish has-post-thumbnail product_cat-kulteri-medence product_cat-jakuzzik first instock taxable shipping-taxable purchasable product-type-simple\">\n<div id=\"product_details\" class=\"col\">\n<div class=\"summary entry-summary\">\n<form class=\"cart\" action=\"https:\/\/sanotechnikwebshop.hu\/termek\/menorca-swim-spa-kulteri-masszazsmedence-gyongyhazfeher\/\" enctype=\"multipart\/form-data\" method=\"post\">\n<div class=\"dimensions\">\n<ul>\n<li><b>S\u00faly:\u00a0<\/b>1057.9 kg<\/li>\n<\/ul>\n<\/div>\n<div class=\"attributes\"><\/div>\n<\/form>\n<div class=\"woocommerce-product-details__short-description\">\n<table width=\"500\">\n<tbody>\n<tr>\n<td colspan=\"2\" width=\"500\"><strong>M\u0171szaki adatok<\/strong>:<\/td>\n<\/tr>\n<tr>\n<td width=\"302\">Teljes\u00edtm\u00e9ny<\/td>\n<td width=\"198\">220V vagy 380V\u00a0\/\u00a010,76 kW<\/td>\n<\/tr>\n<tr>\n<td width=\"302\">Keringet\u0151 szivatty\u00fa<\/td>\n<td width=\"198\">0,18 kW<\/td>\n<\/tr>\n<tr>\n<td width=\"302\">\u00d3zonos fert\u0151tlen\u00edt\u00e9s<\/td>\n<td width=\"198\">12 V \/ 5 kW<\/td>\n<\/tr>\n<tr>\n<td width=\"302\">M\u00e9ret<\/td>\n<td width=\"198\">450x228x131 cm<\/td>\n<\/tr>\n<tr>\n<td width=\"302\">V\u00edzkapacit\u00e1s<\/td>\n<td width=\"198\">4780 liter<\/td>\n<\/tr>\n<tr>\n<td rowspan=\"2\" width=\"302\">S\u00faly<\/td>\n<td width=\"198\">\u00fcresen: 1039 kg<\/td>\n<\/tr>\n<tr>\n<td width=\"198\">felt\u00f6lt\u00e9s ut\u00e1n: 5799 kg<\/td>\n<\/tr>\n<tr>\n<td width=\"302\">Hidraulikus szivatty\u00fak teljes\u00edtm\u00e9nye<\/td>\n<td width=\"198\">3\u00d73 kW<\/td>\n<\/tr>\n<tr>\n<td width=\"302\">Vez\u00e9rl\u0151 rendszer<\/td>\n<td width=\"198\">Gecko<\/td>\n<\/tr>\n<tr>\n<td width=\"302\">\u00d6sszes v\u00edzsug\u00e1r f\u00fav\u00f3ka<\/td>\n<td width=\"198\">63<\/td>\n<\/tr>\n<tr>\n<td width=\"302\">Ellen\u00e1ramoltat\u00f3<\/td>\n<td width=\"198\">4<\/td>\n<\/tr>\n<tr>\n<td width=\"302\">V\u00edzterel\u0151<\/td>\n<td width=\"198\">2<\/td>\n<\/tr>\n<tr>\n<td width=\"302\">L\u00e9gbef\u00fav\u00f3<\/td>\n<td width=\"198\">7<\/td>\n<\/tr>\n<tr>\n<td width=\"302\">Vil\u00e1g\u00edt\u00e1s<\/td>\n<td width=\"198\">V\u00edzalatti f\u00e9ny 2x<\/td>\n<\/tr>\n<\/tbody>\n<\/table>\n<\/div>\n<\/div>\n<\/div>\n<\/div>\n<div class=\"product_info\">\n<div class=\"content\">\n<p>Gy\u00f6ngyh\u00e1zfeh\u00e9r sz\u00edn\u0171 akril medencetest, sz\u00fcrke t\u00f6lgy k\u00fcls\u0151 bor\u00edt\u00e1s \u00e9s sz\u00fcrke fed\u0151takar\u00f3.<\/p>\n<table width=\"395\">\n<tbody>\n<tr>\n<td width=\"81\"><strong>Jellemz\u0151k<\/strong>:<\/td>\n<td width=\"314\">Alum\u00ednium szekr\u00e9ny<\/td>\n<\/tr>\n<tr>\n<td width=\"81\"><\/td>\n<td>Alum\u00ednium v\u00e1z<\/td>\n<\/tr>\n<tr>\n<td width=\"81\"><\/td>\n<td>Szem\u00f6ld\u00f6k st\u00edlus\u00fa v\u00edzsug\u00e1r \u00e9s terel\u0151<\/td>\n<\/tr>\n<tr>\n<td width=\"81\"><\/td>\n<td>V\u00edz alatti f\u00e9ny<\/td>\n<\/tr>\n<tr>\n<td width=\"81\"><\/td>\n<td>\u00d3zonos fert\u0151tlen\u00edt\u00e9s<\/td>\n<\/tr>\n<tr>\n<td width=\"81\"><\/td>\n<td>CFC habszigetel\u00e9s<\/td>\n<\/tr>\n<tr>\n<td width=\"81\"><\/td>\n<td>Keretszigetel\u00e9s<\/td>\n<\/tr>\n<tr>\n<td width=\"81\"><\/td>\n<td>V\u00edzes\u00e9s rendszer<\/td>\n<\/tr>\n<tr>\n<td width=\"81\"><\/td>\n<td>Bluetooth audiorendszer<\/td>\n<\/tr>\n<tr>\n<td width=\"81\"><\/td>\n<td>Gecko WIFI vez\u00e9rl\u0151rendszer<\/td>\n<\/tr>\n<\/tbody>\n<\/table>\n<p>&nbsp;<\/p>\n<table width=\"395\">\n<tbody>\n<tr>\n<td width=\"81\"><strong>Tartoz\u00e9k<\/strong>:<\/td>\n<td width=\"314\">h\u0151szigetel\u0151 medencefed\u00e9s<\/td>\n<\/tr>\n<tr>\n<td><\/td>\n<td>l\u00e9pcs\u0151<\/td>\n<\/tr>\n<\/tbody>\n<\/table>\n<p>&nbsp;<\/p>\n<p><strong>Fontos tudni<\/strong>: az \u00fasz\u00f3medence telep\u00edt\u00e9sekor figyelembe kell venni a term\u00e9k \u00e9s a bet\u00f6lt\u00f6tt v\u00edz egy\u00fcttes t\u00f6meg\u00e9t. Csak olyan el\u0151k\u00e9sz\u00edtett helyre szabad telep\u00edteni, ami a kb. 6 tonna \u00f6sszt\u00f6meget elb\u00edrja!<\/p>\n<\/div>\n<\/div>\n","protected":false},"excerpt":{"rendered":"<p>S\u00faly:\u00a01057.9 kg M\u0171szaki adatok: Teljes\u00edtm\u00e9ny 220V vagy 380V\u00a0\/\u00a010,76 kW Keringet\u0151 szivatty\u00fa 0,18 kW \u00d3zonos fert\u0151tlen\u00edt\u00e9s 12 V \/ 5 kW M\u00e9ret 450x228x131 cm V\u00edzkapacit\u00e1s 4780 liter S\u00faly \u00fcresen: 1039 kg felt\u00f6lt\u00e9s ut\u00e1n: 5799 kg Hidraulikus szivatty\u00fak teljes\u00edtm\u00e9nye 3\u00d73 kW Vez\u00e9rl\u0151 rendszer Gecko \u00d6sszes v\u00edzsug\u00e1r f\u00fav\u00f3ka 63 Ellen\u00e1ramoltat\u00f3 4 V\u00edzterel\u0151 2 L\u00e9gbef\u00fav\u00f3 7 Vil\u00e1g\u00edt\u00e1s V\u00edzalatti f\u00e9ny [&hellip;]<\/p>\n","protected":false},"featured_media":6231,"comment_status":"open","ping_status":"closed","template":"","meta":[],"product_brand":[],"product_cat":[86],"product_tag":[],"class_list":{"0":"post-5762","1":"product","2":"type-product","3":"status-publish","4":"has-post-thumbnail","6":"product_cat-sanotechnik-spa","8":"first","9":"instock","10":"taxable","11":"shipping-taxable","12":"purchasable","13":"product-type-simple"},"jetpack_sharing_enabled":true,"_links":{"self":[{"href":"https:\/\/csonakjavitas.hu\/index.php\/wp-json\/wp\/v2\/product\/5762","targetHints":{"allow":["GET"]}}],"collection":[{"href":"https:\/\/csonakjavitas.hu\/index.php\/wp-json\/wp\/v2\/product"}],"about":[{"href":"https:\/\/csonakjavitas.hu\/index.php\/wp-json\/wp\/v2\/types\/product"}],"replies":[{"embeddable":true,"href":"https:\/\/csonakjavitas.hu\/index.php\/wp-json\/wp\/v2\/comments?post=5762"}],"wp:featuredmedia":[{"embeddable":true,"href":"https:\/\/csonakjavitas.hu\/index.php\/wp-json\/wp\/v2\/media\/6231"}],"wp:attachment":[{"href":"https:\/\/csonakjavitas.hu\/index.php\/wp-json\/wp\/v2\/media?parent=5762"}],"wp:term":[{"taxonomy":"product_brand","embeddable":true,"href":"https:\/\/csonakjavitas.hu\/index.php\/wp-json\/wp\/v2\/product_brand?post=5762"},{"taxonomy":"product_cat","embeddable":true,"href":"https:\/\/csonakjavitas.hu\/index.php\/wp-json\/wp\/v2\/product_cat?post=5762"},{"taxonomy":"product_tag","embeddable":true,"href":"https:\/\/csonakjavitas.hu\/index.php\/wp-json\/wp\/v2\/product_tag?post=5762"}],"curies":[{"name":"wp","href":"https:\/\/api.w.org\/{rel}","templated":true}]}}