{"id":5764,"date":"2026-02-23T15:56:36","date_gmt":"2026-02-23T15:56:36","guid":{"rendered":"https:\/\/wp.csonakjavitas.hu\/?post_type=product&#038;p=5764"},"modified":"2026-03-01T16:38:24","modified_gmt":"2026-03-01T16:38:24","slug":"supreme-infraszauna-ketszemelyes","status":"publish","type":"product","link":"https:\/\/csonakjavitas.hu\/index.php\/termek\/supreme-infraszauna-ketszemelyes\/","title":{"rendered":"SUPREME infraszauna, k\u00e9tszem\u00e9lyes"},"content":{"rendered":"<div id=\"product-50946\" class=\"post-50946 product type-product status-publish has-post-thumbnail product_cat-ujdonsagok product_cat-szauna product_cat-infrakabinok-szenszalas-lapsugarzoval product_cat-infrakabinok_teljes_spektrumu_sugarzoval first instock taxable shipping-taxable purchasable product-type-simple\">\n<div id=\"product_details\" class=\"col\">\n<div class=\"summary entry-summary\">\n<form class=\"cart\" action=\"https:\/\/sanotechnikwebshop.hu\/termek\/supreme-infraszauna-ketszemelyes\/\" enctype=\"multipart\/form-data\" method=\"post\">\n<div class=\"dimensions\">\n<ul>\n<li><b>S\u00faly:\u00a0<\/b>169 kg<\/li>\n<\/ul>\n<\/div>\n<div class=\"attributes\"><\/div>\n<\/form>\n<div class=\"woocommerce-product-details__short-description\">\n<table width=\"453\">\n<tbody>\n<tr>\n<td colspan=\"2\" width=\"453\"><strong>M\u0171szaki adatok<\/strong><\/td>\n<\/tr>\n<tr>\n<td>M\u00e9ret:<\/td>\n<td>120 x 120 x 190 cm<\/td>\n<\/tr>\n<tr>\n<td>Bels\u0151 m\u00e9ret:<\/td>\n<td>110 x 110 x 178 cm<\/td>\n<\/tr>\n<tr>\n<td>\u00dcl\u0151fel\u00fclet:<\/td>\n<td width=\"295\">110\u00d745 cm \u00e9s 65\u00d745 cm<\/td>\n<\/tr>\n<tr>\n<td>Fesz\u00fclts\u00e9g:<\/td>\n<td>220-240 V<\/td>\n<\/tr>\n<tr>\n<td>Teljes\u00edtm\u00e9ny:<\/td>\n<td>2.040 Watt<\/td>\n<\/tr>\n<\/tbody>\n<\/table>\n<p>&nbsp;<\/p>\n<\/div>\n<\/div>\n<\/div>\n<\/div>\n<div class=\"product_info\">\n<div class=\"content\">\n<table width=\"570\">\n<tbody>\n<tr>\n<td><strong>Jellemz\u0151k<\/strong>:<\/td>\n<td>2 szem\u00e9lyes<\/td>\n<\/tr>\n<tr>\n<td><\/td>\n<td>6 teljes spektrum\u00fa sug\u00e1rz\u00f3<\/td>\n<\/tr>\n<tr>\n<td><\/td>\n<td>3 sz\u00e9nsz\u00e1las lapsug\u00e1rz\u00f3<\/td>\n<\/tr>\n<tr>\n<td><\/td>\n<td>sz\u00ednter\u00e1pi\u00e1s LED-vil\u00e1g\u00edt\u00e1s<\/td>\n<\/tr>\n<tr>\n<td><\/td>\n<td>olvas\u00f3l\u00e1mpa<\/td>\n<\/tr>\n<tr>\n<td><\/td>\n<td>8 mm-es biztons\u00e1gi \u00fcveg<\/td>\n<\/tr>\n<tr>\n<td><\/td>\n<td>digit\u00e1lis kezel\u0151panel<\/td>\n<\/tr>\n<tr>\n<td><\/td>\n<td>MP3-lej\u00e1tsz\u00f3, Bluetooth funkci\u00f3, AUX, USB A, SD-k\u00e1rtya<\/td>\n<\/tr>\n<tr>\n<td><\/td>\n<td>2 hangsz\u00f3r\u00f3<\/td>\n<\/tr>\n<tr>\n<td><\/td>\n<td>anyaga: Hemlock feny\u0151<\/td>\n<\/tr>\n<\/tbody>\n<\/table>\n<\/div>\n<\/div>\n","protected":false},"excerpt":{"rendered":"<p>S\u00faly:\u00a0169 kg M\u0171szaki adatok M\u00e9ret: 120 x 120 x 190 cm Bels\u0151 m\u00e9ret: 110 x 110 x 178 cm \u00dcl\u0151fel\u00fclet: 110\u00d745 cm \u00e9s 65\u00d745 cm Fesz\u00fclts\u00e9g: 220-240 V Teljes\u00edtm\u00e9ny: 2.040 Watt &nbsp; Jellemz\u0151k: 2 szem\u00e9lyes 6 teljes spektrum\u00fa sug\u00e1rz\u00f3 3 sz\u00e9nsz\u00e1las lapsug\u00e1rz\u00f3 sz\u00ednter\u00e1pi\u00e1s LED-vil\u00e1g\u00edt\u00e1s olvas\u00f3l\u00e1mpa 8 mm-es biztons\u00e1gi \u00fcveg digit\u00e1lis kezel\u0151panel MP3-lej\u00e1tsz\u00f3, Bluetooth funkci\u00f3, AUX, [&hellip;]<\/p>\n","protected":false},"featured_media":5986,"comment_status":"open","ping_status":"closed","template":"","meta":[],"product_brand":[],"product_cat":[87],"product_tag":[],"class_list":{"0":"post-5764","1":"product","2":"type-product","3":"status-publish","4":"has-post-thumbnail","6":"product_cat-sanotechnik-szauna","8":"first","9":"instock","10":"taxable","11":"shipping-taxable","12":"purchasable","13":"product-type-simple"},"jetpack_sharing_enabled":true,"_links":{"self":[{"href":"https:\/\/csonakjavitas.hu\/index.php\/wp-json\/wp\/v2\/product\/5764","targetHints":{"allow":["GET"]}}],"collection":[{"href":"https:\/\/csonakjavitas.hu\/index.php\/wp-json\/wp\/v2\/product"}],"about":[{"href":"https:\/\/csonakjavitas.hu\/index.php\/wp-json\/wp\/v2\/types\/product"}],"replies":[{"embeddable":true,"href":"https:\/\/csonakjavitas.hu\/index.php\/wp-json\/wp\/v2\/comments?post=5764"}],"wp:featuredmedia":[{"embeddable":true,"href":"https:\/\/csonakjavitas.hu\/index.php\/wp-json\/wp\/v2\/media\/5986"}],"wp:attachment":[{"href":"https:\/\/csonakjavitas.hu\/index.php\/wp-json\/wp\/v2\/media?parent=5764"}],"wp:term":[{"taxonomy":"product_brand","embeddable":true,"href":"https:\/\/csonakjavitas.hu\/index.php\/wp-json\/wp\/v2\/product_brand?post=5764"},{"taxonomy":"product_cat","embeddable":true,"href":"https:\/\/csonakjavitas.hu\/index.php\/wp-json\/wp\/v2\/product_cat?post=5764"},{"taxonomy":"product_tag","embeddable":true,"href":"https:\/\/csonakjavitas.hu\/index.php\/wp-json\/wp\/v2\/product_tag?post=5764"}],"curies":[{"name":"wp","href":"https:\/\/api.w.org\/{rel}","templated":true}]}}