{"id":5772,"date":"2026-02-23T15:56:37","date_gmt":"2026-02-23T15:56:37","guid":{"rendered":"https:\/\/wp.csonakjavitas.hu\/?post_type=product&#038;p=5772"},"modified":"2026-02-27T13:11:40","modified_gmt":"2026-02-27T13:11:40","slug":"malmo-2-ketszemelyes-infraszauna","status":"publish","type":"product","link":"https:\/\/csonakjavitas.hu\/index.php\/termek\/malmo-2-ketszemelyes-infraszauna\/","title":{"rendered":"MALM\u00d6 2 &#8211; k\u00e9tszem\u00e9lyes infraszauna"},"content":{"rendered":"<div id=\"product-41832\" class=\"post-41832 product type-product status-publish has-post-thumbnail product_cat-szauna product_cat-infrakabinok-szenszalas-lapsugarzoval product_cat-infrakabinok_teljes_spektrumu_sugarzoval first outofstock downloadable taxable shipping-taxable purchasable product-type-simple\">\n<div id=\"product_details\" class=\"col\">\n<div class=\"summary entry-summary\">\n<form class=\"cart\" action=\"https:\/\/sanotechnikwebshop.hu\/termek\/malmo-2-ketszemelyes-infraszauna\/\" enctype=\"multipart\/form-data\" method=\"post\">\n<div class=\"dimensions\">\n<ul>\n<li><b>S\u00faly:\u00a0<\/b>130 kg<\/li>\n<\/ul>\n<\/div>\n<div class=\"attributes\"><\/div>\n<\/form>\n<div class=\"woocommerce-product-details__short-description\">\n<table width=\"453\">\n<tbody>\n<tr>\n<td colspan=\"2\" width=\"453\"><strong>M\u0171szaki adatok<\/strong><\/td>\n<\/tr>\n<tr>\n<td>K\u00fcls\u0151 m\u00e9ret:<\/td>\n<td>120 x 105 x 190 cm<\/td>\n<\/tr>\n<tr>\n<td>Bels\u0151 m\u00e9ret:<\/td>\n<td>110 x 95 x 178 cm<\/td>\n<\/tr>\n<tr>\n<td>Ajt\u00f3ny\u00edl\u00e1s:<\/td>\n<td>58 cm<\/td>\n<\/tr>\n<tr>\n<td>Fesz\u00fclts\u00e9g:<\/td>\n<td>220-240 V \/ 50Hz<\/td>\n<\/tr>\n<tr>\n<td>Teljes\u00edtm\u00e9ny:<\/td>\n<td>1.930 Watt<\/td>\n<\/tr>\n<\/tbody>\n<\/table>\n<p>&nbsp;<\/p>\n<\/div>\n<\/div>\n<\/div>\n<\/div>\n<div class=\"product_info\">\n<div class=\"content\">\n<table width=\"570\">\n<tbody>\n<tr>\n<td width=\"104\"><strong>Jellemz\u0151k<\/strong>:<\/td>\n<td width=\"466\"><\/td>\n<\/tr>\n<tr>\n<td><\/td>\n<td width=\"466\">2 szem\u00e9lyes<\/td>\n<\/tr>\n<tr>\n<td><\/td>\n<td width=\"466\">digit\u00e1lis kezel\u0151panel<\/td>\n<\/tr>\n<tr>\n<td><\/td>\n<td width=\"466\">bels\u0151 vil\u00e1g\u00edt\u00e1s<\/td>\n<\/tr>\n<tr>\n<td><\/td>\n<td width=\"466\">sz\u00ednter\u00e1pi\u00e1s mennyezeti LED vil\u00e1g\u00edt\u00e1s<\/td>\n<\/tr>\n<tr>\n<td><\/td>\n<td width=\"466\">FM r\u00e1di\u00f3<\/td>\n<\/tr>\n<tr>\n<td><\/td>\n<td width=\"466\">USB-csatlakoz\u00f3<\/td>\n<\/tr>\n<tr>\n<td><\/td>\n<td width=\"466\">MP3-lej\u00e1tsz\u00f3<\/td>\n<\/tr>\n<tr>\n<td><\/td>\n<td width=\"466\">Bluetooth funkci\u00f3<\/td>\n<\/tr>\n<tr>\n<td><\/td>\n<td width=\"466\">2 hangsz\u00f3r\u00f3<\/td>\n<\/tr>\n<tr>\n<td><\/td>\n<td width=\"466\">6 teljes spektrum\u00fa sug\u00e1rz\u00f3<\/td>\n<\/tr>\n<tr>\n<td><\/td>\n<td width=\"466\">1 sz\u00e9nsz\u00e1las sug\u00e1rz\u00f3<\/td>\n<\/tr>\n<tr>\n<td><\/td>\n<td width=\"466\">z\u00e1rhat\u00f3 szell\u0151z\u0151ny\u00edl\u00e1s<\/td>\n<\/tr>\n<tr>\n<td><\/td>\n<td width=\"466\">anyaga: Hemlock feny\u0151<\/td>\n<\/tr>\n<tr>\n<td><\/td>\n<td width=\"466\">8 mm-es biztons\u00e1gi \u00fcveg<\/td>\n<\/tr>\n<\/tbody>\n<\/table>\n<\/div>\n<\/div>\n","protected":false},"excerpt":{"rendered":"<p>S\u00faly:\u00a0130 kg M\u0171szaki adatok K\u00fcls\u0151 m\u00e9ret: 120 x 105 x 190 cm Bels\u0151 m\u00e9ret: 110 x 95 x 178 cm Ajt\u00f3ny\u00edl\u00e1s: 58 cm Fesz\u00fclts\u00e9g: 220-240 V \/ 50Hz Teljes\u00edtm\u00e9ny: 1.930 Watt &nbsp; Jellemz\u0151k: 2 szem\u00e9lyes digit\u00e1lis kezel\u0151panel bels\u0151 vil\u00e1g\u00edt\u00e1s sz\u00ednter\u00e1pi\u00e1s mennyezeti LED vil\u00e1g\u00edt\u00e1s FM r\u00e1di\u00f3 USB-csatlakoz\u00f3 MP3-lej\u00e1tsz\u00f3 Bluetooth funkci\u00f3 2 hangsz\u00f3r\u00f3 6 teljes spektrum\u00fa sug\u00e1rz\u00f3 [&hellip;]<\/p>\n","protected":false},"featured_media":5951,"comment_status":"open","ping_status":"closed","template":"","meta":[],"product_brand":[],"product_cat":[87],"product_tag":[],"class_list":{"0":"post-5772","1":"product","2":"type-product","3":"status-publish","4":"has-post-thumbnail","6":"product_cat-sanotechnik-szauna","8":"first","9":"instock","10":"taxable","11":"shipping-taxable","12":"purchasable","13":"product-type-simple"},"jetpack_sharing_enabled":true,"_links":{"self":[{"href":"https:\/\/csonakjavitas.hu\/index.php\/wp-json\/wp\/v2\/product\/5772","targetHints":{"allow":["GET"]}}],"collection":[{"href":"https:\/\/csonakjavitas.hu\/index.php\/wp-json\/wp\/v2\/product"}],"about":[{"href":"https:\/\/csonakjavitas.hu\/index.php\/wp-json\/wp\/v2\/types\/product"}],"replies":[{"embeddable":true,"href":"https:\/\/csonakjavitas.hu\/index.php\/wp-json\/wp\/v2\/comments?post=5772"}],"wp:featuredmedia":[{"embeddable":true,"href":"https:\/\/csonakjavitas.hu\/index.php\/wp-json\/wp\/v2\/media\/5951"}],"wp:attachment":[{"href":"https:\/\/csonakjavitas.hu\/index.php\/wp-json\/wp\/v2\/media?parent=5772"}],"wp:term":[{"taxonomy":"product_brand","embeddable":true,"href":"https:\/\/csonakjavitas.hu\/index.php\/wp-json\/wp\/v2\/product_brand?post=5772"},{"taxonomy":"product_cat","embeddable":true,"href":"https:\/\/csonakjavitas.hu\/index.php\/wp-json\/wp\/v2\/product_cat?post=5772"},{"taxonomy":"product_tag","embeddable":true,"href":"https:\/\/csonakjavitas.hu\/index.php\/wp-json\/wp\/v2\/product_tag?post=5772"}],"curies":[{"name":"wp","href":"https:\/\/api.w.org\/{rel}","templated":true}]}}