{"id":5780,"date":"2026-02-23T15:56:37","date_gmt":"2026-02-23T15:56:37","guid":{"rendered":"https:\/\/wp.csonakjavitas.hu\/?post_type=product&#038;p=5780"},"modified":"2026-02-26T13:03:51","modified_gmt":"2026-02-26T13:03:51","slug":"twincombi-infra-es-finn-szauna-kombinacio-ketszemelyes","status":"publish","type":"product","link":"https:\/\/csonakjavitas.hu\/index.php\/termek\/twincombi-infra-es-finn-szauna-kombinacio-ketszemelyes\/","title":{"rendered":"TWINCOMBI infra- \u00e9s finn szauna kombin\u00e1ci\u00f3, k\u00e9tszem\u00e9lyes"},"content":{"rendered":"<div id=\"product-47167\" class=\"post-47167 product type-product status-publish has-post-thumbnail product_cat-szauna product_cat-infrakabin-kombinaciok product_cat-infrakabinok_teljes_spektrumu_sugarzoval first instock downloadable taxable shipping-taxable purchasable product-type-simple\">\n<div id=\"product_details\" class=\"col\">\n<div class=\"summary entry-summary\">\n<form class=\"cart\" action=\"https:\/\/sanotechnikwebshop.hu\/termek\/twincombi-infra-es-finn-szauna-kombinacio-ketszemelyes\/\" enctype=\"multipart\/form-data\" method=\"post\">\n<div class=\"dimensions\">\n<ul>\n<li><b>S\u00faly:\u00a0<\/b>200 kg<\/li>\n<\/ul>\n<\/div>\n<div class=\"attributes\"><\/div>\n<\/form>\n<div class=\"woocommerce-product-details__short-description\">\n<table width=\"453\">\n<tbody>\n<tr>\n<td colspan=\"2\" width=\"453\"><strong>M\u0171szaki adatok<\/strong><\/td>\n<\/tr>\n<tr>\n<td>K\u00fcls\u0151 m\u00e9ret:<\/td>\n<td>130 x 120 x 200 cm<\/td>\n<\/tr>\n<tr>\n<td>Bels\u0151 m\u00e9ret:<\/td>\n<td>120 x 110 x 186 cm<\/td>\n<\/tr>\n<tr>\n<td>Ajt\u00f3ny\u00edl\u00e1s:<\/td>\n<td width=\"295\">58 cm<\/td>\n<\/tr>\n<tr>\n<td>Falvastags\u00e1g:<\/td>\n<td>\u00a04,4 cm<\/td>\n<\/tr>\n<tr>\n<td>Infra sug\u00e1rz\u00f3k::<\/td>\n<td>230 V \/ 1.050 W<\/td>\n<\/tr>\n<tr>\n<td>Szaunak\u00e1lyha:<\/td>\n<td>380 V \/ 3.500 W<\/td>\n<\/tr>\n<\/tbody>\n<\/table>\n<p>&nbsp;<\/p>\n<\/div>\n<\/div>\n<\/div>\n<\/div>\n<div class=\"product_info\">\n<div class=\"content\">\n<table width=\"523\">\n<tbody>\n<tr>\n<td width=\"98\"><strong>Jellemz\u0151k<\/strong>:<\/td>\n<td width=\"425\">2 szem\u00e9lyes<\/td>\n<\/tr>\n<tr>\n<td><\/td>\n<td>digit\u00e1lis kezel\u0151panel<\/td>\n<\/tr>\n<tr>\n<td><\/td>\n<td>bels\u0151 vil\u00e1g\u00edt\u00e1s<\/td>\n<\/tr>\n<tr>\n<td><\/td>\n<td>sz\u00ednter\u00e1pi\u00e1s LED-vil\u00e1g\u00edt\u00e1s<\/td>\n<\/tr>\n<tr>\n<td><\/td>\n<td>R\u00e1di\u00f3, USB, Bluetooth funkci\u00f3, 2 hangsz\u00f3r\u00f3<\/td>\n<\/tr>\n<tr>\n<td><\/td>\n<td>3 teljes spektrum\u00fa sug\u00e1rz\u00f3 (3x 350W)<\/td>\n<\/tr>\n<tr>\n<td><\/td>\n<td>szaunak\u00e1lyha (Harvia 3,5 KW)<\/td>\n<\/tr>\n<tr>\n<td><\/td>\n<td>szaunak\u0151<\/td>\n<\/tr>\n<tr>\n<td><\/td>\n<td>szauna d\u00e9zsa \u00e9s fel\u00f6nt\u0151 kan\u00e1l<\/td>\n<\/tr>\n<tr>\n<td><\/td>\n<td>h\u0151- \u00e9s p\u00e1ram\u00e9r\u0151<\/td>\n<\/tr>\n<tr>\n<td><\/td>\n<td>homok\u00f3ra<\/td>\n<\/tr>\n<tr>\n<td><\/td>\n<td>z\u00e1rhat\u00f3 szell\u0151z\u0151ny\u00edl\u00e1s<\/td>\n<\/tr>\n<tr>\n<td><\/td>\n<td>anyaga: Hemlock feny\u0151<\/td>\n<\/tr>\n<tr>\n<td><\/td>\n<td>6, illetve 8 mm-es biztons\u00e1gi \u00fcveg<\/td>\n<\/tr>\n<\/tbody>\n<\/table>\n<\/div>\n<\/div>\n","protected":false},"excerpt":{"rendered":"<p>S\u00faly:\u00a0200 kg M\u0171szaki adatok K\u00fcls\u0151 m\u00e9ret: 130 x 120 x 200 cm Bels\u0151 m\u00e9ret: 120 x 110 x 186 cm Ajt\u00f3ny\u00edl\u00e1s: 58 cm Falvastags\u00e1g: \u00a04,4 cm Infra sug\u00e1rz\u00f3k:: 230 V \/ 1.050 W Szaunak\u00e1lyha: 380 V \/ 3.500 W &nbsp; Jellemz\u0151k: 2 szem\u00e9lyes digit\u00e1lis kezel\u0151panel bels\u0151 vil\u00e1g\u00edt\u00e1s sz\u00ednter\u00e1pi\u00e1s LED-vil\u00e1g\u00edt\u00e1s R\u00e1di\u00f3, USB, Bluetooth funkci\u00f3, 2 hangsz\u00f3r\u00f3 [&hellip;]<\/p>\n","protected":false},"featured_media":5917,"comment_status":"open","ping_status":"closed","template":"","meta":[],"product_brand":[],"product_cat":[87],"product_tag":[],"class_list":{"0":"post-5780","1":"product","2":"type-product","3":"status-publish","4":"has-post-thumbnail","6":"product_cat-sanotechnik-szauna","8":"first","9":"instock","10":"taxable","11":"shipping-taxable","12":"purchasable","13":"product-type-simple"},"jetpack_sharing_enabled":true,"_links":{"self":[{"href":"https:\/\/csonakjavitas.hu\/index.php\/wp-json\/wp\/v2\/product\/5780","targetHints":{"allow":["GET"]}}],"collection":[{"href":"https:\/\/csonakjavitas.hu\/index.php\/wp-json\/wp\/v2\/product"}],"about":[{"href":"https:\/\/csonakjavitas.hu\/index.php\/wp-json\/wp\/v2\/types\/product"}],"replies":[{"embeddable":true,"href":"https:\/\/csonakjavitas.hu\/index.php\/wp-json\/wp\/v2\/comments?post=5780"}],"wp:featuredmedia":[{"embeddable":true,"href":"https:\/\/csonakjavitas.hu\/index.php\/wp-json\/wp\/v2\/media\/5917"}],"wp:attachment":[{"href":"https:\/\/csonakjavitas.hu\/index.php\/wp-json\/wp\/v2\/media?parent=5780"}],"wp:term":[{"taxonomy":"product_brand","embeddable":true,"href":"https:\/\/csonakjavitas.hu\/index.php\/wp-json\/wp\/v2\/product_brand?post=5780"},{"taxonomy":"product_cat","embeddable":true,"href":"https:\/\/csonakjavitas.hu\/index.php\/wp-json\/wp\/v2\/product_cat?post=5780"},{"taxonomy":"product_tag","embeddable":true,"href":"https:\/\/csonakjavitas.hu\/index.php\/wp-json\/wp\/v2\/product_tag?post=5780"}],"curies":[{"name":"wp","href":"https:\/\/api.w.org\/{rel}","templated":true}]}}