{"id":5783,"date":"2026-02-23T15:56:37","date_gmt":"2026-02-23T15:56:37","guid":{"rendered":"https:\/\/wp.csonakjavitas.hu\/?post_type=product&#038;p=5783"},"modified":"2026-02-27T13:27:04","modified_gmt":"2026-02-27T13:27:04","slug":"hordozhato-infraszauna","status":"publish","type":"product","link":"https:\/\/csonakjavitas.hu\/index.php\/termek\/hordozhato-infraszauna\/","title":{"rendered":"Hordozhat\u00f3 infraszauna"},"content":{"rendered":"<div id=\"product-49867\" class=\"post-49867 product type-product status-publish has-post-thumbnail product_cat-ujdonsagok product_cat-szauna product_cat-infrakabinok-es-szaunak product_cat-infrakabinok-szenszalas-lapsugarzoval first instock taxable shipping-taxable purchasable product-type-simple\">\n<div id=\"product_details\" class=\"col\">\n<div class=\"summary entry-summary\">\n<form class=\"cart\" action=\"https:\/\/sanotechnikwebshop.hu\/termek\/hordozhato-infraszauna\/\" enctype=\"multipart\/form-data\" method=\"post\">\n<div class=\"dimensions\">\n<ul>\n<li><b>S\u00faly:\u00a0<\/b>22 kg<\/li>\n<\/ul>\n<\/div>\n<div class=\"attributes\"><\/div>\n<\/form>\n<div class=\"woocommerce-product-details__short-description\">\n<table width=\"453\">\n<tbody>\n<tr>\n<td><strong>M\u0171szaki adatok<\/strong><\/td>\n<td><\/td>\n<\/tr>\n<tr>\n<td>M\u00e9ret:<\/td>\n<td>90 x 90 x 190 cm<\/td>\n<\/tr>\n<tr>\n<td>Bels\u0151 m\u00e9ret:<\/td>\n<td>\u00a082 x 82 x 185 cm<\/td>\n<\/tr>\n<tr>\n<td>H\u00e1l\u00f3zati fesz\u00fclts\u00e9g:<\/td>\n<td>220-240 V<\/td>\n<\/tr>\n<tr>\n<td>Teljes\u00edtm\u00e9ny:<\/td>\n<td>1.465 Watt<\/td>\n<\/tr>\n<\/tbody>\n<\/table>\n<p>&nbsp;<\/p>\n<\/div>\n<\/div>\n<\/div>\n<\/div>\n<div class=\"product_info\">\n<div class=\"content\">\n<table width=\"600\">\n<tbody>\n<tr>\n<td><strong>Jellemz\u0151k<\/strong>:<\/td>\n<td>k\u00f6nnyen \u00f6ssze\u00e1ll\u00edthat\u00f3 \u00fcvegsz\u00e1l er\u0151s\u00edt\u00e9s\u0171 m\u0171anyag v\u00e1zszerkezet<\/td>\n<\/tr>\n<tr>\n<td><\/td>\n<td>h\u00e1romr\u00e9teg\u0171, v\u00edzhatlan szaunas\u00e1tor PVC bor\u00edt\u00e1s\u00fa pamutb\u00f3l<\/td>\n<\/tr>\n<tr>\n<td><\/td>\n<td>dupla cipz\u00e1r<\/td>\n<\/tr>\n<tr>\n<td><\/td>\n<td>nyithat\u00f3 szell\u0151z\u0151ablak<\/td>\n<\/tr>\n<tr>\n<td><\/td>\n<td>cs\u00fasz\u00e1smentes, nedvsz\u00edv\u00f3 sz\u0151nyeg<\/td>\n<\/tr>\n<tr>\n<td><\/td>\n<td>\u00f6sszecsukhat\u00f3 sz\u00e9k<\/td>\n<\/tr>\n<tr>\n<td><\/td>\n<td>\u00fczemi h\u0151m\u00e9rs\u00e9klet: max. 65\u00b0C<\/td>\n<\/tr>\n<tr>\n<td><\/td>\n<td>6 sz\u00e9nsz\u00e1las infrasug\u00e1rz\u00f3 (egyenk\u00e9nt 230W)<\/td>\n<\/tr>\n<tr>\n<td><\/td>\n<td>f\u00e9nyter\u00e1pia 3 sz\u00ednnel<\/td>\n<\/tr>\n<tr>\n<td><\/td>\n<td>t\u00e1vir\u00e1ny\u00edt\u00f3<\/td>\n<\/tr>\n<\/tbody>\n<\/table>\n<\/div>\n<\/div>\n","protected":false},"excerpt":{"rendered":"<p>S\u00faly:\u00a022 kg M\u0171szaki adatok M\u00e9ret: 90 x 90 x 190 cm Bels\u0151 m\u00e9ret: \u00a082 x 82 x 185 cm H\u00e1l\u00f3zati fesz\u00fclts\u00e9g: 220-240 V Teljes\u00edtm\u00e9ny: 1.465 Watt &nbsp; Jellemz\u0151k: k\u00f6nnyen \u00f6ssze\u00e1ll\u00edthat\u00f3 \u00fcvegsz\u00e1l er\u0151s\u00edt\u00e9s\u0171 m\u0171anyag v\u00e1zszerkezet h\u00e1romr\u00e9teg\u0171, v\u00edzhatlan szaunas\u00e1tor PVC bor\u00edt\u00e1s\u00fa pamutb\u00f3l dupla cipz\u00e1r nyithat\u00f3 szell\u0151z\u0151ablak cs\u00fasz\u00e1smentes, nedvsz\u00edv\u00f3 sz\u0151nyeg \u00f6sszecsukhat\u00f3 sz\u00e9k \u00fczemi h\u0151m\u00e9rs\u00e9klet: max. 65\u00b0C 6 sz\u00e9nsz\u00e1las [&hellip;]<\/p>\n","protected":false},"featured_media":5958,"comment_status":"open","ping_status":"closed","template":"","meta":[],"product_brand":[],"product_cat":[87],"product_tag":[],"class_list":{"0":"post-5783","1":"product","2":"type-product","3":"status-publish","4":"has-post-thumbnail","6":"product_cat-sanotechnik-szauna","8":"first","9":"instock","10":"taxable","11":"shipping-taxable","12":"purchasable","13":"product-type-simple"},"jetpack_sharing_enabled":true,"_links":{"self":[{"href":"https:\/\/csonakjavitas.hu\/index.php\/wp-json\/wp\/v2\/product\/5783","targetHints":{"allow":["GET"]}}],"collection":[{"href":"https:\/\/csonakjavitas.hu\/index.php\/wp-json\/wp\/v2\/product"}],"about":[{"href":"https:\/\/csonakjavitas.hu\/index.php\/wp-json\/wp\/v2\/types\/product"}],"replies":[{"embeddable":true,"href":"https:\/\/csonakjavitas.hu\/index.php\/wp-json\/wp\/v2\/comments?post=5783"}],"wp:featuredmedia":[{"embeddable":true,"href":"https:\/\/csonakjavitas.hu\/index.php\/wp-json\/wp\/v2\/media\/5958"}],"wp:attachment":[{"href":"https:\/\/csonakjavitas.hu\/index.php\/wp-json\/wp\/v2\/media?parent=5783"}],"wp:term":[{"taxonomy":"product_brand","embeddable":true,"href":"https:\/\/csonakjavitas.hu\/index.php\/wp-json\/wp\/v2\/product_brand?post=5783"},{"taxonomy":"product_cat","embeddable":true,"href":"https:\/\/csonakjavitas.hu\/index.php\/wp-json\/wp\/v2\/product_cat?post=5783"},{"taxonomy":"product_tag","embeddable":true,"href":"https:\/\/csonakjavitas.hu\/index.php\/wp-json\/wp\/v2\/product_tag?post=5783"}],"curies":[{"name":"wp","href":"https:\/\/api.w.org\/{rel}","templated":true}]}}