{"id":5784,"date":"2026-02-23T15:56:38","date_gmt":"2026-02-23T15:56:38","guid":{"rendered":"https:\/\/wp.csonakjavitas.hu\/?post_type=product&#038;p=5784"},"modified":"2026-02-26T12:10:44","modified_gmt":"2026-02-26T12:10:44","slug":"panorama-black-finn-szauna-ketszemelyes","status":"publish","type":"product","link":"https:\/\/csonakjavitas.hu\/index.php\/termek\/panorama-black-finn-szauna-ketszemelyes\/","title":{"rendered":"PANORAMA BLACK finn szauna, k\u00e9tszem\u00e9lyes"},"content":{"rendered":"<div id=\"product-47435\" class=\"post-47435 product type-product status-publish has-post-thumbnail product_cat-ujdonsagok product_cat-szauna product_cat-finn-szaunak first instock taxable shipping-taxable purchasable product-type-simple\">\n<div id=\"product_details\" class=\"col\">\n<div class=\"summary entry-summary\">\n<form class=\"cart\" action=\"https:\/\/sanotechnikwebshop.hu\/termek\/panorama-black-finn-szauna-ketszemelyes\/\" enctype=\"multipart\/form-data\" method=\"post\">\n<div class=\"dimensions\">\n<ul>\n<li><b>S\u00faly:\u00a0<\/b>206 kg<\/li>\n<\/ul>\n<\/div>\n<div class=\"attributes\"><\/div>\n<\/form>\n<div class=\"woocommerce-product-details__short-description\">\n<table width=\"453\">\n<tbody>\n<tr>\n<td colspan=\"2\" width=\"453\"><strong>M\u0171szaki adatok<\/strong><\/td>\n<\/tr>\n<tr>\n<td>M\u00e9ret:<\/td>\n<td>130 x 120 x 200 cm<\/td>\n<\/tr>\n<tr>\n<td>Bels\u0151 m\u00e9ret:<\/td>\n<td>120 x 110 x 188 cm<\/td>\n<\/tr>\n<tr>\n<td>\u00dcl\u0151fel\u00fclet:<\/td>\n<td width=\"295\">119 x 45 cm \u00e9s 110 x 25 cm<\/td>\n<\/tr>\n<tr>\n<td>Falvastags\u00e1g:<\/td>\n<td>3,8 cm<\/td>\n<\/tr>\n<tr>\n<td>Fesz\u00fclts\u00e9g:<\/td>\n<td>230V \/ 380V, 50 Hz<\/td>\n<\/tr>\n<tr>\n<td>Szaunak\u00e1lyha:<\/td>\n<td>3.500 Watt<\/td>\n<\/tr>\n<\/tbody>\n<\/table>\n<p>&nbsp;<\/p>\n<\/div>\n<\/div>\n<\/div>\n<\/div>\n<div class=\"product_info\">\n<div class=\"content\">\n<table width=\"453\">\n<tbody>\n<tr>\n<td><strong>Tartoz\u00e9kok<\/strong>:<\/td>\n<td>elektromos szaunak\u00e1lyha (HARVIA)<\/td>\n<\/tr>\n<tr>\n<td><\/td>\n<td>szaunak\u0151<\/td>\n<\/tr>\n<tr>\n<td><\/td>\n<td>h\u0151- \u00e9s p\u00e1ram\u00e9r\u0151<\/td>\n<\/tr>\n<tr>\n<td><\/td>\n<td>szauna d\u00e9zsa \u00e9s fel\u00f6nt\u0151 kan\u00e1l<\/td>\n<\/tr>\n<tr>\n<td><\/td>\n<td>homok\u00f3ra<\/td>\n<\/tr>\n<tr>\n<td><\/td>\n<td>bels\u0151 vil\u00e1g\u00edt\u00e1s (E27 izz\u00f3 nem tartoz\u00e9k)<\/td>\n<\/tr>\n<\/tbody>\n<\/table>\n<p>&nbsp;<\/p>\n<table width=\"453\">\n<tbody>\n<tr>\n<td><strong>Anyag<\/strong>:<\/td>\n<td>Hemlock feny\u0151<\/td>\n<\/tr>\n<tr>\n<td><\/td>\n<td>rozsdamentes p\u00e1ntok<\/td>\n<\/tr>\n<tr>\n<td><\/td>\n<td>8 mm biztons\u00e1gi \u00fcveg<\/td>\n<\/tr>\n<\/tbody>\n<\/table>\n<\/div>\n<\/div>\n","protected":false},"excerpt":{"rendered":"<p>S\u00faly:\u00a0206 kg M\u0171szaki adatok M\u00e9ret: 130 x 120 x 200 cm Bels\u0151 m\u00e9ret: 120 x 110 x 188 cm \u00dcl\u0151fel\u00fclet: 119 x 45 cm \u00e9s 110 x 25 cm Falvastags\u00e1g: 3,8 cm Fesz\u00fclts\u00e9g: 230V \/ 380V, 50 Hz Szaunak\u00e1lyha: 3.500 Watt &nbsp; Tartoz\u00e9kok: elektromos szaunak\u00e1lyha (HARVIA) szaunak\u0151 h\u0151- \u00e9s p\u00e1ram\u00e9r\u0151 szauna d\u00e9zsa \u00e9s fel\u00f6nt\u0151 kan\u00e1l [&hellip;]<\/p>\n","protected":false},"featured_media":5896,"comment_status":"open","ping_status":"closed","template":"","meta":[],"product_brand":[],"product_cat":[87],"product_tag":[],"class_list":{"0":"post-5784","1":"product","2":"type-product","3":"status-publish","4":"has-post-thumbnail","6":"product_cat-sanotechnik-szauna","8":"first","9":"instock","10":"taxable","11":"shipping-taxable","12":"purchasable","13":"product-type-simple"},"jetpack_sharing_enabled":true,"_links":{"self":[{"href":"https:\/\/csonakjavitas.hu\/index.php\/wp-json\/wp\/v2\/product\/5784","targetHints":{"allow":["GET"]}}],"collection":[{"href":"https:\/\/csonakjavitas.hu\/index.php\/wp-json\/wp\/v2\/product"}],"about":[{"href":"https:\/\/csonakjavitas.hu\/index.php\/wp-json\/wp\/v2\/types\/product"}],"replies":[{"embeddable":true,"href":"https:\/\/csonakjavitas.hu\/index.php\/wp-json\/wp\/v2\/comments?post=5784"}],"wp:featuredmedia":[{"embeddable":true,"href":"https:\/\/csonakjavitas.hu\/index.php\/wp-json\/wp\/v2\/media\/5896"}],"wp:attachment":[{"href":"https:\/\/csonakjavitas.hu\/index.php\/wp-json\/wp\/v2\/media?parent=5784"}],"wp:term":[{"taxonomy":"product_brand","embeddable":true,"href":"https:\/\/csonakjavitas.hu\/index.php\/wp-json\/wp\/v2\/product_brand?post=5784"},{"taxonomy":"product_cat","embeddable":true,"href":"https:\/\/csonakjavitas.hu\/index.php\/wp-json\/wp\/v2\/product_cat?post=5784"},{"taxonomy":"product_tag","embeddable":true,"href":"https:\/\/csonakjavitas.hu\/index.php\/wp-json\/wp\/v2\/product_tag?post=5784"}],"curies":[{"name":"wp","href":"https:\/\/api.w.org\/{rel}","templated":true}]}}